{"id":9997,"date":"2021-04-29T13:38:21","date_gmt":"2021-04-29T11:38:21","guid":{"rendered":"http:\/\/staging.unicor.eu\/aplicaciones\/soluciones-llave-in-mano\/"},"modified":"2024-03-13T15:14:13","modified_gmt":"2024-03-13T14:14:13","slug":"soluciones-llave-in-mano","status":"publish","type":"page","link":"https:\/\/www.unicor.com\/es\/aplicaciones\/soluciones-llave-in-mano\/","title":{"rendered":"Soluciones \u00abllave in mano\u00bb"},"content":{"rendered":"\t\t<div data-elementor-type=\"wp-page\" data-elementor-id=\"9997\" class=\"elementor elementor-9997 elementor-266\" data-elementor-post-type=\"page\">\n\t\t\t\t\t\t<section class=\"elementor-section elementor-top-section elementor-element elementor-element-5bb95bd elementor-section-boxed elementor-section-height-default elementor-section-height-default\" data-id=\"5bb95bd\" data-element_type=\"section\">\n\t\t\t\t\t\t<div class=\"elementor-container elementor-column-gap-default\">\n\t\t\t\t\t<div class=\"elementor-column elementor-col-100 elementor-top-column elementor-element elementor-element-c1b7aa8\" data-id=\"c1b7aa8\" data-element_type=\"column\">\n\t\t\t<div class=\"elementor-widget-wrap\">\n\t\t\t\t\t\t\t<\/div>\n\t\t<\/div>\n\t\t\t\t\t<\/div>\n\t\t<\/section>\n\t\t\t\t<section class=\"elementor-section elementor-top-section elementor-element elementor-element-549e0fe elementor-section-full_width elementor-section-stretched elementor-section-height-default elementor-section-height-default\" data-id=\"549e0fe\" data-element_type=\"section\" data-settings=\"{&quot;stretch_section&quot;:&quot;section-stretched&quot;}\">\n\t\t\t\t\t\t<div class=\"elementor-container elementor-column-gap-default\">\n\t\t\t\t\t<div class=\"elementor-column elementor-col-100 elementor-top-column elementor-element elementor-element-ef4ab3e\" data-id=\"ef4ab3e\" data-element_type=\"column\">\n\t\t\t<div class=\"elementor-widget-wrap elementor-element-populated\">\n\t\t\t\t\t\t<div class=\"elementor-element elementor-element-c996e2e elementor--h-position-center elementor--v-position-middle elementor-arrows-position-inside elementor-widget elementor-widget-slides\" data-id=\"c996e2e\" data-element_type=\"widget\" data-settings=\"{&quot;navigation&quot;:&quot;arrows&quot;,&quot;autoplay&quot;:&quot;yes&quot;,&quot;autoplay_speed&quot;:5000,&quot;infinite&quot;:&quot;yes&quot;,&quot;transition&quot;:&quot;slide&quot;,&quot;transition_speed&quot;:500}\" data-widget_type=\"slides.default\">\n\t\t\t\t<div class=\"elementor-widget-container\">\n\t\t\t\t\t<div class=\"elementor-swiper\">\n\t\t\t<div class=\"elementor-slides-wrapper elementor-main-swiper swiper\" dir=\"ltr\" data-animation=\"fadeInUp\">\n\t\t\t\t<div class=\"swiper-wrapper elementor-slides\">\n\t\t\t\t\t\t\t\t\t\t<div class=\"elementor-repeater-item-7182678 swiper-slide\"><div class=\"swiper-slide-bg\" role=\"img\"><\/div><div class=\"swiper-slide-inner\" ><div class=\"swiper-slide-contents\"><\/div><\/div><\/div>\t\t\t\t<\/div>\n\t\t\t\t\t\t\t<\/div>\n\t\t<\/div>\n\t\t\t\t<\/div>\n\t\t\t\t<\/div>\n\t\t\t\t\t<\/div>\n\t\t<\/div>\n\t\t\t\t\t<\/div>\n\t\t<\/section>\n\t\t\t\t<section class=\"elementor-section elementor-top-section elementor-element elementor-element-9c5af0b elementor-section-boxed elementor-section-height-default elementor-section-height-default\" data-id=\"9c5af0b\" data-element_type=\"section\">\n\t\t\t\t\t\t<div class=\"elementor-container elementor-column-gap-default\">\n\t\t\t\t\t<div class=\"elementor-column elementor-col-100 elementor-top-column elementor-element elementor-element-67ab81b\" data-id=\"67ab81b\" data-element_type=\"column\">\n\t\t\t<div class=\"elementor-widget-wrap elementor-element-populated\">\n\t\t\t\t\t\t<div class=\"elementor-element elementor-element-05c7173 elementor-widget elementor-widget-breadcrumbs\" data-id=\"05c7173\" data-element_type=\"widget\" data-widget_type=\"breadcrumbs.default\">\n\t\t\t\t<div class=\"elementor-widget-container\">\n\t\t\t<p id=\"breadcrumbs\"><span><span><a href=\"https:\/\/www.unicor.com\/es\/\">Home<\/a><\/span><\/span><\/p>\t\t<\/div>\n\t\t\t\t<\/div>\n\t\t\t\t\t<\/div>\n\t\t<\/div>\n\t\t\t\t\t<\/div>\n\t\t<\/section>\n\t\t\t\t<section class=\"elementor-section elementor-top-section elementor-element elementor-element-797e7f3 elementor-section-boxed elementor-section-height-default elementor-section-height-default\" data-id=\"797e7f3\" data-element_type=\"section\">\n\t\t\t\t\t\t<div class=\"elementor-container elementor-column-gap-default\">\n\t\t\t\t\t<div class=\"elementor-column elementor-col-100 elementor-top-column elementor-element elementor-element-7b8c375\" data-id=\"7b8c375\" data-element_type=\"column\">\n\t\t\t<div class=\"elementor-widget-wrap elementor-element-populated\">\n\t\t\t\t\t\t<div class=\"elementor-element elementor-element-74c0de9 elementor-widget elementor-widget-heading\" data-id=\"74c0de9\" data-element_type=\"widget\" data-widget_type=\"heading.default\">\n\t\t\t\t<div class=\"elementor-widget-container\">\n\t\t\t<h1 class=\"elementor-heading-title elementor-size-default\">Soluciones \"llave in mano\"<\/h1>\t\t<\/div>\n\t\t\t\t<\/div>\n\t\t\t\t<div class=\"elementor-element elementor-element-6ffbcd3 elementor-widget elementor-widget-heading\" data-id=\"6ffbcd3\" data-element_type=\"widget\" data-widget_type=\"heading.default\">\n\t\t\t\t<div class=\"elementor-widget-container\">\n\t\t\t<h2 class=\"elementor-heading-title elementor-size-default\">Sin riesgo - \u00a1Garant\u00eda completa!<\/h2>\t\t<\/div>\n\t\t\t\t<\/div>\n\t\t\t\t\t<\/div>\n\t\t<\/div>\n\t\t\t\t\t<\/div>\n\t\t<\/section>\n\t\t\t\t<section class=\"elementor-section elementor-top-section elementor-element elementor-element-e4e1bbd elementor-section-stretched elementor-section-boxed elementor-section-height-default elementor-section-height-default\" data-id=\"e4e1bbd\" data-element_type=\"section\" data-settings=\"{&quot;stretch_section&quot;:&quot;section-stretched&quot;,&quot;background_background&quot;:&quot;classic&quot;}\">\n\t\t\t\t\t\t<div class=\"elementor-container elementor-column-gap-default\">\n\t\t\t\t\t<div class=\"elementor-column elementor-col-66 elementor-top-column elementor-element elementor-element-debaa1f\" data-id=\"debaa1f\" data-element_type=\"column\">\n\t\t\t<div class=\"elementor-widget-wrap elementor-element-populated\">\n\t\t\t\t\t\t<div class=\"elementor-element elementor-element-c92ad36 elementor-widget elementor-widget-spacer\" data-id=\"c92ad36\" data-element_type=\"widget\" data-widget_type=\"spacer.default\">\n\t\t\t\t<div class=\"elementor-widget-container\">\n\t\t\t\t\t<div class=\"elementor-spacer\">\n\t\t\t<div class=\"elementor-spacer-inner\"><\/div>\n\t\t<\/div>\n\t\t\t\t<\/div>\n\t\t\t\t<\/div>\n\t\t\t\t<div class=\"elementor-element elementor-element-fce02b4 elementor-widget elementor-widget-image\" data-id=\"fce02b4\" data-element_type=\"widget\" data-widget_type=\"image.default\">\n\t\t\t\t<div class=\"elementor-widget-container\">\n\t\t\t\t\t\t\t\t\t\t<figure class=\"wp-caption\">\n\t\t\t\t\t\t\t\t\t\t<img fetchpriority=\"high\" decoding=\"async\" width=\"950\" height=\"633\" src=\"https:\/\/www.unicor.com\/wp-content\/uploads\/slider29\/Konstruktion2.jpeg\" class=\"attachment-large size-large wp-image-9999\" alt=\"\" srcset=\"https:\/\/www.unicor.com\/wp-content\/uploads\/slider29\/Konstruktion2-300x200.jpeg 300w, https:\/\/www.unicor.com\/wp-content\/uploads\/slider29\/Konstruktion2-560x373.jpeg 560w, https:\/\/www.unicor.com\/wp-content\/uploads\/slider29\/Konstruktion2-768x512.jpeg 768w, https:\/\/www.unicor.com\/wp-content\/uploads\/slider29\/Konstruktion2.jpeg 950w\" sizes=\"(max-width: 950px) 100vw, 950px\" \/>\t\t\t\t\t\t\t\t\t\t\t<figcaption class=\"widget-image-caption wp-caption-text\">Nuestros expertos dise\u00f1an la instalaci\u00f3n perfecta para usted<\/figcaption>\n\t\t\t\t\t\t\t\t\t\t<\/figure>\n\t\t\t\t\t\t\t<\/div>\n\t\t\t\t<\/div>\n\t\t\t\t\t<\/div>\n\t\t<\/div>\n\t\t\t\t<div class=\"elementor-column elementor-col-33 elementor-top-column elementor-element elementor-element-c2e7a86\" data-id=\"c2e7a86\" data-element_type=\"column\">\n\t\t\t<div class=\"elementor-widget-wrap elementor-element-populated\">\n\t\t\t\t\t\t<div class=\"elementor-element elementor-element-16709c1 elementor-widget elementor-widget-text-editor\" data-id=\"16709c1\" data-element_type=\"widget\" data-widget_type=\"text-editor.default\">\n\t\t\t\t<div class=\"elementor-widget-container\">\n\t\t\t\t\t\t\t<h3>Todo de una mano<\/h3><p>Con la soluci\u00f3n \u00abllave in mano\u00bb, nuestros ingenieros t\u00e9cnicos y t\u00e9cnicos de aplicaciones aportan toda su experiencia en l\u00ednea a los proyectos. Esto est\u00e1 demostrado por m\u00e1s de 35 a\u00f1os de experiencia en proyectos en combinaci\u00f3n con una estrecha lealtad del cliente. Con el concepto de todo de una mano de UNICOR, se puede subcontratar muchas de las tareas administrativas, conceptuales y de coordinaci\u00f3n a los expertos de UNICOR y continuar concentr\u00e1ndose en su negocio principal con toda su fuerza. Ya sean proyectos de adaptaci\u00f3n, extensi\u00f3n de instalaciones o nuevas instalaciones, en UNICOR tenemos los conocimientos t\u00e9cnicos de la producci\u00f3n de tubos corrugados. Conceptualmente mapeamos todo el proceso de fabricaci\u00f3n a trav\u00e9s de nuestra experiencia en sistemas entre mercados.<\/p><p>Nuestra filosof\u00eda b\u00e1sica orientada a soluciones est\u00e1 siempre en primer plano. En UNICOR, queremos que su empresa tenga \u00e9xito en la producci\u00f3n de tubos corrugados. Nos centramos en el desarrollo y la fabricaci\u00f3n de corrugadores, herramientas y cabezales de extrusi\u00f3n que se adaptan a ellos. Evaluamos espec\u00edficamente del proyecto todos los dem\u00e1s componentes necesarios para un proceso de fabricaci\u00f3n en el mercado internacional de proveedores.<\/p>\t\t\t\t\t\t<\/div>\n\t\t\t\t<\/div>\n\t\t\t\t\t<\/div>\n\t\t<\/div>\n\t\t\t\t\t<\/div>\n\t\t<\/section>\n\t\t\t\t<section class=\"elementor-section elementor-top-section elementor-element elementor-element-c464d20 elementor-section-stretched elementor-reverse-mobile elementor-section-boxed elementor-section-height-default elementor-section-height-default\" data-id=\"c464d20\" data-element_type=\"section\" data-settings=\"{&quot;stretch_section&quot;:&quot;section-stretched&quot;,&quot;background_background&quot;:&quot;classic&quot;}\">\n\t\t\t\t\t\t<div class=\"elementor-container elementor-column-gap-default\">\n\t\t\t\t\t<div class=\"elementor-column elementor-col-33 elementor-top-column elementor-element elementor-element-ea7cec0\" data-id=\"ea7cec0\" data-element_type=\"column\">\n\t\t\t<div class=\"elementor-widget-wrap elementor-element-populated\">\n\t\t\t\t\t\t<div class=\"elementor-element elementor-element-7e80556 elementor-widget elementor-widget-text-editor\" data-id=\"7e80556\" data-element_type=\"widget\" data-widget_type=\"text-editor.default\">\n\t\t\t\t<div class=\"elementor-widget-container\">\n\t\t\t\t\t\t\t<h3>Seguridad para usted<\/h3>\n<p>La actitud b\u00e1sica orientada a la soluci\u00f3n no se dirige s\u00f3lo al sistema perfectamente equipado, sino tambi\u00e9n, en particular, a los requisitos espec\u00edficos de tubos corrugados y a la situaci\u00f3n del entorno individual. Adem\u00e1s de los servicios de ingenier\u00eda en la construcci\u00f3n mec\u00e1nica, nuestros t\u00e9cnicos de aplicaciones tambi\u00e9n aportan conocimientos integrales de materiales y de materia prima a la implementaci\u00f3n del proyecto. <\/p>\n<p>La soluci\u00f3n llave in mano le ofrece no s\u00f3lo la garant\u00eda de su soluci\u00f3n adecuada, sino tambi\u00e9n la m\u00e1xima seguridad de planificaci\u00f3n. En UNICOR se compra una l\u00ednea de instalaci\u00f3n completa al precio del orden completo. No hay costes ocultos o imprevistos para usted. La instalaci\u00f3n de producci\u00f3n completa se entrega a lo acordado en cuanto al presupuesto fijo. Con plena garant\u00eda de rendimiento y presupuesto, \u00a1no hay riesgo para usted!    <\/p>\n\t\t\t\t\t\t<\/div>\n\t\t\t\t<\/div>\n\t\t\t\t\t<\/div>\n\t\t<\/div>\n\t\t\t\t<div class=\"elementor-column elementor-col-66 elementor-top-column elementor-element elementor-element-2c3309c\" data-id=\"2c3309c\" data-element_type=\"column\">\n\t\t\t<div class=\"elementor-widget-wrap elementor-element-populated\">\n\t\t\t\t\t\t<div class=\"elementor-element elementor-element-22f0815 elementor-widget elementor-widget-spacer\" data-id=\"22f0815\" data-element_type=\"widget\" data-widget_type=\"spacer.default\">\n\t\t\t\t<div class=\"elementor-widget-container\">\n\t\t\t\t\t<div class=\"elementor-spacer\">\n\t\t\t<div class=\"elementor-spacer-inner\"><\/div>\n\t\t<\/div>\n\t\t\t\t<\/div>\n\t\t\t\t<\/div>\n\t\t\t\t<div class=\"elementor-element elementor-element-20b385c elementor-widget elementor-widget-image\" data-id=\"20b385c\" data-element_type=\"widget\" data-widget_type=\"image.default\">\n\t\t\t\t<div class=\"elementor-widget-container\">\n\t\t\t\t\t\t\t\t\t\t<figure class=\"wp-caption\">\n\t\t\t\t\t\t\t\t\t\t<img decoding=\"async\" width=\"600\" height=\"400\" src=\"https:\/\/www.unicor.com\/wp-content\/uploads\/2021\/03\/10_0374_10_uc15_435_2011_vs_009_klein-Kopie.jpg\" class=\"attachment-large size-large wp-image-10002\" alt=\"\" srcset=\"https:\/\/www.unicor.com\/wp-content\/uploads\/2021\/03\/10_0374_10_uc15_435_2011_vs_009_klein-Kopie-300x200.jpg 300w, https:\/\/www.unicor.com\/wp-content\/uploads\/2021\/03\/10_0374_10_uc15_435_2011_vs_009_klein-Kopie-560x373.jpg 560w, https:\/\/www.unicor.com\/wp-content\/uploads\/2021\/03\/10_0374_10_uc15_435_2011_vs_009_klein-Kopie.jpg 600w\" sizes=\"(max-width: 600px) 100vw, 600px\" \/>\t\t\t\t\t\t\t\t\t\t\t<figcaption class=\"widget-image-caption wp-caption-text\">Con nuestro concepto \"Todo de una mano\" coordinamos su instalaci\u00f3n perfecta<\/figcaption>\n\t\t\t\t\t\t\t\t\t\t<\/figure>\n\t\t\t\t\t\t\t<\/div>\n\t\t\t\t<\/div>\n\t\t\t\t\t<\/div>\n\t\t<\/div>\n\t\t\t\t\t<\/div>\n\t\t<\/section>\n\t\t\t\t<section class=\"elementor-section elementor-top-section elementor-element elementor-element-4f4f67b elementor-section-stretched elementor-section-boxed elementor-section-height-default elementor-section-height-default\" data-id=\"4f4f67b\" data-element_type=\"section\" data-settings=\"{&quot;stretch_section&quot;:&quot;section-stretched&quot;,&quot;background_background&quot;:&quot;classic&quot;}\">\n\t\t\t\t\t\t<div class=\"elementor-container elementor-column-gap-default\">\n\t\t\t\t\t<div class=\"elementor-column elementor-col-66 elementor-top-column elementor-element elementor-element-9c21caf\" data-id=\"9c21caf\" data-element_type=\"column\">\n\t\t\t<div class=\"elementor-widget-wrap elementor-element-populated\">\n\t\t\t\t\t\t<div class=\"elementor-element elementor-element-5a55821 elementor-widget elementor-widget-spacer\" data-id=\"5a55821\" data-element_type=\"widget\" data-widget_type=\"spacer.default\">\n\t\t\t\t<div class=\"elementor-widget-container\">\n\t\t\t\t\t<div class=\"elementor-spacer\">\n\t\t\t<div class=\"elementor-spacer-inner\"><\/div>\n\t\t<\/div>\n\t\t\t\t<\/div>\n\t\t\t\t<\/div>\n\t\t\t\t<div class=\"elementor-element elementor-element-af4dbb3 elementor-widget elementor-widget-image\" data-id=\"af4dbb3\" data-element_type=\"widget\" data-widget_type=\"image.default\">\n\t\t\t\t<div class=\"elementor-widget-container\">\n\t\t\t\t\t\t\t\t\t\t<figure class=\"wp-caption\">\n\t\t\t\t\t\t\t\t\t\t<img decoding=\"async\" width=\"720\" height=\"480\" src=\"https:\/\/www.unicor.com\/wp-content\/uploads\/2021\/03\/MG_1767.jpg\" class=\"attachment-large size-large wp-image-10005\" alt=\"\" srcset=\"https:\/\/www.unicor.com\/wp-content\/uploads\/2021\/03\/MG_1767-300x200.jpg 300w, https:\/\/www.unicor.com\/wp-content\/uploads\/2021\/03\/MG_1767-560x373.jpg 560w, https:\/\/www.unicor.com\/wp-content\/uploads\/2021\/03\/MG_1767.jpg 720w\" sizes=\"(max-width: 720px) 100vw, 720px\" \/>\t\t\t\t\t\t\t\t\t\t\t<figcaption class=\"widget-image-caption wp-caption-text\">Nuestro personal estar\u00e1 encantado de ayudarle<\/figcaption>\n\t\t\t\t\t\t\t\t\t\t<\/figure>\n\t\t\t\t\t\t\t<\/div>\n\t\t\t\t<\/div>\n\t\t\t\t<div class=\"elementor-element elementor-element-8cdb8a3 elementor-widget elementor-widget-spacer\" data-id=\"8cdb8a3\" data-element_type=\"widget\" data-widget_type=\"spacer.default\">\n\t\t\t\t<div class=\"elementor-widget-container\">\n\t\t\t\t\t<div class=\"elementor-spacer\">\n\t\t\t<div class=\"elementor-spacer-inner\"><\/div>\n\t\t<\/div>\n\t\t\t\t<\/div>\n\t\t\t\t<\/div>\n\t\t\t\t\t<\/div>\n\t\t<\/div>\n\t\t\t\t<div class=\"elementor-column elementor-col-33 elementor-top-column elementor-element elementor-element-ab466e1\" data-id=\"ab466e1\" data-element_type=\"column\">\n\t\t\t<div class=\"elementor-widget-wrap elementor-element-populated\">\n\t\t\t\t\t\t<div class=\"elementor-element elementor-element-8f88fd7 elementor-widget elementor-widget-text-editor\" data-id=\"8f88fd7\" data-element_type=\"widget\" data-widget_type=\"text-editor.default\">\n\t\t\t\t<div class=\"elementor-widget-container\">\n\t\t\t\t\t\t\t<h3>Apoyo a proveedores<\/h3>\n<p>Tras la puesta en marcha de la instalaci\u00f3n, ofrecemos soporte completo al proveedor. Y esto desde el primer d\u00eda, sin trasladar la responsabilidad a otro fabricante. \u00a1Somos y seguimos siendo su contacto central! Esto es lo que representan nuestras relaciones internacionales con los clientes de d\u00e9cadas.   <\/p>\n<p><strong>UNICOR &#8211; \u00a1Cumplimos lo que prometemos!<\/strong><\/p>\n\t\t\t\t\t\t<\/div>\n\t\t\t\t<\/div>\n\t\t\t\t\t<\/div>\n\t\t<\/div>\n\t\t\t\t\t<\/div>\n\t\t<\/section>\n\t\t\t\t<\/div>\n\t\t","protected":false},"excerpt":{"rendered":"<p>Soluciones \u00abllave in mano\u00bb Sin riesgo &#8211; \u00a1Garant\u00eda completa! Nuestros expertos dise\u00f1an la instalaci\u00f3n perfecta para usted Todo de una mano Con la soluci\u00f3n \u00abllave in mano\u00bb, nuestros ingenieros t\u00e9cnicos y t\u00e9cnicos de aplicaciones aportan toda su experiencia en l\u00ednea a los proyectos. Esto est\u00e1 demostrado por m\u00e1s de 35 a\u00f1os de experiencia en [&hellip;]<\/p>\n","protected":false},"author":5,"featured_media":0,"parent":9993,"menu_order":0,"comment_status":"closed","ping_status":"closed","template":"","meta":{"footnotes":""},"class_list":["post-9997","page","type-page","status-publish","hentry"],"yoast_head":"<!-- This site is optimized with the Yoast SEO plugin v24.0 - https:\/\/yoast.com\/wordpress\/plugins\/seo\/ -->\n<title>UNICOR - Soluciones llave in mano - \u00bfC\u00f3mo se beneficia del principio del &quot;one-stop-Shop&quot;?<\/title>\n<meta name=\"description\" content=\"Benef\u00edciese de nuestro concepto de &quot;one-stop-shop&quot; a la hora de dise\u00f1ar su l\u00ednea - \u00a1Nosotros en UNICOR tenemos el know-how de la producci\u00f3n de tubos corrugados!\" \/>\n<meta name=\"robots\" content=\"index, follow, max-snippet:-1, max-image-preview:large, max-video-preview:-1\" \/>\n<link rel=\"canonical\" href=\"https:\/\/www.unicor.com\/es\/aplicaciones\/soluciones-llave-in-mano\/\" \/>\n<meta property=\"og:locale\" content=\"es_ES\" \/>\n<meta property=\"og:type\" content=\"article\" \/>\n<meta property=\"og:title\" content=\"UNICOR - Soluciones llave in mano - \u00bfC\u00f3mo se beneficia del principio del &quot;one-stop-Shop&quot;?\" \/>\n<meta property=\"og:description\" content=\"Benef\u00edciese de nuestro concepto de &quot;one-stop-shop&quot; a la hora de dise\u00f1ar su l\u00ednea - \u00a1Nosotros en UNICOR tenemos el know-how de la producci\u00f3n de tubos corrugados!\" \/>\n<meta property=\"og:url\" content=\"https:\/\/www.unicor.com\/es\/aplicaciones\/soluciones-llave-in-mano\/\" \/>\n<meta property=\"og:site_name\" content=\"UNICOR\" \/>\n<meta property=\"article:modified_time\" content=\"2024-03-13T14:14:13+00:00\" \/>\n<meta name=\"twitter:card\" content=\"summary_large_image\" \/>\n<meta name=\"twitter:label1\" content=\"Tiempo de lectura\" \/>\n\t<meta name=\"twitter:data1\" content=\"3 minutos\" \/>\n<script type=\"application\/ld+json\" class=\"yoast-schema-graph\">{\"@context\":\"https:\/\/schema.org\",\"@graph\":[{\"@type\":\"WebPage\",\"@id\":\"https:\/\/www.unicor.com\/es\/aplicaciones\/soluciones-llave-in-mano\/\",\"url\":\"https:\/\/www.unicor.com\/es\/aplicaciones\/soluciones-llave-in-mano\/\",\"name\":\"UNICOR - Soluciones llave in mano - \u00bfC\u00f3mo se beneficia del principio del \\\"one-stop-Shop\\\"?\",\"isPartOf\":{\"@id\":\"https:\/\/www.unicor.com\/es\/#website\"},\"datePublished\":\"2021-04-29T11:38:21+00:00\",\"dateModified\":\"2024-03-13T14:14:13+00:00\",\"description\":\"Benef\u00edciese de nuestro concepto de \\\"one-stop-shop\\\" a la hora de dise\u00f1ar su l\u00ednea - \u00a1Nosotros en UNICOR tenemos el know-how de la producci\u00f3n de tubos corrugados!\",\"breadcrumb\":{\"@id\":\"https:\/\/www.unicor.com\/es\/aplicaciones\/soluciones-llave-in-mano\/#breadcrumb\"},\"inLanguage\":\"es\",\"potentialAction\":[{\"@type\":\"ReadAction\",\"target\":[\"https:\/\/www.unicor.com\/es\/aplicaciones\/soluciones-llave-in-mano\/\"]}]},{\"@type\":\"BreadcrumbList\",\"@id\":\"https:\/\/www.unicor.com\/es\/aplicaciones\/soluciones-llave-in-mano\/#breadcrumb\",\"itemListElement\":[{\"@type\":\"ListItem\",\"position\":1,\"name\":\"Home\",\"item\":\"https:\/\/www.unicor.com\/es\/\"},{\"@type\":\"ListItem\",\"position\":2,\"name\":\"Aplicaciones\",\"item\":\"https:\/\/www.unicor.com\/es\/aplicaciones\/\"},{\"@type\":\"ListItem\",\"position\":3,\"name\":\"Soluciones \u00abllave in mano\u00bb\"}]},{\"@type\":\"WebSite\",\"@id\":\"https:\/\/www.unicor.com\/es\/#website\",\"url\":\"https:\/\/www.unicor.com\/es\/\",\"name\":\"UNICOR\",\"description\":\"\u00bb the corrugator experts \u00ab\",\"potentialAction\":[{\"@type\":\"SearchAction\",\"target\":{\"@type\":\"EntryPoint\",\"urlTemplate\":\"https:\/\/www.unicor.com\/es\/?s={search_term_string}\"},\"query-input\":{\"@type\":\"PropertyValueSpecification\",\"valueRequired\":true,\"valueName\":\"search_term_string\"}}],\"inLanguage\":\"es\"}]}<\/script>\n<!-- \/ Yoast SEO plugin. -->","yoast_head_json":{"title":"UNICOR - Soluciones llave in mano - \u00bfC\u00f3mo se beneficia del principio del \"one-stop-Shop\"?","description":"Benef\u00edciese de nuestro concepto de \"one-stop-shop\" a la hora de dise\u00f1ar su l\u00ednea - \u00a1Nosotros en UNICOR tenemos el know-how de la producci\u00f3n de tubos corrugados!","robots":{"index":"index","follow":"follow","max-snippet":"max-snippet:-1","max-image-preview":"max-image-preview:large","max-video-preview":"max-video-preview:-1"},"canonical":"https:\/\/www.unicor.com\/es\/aplicaciones\/soluciones-llave-in-mano\/","og_locale":"es_ES","og_type":"article","og_title":"UNICOR - Soluciones llave in mano - \u00bfC\u00f3mo se beneficia del principio del \"one-stop-Shop\"?","og_description":"Benef\u00edciese de nuestro concepto de \"one-stop-shop\" a la hora de dise\u00f1ar su l\u00ednea - \u00a1Nosotros en UNICOR tenemos el know-how de la producci\u00f3n de tubos corrugados!","og_url":"https:\/\/www.unicor.com\/es\/aplicaciones\/soluciones-llave-in-mano\/","og_site_name":"UNICOR","article_modified_time":"2024-03-13T14:14:13+00:00","twitter_card":"summary_large_image","twitter_misc":{"Tiempo de lectura":"3 minutos"},"schema":{"@context":"https:\/\/schema.org","@graph":[{"@type":"WebPage","@id":"https:\/\/www.unicor.com\/es\/aplicaciones\/soluciones-llave-in-mano\/","url":"https:\/\/www.unicor.com\/es\/aplicaciones\/soluciones-llave-in-mano\/","name":"UNICOR - Soluciones llave in mano - \u00bfC\u00f3mo se beneficia del principio del \"one-stop-Shop\"?","isPartOf":{"@id":"https:\/\/www.unicor.com\/es\/#website"},"datePublished":"2021-04-29T11:38:21+00:00","dateModified":"2024-03-13T14:14:13+00:00","description":"Benef\u00edciese de nuestro concepto de \"one-stop-shop\" a la hora de dise\u00f1ar su l\u00ednea - \u00a1Nosotros en UNICOR tenemos el know-how de la producci\u00f3n de tubos corrugados!","breadcrumb":{"@id":"https:\/\/www.unicor.com\/es\/aplicaciones\/soluciones-llave-in-mano\/#breadcrumb"},"inLanguage":"es","potentialAction":[{"@type":"ReadAction","target":["https:\/\/www.unicor.com\/es\/aplicaciones\/soluciones-llave-in-mano\/"]}]},{"@type":"BreadcrumbList","@id":"https:\/\/www.unicor.com\/es\/aplicaciones\/soluciones-llave-in-mano\/#breadcrumb","itemListElement":[{"@type":"ListItem","position":1,"name":"Home","item":"https:\/\/www.unicor.com\/es\/"},{"@type":"ListItem","position":2,"name":"Aplicaciones","item":"https:\/\/www.unicor.com\/es\/aplicaciones\/"},{"@type":"ListItem","position":3,"name":"Soluciones \u00abllave in mano\u00bb"}]},{"@type":"WebSite","@id":"https:\/\/www.unicor.com\/es\/#website","url":"https:\/\/www.unicor.com\/es\/","name":"UNICOR","description":"\u00bb the corrugator experts \u00ab","potentialAction":[{"@type":"SearchAction","target":{"@type":"EntryPoint","urlTemplate":"https:\/\/www.unicor.com\/es\/?s={search_term_string}"},"query-input":{"@type":"PropertyValueSpecification","valueRequired":true,"valueName":"search_term_string"}}],"inLanguage":"es"}]}},"_links":{"self":[{"href":"https:\/\/www.unicor.com\/es\/wp-json\/wp\/v2\/pages\/9997","targetHints":{"allow":["GET"]}}],"collection":[{"href":"https:\/\/www.unicor.com\/es\/wp-json\/wp\/v2\/pages"}],"about":[{"href":"https:\/\/www.unicor.com\/es\/wp-json\/wp\/v2\/types\/page"}],"author":[{"embeddable":true,"href":"https:\/\/www.unicor.com\/es\/wp-json\/wp\/v2\/users\/5"}],"replies":[{"embeddable":true,"href":"https:\/\/www.unicor.com\/es\/wp-json\/wp\/v2\/comments?post=9997"}],"version-history":[{"count":18,"href":"https:\/\/www.unicor.com\/es\/wp-json\/wp\/v2\/pages\/9997\/revisions"}],"predecessor-version":[{"id":17504,"href":"https:\/\/www.unicor.com\/es\/wp-json\/wp\/v2\/pages\/9997\/revisions\/17504"}],"up":[{"embeddable":true,"href":"https:\/\/www.unicor.com\/es\/wp-json\/wp\/v2\/pages\/9993"}],"wp:attachment":[{"href":"https:\/\/www.unicor.com\/es\/wp-json\/wp\/v2\/media?parent=9997"}],"curies":[{"name":"wp","href":"https:\/\/api.w.org\/{rel}","templated":true}]}}