{"id":9900,"date":"2021-04-29T10:49:28","date_gmt":"2021-04-29T08:49:28","guid":{"rendered":"http:\/\/staging.unicor.eu\/sobre-nosotros\/nuestra-produccion\/"},"modified":"2024-03-19T08:46:17","modified_gmt":"2024-03-19T07:46:17","slug":"nuestra-produccion","status":"publish","type":"page","link":"https:\/\/www.unicor.com\/es\/sobre-nosotros\/nuestra-produccion\/","title":{"rendered":"Nuestra Producci\u00f3n"},"content":{"rendered":"\t\t<div data-elementor-type=\"wp-page\" data-elementor-id=\"9900\" class=\"elementor elementor-9900 elementor-256\" data-elementor-post-type=\"page\">\n\t\t\t\t\t\t<section class=\"elementor-section elementor-top-section elementor-element elementor-element-25df697 elementor-section-boxed elementor-section-height-default elementor-section-height-default\" data-id=\"25df697\" data-element_type=\"section\">\n\t\t\t\t\t\t<div class=\"elementor-container elementor-column-gap-default\">\n\t\t\t\t\t<div class=\"elementor-column elementor-col-100 elementor-top-column elementor-element elementor-element-dc77f7c\" data-id=\"dc77f7c\" data-element_type=\"column\">\n\t\t\t<div class=\"elementor-widget-wrap\">\n\t\t\t\t\t\t\t<\/div>\n\t\t<\/div>\n\t\t\t\t\t<\/div>\n\t\t<\/section>\n\t\t\t\t<section class=\"elementor-section elementor-top-section elementor-element elementor-element-4dc5bea6 elementor-section-full_width elementor-section-stretched elementor-section-height-default elementor-section-height-default\" data-id=\"4dc5bea6\" data-element_type=\"section\" data-settings=\"{&quot;stretch_section&quot;:&quot;section-stretched&quot;}\">\n\t\t\t\t\t\t<div class=\"elementor-container elementor-column-gap-default\">\n\t\t\t\t\t<div class=\"elementor-column elementor-col-100 elementor-top-column elementor-element elementor-element-7afb23b8\" data-id=\"7afb23b8\" data-element_type=\"column\">\n\t\t\t<div class=\"elementor-widget-wrap elementor-element-populated\">\n\t\t\t\t\t\t<div class=\"elementor-element elementor-element-3d4b84f7 elementor--h-position-center elementor--v-position-middle elementor-arrows-position-inside elementor-widget elementor-widget-slides\" data-id=\"3d4b84f7\" data-element_type=\"widget\" data-settings=\"{&quot;navigation&quot;:&quot;arrows&quot;,&quot;autoplay&quot;:&quot;yes&quot;,&quot;autoplay_speed&quot;:5000,&quot;infinite&quot;:&quot;yes&quot;,&quot;transition&quot;:&quot;slide&quot;,&quot;transition_speed&quot;:500}\" data-widget_type=\"slides.default\">\n\t\t\t\t<div class=\"elementor-widget-container\">\n\t\t\t\t\t<div class=\"elementor-swiper\">\n\t\t\t<div class=\"elementor-slides-wrapper elementor-main-swiper swiper\" dir=\"ltr\" data-animation=\"fadeInUp\">\n\t\t\t\t<div class=\"swiper-wrapper elementor-slides\">\n\t\t\t\t\t\t\t\t\t\t<div class=\"elementor-repeater-item-6091ad6 swiper-slide\"><div class=\"swiper-slide-bg\" role=\"img\"><\/div><div class=\"swiper-slide-inner\" ><div class=\"swiper-slide-contents\"><\/div><\/div><\/div>\t\t\t\t<\/div>\n\t\t\t\t\t\t\t<\/div>\n\t\t<\/div>\n\t\t\t\t<\/div>\n\t\t\t\t<\/div>\n\t\t\t\t\t<\/div>\n\t\t<\/div>\n\t\t\t\t\t<\/div>\n\t\t<\/section>\n\t\t\t\t<section class=\"elementor-section elementor-top-section elementor-element elementor-element-6c8959f elementor-section-boxed elementor-section-height-default elementor-section-height-default\" data-id=\"6c8959f\" data-element_type=\"section\">\n\t\t\t\t\t\t<div class=\"elementor-container elementor-column-gap-default\">\n\t\t\t\t\t<div class=\"elementor-column elementor-col-100 elementor-top-column elementor-element elementor-element-f35327d\" data-id=\"f35327d\" data-element_type=\"column\">\n\t\t\t<div class=\"elementor-widget-wrap elementor-element-populated\">\n\t\t\t\t\t\t<div class=\"elementor-element elementor-element-80f14a2 elementor-widget elementor-widget-breadcrumbs\" data-id=\"80f14a2\" data-element_type=\"widget\" data-widget_type=\"breadcrumbs.default\">\n\t\t\t\t<div class=\"elementor-widget-container\">\n\t\t\t<p id=\"breadcrumbs\"><span><span><a href=\"https:\/\/www.unicor.com\/es\/\">Home<\/a><\/span><\/span><\/p>\t\t<\/div>\n\t\t\t\t<\/div>\n\t\t\t\t\t<\/div>\n\t\t<\/div>\n\t\t\t\t\t<\/div>\n\t\t<\/section>\n\t\t\t\t<section class=\"elementor-section elementor-top-section elementor-element elementor-element-15744e4 elementor-section-boxed elementor-section-height-default elementor-section-height-default\" data-id=\"15744e4\" data-element_type=\"section\">\n\t\t\t\t\t\t<div class=\"elementor-container elementor-column-gap-default\">\n\t\t\t\t\t<div class=\"elementor-column elementor-col-100 elementor-top-column elementor-element elementor-element-67a9663\" data-id=\"67a9663\" data-element_type=\"column\">\n\t\t\t<div class=\"elementor-widget-wrap elementor-element-populated\">\n\t\t\t\t\t\t<div class=\"elementor-element elementor-element-736d2cf elementor-widget elementor-widget-heading\" data-id=\"736d2cf\" data-element_type=\"widget\" data-widget_type=\"heading.default\">\n\t\t\t\t<div class=\"elementor-widget-container\">\n\t\t\t<h1 class=\"elementor-heading-title elementor-size-default\">Vistazos en la producci\u00f3n<\/h1>\t\t<\/div>\n\t\t\t\t<\/div>\n\t\t\t\t<div class=\"elementor-element elementor-element-0f209f1 elementor-widget elementor-widget-heading\" data-id=\"0f209f1\" data-element_type=\"widget\" data-widget_type=\"heading.default\">\n\t\t\t\t<div class=\"elementor-widget-container\">\n\t\t\t<h2 class=\"elementor-heading-title elementor-size-default\">UNICOR - Made in Germany - Made in Hassfurt<\/h2>\t\t<\/div>\n\t\t\t\t<\/div>\n\t\t\t\t\t<\/div>\n\t\t<\/div>\n\t\t\t\t\t<\/div>\n\t\t<\/section>\n\t\t\t\t<section class=\"elementor-section elementor-top-section elementor-element elementor-element-60615aa elementor-section-stretched elementor-section-boxed elementor-section-height-default elementor-section-height-default\" data-id=\"60615aa\" data-element_type=\"section\" data-settings=\"{&quot;stretch_section&quot;:&quot;section-stretched&quot;,&quot;background_background&quot;:&quot;classic&quot;}\">\n\t\t\t\t\t\t<div class=\"elementor-container elementor-column-gap-default\">\n\t\t\t\t\t<div class=\"elementor-column elementor-col-50 elementor-top-column elementor-element elementor-element-200fa0c\" data-id=\"200fa0c\" data-element_type=\"column\">\n\t\t\t<div class=\"elementor-widget-wrap elementor-element-populated\">\n\t\t\t\t\t\t<div class=\"elementor-element elementor-element-286709a elementor-widget elementor-widget-spacer\" data-id=\"286709a\" data-element_type=\"widget\" data-widget_type=\"spacer.default\">\n\t\t\t\t<div class=\"elementor-widget-container\">\n\t\t\t\t\t<div class=\"elementor-spacer\">\n\t\t\t<div class=\"elementor-spacer-inner\"><\/div>\n\t\t<\/div>\n\t\t\t\t<\/div>\n\t\t\t\t<\/div>\n\t\t\t\t<div class=\"elementor-element elementor-element-99b067a elementor-widget elementor-widget-text-editor\" data-id=\"99b067a\" data-element_type=\"widget\" data-widget_type=\"text-editor.default\">\n\t\t\t\t<div class=\"elementor-widget-container\">\n\t\t\t\t\t\t\t<h3>Mecanizado &#8211; Perforaci\u00f3n &#8211; Rectificaci\u00f3n<\/h3>\n<p>Nuestro moderno y amplio parque de m\u00e1quinas nos permite producir eficientemente una amplia gama de productos internos. Hemos tenido un excelente \u00e9xito en el acto de equilibrio entre el cambio de piezas espec\u00edficas del cliente y una gama de productos estandarizados. <\/p>\n<p>Adem\u00e1s de la producci\u00f3n de piezas de cabezales de extrusi\u00f3n y boquilla altamente complejas, nuestro campo tambi\u00e9n incluye mecanizado, taladrado profundo y rectificaci\u00f3n de una amplia gama de placas gu\u00eda y de refrigeraci\u00f3n, as\u00ed como mandriles de refrigeraci\u00f3n en aluminio.<\/p>\n<p>Los muchos a\u00f1os de experiencia de nuestros trabajadores cualificados en la producci\u00f3n de piezas torneadas y fresadas de paredes delgadas son s\u00f3lo una pieza de mosaico en toda la cadena de producci\u00f3n.<\/p>\n\t\t\t\t\t\t<\/div>\n\t\t\t\t<\/div>\n\t\t\t\t\t<\/div>\n\t\t<\/div>\n\t\t\t\t<div class=\"elementor-column elementor-col-50 elementor-top-column elementor-element elementor-element-6f49845\" data-id=\"6f49845\" data-element_type=\"column\">\n\t\t\t<div class=\"elementor-widget-wrap elementor-element-populated\">\n\t\t\t\t\t\t<div class=\"elementor-element elementor-element-a1211ce elementor-widget elementor-widget-spacer\" data-id=\"a1211ce\" data-element_type=\"widget\" data-widget_type=\"spacer.default\">\n\t\t\t\t<div class=\"elementor-widget-container\">\n\t\t\t\t\t<div class=\"elementor-spacer\">\n\t\t\t<div class=\"elementor-spacer-inner\"><\/div>\n\t\t<\/div>\n\t\t\t\t<\/div>\n\t\t\t\t<\/div>\n\t\t\t\t<div class=\"elementor-element elementor-element-9fb7f3e elementor-widget elementor-widget-text-editor\" data-id=\"9fb7f3e\" data-element_type=\"widget\" data-widget_type=\"text-editor.default\">\n\t\t\t\t<div class=\"elementor-widget-container\">\n\t\t\t\t\t\t\t<p>En nuestro taller de barnizado interno, nuestro equipamiento recibe el recubrimiento final y le damos el toque final en el nuevo dise\u00f1o UNICOR.<\/p>\n<p>Nuestro equipo de montaje es responsable de la alta calidad de las m\u00e1quinas que producimos. Esto garantiza que la m\u00e1quina fabricada y aprobada por nosotros tambi\u00e9n produce de forma segura y fiable en su lugar. <\/p>\n<p>Debido a la diversidad de nuestras m\u00e1quinas de producci\u00f3n, tambi\u00e9n realizamos tiempos de entrega cortos para consultas urgentes de piezas de recambio. Nuestros clientes aprecian mucho este efecto secundario positivo  <\/p>\n<p>No estamos preocupados por nuestro talento joven, porque formamos a j\u00f3venes trabajadores calificados a\u00f1o tras a\u00f1o en nuestro propio taller de aprendizaje. Nuestros empleados nuevos entran en contacto con una amplia gama de operaciones y procesos de producci\u00f3n con tiempo. <\/p>\n\t\t\t\t\t\t<\/div>\n\t\t\t\t<\/div>\n\t\t\t\t<div class=\"elementor-element elementor-element-1425e47 elementor-widget elementor-widget-spacer\" data-id=\"1425e47\" data-element_type=\"widget\" data-widget_type=\"spacer.default\">\n\t\t\t\t<div class=\"elementor-widget-container\">\n\t\t\t\t\t<div class=\"elementor-spacer\">\n\t\t\t<div class=\"elementor-spacer-inner\"><\/div>\n\t\t<\/div>\n\t\t\t\t<\/div>\n\t\t\t\t<\/div>\n\t\t\t\t\t<\/div>\n\t\t<\/div>\n\t\t\t\t\t<\/div>\n\t\t<\/section>\n\t\t\t\t<section class=\"elementor-section elementor-top-section elementor-element elementor-element-6e10d40 elementor-section-boxed elementor-section-height-default elementor-section-height-default\" data-id=\"6e10d40\" data-element_type=\"section\">\n\t\t\t\t\t\t<div class=\"elementor-container elementor-column-gap-default\">\n\t\t\t\t\t<div class=\"elementor-column elementor-col-50 elementor-top-column elementor-element elementor-element-93b39e0\" data-id=\"93b39e0\" data-element_type=\"column\">\n\t\t\t<div class=\"elementor-widget-wrap elementor-element-populated\">\n\t\t\t\t\t\t<div class=\"elementor-element elementor-element-920bf6a elementor-widget elementor-widget-image\" data-id=\"920bf6a\" data-element_type=\"widget\" data-widget_type=\"image.default\">\n\t\t\t\t<div class=\"elementor-widget-container\">\n\t\t\t\t\t\t\t\t\t\t<figure class=\"wp-caption\">\n\t\t\t\t\t\t\t\t\t\t<img fetchpriority=\"high\" decoding=\"async\" width=\"882\" height=\"589\" src=\"https:\/\/www.unicor.com\/wp-content\/uploads\/2021\/03\/97A0033-Kopie.jpg\" class=\"attachment-large size-large wp-image-9902\" alt=\"\" srcset=\"https:\/\/www.unicor.com\/wp-content\/uploads\/2021\/03\/97A0033-Kopie-300x200.jpg 300w, https:\/\/www.unicor.com\/wp-content\/uploads\/2021\/03\/97A0033-Kopie-560x374.jpg 560w, https:\/\/www.unicor.com\/wp-content\/uploads\/2021\/03\/97A0033-Kopie-768x513.jpg 768w, https:\/\/www.unicor.com\/wp-content\/uploads\/2021\/03\/97A0033-Kopie.jpg 882w\" sizes=\"(max-width: 882px) 100vw, 882px\" \/>\t\t\t\t\t\t\t\t\t\t\t<figcaption class=\"widget-image-caption wp-caption-text\">Perforaci\u00f3n profunda de un mandril de refrigeraci\u00f3n<\/figcaption>\n\t\t\t\t\t\t\t\t\t\t<\/figure>\n\t\t\t\t\t\t\t<\/div>\n\t\t\t\t<\/div>\n\t\t\t\t<div class=\"elementor-element elementor-element-a407972 elementor-widget elementor-widget-spacer\" data-id=\"a407972\" data-element_type=\"widget\" data-widget_type=\"spacer.default\">\n\t\t\t\t<div class=\"elementor-widget-container\">\n\t\t\t\t\t<div class=\"elementor-spacer\">\n\t\t\t<div class=\"elementor-spacer-inner\"><\/div>\n\t\t<\/div>\n\t\t\t\t<\/div>\n\t\t\t\t<\/div>\n\t\t\t\t\t<\/div>\n\t\t<\/div>\n\t\t\t\t<div class=\"elementor-column elementor-col-50 elementor-top-column elementor-element elementor-element-5b439b4\" data-id=\"5b439b4\" data-element_type=\"column\">\n\t\t\t<div class=\"elementor-widget-wrap elementor-element-populated\">\n\t\t\t\t\t\t<div class=\"elementor-element elementor-element-207b6c5 elementor-widget elementor-widget-image\" data-id=\"207b6c5\" data-element_type=\"widget\" data-widget_type=\"image.default\">\n\t\t\t\t<div class=\"elementor-widget-container\">\n\t\t\t\t\t\t\t\t\t\t<figure class=\"wp-caption\">\n\t\t\t\t\t\t\t\t\t\t<img decoding=\"async\" width=\"840\" height=\"560\" src=\"https:\/\/www.unicor.com\/wp-content\/uploads\/2021\/03\/97A1572-Neutralgrau-Retusche-Kopie.jpg\" class=\"attachment-large size-large wp-image-9905\" alt=\"\" srcset=\"https:\/\/www.unicor.com\/wp-content\/uploads\/2021\/03\/97A1572-Neutralgrau-Retusche-Kopie-300x200.jpg 300w, https:\/\/www.unicor.com\/wp-content\/uploads\/2021\/03\/97A1572-Neutralgrau-Retusche-Kopie-560x373.jpg 560w, https:\/\/www.unicor.com\/wp-content\/uploads\/2021\/03\/97A1572-Neutralgrau-Retusche-Kopie-768x512.jpg 768w, https:\/\/www.unicor.com\/wp-content\/uploads\/2021\/03\/97A1572-Neutralgrau-Retusche-Kopie.jpg 840w\" sizes=\"(max-width: 840px) 100vw, 840px\" \/>\t\t\t\t\t\t\t\t\t\t\t<figcaption class=\"widget-image-caption wp-caption-text\">Amoladura de listones gu\u00eda<\/figcaption>\n\t\t\t\t\t\t\t\t\t\t<\/figure>\n\t\t\t\t\t\t\t<\/div>\n\t\t\t\t<\/div>\n\t\t\t\t\t<\/div>\n\t\t<\/div>\n\t\t\t\t\t<\/div>\n\t\t<\/section>\n\t\t\t\t<section class=\"elementor-section elementor-top-section elementor-element elementor-element-f7c6a46 elementor-section-boxed elementor-section-height-default elementor-section-height-default\" data-id=\"f7c6a46\" data-element_type=\"section\">\n\t\t\t\t\t\t<div class=\"elementor-container elementor-column-gap-default\">\n\t\t\t\t\t<div class=\"elementor-column elementor-col-50 elementor-top-column elementor-element elementor-element-dbc7638\" data-id=\"dbc7638\" data-element_type=\"column\">\n\t\t\t<div class=\"elementor-widget-wrap elementor-element-populated\">\n\t\t\t\t\t\t<div class=\"elementor-element elementor-element-4b09c3e elementor-widget elementor-widget-image\" data-id=\"4b09c3e\" data-element_type=\"widget\" data-widget_type=\"image.default\">\n\t\t\t\t<div class=\"elementor-widget-container\">\n\t\t\t\t\t\t\t\t\t\t<figure class=\"wp-caption\">\n\t\t\t\t\t\t\t\t\t\t<img decoding=\"async\" width=\"855\" height=\"570\" src=\"https:\/\/www.unicor.com\/wp-content\/uploads\/2021\/02\/Produktion_Schweissen_Ausschnitt-1.jpg\" class=\"attachment-large size-large wp-image-9908\" alt=\"\" srcset=\"https:\/\/www.unicor.com\/wp-content\/uploads\/2021\/02\/Produktion_Schweissen_Ausschnitt-1-300x200.jpg 300w, https:\/\/www.unicor.com\/wp-content\/uploads\/2021\/02\/Produktion_Schweissen_Ausschnitt-1-560x373.jpg 560w, https:\/\/www.unicor.com\/wp-content\/uploads\/2021\/02\/Produktion_Schweissen_Ausschnitt-1-768x512.jpg 768w, https:\/\/www.unicor.com\/wp-content\/uploads\/2021\/02\/Produktion_Schweissen_Ausschnitt-1.jpg 855w\" sizes=\"(max-width: 855px) 100vw, 855px\" \/>\t\t\t\t\t\t\t\t\t\t\t<figcaption class=\"widget-image-caption wp-caption-text\">Soldadura de piezas compuestas<\/figcaption>\n\t\t\t\t\t\t\t\t\t\t<\/figure>\n\t\t\t\t\t\t\t<\/div>\n\t\t\t\t<\/div>\n\t\t\t\t<div class=\"elementor-element elementor-element-342b105 elementor-widget elementor-widget-spacer\" data-id=\"342b105\" data-element_type=\"widget\" data-widget_type=\"spacer.default\">\n\t\t\t\t<div class=\"elementor-widget-container\">\n\t\t\t\t\t<div class=\"elementor-spacer\">\n\t\t\t<div class=\"elementor-spacer-inner\"><\/div>\n\t\t<\/div>\n\t\t\t\t<\/div>\n\t\t\t\t<\/div>\n\t\t\t\t\t<\/div>\n\t\t<\/div>\n\t\t\t\t<div class=\"elementor-column elementor-col-50 elementor-top-column elementor-element elementor-element-0701772\" data-id=\"0701772\" data-element_type=\"column\">\n\t\t\t<div class=\"elementor-widget-wrap elementor-element-populated\">\n\t\t\t\t\t\t<div class=\"elementor-element elementor-element-86686d9 elementor-widget elementor-widget-image\" data-id=\"86686d9\" data-element_type=\"widget\" data-widget_type=\"image.default\">\n\t\t\t\t<div class=\"elementor-widget-container\">\n\t\t\t\t\t\t\t\t\t\t<figure class=\"wp-caption\">\n\t\t\t\t\t\t\t\t\t\t<img loading=\"lazy\" decoding=\"async\" width=\"1024\" height=\"683\" src=\"https:\/\/www.unicor.com\/wp-content\/uploads\/slider38\/Produktion_Polieren1-1024x683.jpeg\" class=\"attachment-large size-large wp-image-13025\" alt=\"\" srcset=\"https:\/\/www.unicor.com\/wp-content\/uploads\/slider38\/Produktion_Polieren1-300x200.jpeg 300w, https:\/\/www.unicor.com\/wp-content\/uploads\/slider38\/Produktion_Polieren1-560x373.jpeg 560w, https:\/\/www.unicor.com\/wp-content\/uploads\/slider38\/Produktion_Polieren1-768x512.jpeg 768w, https:\/\/www.unicor.com\/wp-content\/uploads\/slider38\/Produktion_Polieren1-1024x683.jpeg 1024w, https:\/\/www.unicor.com\/wp-content\/uploads\/slider38\/Produktion_Polieren1-1536x1024.jpeg 1536w\" sizes=\"(max-width: 1024px) 100vw, 1024px\" \/>\t\t\t\t\t\t\t\t\t\t\t<figcaption class=\"widget-image-caption wp-caption-text\">Acabado de piezas de boquilla<\/figcaption>\n\t\t\t\t\t\t\t\t\t\t<\/figure>\n\t\t\t\t\t\t\t<\/div>\n\t\t\t\t<\/div>\n\t\t\t\t\t<\/div>\n\t\t<\/div>\n\t\t\t\t\t<\/div>\n\t\t<\/section>\n\t\t\t\t<\/div>\n\t\t","protected":false},"excerpt":{"rendered":"<p>Vistazos en la producci\u00f3n UNICOR &#8211; Made in Germany &#8211; Made in Hassfurt Mecanizado &#8211; Perforaci\u00f3n &#8211; Rectificaci\u00f3n Nuestro moderno y amplio parque de m\u00e1quinas nos permite producir eficientemente una amplia gama de productos internos. Hemos tenido un excelente \u00e9xito en el acto de equilibrio entre el cambio de piezas espec\u00edficas del cliente y [&hellip;]<\/p>\n","protected":false},"author":5,"featured_media":0,"parent":9468,"menu_order":0,"comment_status":"closed","ping_status":"closed","template":"","meta":{"footnotes":""},"class_list":["post-9900","page","type-page","status-publish","hentry"],"yoast_head":"<!-- This site is optimized with the Yoast SEO plugin v24.0 - https:\/\/yoast.com\/wordpress\/plugins\/seo\/ -->\n<title>UNICOR - Made in Germany - Vistazos en la producci\u00f3n<\/title>\n<meta name=\"description\" content=\"Nuestro amplio parque de maquinaria moderna nos permite fabricar eficazmente una variada gama de productos en nuestras instalaciones.\" \/>\n<meta name=\"robots\" content=\"index, follow, max-snippet:-1, max-image-preview:large, max-video-preview:-1\" \/>\n<link rel=\"canonical\" href=\"https:\/\/www.unicor.com\/es\/sobre-nosotros\/nuestra-produccion\/\" \/>\n<meta property=\"og:locale\" content=\"es_ES\" \/>\n<meta property=\"og:type\" content=\"article\" \/>\n<meta property=\"og:title\" content=\"UNICOR - Made in Germany - Vistazos en la producci\u00f3n\" \/>\n<meta property=\"og:description\" content=\"Nuestro amplio parque de maquinaria moderna nos permite fabricar eficazmente una variada gama de productos en nuestras instalaciones.\" \/>\n<meta property=\"og:url\" content=\"https:\/\/www.unicor.com\/es\/sobre-nosotros\/nuestra-produccion\/\" \/>\n<meta property=\"og:site_name\" content=\"UNICOR\" \/>\n<meta property=\"article:modified_time\" content=\"2024-03-19T07:46:17+00:00\" \/>\n<meta name=\"twitter:card\" content=\"summary_large_image\" \/>\n<meta name=\"twitter:label1\" content=\"Tiempo de lectura\" \/>\n\t<meta name=\"twitter:data1\" content=\"3 minutos\" \/>\n<script type=\"application\/ld+json\" class=\"yoast-schema-graph\">{\"@context\":\"https:\/\/schema.org\",\"@graph\":[{\"@type\":\"WebPage\",\"@id\":\"https:\/\/www.unicor.com\/es\/sobre-nosotros\/nuestra-produccion\/\",\"url\":\"https:\/\/www.unicor.com\/es\/sobre-nosotros\/nuestra-produccion\/\",\"name\":\"UNICOR - Made in Germany - Vistazos en la producci\u00f3n\",\"isPartOf\":{\"@id\":\"https:\/\/www.unicor.com\/es\/#website\"},\"datePublished\":\"2021-04-29T08:49:28+00:00\",\"dateModified\":\"2024-03-19T07:46:17+00:00\",\"description\":\"Nuestro amplio parque de maquinaria moderna nos permite fabricar eficazmente una variada gama de productos en nuestras instalaciones.\",\"breadcrumb\":{\"@id\":\"https:\/\/www.unicor.com\/es\/sobre-nosotros\/nuestra-produccion\/#breadcrumb\"},\"inLanguage\":\"es\",\"potentialAction\":[{\"@type\":\"ReadAction\",\"target\":[\"https:\/\/www.unicor.com\/es\/sobre-nosotros\/nuestra-produccion\/\"]}]},{\"@type\":\"BreadcrumbList\",\"@id\":\"https:\/\/www.unicor.com\/es\/sobre-nosotros\/nuestra-produccion\/#breadcrumb\",\"itemListElement\":[{\"@type\":\"ListItem\",\"position\":1,\"name\":\"Home\",\"item\":\"https:\/\/www.unicor.com\/es\/\"},{\"@type\":\"ListItem\",\"position\":2,\"name\":\"Sobre nosotros\",\"item\":\"https:\/\/www.unicor.com\/es\/sobre-nosotros\/\"},{\"@type\":\"ListItem\",\"position\":3,\"name\":\"Nuestra Producci\u00f3n\"}]},{\"@type\":\"WebSite\",\"@id\":\"https:\/\/www.unicor.com\/es\/#website\",\"url\":\"https:\/\/www.unicor.com\/es\/\",\"name\":\"UNICOR\",\"description\":\"\u00bb the corrugator experts \u00ab\",\"potentialAction\":[{\"@type\":\"SearchAction\",\"target\":{\"@type\":\"EntryPoint\",\"urlTemplate\":\"https:\/\/www.unicor.com\/es\/?s={search_term_string}\"},\"query-input\":{\"@type\":\"PropertyValueSpecification\",\"valueRequired\":true,\"valueName\":\"search_term_string\"}}],\"inLanguage\":\"es\"}]}<\/script>\n<!-- \/ Yoast SEO plugin. -->","yoast_head_json":{"title":"UNICOR - Made in Germany - Vistazos en la producci\u00f3n","description":"Nuestro amplio parque de maquinaria moderna nos permite fabricar eficazmente una variada gama de productos en nuestras instalaciones.","robots":{"index":"index","follow":"follow","max-snippet":"max-snippet:-1","max-image-preview":"max-image-preview:large","max-video-preview":"max-video-preview:-1"},"canonical":"https:\/\/www.unicor.com\/es\/sobre-nosotros\/nuestra-produccion\/","og_locale":"es_ES","og_type":"article","og_title":"UNICOR - Made in Germany - Vistazos en la producci\u00f3n","og_description":"Nuestro amplio parque de maquinaria moderna nos permite fabricar eficazmente una variada gama de productos en nuestras instalaciones.","og_url":"https:\/\/www.unicor.com\/es\/sobre-nosotros\/nuestra-produccion\/","og_site_name":"UNICOR","article_modified_time":"2024-03-19T07:46:17+00:00","twitter_card":"summary_large_image","twitter_misc":{"Tiempo de lectura":"3 minutos"},"schema":{"@context":"https:\/\/schema.org","@graph":[{"@type":"WebPage","@id":"https:\/\/www.unicor.com\/es\/sobre-nosotros\/nuestra-produccion\/","url":"https:\/\/www.unicor.com\/es\/sobre-nosotros\/nuestra-produccion\/","name":"UNICOR - Made in Germany - Vistazos en la producci\u00f3n","isPartOf":{"@id":"https:\/\/www.unicor.com\/es\/#website"},"datePublished":"2021-04-29T08:49:28+00:00","dateModified":"2024-03-19T07:46:17+00:00","description":"Nuestro amplio parque de maquinaria moderna nos permite fabricar eficazmente una variada gama de productos en nuestras instalaciones.","breadcrumb":{"@id":"https:\/\/www.unicor.com\/es\/sobre-nosotros\/nuestra-produccion\/#breadcrumb"},"inLanguage":"es","potentialAction":[{"@type":"ReadAction","target":["https:\/\/www.unicor.com\/es\/sobre-nosotros\/nuestra-produccion\/"]}]},{"@type":"BreadcrumbList","@id":"https:\/\/www.unicor.com\/es\/sobre-nosotros\/nuestra-produccion\/#breadcrumb","itemListElement":[{"@type":"ListItem","position":1,"name":"Home","item":"https:\/\/www.unicor.com\/es\/"},{"@type":"ListItem","position":2,"name":"Sobre nosotros","item":"https:\/\/www.unicor.com\/es\/sobre-nosotros\/"},{"@type":"ListItem","position":3,"name":"Nuestra Producci\u00f3n"}]},{"@type":"WebSite","@id":"https:\/\/www.unicor.com\/es\/#website","url":"https:\/\/www.unicor.com\/es\/","name":"UNICOR","description":"\u00bb the corrugator experts \u00ab","potentialAction":[{"@type":"SearchAction","target":{"@type":"EntryPoint","urlTemplate":"https:\/\/www.unicor.com\/es\/?s={search_term_string}"},"query-input":{"@type":"PropertyValueSpecification","valueRequired":true,"valueName":"search_term_string"}}],"inLanguage":"es"}]}},"_links":{"self":[{"href":"https:\/\/www.unicor.com\/es\/wp-json\/wp\/v2\/pages\/9900","targetHints":{"allow":["GET"]}}],"collection":[{"href":"https:\/\/www.unicor.com\/es\/wp-json\/wp\/v2\/pages"}],"about":[{"href":"https:\/\/www.unicor.com\/es\/wp-json\/wp\/v2\/types\/page"}],"author":[{"embeddable":true,"href":"https:\/\/www.unicor.com\/es\/wp-json\/wp\/v2\/users\/5"}],"replies":[{"embeddable":true,"href":"https:\/\/www.unicor.com\/es\/wp-json\/wp\/v2\/comments?post=9900"}],"version-history":[{"count":19,"href":"https:\/\/www.unicor.com\/es\/wp-json\/wp\/v2\/pages\/9900\/revisions"}],"predecessor-version":[{"id":17634,"href":"https:\/\/www.unicor.com\/es\/wp-json\/wp\/v2\/pages\/9900\/revisions\/17634"}],"up":[{"embeddable":true,"href":"https:\/\/www.unicor.com\/es\/wp-json\/wp\/v2\/pages\/9468"}],"wp:attachment":[{"href":"https:\/\/www.unicor.com\/es\/wp-json\/wp\/v2\/media?parent=9900"}],"curies":[{"name":"wp","href":"https:\/\/api.w.org\/{rel}","templated":true}]}}