{"id":9853,"date":"2021-04-29T10:25:10","date_gmt":"2021-04-29T08:25:10","guid":{"rendered":"http:\/\/staging.unicor.eu\/sobre-nosotros\/los-tubos-corrugados-originales\/"},"modified":"2023-05-24T15:33:28","modified_gmt":"2023-05-24T13:33:28","slug":"los-tubos-corrugados-originales","status":"publish","type":"page","link":"https:\/\/www.unicor.com\/es\/sobre-nosotros\/los-tubos-corrugados-originales\/","title":{"rendered":"Los tubos corrugados originales"},"content":{"rendered":"\t\t<div data-elementor-type=\"wp-page\" data-elementor-id=\"9853\" class=\"elementor elementor-9853 elementor-1078\" data-elementor-post-type=\"page\">\n\t\t\t\t\t\t<section class=\"elementor-section elementor-top-section elementor-element elementor-element-e5b1abe elementor-section-boxed elementor-section-height-default elementor-section-height-default\" data-id=\"e5b1abe\" data-element_type=\"section\">\n\t\t\t\t\t\t<div class=\"elementor-container elementor-column-gap-default\">\n\t\t\t\t\t<div class=\"elementor-column elementor-col-100 elementor-top-column elementor-element elementor-element-18d194a\" data-id=\"18d194a\" data-element_type=\"column\">\n\t\t\t<div class=\"elementor-widget-wrap\">\n\t\t\t\t\t\t\t<\/div>\n\t\t<\/div>\n\t\t\t\t\t<\/div>\n\t\t<\/section>\n\t\t\t\t<section class=\"elementor-section elementor-top-section elementor-element elementor-element-645f0435 elementor-section-full_width elementor-section-stretched elementor-section-height-default elementor-section-height-default\" data-id=\"645f0435\" data-element_type=\"section\" data-settings=\"{&quot;stretch_section&quot;:&quot;section-stretched&quot;}\">\n\t\t\t\t\t\t<div class=\"elementor-container elementor-column-gap-default\">\n\t\t\t\t\t<div class=\"elementor-column elementor-col-100 elementor-top-column elementor-element elementor-element-6045a768\" data-id=\"6045a768\" data-element_type=\"column\">\n\t\t\t<div class=\"elementor-widget-wrap elementor-element-populated\">\n\t\t\t\t\t\t<div class=\"elementor-element elementor-element-3d16017f elementor--h-position-center elementor--v-position-middle elementor-arrows-position-inside elementor-widget elementor-widget-slides\" data-id=\"3d16017f\" data-element_type=\"widget\" data-settings=\"{&quot;navigation&quot;:&quot;arrows&quot;,&quot;autoplay&quot;:&quot;yes&quot;,&quot;autoplay_speed&quot;:5000,&quot;infinite&quot;:&quot;yes&quot;,&quot;transition&quot;:&quot;slide&quot;,&quot;transition_speed&quot;:500}\" data-widget_type=\"slides.default\">\n\t\t\t\t<div class=\"elementor-widget-container\">\n\t\t\t\t\t<div class=\"elementor-swiper\">\n\t\t\t<div class=\"elementor-slides-wrapper elementor-main-swiper swiper\" dir=\"ltr\" data-animation=\"fadeInUp\">\n\t\t\t\t<div class=\"swiper-wrapper elementor-slides\">\n\t\t\t\t\t\t\t\t\t\t<div class=\"elementor-repeater-item-6091ad6 swiper-slide\"><div class=\"swiper-slide-bg\" role=\"img\"><\/div><div class=\"swiper-slide-inner\" ><div class=\"swiper-slide-contents\"><\/div><\/div><\/div>\t\t\t\t<\/div>\n\t\t\t\t\t\t\t<\/div>\n\t\t<\/div>\n\t\t\t\t<\/div>\n\t\t\t\t<\/div>\n\t\t\t\t\t<\/div>\n\t\t<\/div>\n\t\t\t\t\t<\/div>\n\t\t<\/section>\n\t\t\t\t<section class=\"elementor-section elementor-top-section elementor-element elementor-element-b9dfa9d elementor-section-boxed elementor-section-height-default elementor-section-height-default\" data-id=\"b9dfa9d\" data-element_type=\"section\">\n\t\t\t\t\t\t<div class=\"elementor-container elementor-column-gap-default\">\n\t\t\t\t\t<div class=\"elementor-column elementor-col-100 elementor-top-column elementor-element elementor-element-6e762c6\" data-id=\"6e762c6\" data-element_type=\"column\">\n\t\t\t<div class=\"elementor-widget-wrap elementor-element-populated\">\n\t\t\t\t\t\t<div class=\"elementor-element elementor-element-e03e2ae elementor-widget elementor-widget-breadcrumbs\" data-id=\"e03e2ae\" data-element_type=\"widget\" data-widget_type=\"breadcrumbs.default\">\n\t\t\t\t<div class=\"elementor-widget-container\">\n\t\t\t<p id=\"breadcrumbs\"><span><span><a href=\"https:\/\/www.unicor.com\/es\/\">Home<\/a><\/span><\/span><\/p>\t\t<\/div>\n\t\t\t\t<\/div>\n\t\t\t\t\t<\/div>\n\t\t<\/div>\n\t\t\t\t\t<\/div>\n\t\t<\/section>\n\t\t\t\t<section class=\"elementor-section elementor-top-section elementor-element elementor-element-839d0d2 elementor-section-boxed elementor-section-height-default elementor-section-height-default\" data-id=\"839d0d2\" data-element_type=\"section\">\n\t\t\t\t\t\t<div class=\"elementor-container elementor-column-gap-default\">\n\t\t\t\t\t<div class=\"elementor-column elementor-col-100 elementor-top-column elementor-element elementor-element-b83e8e5\" data-id=\"b83e8e5\" data-element_type=\"column\">\n\t\t\t<div class=\"elementor-widget-wrap elementor-element-populated\">\n\t\t\t\t\t\t<div class=\"elementor-element elementor-element-efaafd1 elementor-widget elementor-widget-heading\" data-id=\"efaafd1\" data-element_type=\"widget\" data-widget_type=\"heading.default\">\n\t\t\t\t<div class=\"elementor-widget-container\">\n\t\t\t<h1 class=\"elementor-heading-title elementor-size-default\">Los tubos corrugados originales<\/h1>\t\t<\/div>\n\t\t\t\t<\/div>\n\t\t\t\t<div class=\"elementor-element elementor-element-0002bde elementor-widget elementor-widget-heading\" data-id=\"0002bde\" data-element_type=\"widget\" data-widget_type=\"heading.default\">\n\t\t\t\t<div class=\"elementor-widget-container\">\n\t\t\t<h2 class=\"elementor-heading-title elementor-size-default\">UNICOR - el innovador de tubos corrugados<\/h2>\t\t<\/div>\n\t\t\t\t<\/div>\n\t\t\t\t\t<\/div>\n\t\t<\/div>\n\t\t\t\t\t<\/div>\n\t\t<\/section>\n\t\t\t\t<section class=\"elementor-section elementor-top-section elementor-element elementor-element-efcfd0f elementor-section-stretched elementor-section-boxed elementor-section-height-default elementor-section-height-default\" data-id=\"efcfd0f\" data-element_type=\"section\" data-settings=\"{&quot;stretch_section&quot;:&quot;section-stretched&quot;,&quot;background_background&quot;:&quot;classic&quot;}\">\n\t\t\t\t\t\t<div class=\"elementor-container elementor-column-gap-default\">\n\t\t\t\t\t<div class=\"elementor-column elementor-col-66 elementor-top-column elementor-element elementor-element-6267408\" data-id=\"6267408\" data-element_type=\"column\">\n\t\t\t<div class=\"elementor-widget-wrap elementor-element-populated\">\n\t\t\t\t\t\t<div class=\"elementor-element elementor-element-7d429e8 elementor-widget elementor-widget-spacer\" data-id=\"7d429e8\" data-element_type=\"widget\" data-widget_type=\"spacer.default\">\n\t\t\t\t<div class=\"elementor-widget-container\">\n\t\t\t\t\t<div class=\"elementor-spacer\">\n\t\t\t<div class=\"elementor-spacer-inner\"><\/div>\n\t\t<\/div>\n\t\t\t\t<\/div>\n\t\t\t\t<\/div>\n\t\t\t\t<div class=\"elementor-element elementor-element-ad5296b elementor-widget elementor-widget-image\" data-id=\"ad5296b\" data-element_type=\"widget\" data-widget_type=\"image.default\">\n\t\t\t\t<div class=\"elementor-widget-container\">\n\t\t\t\t\t\t\t\t\t\t<figure class=\"wp-caption\">\n\t\t\t\t\t\t\t\t\t\t<img fetchpriority=\"high\" decoding=\"async\" width=\"950\" height=\"633\" src=\"https:\/\/www.unicor.com\/wp-content\/uploads\/2021\/02\/97A0683-Version-2b-1.jpg\" class=\"attachment-large size-large wp-image-9855\" alt=\"\" srcset=\"https:\/\/www.unicor.com\/wp-content\/uploads\/2021\/02\/97A0683-Version-2b-1-300x200.jpg 300w, https:\/\/www.unicor.com\/wp-content\/uploads\/2021\/02\/97A0683-Version-2b-1-560x373.jpg 560w, https:\/\/www.unicor.com\/wp-content\/uploads\/2021\/02\/97A0683-Version-2b-1-768x512.jpg 768w, https:\/\/www.unicor.com\/wp-content\/uploads\/2021\/02\/97A0683-Version-2b-1.jpg 950w\" sizes=\"(max-width: 950px) 100vw, 950px\" \/>\t\t\t\t\t\t\t\t\t\t\t<figcaption class=\"widget-image-caption wp-caption-text\">Tubos corrugados con calidad UNICOR<\/figcaption>\n\t\t\t\t\t\t\t\t\t\t<\/figure>\n\t\t\t\t\t\t\t<\/div>\n\t\t\t\t<\/div>\n\t\t\t\t<div class=\"elementor-element elementor-element-3409931 elementor-widget elementor-widget-spacer\" data-id=\"3409931\" data-element_type=\"widget\" data-widget_type=\"spacer.default\">\n\t\t\t\t<div class=\"elementor-widget-container\">\n\t\t\t\t\t<div class=\"elementor-spacer\">\n\t\t\t<div class=\"elementor-spacer-inner\"><\/div>\n\t\t<\/div>\n\t\t\t\t<\/div>\n\t\t\t\t<\/div>\n\t\t\t\t\t<\/div>\n\t\t<\/div>\n\t\t\t\t<div class=\"elementor-column elementor-col-33 elementor-top-column elementor-element elementor-element-d23160f\" data-id=\"d23160f\" data-element_type=\"column\">\n\t\t\t<div class=\"elementor-widget-wrap elementor-element-populated\">\n\t\t\t\t\t\t<div class=\"elementor-element elementor-element-ffea518 elementor-widget elementor-widget-spacer\" data-id=\"ffea518\" data-element_type=\"widget\" data-widget_type=\"spacer.default\">\n\t\t\t\t<div class=\"elementor-widget-container\">\n\t\t\t\t\t<div class=\"elementor-spacer\">\n\t\t\t<div class=\"elementor-spacer-inner\"><\/div>\n\t\t<\/div>\n\t\t\t\t<\/div>\n\t\t\t\t<\/div>\n\t\t\t\t<div class=\"elementor-element elementor-element-dfe66de elementor-widget elementor-widget-text-editor\" data-id=\"dfe66de\" data-element_type=\"widget\" data-widget_type=\"text-editor.default\">\n\t\t\t\t<div class=\"elementor-widget-container\">\n\t\t\t\t\t\t\t<h3>Los mejores tubos corrugados del mundo<\/h3>\n<p>La fuerte orientaci\u00f3n a los valores de UNICOR condujo a un aumento continuo en el rendimiento de calidad. Hoy en d\u00eda pretendemos desarrollar y construir las mejores m\u00e1quinas para los mejores tubos corrugados. UNICOR, \u00abel futuro de los tubos corrugados\u00bb, es una realidad y se vive cada d\u00eda de nuevo. Los grupos destinatarios como el sector autom\u00f3vil, la medicina y la infraestructura esperan esta profesionalidad y calidad para cada m\u00e1quina de UNICOR.   <\/p>\n\t\t\t\t\t\t<\/div>\n\t\t\t\t<\/div>\n\t\t\t\t<div class=\"elementor-element elementor-element-e99f681 elementor-widget elementor-widget-spacer\" data-id=\"e99f681\" data-element_type=\"widget\" data-widget_type=\"spacer.default\">\n\t\t\t\t<div class=\"elementor-widget-container\">\n\t\t\t\t\t<div class=\"elementor-spacer\">\n\t\t\t<div class=\"elementor-spacer-inner\"><\/div>\n\t\t<\/div>\n\t\t\t\t<\/div>\n\t\t\t\t<\/div>\n\t\t\t\t\t<\/div>\n\t\t<\/div>\n\t\t\t\t\t<\/div>\n\t\t<\/section>\n\t\t\t\t<section class=\"elementor-section elementor-top-section elementor-element elementor-element-a0b603b elementor-section-stretched elementor-reverse-mobile elementor-section-boxed elementor-section-height-default elementor-section-height-default\" data-id=\"a0b603b\" data-element_type=\"section\" data-settings=\"{&quot;stretch_section&quot;:&quot;section-stretched&quot;,&quot;background_background&quot;:&quot;classic&quot;}\">\n\t\t\t\t\t\t<div class=\"elementor-container elementor-column-gap-default\">\n\t\t\t\t\t<div class=\"elementor-column elementor-col-33 elementor-top-column elementor-element elementor-element-938ba6f\" data-id=\"938ba6f\" data-element_type=\"column\">\n\t\t\t<div class=\"elementor-widget-wrap elementor-element-populated\">\n\t\t\t\t\t\t<div class=\"elementor-element elementor-element-f6b438e elementor-widget elementor-widget-text-editor\" data-id=\"f6b438e\" data-element_type=\"widget\" data-widget_type=\"text-editor.default\">\n\t\t\t\t<div class=\"elementor-widget-container\">\n\t\t\t\t\t\t\t<h3>Innovaciones de igual a igual<\/h3>\n<p>Las m\u00e1quinas y los tubos corrugados producidos con ellas \u2013 de 3 mm a 1800 mm \u2013 no se habr\u00edan convertido en lo que son hoy en d\u00eda sin nuestros clientes. La estrecha cooperaci\u00f3n con nuestros clientes apoy\u00f3 nuestro compromiso con la optimizaci\u00f3n continua. Hoy en d\u00eda, UNICOR se posiciona como un socio que tambi\u00e9n va por un camino dif\u00edcil para sus clientes.  <\/p>\n<p>Junto con nuestros clientes, realizamos proyectos y productos que parecen imposibles a primera vista.<\/p>\n\t\t\t\t\t\t<\/div>\n\t\t\t\t<\/div>\n\t\t\t\t<div class=\"elementor-element elementor-element-d5c5d22 elementor-widget elementor-widget-spacer\" data-id=\"d5c5d22\" data-element_type=\"widget\" data-widget_type=\"spacer.default\">\n\t\t\t\t<div class=\"elementor-widget-container\">\n\t\t\t\t\t<div class=\"elementor-spacer\">\n\t\t\t<div class=\"elementor-spacer-inner\"><\/div>\n\t\t<\/div>\n\t\t\t\t<\/div>\n\t\t\t\t<\/div>\n\t\t\t\t\t<\/div>\n\t\t<\/div>\n\t\t\t\t<div class=\"elementor-column elementor-col-66 elementor-top-column elementor-element elementor-element-1011eb9\" data-id=\"1011eb9\" data-element_type=\"column\">\n\t\t\t<div class=\"elementor-widget-wrap elementor-element-populated\">\n\t\t\t\t\t\t<div class=\"elementor-element elementor-element-28f9e64 elementor-widget elementor-widget-spacer\" data-id=\"28f9e64\" data-element_type=\"widget\" data-widget_type=\"spacer.default\">\n\t\t\t\t<div class=\"elementor-widget-container\">\n\t\t\t\t\t<div class=\"elementor-spacer\">\n\t\t\t<div class=\"elementor-spacer-inner\"><\/div>\n\t\t<\/div>\n\t\t\t\t<\/div>\n\t\t\t\t<\/div>\n\t\t\t\t<div class=\"elementor-element elementor-element-09ebc50 elementor-widget elementor-widget-image\" data-id=\"09ebc50\" data-element_type=\"widget\" data-widget_type=\"image.default\">\n\t\t\t\t<div class=\"elementor-widget-container\">\n\t\t\t\t\t\t\t\t\t\t<figure class=\"wp-caption\">\n\t\t\t\t\t\t\t\t\t\t<img decoding=\"async\" width=\"1000\" height=\"667\" src=\"https:\/\/www.unicor.com\/wp-content\/uploads\/2021\/03\/IMG_3264-1.jpg\" class=\"attachment-large size-large wp-image-9858\" alt=\"\" srcset=\"https:\/\/www.unicor.com\/wp-content\/uploads\/2021\/03\/IMG_3264-1-300x200.jpg 300w, https:\/\/www.unicor.com\/wp-content\/uploads\/2021\/03\/IMG_3264-1-560x374.jpg 560w, https:\/\/www.unicor.com\/wp-content\/uploads\/2021\/03\/IMG_3264-1-768x512.jpg 768w, https:\/\/www.unicor.com\/wp-content\/uploads\/2021\/03\/IMG_3264-1.jpg 1000w\" sizes=\"(max-width: 1000px) 100vw, 1000px\" \/>\t\t\t\t\t\t\t\t\t\t\t<figcaption class=\"widget-image-caption wp-caption-text\">Tubo de doble pared m\u00e1s peque\u00f1o con di\u00e1metro exterior de 20 mm<\/figcaption>\n\t\t\t\t\t\t\t\t\t\t<\/figure>\n\t\t\t\t\t\t\t<\/div>\n\t\t\t\t<\/div>\n\t\t\t\t\t<\/div>\n\t\t<\/div>\n\t\t\t\t\t<\/div>\n\t\t<\/section>\n\t\t\t\t<\/div>\n\t\t","protected":false},"excerpt":{"rendered":"<p>Los tubos corrugados originales UNICOR &#8211; el innovador de tubos corrugados Tubos corrugados con calidad UNICOR Los mejores tubos corrugados del mundo La fuerte orientaci\u00f3n a los valores de UNICOR condujo a un aumento continuo en el rendimiento de calidad. Hoy en d\u00eda pretendemos desarrollar y construir las mejores m\u00e1quinas para los mejores tubos [&hellip;]<\/p>\n","protected":false},"author":5,"featured_media":0,"parent":9468,"menu_order":0,"comment_status":"closed","ping_status":"closed","template":"","meta":{"footnotes":""},"class_list":["post-9853","page","type-page","status-publish","hentry"],"yoast_head":"<!-- This site is optimized with the Yoast SEO plugin v24.0 - https:\/\/yoast.com\/wordpress\/plugins\/seo\/ -->\n<title>UNICOR - Los tubos corrugados originales - El innovador de tubos corrugados<\/title>\n<meta name=\"description\" content=\"Future of corrugated pipes - Hoy en d\u00eda UNICOR sostiene que desarrolla y construye las mejores m\u00e1quinas para los mejores tubos corrugados.\" \/>\n<meta name=\"robots\" content=\"index, follow, max-snippet:-1, max-image-preview:large, max-video-preview:-1\" \/>\n<link rel=\"canonical\" href=\"https:\/\/www.unicor.com\/es\/sobre-nosotros\/los-tubos-corrugados-originales\/\" \/>\n<meta property=\"og:locale\" content=\"es_ES\" \/>\n<meta property=\"og:type\" content=\"article\" \/>\n<meta property=\"og:title\" content=\"UNICOR - Los tubos corrugados originales - El innovador de tubos corrugados\" \/>\n<meta property=\"og:description\" content=\"Future of corrugated pipes - Hoy en d\u00eda UNICOR sostiene que desarrolla y construye las mejores m\u00e1quinas para los mejores tubos corrugados.\" \/>\n<meta property=\"og:url\" content=\"https:\/\/www.unicor.com\/es\/sobre-nosotros\/los-tubos-corrugados-originales\/\" \/>\n<meta property=\"og:site_name\" content=\"UNICOR\" \/>\n<meta property=\"article:modified_time\" content=\"2023-05-24T13:33:28+00:00\" \/>\n<meta property=\"og:image\" content=\"https:\/\/unicor.com\/wp-content\/uploads\/2021\/02\/97A0683-Version-2b-1.jpg\" \/>\n<meta name=\"twitter:card\" content=\"summary_large_image\" \/>\n<meta name=\"twitter:label1\" content=\"Tiempo de lectura\" \/>\n\t<meta name=\"twitter:data1\" content=\"2 minutos\" \/>\n<script type=\"application\/ld+json\" class=\"yoast-schema-graph\">{\"@context\":\"https:\/\/schema.org\",\"@graph\":[{\"@type\":\"WebPage\",\"@id\":\"https:\/\/www.unicor.com\/es\/sobre-nosotros\/los-tubos-corrugados-originales\/\",\"url\":\"https:\/\/www.unicor.com\/es\/sobre-nosotros\/los-tubos-corrugados-originales\/\",\"name\":\"UNICOR - Los tubos corrugados originales - El innovador de tubos corrugados\",\"isPartOf\":{\"@id\":\"https:\/\/www.unicor.com\/es\/#website\"},\"primaryImageOfPage\":{\"@id\":\"https:\/\/www.unicor.com\/es\/sobre-nosotros\/los-tubos-corrugados-originales\/#primaryimage\"},\"image\":{\"@id\":\"https:\/\/www.unicor.com\/es\/sobre-nosotros\/los-tubos-corrugados-originales\/#primaryimage\"},\"thumbnailUrl\":\"https:\/\/unicor.com\/wp-content\/uploads\/2021\/02\/97A0683-Version-2b-1.jpg\",\"datePublished\":\"2021-04-29T08:25:10+00:00\",\"dateModified\":\"2023-05-24T13:33:28+00:00\",\"description\":\"Future of corrugated pipes - Hoy en d\u00eda UNICOR sostiene que desarrolla y construye las mejores m\u00e1quinas para los mejores tubos corrugados.\",\"breadcrumb\":{\"@id\":\"https:\/\/www.unicor.com\/es\/sobre-nosotros\/los-tubos-corrugados-originales\/#breadcrumb\"},\"inLanguage\":\"es\",\"potentialAction\":[{\"@type\":\"ReadAction\",\"target\":[\"https:\/\/www.unicor.com\/es\/sobre-nosotros\/los-tubos-corrugados-originales\/\"]}]},{\"@type\":\"ImageObject\",\"inLanguage\":\"es\",\"@id\":\"https:\/\/www.unicor.com\/es\/sobre-nosotros\/los-tubos-corrugados-originales\/#primaryimage\",\"url\":\"https:\/\/unicor.com\/wp-content\/uploads\/2021\/02\/97A0683-Version-2b-1.jpg\",\"contentUrl\":\"https:\/\/unicor.com\/wp-content\/uploads\/2021\/02\/97A0683-Version-2b-1.jpg\"},{\"@type\":\"BreadcrumbList\",\"@id\":\"https:\/\/www.unicor.com\/es\/sobre-nosotros\/los-tubos-corrugados-originales\/#breadcrumb\",\"itemListElement\":[{\"@type\":\"ListItem\",\"position\":1,\"name\":\"Home\",\"item\":\"https:\/\/www.unicor.com\/es\/\"},{\"@type\":\"ListItem\",\"position\":2,\"name\":\"Sobre nosotros\",\"item\":\"https:\/\/www.unicor.com\/es\/sobre-nosotros\/\"},{\"@type\":\"ListItem\",\"position\":3,\"name\":\"Los tubos corrugados originales\"}]},{\"@type\":\"WebSite\",\"@id\":\"https:\/\/www.unicor.com\/es\/#website\",\"url\":\"https:\/\/www.unicor.com\/es\/\",\"name\":\"UNICOR\",\"description\":\"\u00bb the corrugator experts \u00ab\",\"potentialAction\":[{\"@type\":\"SearchAction\",\"target\":{\"@type\":\"EntryPoint\",\"urlTemplate\":\"https:\/\/www.unicor.com\/es\/?s={search_term_string}\"},\"query-input\":{\"@type\":\"PropertyValueSpecification\",\"valueRequired\":true,\"valueName\":\"search_term_string\"}}],\"inLanguage\":\"es\"}]}<\/script>\n<!-- \/ Yoast SEO plugin. -->","yoast_head_json":{"title":"UNICOR - Los tubos corrugados originales - El innovador de tubos corrugados","description":"Future of corrugated pipes - Hoy en d\u00eda UNICOR sostiene que desarrolla y construye las mejores m\u00e1quinas para los mejores tubos corrugados.","robots":{"index":"index","follow":"follow","max-snippet":"max-snippet:-1","max-image-preview":"max-image-preview:large","max-video-preview":"max-video-preview:-1"},"canonical":"https:\/\/www.unicor.com\/es\/sobre-nosotros\/los-tubos-corrugados-originales\/","og_locale":"es_ES","og_type":"article","og_title":"UNICOR - Los tubos corrugados originales - El innovador de tubos corrugados","og_description":"Future of corrugated pipes - Hoy en d\u00eda UNICOR sostiene que desarrolla y construye las mejores m\u00e1quinas para los mejores tubos corrugados.","og_url":"https:\/\/www.unicor.com\/es\/sobre-nosotros\/los-tubos-corrugados-originales\/","og_site_name":"UNICOR","article_modified_time":"2023-05-24T13:33:28+00:00","og_image":[{"url":"https:\/\/unicor.com\/wp-content\/uploads\/2021\/02\/97A0683-Version-2b-1.jpg","type":"","width":"","height":""}],"twitter_card":"summary_large_image","twitter_misc":{"Tiempo de lectura":"2 minutos"},"schema":{"@context":"https:\/\/schema.org","@graph":[{"@type":"WebPage","@id":"https:\/\/www.unicor.com\/es\/sobre-nosotros\/los-tubos-corrugados-originales\/","url":"https:\/\/www.unicor.com\/es\/sobre-nosotros\/los-tubos-corrugados-originales\/","name":"UNICOR - Los tubos corrugados originales - El innovador de tubos corrugados","isPartOf":{"@id":"https:\/\/www.unicor.com\/es\/#website"},"primaryImageOfPage":{"@id":"https:\/\/www.unicor.com\/es\/sobre-nosotros\/los-tubos-corrugados-originales\/#primaryimage"},"image":{"@id":"https:\/\/www.unicor.com\/es\/sobre-nosotros\/los-tubos-corrugados-originales\/#primaryimage"},"thumbnailUrl":"https:\/\/unicor.com\/wp-content\/uploads\/2021\/02\/97A0683-Version-2b-1.jpg","datePublished":"2021-04-29T08:25:10+00:00","dateModified":"2023-05-24T13:33:28+00:00","description":"Future of corrugated pipes - Hoy en d\u00eda UNICOR sostiene que desarrolla y construye las mejores m\u00e1quinas para los mejores tubos corrugados.","breadcrumb":{"@id":"https:\/\/www.unicor.com\/es\/sobre-nosotros\/los-tubos-corrugados-originales\/#breadcrumb"},"inLanguage":"es","potentialAction":[{"@type":"ReadAction","target":["https:\/\/www.unicor.com\/es\/sobre-nosotros\/los-tubos-corrugados-originales\/"]}]},{"@type":"ImageObject","inLanguage":"es","@id":"https:\/\/www.unicor.com\/es\/sobre-nosotros\/los-tubos-corrugados-originales\/#primaryimage","url":"https:\/\/unicor.com\/wp-content\/uploads\/2021\/02\/97A0683-Version-2b-1.jpg","contentUrl":"https:\/\/unicor.com\/wp-content\/uploads\/2021\/02\/97A0683-Version-2b-1.jpg"},{"@type":"BreadcrumbList","@id":"https:\/\/www.unicor.com\/es\/sobre-nosotros\/los-tubos-corrugados-originales\/#breadcrumb","itemListElement":[{"@type":"ListItem","position":1,"name":"Home","item":"https:\/\/www.unicor.com\/es\/"},{"@type":"ListItem","position":2,"name":"Sobre nosotros","item":"https:\/\/www.unicor.com\/es\/sobre-nosotros\/"},{"@type":"ListItem","position":3,"name":"Los tubos corrugados originales"}]},{"@type":"WebSite","@id":"https:\/\/www.unicor.com\/es\/#website","url":"https:\/\/www.unicor.com\/es\/","name":"UNICOR","description":"\u00bb the corrugator experts \u00ab","potentialAction":[{"@type":"SearchAction","target":{"@type":"EntryPoint","urlTemplate":"https:\/\/www.unicor.com\/es\/?s={search_term_string}"},"query-input":{"@type":"PropertyValueSpecification","valueRequired":true,"valueName":"search_term_string"}}],"inLanguage":"es"}]}},"_links":{"self":[{"href":"https:\/\/www.unicor.com\/es\/wp-json\/wp\/v2\/pages\/9853","targetHints":{"allow":["GET"]}}],"collection":[{"href":"https:\/\/www.unicor.com\/es\/wp-json\/wp\/v2\/pages"}],"about":[{"href":"https:\/\/www.unicor.com\/es\/wp-json\/wp\/v2\/types\/page"}],"author":[{"embeddable":true,"href":"https:\/\/www.unicor.com\/es\/wp-json\/wp\/v2\/users\/5"}],"replies":[{"embeddable":true,"href":"https:\/\/www.unicor.com\/es\/wp-json\/wp\/v2\/comments?post=9853"}],"version-history":[{"count":17,"href":"https:\/\/www.unicor.com\/es\/wp-json\/wp\/v2\/pages\/9853\/revisions"}],"predecessor-version":[{"id":16400,"href":"https:\/\/www.unicor.com\/es\/wp-json\/wp\/v2\/pages\/9853\/revisions\/16400"}],"up":[{"embeddable":true,"href":"https:\/\/www.unicor.com\/es\/wp-json\/wp\/v2\/pages\/9468"}],"wp:attachment":[{"href":"https:\/\/www.unicor.com\/es\/wp-json\/wp\/v2\/media?parent=9853"}],"curies":[{"name":"wp","href":"https:\/\/api.w.org\/{rel}","templated":true}]}}