{"id":9468,"date":"2021-04-29T10:01:15","date_gmt":"2021-04-29T08:01:15","guid":{"rendered":"http:\/\/staging.unicor.eu\/sobre-nosotros\/"},"modified":"2023-05-24T16:16:31","modified_gmt":"2023-05-24T14:16:31","slug":"sobre-nosotros","status":"publish","type":"page","link":"https:\/\/www.unicor.com\/es\/sobre-nosotros\/","title":{"rendered":"Sobre nosotros"},"content":{"rendered":"\t\t<div data-elementor-type=\"wp-page\" data-elementor-id=\"9468\" class=\"elementor elementor-9468 elementor-1075\" data-elementor-post-type=\"page\">\n\t\t\t\t\t\t<section class=\"elementor-section elementor-top-section elementor-element elementor-element-163c95c elementor-section-boxed elementor-section-height-default elementor-section-height-default\" data-id=\"163c95c\" data-element_type=\"section\">\n\t\t\t\t\t\t<div class=\"elementor-container elementor-column-gap-default\">\n\t\t\t\t\t<div class=\"elementor-column elementor-col-100 elementor-top-column elementor-element elementor-element-aa2a235\" data-id=\"aa2a235\" data-element_type=\"column\">\n\t\t\t<div class=\"elementor-widget-wrap\">\n\t\t\t\t\t\t\t<\/div>\n\t\t<\/div>\n\t\t\t\t\t<\/div>\n\t\t<\/section>\n\t\t\t\t<section class=\"elementor-section elementor-top-section elementor-element elementor-element-4d90274e elementor-section-full_width elementor-section-stretched elementor-section-height-default elementor-section-height-default\" data-id=\"4d90274e\" data-element_type=\"section\" data-settings=\"{&quot;stretch_section&quot;:&quot;section-stretched&quot;}\">\n\t\t\t\t\t\t<div class=\"elementor-container elementor-column-gap-default\">\n\t\t\t\t\t<div class=\"elementor-column elementor-col-100 elementor-top-column elementor-element elementor-element-78d8b205\" data-id=\"78d8b205\" data-element_type=\"column\">\n\t\t\t<div class=\"elementor-widget-wrap elementor-element-populated\">\n\t\t\t\t\t\t<div class=\"elementor-element elementor-element-17751edf elementor--h-position-center elementor--v-position-middle elementor-arrows-position-inside elementor-widget elementor-widget-slides\" data-id=\"17751edf\" data-element_type=\"widget\" data-settings=\"{&quot;navigation&quot;:&quot;arrows&quot;,&quot;autoplay&quot;:&quot;yes&quot;,&quot;autoplay_speed&quot;:5000,&quot;infinite&quot;:&quot;yes&quot;,&quot;transition&quot;:&quot;slide&quot;,&quot;transition_speed&quot;:500}\" data-widget_type=\"slides.default\">\n\t\t\t\t<div class=\"elementor-widget-container\">\n\t\t\t\t\t<div class=\"elementor-swiper\">\n\t\t\t<div class=\"elementor-slides-wrapper elementor-main-swiper swiper\" dir=\"ltr\" data-animation=\"fadeInUp\">\n\t\t\t\t<div class=\"swiper-wrapper elementor-slides\">\n\t\t\t\t\t\t\t\t\t\t<div class=\"elementor-repeater-item-6091ad6 swiper-slide\"><div class=\"swiper-slide-bg\" role=\"img\"><\/div><div class=\"swiper-slide-inner\" ><div class=\"swiper-slide-contents\"><\/div><\/div><\/div><div class=\"elementor-repeater-item-05249d6 swiper-slide\"><div class=\"swiper-slide-bg\" role=\"img\"><\/div><div class=\"swiper-slide-inner\" ><div class=\"swiper-slide-contents\"><\/div><\/div><\/div><div class=\"elementor-repeater-item-07542e4 swiper-slide\"><div class=\"swiper-slide-bg\" role=\"img\"><\/div><div class=\"swiper-slide-inner\" ><div class=\"swiper-slide-contents\"><\/div><\/div><\/div><div class=\"elementor-repeater-item-56d207f swiper-slide\"><div class=\"swiper-slide-bg\" role=\"img\"><\/div><div class=\"swiper-slide-inner\" ><div class=\"swiper-slide-contents\"><\/div><\/div><\/div><div class=\"elementor-repeater-item-5081c87 swiper-slide\"><div class=\"swiper-slide-bg\" role=\"img\"><\/div><div class=\"swiper-slide-inner\" ><div class=\"swiper-slide-contents\"><\/div><\/div><\/div>\t\t\t\t<\/div>\n\t\t\t\t\t\t\t\t\t\t\t\t\t\t\t\t\t\t\t\t<div class=\"elementor-swiper-button elementor-swiper-button-prev\" role=\"button\" tabindex=\"0\">\n\t\t\t\t\t\t\t<i aria-hidden=\"true\" class=\"eicon-chevron-left\"><\/i>\t\t\t\t\t\t\t<span class=\"elementor-screen-only\">Diapositiva anterior<\/span>\n\t\t\t\t\t\t<\/div>\n\t\t\t\t\t\t<div class=\"elementor-swiper-button elementor-swiper-button-next\" role=\"button\" tabindex=\"0\">\n\t\t\t\t\t\t\t<i aria-hidden=\"true\" class=\"eicon-chevron-right\"><\/i>\t\t\t\t\t\t\t<span class=\"elementor-screen-only\">Diapositiva siguiente<\/span>\n\t\t\t\t\t\t<\/div>\n\t\t\t\t\t\t\t\t\t\t\t\t<\/div>\n\t\t<\/div>\n\t\t\t\t<\/div>\n\t\t\t\t<\/div>\n\t\t\t\t\t<\/div>\n\t\t<\/div>\n\t\t\t\t\t<\/div>\n\t\t<\/section>\n\t\t\t\t<section class=\"elementor-section elementor-top-section elementor-element elementor-element-49c8552 elementor-section-boxed elementor-section-height-default elementor-section-height-default\" data-id=\"49c8552\" data-element_type=\"section\">\n\t\t\t\t\t\t<div class=\"elementor-container elementor-column-gap-default\">\n\t\t\t\t\t<div class=\"elementor-column elementor-col-100 elementor-top-column elementor-element elementor-element-c36620b\" data-id=\"c36620b\" data-element_type=\"column\">\n\t\t\t<div class=\"elementor-widget-wrap elementor-element-populated\">\n\t\t\t\t\t\t<div class=\"elementor-element elementor-element-6a8d067 elementor-widget elementor-widget-breadcrumbs\" data-id=\"6a8d067\" data-element_type=\"widget\" data-widget_type=\"breadcrumbs.default\">\n\t\t\t\t<div class=\"elementor-widget-container\">\n\t\t\t<p id=\"breadcrumbs\"><span><span><a href=\"https:\/\/www.unicor.com\/es\/\">Home<\/a><\/span><\/span><\/p>\t\t<\/div>\n\t\t\t\t<\/div>\n\t\t\t\t\t<\/div>\n\t\t<\/div>\n\t\t\t\t\t<\/div>\n\t\t<\/section>\n\t\t\t\t<section class=\"elementor-section elementor-top-section elementor-element elementor-element-c0c9c7a elementor-section-boxed elementor-section-height-default elementor-section-height-default\" data-id=\"c0c9c7a\" data-element_type=\"section\">\n\t\t\t\t\t\t<div class=\"elementor-container elementor-column-gap-default\">\n\t\t\t\t\t<div class=\"elementor-column elementor-col-100 elementor-top-column elementor-element elementor-element-427d193\" data-id=\"427d193\" data-element_type=\"column\">\n\t\t\t<div class=\"elementor-widget-wrap elementor-element-populated\">\n\t\t\t\t\t\t<div class=\"elementor-element elementor-element-fa508d3 elementor-widget elementor-widget-heading\" data-id=\"fa508d3\" data-element_type=\"widget\" data-widget_type=\"heading.default\">\n\t\t\t\t<div class=\"elementor-widget-container\">\n\t\t\t<h1 class=\"elementor-heading-title elementor-size-default\">Sobre nosotros<\/h1>\t\t<\/div>\n\t\t\t\t<\/div>\n\t\t\t\t<div class=\"elementor-element elementor-element-f8c7810 elementor-widget elementor-widget-heading\" data-id=\"f8c7810\" data-element_type=\"widget\" data-widget_type=\"heading.default\">\n\t\t\t\t<div class=\"elementor-widget-container\">\n\t\t\t<h2 class=\"elementor-heading-title elementor-size-default\">Nuestros valores y motivaci\u00f3n<\/h2>\t\t<\/div>\n\t\t\t\t<\/div>\n\t\t\t\t\t<\/div>\n\t\t<\/div>\n\t\t\t\t\t<\/div>\n\t\t<\/section>\n\t\t\t\t<section class=\"elementor-section elementor-top-section elementor-element elementor-element-e90b964 elementor-section-stretched elementor-section-boxed elementor-section-height-default elementor-section-height-default\" data-id=\"e90b964\" data-element_type=\"section\" data-settings=\"{&quot;stretch_section&quot;:&quot;section-stretched&quot;,&quot;background_background&quot;:&quot;classic&quot;}\">\n\t\t\t\t\t\t<div class=\"elementor-container elementor-column-gap-default\">\n\t\t\t\t\t<div class=\"elementor-column elementor-col-50 elementor-top-column elementor-element elementor-element-9945c16\" data-id=\"9945c16\" data-element_type=\"column\">\n\t\t\t<div class=\"elementor-widget-wrap elementor-element-populated\">\n\t\t\t\t\t\t<div class=\"elementor-element elementor-element-3b5a5c7 elementor-widget elementor-widget-spacer\" data-id=\"3b5a5c7\" data-element_type=\"widget\" data-widget_type=\"spacer.default\">\n\t\t\t\t<div class=\"elementor-widget-container\">\n\t\t\t\t\t<div class=\"elementor-spacer\">\n\t\t\t<div class=\"elementor-spacer-inner\"><\/div>\n\t\t<\/div>\n\t\t\t\t<\/div>\n\t\t\t\t<\/div>\n\t\t\t\t<div class=\"elementor-element elementor-element-58858c3 elementor-widget elementor-widget-image\" data-id=\"58858c3\" data-element_type=\"widget\" data-widget_type=\"image.default\">\n\t\t\t\t<div class=\"elementor-widget-container\">\n\t\t\t\t\t\t\t\t\t\t<figure class=\"wp-caption\">\n\t\t\t\t\t\t\t\t\t\t<img fetchpriority=\"high\" decoding=\"async\" width=\"760\" height=\"507\" src=\"https:\/\/www.unicor.com\/wp-content\/uploads\/slider35\/Team_Vertrieb2.jpeg\" class=\"attachment-large size-large wp-image-9470\" alt=\"\" srcset=\"https:\/\/www.unicor.com\/wp-content\/uploads\/slider35\/Team_Vertrieb2-300x200.jpeg 300w, https:\/\/www.unicor.com\/wp-content\/uploads\/slider35\/Team_Vertrieb2-560x374.jpeg 560w, https:\/\/www.unicor.com\/wp-content\/uploads\/slider35\/Team_Vertrieb2.jpeg 760w\" sizes=\"(max-width: 760px) 100vw, 760px\" \/>\t\t\t\t\t\t\t\t\t\t\t<figcaption class=\"widget-image-caption wp-caption-text\">El equipo de ventas de UNICOR<\/figcaption>\n\t\t\t\t\t\t\t\t\t\t<\/figure>\n\t\t\t\t\t\t\t<\/div>\n\t\t\t\t<\/div>\n\t\t\t\t\t<\/div>\n\t\t<\/div>\n\t\t\t\t<div class=\"elementor-column elementor-col-50 elementor-top-column elementor-element elementor-element-df8bdf5\" data-id=\"df8bdf5\" data-element_type=\"column\">\n\t\t\t<div class=\"elementor-widget-wrap elementor-element-populated\">\n\t\t\t\t\t\t<div class=\"elementor-element elementor-element-c089f39 elementor-widget elementor-widget-spacer\" data-id=\"c089f39\" data-element_type=\"widget\" data-widget_type=\"spacer.default\">\n\t\t\t\t<div class=\"elementor-widget-container\">\n\t\t\t\t\t<div class=\"elementor-spacer\">\n\t\t\t<div class=\"elementor-spacer-inner\"><\/div>\n\t\t<\/div>\n\t\t\t\t<\/div>\n\t\t\t\t<\/div>\n\t\t\t\t<div class=\"elementor-element elementor-element-e9255cd elementor-widget elementor-widget-text-editor\" data-id=\"e9255cd\" data-element_type=\"widget\" data-widget_type=\"text-editor.default\">\n\t\t\t\t<div class=\"elementor-widget-container\">\n\t\t\t\t\t\t\t<h3>La voluntad incondicional de cambiar<\/h3>\n<p>La profesionalidad, el respeto y la voluntad de cambiar son la base de un futuro exitoso. El pensamiento estrat\u00e9gico de nuestros empleados se basa en estos valores. UNICOR tiene operaciones en todo el mundo y alcanza un contingente de exportaci\u00f3n de m\u00e1s del 90%. UNICOR est\u00e1 as\u00ed en contacto con todas las culturas, etnias, idiomas y regiones de nuestro mundo.   <\/p>\n\t\t\t\t\t\t<\/div>\n\t\t\t\t<\/div>\n\t\t\t\t\t<\/div>\n\t\t<\/div>\n\t\t\t\t\t<\/div>\n\t\t<\/section>\n\t\t\t\t<section class=\"elementor-section elementor-top-section elementor-element elementor-element-2ad1080 elementor-section-stretched elementor-reverse-mobile elementor-section-boxed elementor-section-height-default elementor-section-height-default\" data-id=\"2ad1080\" data-element_type=\"section\" data-settings=\"{&quot;stretch_section&quot;:&quot;section-stretched&quot;,&quot;background_background&quot;:&quot;classic&quot;}\">\n\t\t\t\t\t\t<div class=\"elementor-container elementor-column-gap-default\">\n\t\t\t\t\t<div class=\"elementor-column elementor-col-50 elementor-top-column elementor-element elementor-element-f00ad61\" data-id=\"f00ad61\" data-element_type=\"column\">\n\t\t\t<div class=\"elementor-widget-wrap elementor-element-populated\">\n\t\t\t\t\t\t<div class=\"elementor-element elementor-element-b9fd960 elementor-widget elementor-widget-spacer\" data-id=\"b9fd960\" data-element_type=\"widget\" data-widget_type=\"spacer.default\">\n\t\t\t\t<div class=\"elementor-widget-container\">\n\t\t\t\t\t<div class=\"elementor-spacer\">\n\t\t\t<div class=\"elementor-spacer-inner\"><\/div>\n\t\t<\/div>\n\t\t\t\t<\/div>\n\t\t\t\t<\/div>\n\t\t\t\t<div class=\"elementor-element elementor-element-9a51291 elementor-widget elementor-widget-text-editor\" data-id=\"9a51291\" data-element_type=\"widget\" data-widget_type=\"text-editor.default\">\n\t\t\t\t<div class=\"elementor-widget-container\">\n\t\t\t\t\t\t\t<h3>Respeto y aprecio<\/h3>\n<p>El respeto mutuo y la apreciaci\u00f3n al tratar entre s\u00ed y nuestros clientes fueron y son los impulsores del \u00e9xito en UNICOR. Sin embargo, la apreciaci\u00f3n entre s\u00ed tambi\u00e9n conduce a una alta motivaci\u00f3n del equipo, especialmente en UNICOR.  <\/p>\n<p>Este esp\u00edritu de equipo implica una alta disposici\u00f3n al cambio, lo que significa que nos centramos constantemente en los requisitos espec\u00edficos del cliente y, por lo tanto, siempre encontramos buenas soluciones para nuestros clientes.<\/p>\n\t\t\t\t\t\t<\/div>\n\t\t\t\t<\/div>\n\t\t\t\t\t<\/div>\n\t\t<\/div>\n\t\t\t\t<div class=\"elementor-column elementor-col-50 elementor-top-column elementor-element elementor-element-2906a7e\" data-id=\"2906a7e\" data-element_type=\"column\">\n\t\t\t<div class=\"elementor-widget-wrap elementor-element-populated\">\n\t\t\t\t\t\t<div class=\"elementor-element elementor-element-6cae49f elementor-widget elementor-widget-spacer\" data-id=\"6cae49f\" data-element_type=\"widget\" data-widget_type=\"spacer.default\">\n\t\t\t\t<div class=\"elementor-widget-container\">\n\t\t\t\t\t<div class=\"elementor-spacer\">\n\t\t\t<div class=\"elementor-spacer-inner\"><\/div>\n\t\t<\/div>\n\t\t\t\t<\/div>\n\t\t\t\t<\/div>\n\t\t\t\t<div class=\"elementor-element elementor-element-add03f3 elementor-widget elementor-widget-image\" data-id=\"add03f3\" data-element_type=\"widget\" data-widget_type=\"image.default\">\n\t\t\t\t<div class=\"elementor-widget-container\">\n\t\t\t\t\t\t\t\t\t\t<figure class=\"wp-caption\">\n\t\t\t\t\t\t\t\t\t\t<img decoding=\"async\" width=\"950\" height=\"633\" src=\"https:\/\/www.unicor.com\/wp-content\/uploads\/slider29\/Teammeeting_Prokejtmanagement.jpeg\" class=\"attachment-large size-large wp-image-9473\" alt=\"\" srcset=\"https:\/\/www.unicor.com\/wp-content\/uploads\/slider29\/Teammeeting_Prokejtmanagement-300x200.jpeg 300w, https:\/\/www.unicor.com\/wp-content\/uploads\/slider29\/Teammeeting_Prokejtmanagement-560x373.jpeg 560w, https:\/\/www.unicor.com\/wp-content\/uploads\/slider29\/Teammeeting_Prokejtmanagement-768x512.jpeg 768w, https:\/\/www.unicor.com\/wp-content\/uploads\/slider29\/Teammeeting_Prokejtmanagement.jpeg 950w\" sizes=\"(max-width: 950px) 100vw, 950px\" \/>\t\t\t\t\t\t\t\t\t\t\t<figcaption class=\"widget-image-caption wp-caption-text\">Nuestro equipo de proyectos siempre encuentra una soluci\u00f3n<\/figcaption>\n\t\t\t\t\t\t\t\t\t\t<\/figure>\n\t\t\t\t\t\t\t<\/div>\n\t\t\t\t<\/div>\n\t\t\t\t\t<\/div>\n\t\t<\/div>\n\t\t\t\t\t<\/div>\n\t\t<\/section>\n\t\t\t\t<\/div>\n\t\t","protected":false},"excerpt":{"rendered":"<p>Previous slide Next slide Sobre nosotros Nuestros valores y motivaci\u00f3n El equipo de ventas de UNICOR La voluntad incondicional de cambiar La profesionalidad, el respeto y la voluntad de cambiar son la base de un futuro exitoso. El pensamiento estrat\u00e9gico de nuestros empleados se basa en estos valores. UNICOR tiene operaciones en todo el [&hellip;]<\/p>\n","protected":false},"author":5,"featured_media":0,"parent":0,"menu_order":0,"comment_status":"closed","ping_status":"closed","template":"","meta":{"footnotes":""},"class_list":["post-9468","page","type-page","status-publish","hentry"],"yoast_head":"<!-- This site is optimized with the Yoast SEO plugin v24.0 - https:\/\/yoast.com\/wordpress\/plugins\/seo\/ -->\n<title>UNICOR - Sobre nosotros - Nuestros valores y motivaci\u00f3n<\/title>\n<meta name=\"description\" content=\"La profesionalidad, el respeto y la voluntad de cambio son los cimientos de un futuro exitoso, esto es lo que construimos en UNICOR.\" \/>\n<meta name=\"robots\" content=\"index, follow, max-snippet:-1, max-image-preview:large, max-video-preview:-1\" \/>\n<link rel=\"canonical\" href=\"https:\/\/www.unicor.com\/es\/sobre-nosotros\/\" \/>\n<meta property=\"og:locale\" content=\"es_ES\" \/>\n<meta property=\"og:type\" content=\"article\" \/>\n<meta property=\"og:title\" content=\"UNICOR - Sobre nosotros - Nuestros valores y motivaci\u00f3n\" \/>\n<meta property=\"og:description\" content=\"La profesionalidad, el respeto y la voluntad de cambio son los cimientos de un futuro exitoso, esto es lo que construimos en UNICOR.\" \/>\n<meta property=\"og:url\" content=\"https:\/\/www.unicor.com\/es\/sobre-nosotros\/\" \/>\n<meta property=\"og:site_name\" content=\"UNICOR\" \/>\n<meta property=\"article:modified_time\" content=\"2023-05-24T14:16:31+00:00\" \/>\n<meta property=\"og:image\" content=\"https:\/\/unicor.com\/wp-content\/uploads\/slider35\/Team_Vertrieb2.jpeg\" \/>\n<meta name=\"twitter:card\" content=\"summary_large_image\" \/>\n<meta name=\"twitter:label1\" content=\"Tiempo de lectura\" \/>\n\t<meta name=\"twitter:data1\" content=\"2 minutos\" \/>\n<script type=\"application\/ld+json\" class=\"yoast-schema-graph\">{\"@context\":\"https:\/\/schema.org\",\"@graph\":[{\"@type\":\"WebPage\",\"@id\":\"https:\/\/www.unicor.com\/es\/sobre-nosotros\/\",\"url\":\"https:\/\/www.unicor.com\/es\/sobre-nosotros\/\",\"name\":\"UNICOR - Sobre nosotros - Nuestros valores y motivaci\u00f3n\",\"isPartOf\":{\"@id\":\"https:\/\/www.unicor.com\/es\/#website\"},\"primaryImageOfPage\":{\"@id\":\"https:\/\/www.unicor.com\/es\/sobre-nosotros\/#primaryimage\"},\"image\":{\"@id\":\"https:\/\/www.unicor.com\/es\/sobre-nosotros\/#primaryimage\"},\"thumbnailUrl\":\"https:\/\/unicor.com\/wp-content\/uploads\/slider35\/Team_Vertrieb2.jpeg\",\"datePublished\":\"2021-04-29T08:01:15+00:00\",\"dateModified\":\"2023-05-24T14:16:31+00:00\",\"description\":\"La profesionalidad, el respeto y la voluntad de cambio son los cimientos de un futuro exitoso, esto es lo que construimos en UNICOR.\",\"breadcrumb\":{\"@id\":\"https:\/\/www.unicor.com\/es\/sobre-nosotros\/#breadcrumb\"},\"inLanguage\":\"es\",\"potentialAction\":[{\"@type\":\"ReadAction\",\"target\":[\"https:\/\/www.unicor.com\/es\/sobre-nosotros\/\"]}]},{\"@type\":\"ImageObject\",\"inLanguage\":\"es\",\"@id\":\"https:\/\/www.unicor.com\/es\/sobre-nosotros\/#primaryimage\",\"url\":\"https:\/\/unicor.com\/wp-content\/uploads\/slider35\/Team_Vertrieb2.jpeg\",\"contentUrl\":\"https:\/\/unicor.com\/wp-content\/uploads\/slider35\/Team_Vertrieb2.jpeg\"},{\"@type\":\"BreadcrumbList\",\"@id\":\"https:\/\/www.unicor.com\/es\/sobre-nosotros\/#breadcrumb\",\"itemListElement\":[{\"@type\":\"ListItem\",\"position\":1,\"name\":\"Home\",\"item\":\"https:\/\/www.unicor.com\/es\/\"},{\"@type\":\"ListItem\",\"position\":2,\"name\":\"Sobre nosotros\"}]},{\"@type\":\"WebSite\",\"@id\":\"https:\/\/www.unicor.com\/es\/#website\",\"url\":\"https:\/\/www.unicor.com\/es\/\",\"name\":\"UNICOR\",\"description\":\"\u00bb the corrugator experts \u00ab\",\"potentialAction\":[{\"@type\":\"SearchAction\",\"target\":{\"@type\":\"EntryPoint\",\"urlTemplate\":\"https:\/\/www.unicor.com\/es\/?s={search_term_string}\"},\"query-input\":{\"@type\":\"PropertyValueSpecification\",\"valueRequired\":true,\"valueName\":\"search_term_string\"}}],\"inLanguage\":\"es\"}]}<\/script>\n<!-- \/ Yoast SEO plugin. -->","yoast_head_json":{"title":"UNICOR - Sobre nosotros - Nuestros valores y motivaci\u00f3n","description":"La profesionalidad, el respeto y la voluntad de cambio son los cimientos de un futuro exitoso, esto es lo que construimos en UNICOR.","robots":{"index":"index","follow":"follow","max-snippet":"max-snippet:-1","max-image-preview":"max-image-preview:large","max-video-preview":"max-video-preview:-1"},"canonical":"https:\/\/www.unicor.com\/es\/sobre-nosotros\/","og_locale":"es_ES","og_type":"article","og_title":"UNICOR - Sobre nosotros - Nuestros valores y motivaci\u00f3n","og_description":"La profesionalidad, el respeto y la voluntad de cambio son los cimientos de un futuro exitoso, esto es lo que construimos en UNICOR.","og_url":"https:\/\/www.unicor.com\/es\/sobre-nosotros\/","og_site_name":"UNICOR","article_modified_time":"2023-05-24T14:16:31+00:00","og_image":[{"url":"https:\/\/unicor.com\/wp-content\/uploads\/slider35\/Team_Vertrieb2.jpeg","type":"","width":"","height":""}],"twitter_card":"summary_large_image","twitter_misc":{"Tiempo de lectura":"2 minutos"},"schema":{"@context":"https:\/\/schema.org","@graph":[{"@type":"WebPage","@id":"https:\/\/www.unicor.com\/es\/sobre-nosotros\/","url":"https:\/\/www.unicor.com\/es\/sobre-nosotros\/","name":"UNICOR - Sobre nosotros - Nuestros valores y motivaci\u00f3n","isPartOf":{"@id":"https:\/\/www.unicor.com\/es\/#website"},"primaryImageOfPage":{"@id":"https:\/\/www.unicor.com\/es\/sobre-nosotros\/#primaryimage"},"image":{"@id":"https:\/\/www.unicor.com\/es\/sobre-nosotros\/#primaryimage"},"thumbnailUrl":"https:\/\/unicor.com\/wp-content\/uploads\/slider35\/Team_Vertrieb2.jpeg","datePublished":"2021-04-29T08:01:15+00:00","dateModified":"2023-05-24T14:16:31+00:00","description":"La profesionalidad, el respeto y la voluntad de cambio son los cimientos de un futuro exitoso, esto es lo que construimos en UNICOR.","breadcrumb":{"@id":"https:\/\/www.unicor.com\/es\/sobre-nosotros\/#breadcrumb"},"inLanguage":"es","potentialAction":[{"@type":"ReadAction","target":["https:\/\/www.unicor.com\/es\/sobre-nosotros\/"]}]},{"@type":"ImageObject","inLanguage":"es","@id":"https:\/\/www.unicor.com\/es\/sobre-nosotros\/#primaryimage","url":"https:\/\/unicor.com\/wp-content\/uploads\/slider35\/Team_Vertrieb2.jpeg","contentUrl":"https:\/\/unicor.com\/wp-content\/uploads\/slider35\/Team_Vertrieb2.jpeg"},{"@type":"BreadcrumbList","@id":"https:\/\/www.unicor.com\/es\/sobre-nosotros\/#breadcrumb","itemListElement":[{"@type":"ListItem","position":1,"name":"Home","item":"https:\/\/www.unicor.com\/es\/"},{"@type":"ListItem","position":2,"name":"Sobre nosotros"}]},{"@type":"WebSite","@id":"https:\/\/www.unicor.com\/es\/#website","url":"https:\/\/www.unicor.com\/es\/","name":"UNICOR","description":"\u00bb the corrugator experts \u00ab","potentialAction":[{"@type":"SearchAction","target":{"@type":"EntryPoint","urlTemplate":"https:\/\/www.unicor.com\/es\/?s={search_term_string}"},"query-input":{"@type":"PropertyValueSpecification","valueRequired":true,"valueName":"search_term_string"}}],"inLanguage":"es"}]}},"_links":{"self":[{"href":"https:\/\/www.unicor.com\/es\/wp-json\/wp\/v2\/pages\/9468","targetHints":{"allow":["GET"]}}],"collection":[{"href":"https:\/\/www.unicor.com\/es\/wp-json\/wp\/v2\/pages"}],"about":[{"href":"https:\/\/www.unicor.com\/es\/wp-json\/wp\/v2\/types\/page"}],"author":[{"embeddable":true,"href":"https:\/\/www.unicor.com\/es\/wp-json\/wp\/v2\/users\/5"}],"replies":[{"embeddable":true,"href":"https:\/\/www.unicor.com\/es\/wp-json\/wp\/v2\/comments?post=9468"}],"version-history":[{"count":9,"href":"https:\/\/www.unicor.com\/es\/wp-json\/wp\/v2\/pages\/9468\/revisions"}],"predecessor-version":[{"id":16442,"href":"https:\/\/www.unicor.com\/es\/wp-json\/wp\/v2\/pages\/9468\/revisions\/16442"}],"wp:attachment":[{"href":"https:\/\/www.unicor.com\/es\/wp-json\/wp\/v2\/media?parent=9468"}],"curies":[{"name":"wp","href":"https:\/\/api.w.org\/{rel}","templated":true}]}}