{"id":9022,"date":"2021-04-21T12:57:30","date_gmt":"2021-04-21T10:57:30","guid":{"rendered":"http:\/\/staging.unicor.eu\/contacto\/"},"modified":"2021-04-21T13:00:15","modified_gmt":"2021-04-21T11:00:15","slug":"contacto","status":"publish","type":"page","link":"https:\/\/www.unicor.com\/es\/contacto\/","title":{"rendered":"Contacto"},"content":{"rendered":"\t\t<div data-elementor-type=\"wp-page\" data-elementor-id=\"9022\" class=\"elementor elementor-9022 elementor-2021\" data-elementor-post-type=\"page\">\n\t\t\t\t\t\t<section class=\"elementor-section elementor-top-section elementor-element elementor-element-be9a654 elementor-section-boxed elementor-section-height-default elementor-section-height-default\" data-id=\"be9a654\" data-element_type=\"section\">\n\t\t\t\t\t\t<div class=\"elementor-container elementor-column-gap-default\">\n\t\t\t\t\t<div class=\"elementor-column elementor-col-100 elementor-top-column elementor-element elementor-element-9a3384d\" data-id=\"9a3384d\" data-element_type=\"column\">\n\t\t\t<div class=\"elementor-widget-wrap elementor-element-populated\">\n\t\t\t\t\t\t<div class=\"elementor-element elementor-element-2743352 elementor-widget elementor-widget-spacer\" data-id=\"2743352\" data-element_type=\"widget\" data-widget_type=\"spacer.default\">\n\t\t\t\t<div class=\"elementor-widget-container\">\n\t\t\t\t\t<div class=\"elementor-spacer\">\n\t\t\t<div class=\"elementor-spacer-inner\"><\/div>\n\t\t<\/div>\n\t\t\t\t<\/div>\n\t\t\t\t<\/div>\n\t\t\t\t\t<\/div>\n\t\t<\/div>\n\t\t\t\t\t<\/div>\n\t\t<\/section>\n\t\t\t\t<section class=\"elementor-section elementor-top-section elementor-element elementor-element-37f76ab elementor-section-boxed elementor-section-height-default elementor-section-height-default\" data-id=\"37f76ab\" data-element_type=\"section\">\n\t\t\t\t\t\t<div class=\"elementor-container elementor-column-gap-default\">\n\t\t\t\t\t<div class=\"elementor-column elementor-col-100 elementor-top-column elementor-element elementor-element-e99d703\" data-id=\"e99d703\" data-element_type=\"column\">\n\t\t\t<div class=\"elementor-widget-wrap elementor-element-populated\">\n\t\t\t\t\t\t<div class=\"elementor-element elementor-element-8c0e039 elementor-widget elementor-widget-heading\" data-id=\"8c0e039\" data-element_type=\"widget\" data-widget_type=\"heading.default\">\n\t\t\t\t<div class=\"elementor-widget-container\">\n\t\t\t<h1 class=\"elementor-heading-title elementor-size-default\">Contacto<\/h1>\t\t<\/div>\n\t\t\t\t<\/div>\n\t\t\t\t<div class=\"elementor-element elementor-element-f562415 elementor-widget elementor-widget-heading\" data-id=\"f562415\" data-element_type=\"widget\" data-widget_type=\"heading.default\">\n\t\t\t\t<div class=\"elementor-widget-container\">\n\t\t\t<h2 class=\"elementor-heading-title elementor-size-default\">El v\u00ednculo personal con nosotros <\/h2>\t\t<\/div>\n\t\t\t\t<\/div>\n\t\t\t\t\t<\/div>\n\t\t<\/div>\n\t\t\t\t\t<\/div>\n\t\t<\/section>\n\t\t\t\t<section class=\"elementor-section elementor-top-section elementor-element elementor-element-7cae5fc elementor-section-boxed elementor-section-height-default elementor-section-height-default\" data-id=\"7cae5fc\" data-element_type=\"section\">\n\t\t\t\t\t\t<div class=\"elementor-container elementor-column-gap-default\">\n\t\t\t\t\t<div class=\"elementor-column elementor-col-50 elementor-top-column elementor-element elementor-element-a9fc7c1\" data-id=\"a9fc7c1\" data-element_type=\"column\">\n\t\t\t<div class=\"elementor-widget-wrap elementor-element-populated\">\n\t\t\t\t\t\t<div class=\"elementor-element elementor-element-b64449b elementor-widget elementor-widget-htcontactform-addons\" data-id=\"b64449b\" data-element_type=\"widget\" data-widget_type=\"htcontactform-addons.default\">\n\t\t\t\t<div class=\"elementor-widget-container\">\n\t\t\t            <div class=\"htcontact-form-wrapper\" >\n                \n<div class=\"wpcf7 no-js\" id=\"wpcf7-f8902-o1\" lang=\"de-DE\" dir=\"ltr\" data-wpcf7-id=\"8902\">\n<div class=\"screen-reader-response\"><p role=\"status\" aria-live=\"polite\" aria-atomic=\"true\"><\/p> <ul><\/ul><\/div>\n<form action=\"\/es\/wp-json\/wp\/v2\/pages\/9022#wpcf7-f8902-o1\" method=\"post\" class=\"wpcf7-form init\" aria-label=\"Kontaktformular\" novalidate=\"novalidate\" data-status=\"init\">\n<div style=\"display: none;\">\n<input type=\"hidden\" name=\"_wpcf7\" value=\"8902\" \/>\n<input type=\"hidden\" name=\"_wpcf7_version\" value=\"6.0.1\" \/>\n<input type=\"hidden\" name=\"_wpcf7_locale\" value=\"de_DE\" \/>\n<input type=\"hidden\" name=\"_wpcf7_unit_tag\" value=\"wpcf7-f8902-o1\" \/>\n<input type=\"hidden\" name=\"_wpcf7_container_post\" value=\"0\" \/>\n<input type=\"hidden\" name=\"_wpcf7_posted_data_hash\" value=\"\" \/>\n<input type=\"hidden\" name=\"_wpcf7cf_hidden_group_fields\" value=\"[]\" \/>\n<input type=\"hidden\" name=\"_wpcf7cf_hidden_groups\" value=\"[]\" \/>\n<input type=\"hidden\" name=\"_wpcf7cf_visible_groups\" value=\"[]\" \/>\n<input type=\"hidden\" name=\"_wpcf7cf_repeaters\" value=\"[]\" \/>\n<input type=\"hidden\" name=\"_wpcf7cf_steps\" value=\"{}\" \/>\n<input type=\"hidden\" name=\"_wpcf7cf_options\" value=\"{&quot;form_id&quot;:8902,&quot;conditions&quot;:[{&quot;then_field&quot;:&quot;Servicio-group&quot;,&quot;and_rules&quot;:[{&quot;if_field&quot;:&quot;empfaenger&quot;,&quot;operator&quot;:&quot;equals&quot;,&quot;if_value&quot;:&quot;Servicio&quot;}]}],&quot;settings&quot;:{&quot;animation&quot;:&quot;yes&quot;,&quot;animation_intime&quot;:200,&quot;animation_outtime&quot;:200,&quot;conditions_ui&quot;:&quot;normal&quot;,&quot;notice_dismissed&quot;:false,&quot;notice_dismissed_update-cf7-5.3.2&quot;:true,&quot;notice_dismissed_update-cf7-5.5.3&quot;:true,&quot;notice_dismissed_rollback-cf7-5.5.3&quot;:true,&quot;notice_dismissed_update-cf7-5.5.6&quot;:true,&quot;notice_dismissed_rollback-cf7-5.9.3&quot;:true,&quot;notice_dismissed_rollback-cf7-5.9.5&quot;:true}}\" \/>\n<\/div>\n<div>\n\t<p><label>Nombre y apellido<\/label><span class=\"wpcf7-form-control-wrap\" data-name=\"vor_nachname\"><input size=\"40\" maxlength=\"400\" class=\"wpcf7-form-control wpcf7-text wpcf7-validates-as-required\" aria-required=\"true\" aria-invalid=\"false\" value=\"\" type=\"text\" name=\"vor_nachname\" \/><\/span>\n\t<\/p>\n<\/div>\n<div>\n\t<p><label>Empresa<\/label><span class=\"wpcf7-form-control-wrap\" data-name=\"firma\"><input size=\"40\" maxlength=\"400\" class=\"wpcf7-form-control wpcf7-text\" aria-invalid=\"false\" value=\"\" type=\"text\" name=\"firma\" \/><\/span>\n\t<\/p>\n<\/div>\n<div>\n\t<p><label>Direcci\u00f3n<\/label><span class=\"wpcf7-form-control-wrap\" data-name=\"adresse\"><input size=\"40\" maxlength=\"400\" class=\"wpcf7-form-control wpcf7-text wpcf7-validates-as-required\" aria-required=\"true\" aria-invalid=\"false\" value=\"\" type=\"text\" name=\"adresse\" \/><\/span>\n\t<\/p>\n<\/div>\n<div>\n\t<p><label>Tel\u00e9fono<\/label><span class=\"wpcf7-form-control-wrap\" data-name=\"telefon\"><input size=\"40\" maxlength=\"400\" class=\"wpcf7-form-control wpcf7-text wpcf7-validates-as-required\" aria-required=\"true\" aria-invalid=\"false\" value=\"\" type=\"text\" name=\"telefon\" \/><\/span>\n\t<\/p>\n<\/div>\n<div>\n\t<p><label>Fax<\/label><span class=\"wpcf7-form-control-wrap\" data-name=\"fax\"><input size=\"40\" maxlength=\"400\" class=\"wpcf7-form-control wpcf7-text\" aria-invalid=\"false\" value=\"\" type=\"text\" name=\"fax\" \/><\/span>\n\t<\/p>\n<\/div>\n<div>\n\t<p><label>E-Mail<\/label><span class=\"wpcf7-form-control-wrap\" data-name=\"email\"><input size=\"40\" maxlength=\"400\" class=\"wpcf7-form-control wpcf7-email wpcf7-validates-as-required wpcf7-text wpcf7-validates-as-email\" aria-required=\"true\" aria-invalid=\"false\" value=\"\" type=\"email\" name=\"email\" \/><\/span>\n\t<\/p>\n<\/div>\n<div>\n\t<p><label>Asunto<\/label><span class=\"wpcf7-form-control-wrap\" data-name=\"betreff\"><input size=\"40\" maxlength=\"400\" class=\"wpcf7-form-control wpcf7-text wpcf7-validates-as-required\" aria-required=\"true\" aria-invalid=\"false\" value=\"\" type=\"text\" name=\"betreff\" \/><\/span>\n\t<\/p>\n<\/div>\n<div>\n\t<p><label>Destinatario<\/label><span class=\"wpcf7-form-control-wrap\" data-name=\"empfaenger\"><select class=\"wpcf7-form-control wpcf7-select wpcf7-validates-as-required\" aria-required=\"true\" aria-invalid=\"false\" name=\"empfaenger\"><option value=\"Ventas\">Ventas<\/option><option value=\"Servicio\">Servicio<\/option><option value=\"Marketing\">Marketing<\/option><\/select><\/span>\n\t<\/p>\n<\/div>\n<div data-id=\"Servicio-group\" data-orig_data_id=\"Servicio-group\" data-clear_on_hide data-class=\"wpcf7cf_group\">\n\t<p><label>Por favor, especifique su n\u00famero de m\u00e1quina<\/label><span class=\"wpcf7-form-control-wrap\" data-name=\"maschinennummer\"><input size=\"40\" maxlength=\"400\" class=\"wpcf7-form-control wpcf7-text wpcf7-validates-as-required\" aria-required=\"true\" aria-invalid=\"false\" value=\"\" type=\"text\" name=\"maschinennummer\" \/><\/span><br \/>\n<label>Por favor, especifique su n\u00famero de pieza<\/label><span class=\"wpcf7-form-control-wrap\" data-name=\"teilenummer\"><input size=\"40\" maxlength=\"400\" class=\"wpcf7-form-control wpcf7-text wpcf7-validates-as-required\" aria-required=\"true\" aria-invalid=\"false\" value=\"\" type=\"text\" name=\"teilenummer\" \/><\/span>\n\t<\/p>\n<\/div>\n<div>\n\t<p><label>Message<\/label><span class=\"wpcf7-form-control-wrap\" data-name=\"nachricht\"><textarea cols=\"40\" rows=\"10\" maxlength=\"2000\" class=\"wpcf7-form-control wpcf7-textarea wpcf7-validates-as-required\" aria-required=\"true\" aria-invalid=\"false\" name=\"nachricht\"><\/textarea><\/span>\n\t<\/p>\n<\/div>\n<p><span id=\"wpcf7-69edea899b94c-wrapper\" class=\"wpcf7-form-control-wrap unicor_hp-wrap\" style=\"display:none !important; visibility:hidden !important;\"><label for=\"wpcf7-69edea899b94c-field\" class=\"hp-message\">Bitte lasse dieses Feld leer.<\/label><input id=\"wpcf7-69edea899b94c-field\"  class=\"wpcf7-form-control wpcf7-text\" type=\"text\" name=\"unicor_hp\" value=\"\" size=\"40\" tabindex=\"-1\" autocomplete=\"new-password\" \/><\/span>\n<\/p>\n<div>\n\t<p><input class=\"wpcf7-form-control wpcf7-submit has-spinner\" type=\"submit\" value=\"Enviar\" \/>\n\t<\/p>\n<\/div><div class=\"fusion-alert alert custom alert-custom fusion-alert-center wpcf7-response-output awb-alert-native-link-color alert-dismissable awb-alert-close-boxed\" style=\"--awb-border-size:1px;--awb-border-top-left-radius:0px;--awb-border-top-right-radius:0px;--awb-border-bottom-left-radius:0px;--awb-border-bottom-right-radius:0px;\" role=\"alert\"><div class=\"fusion-alert-content-wrapper\"><span class=\"fusion-alert-content\"><\/span><\/div><button type=\"button\" class=\"close toggle-alert\" data-dismiss=\"alert\" aria-label=\"Close\">&times;<\/button><\/div>\n<\/form>\n<\/div>\n            <\/div>\n\n        \t\t<\/div>\n\t\t\t\t<\/div>\n\t\t\t\t\t<\/div>\n\t\t<\/div>\n\t\t\t\t<div class=\"elementor-column elementor-col-50 elementor-top-column elementor-element elementor-element-6a3242b\" data-id=\"6a3242b\" data-element_type=\"column\">\n\t\t\t<div class=\"elementor-widget-wrap elementor-element-populated\">\n\t\t\t\t\t\t<section class=\"elementor-section elementor-inner-section elementor-element elementor-element-a7d4e02 elementor-section-boxed elementor-section-height-default elementor-section-height-default\" data-id=\"a7d4e02\" data-element_type=\"section\">\n\t\t\t\t\t\t<div class=\"elementor-container elementor-column-gap-default\">\n\t\t\t\t\t<div class=\"elementor-column elementor-col-100 elementor-inner-column elementor-element elementor-element-62058ed\" data-id=\"62058ed\" data-element_type=\"column\">\n\t\t\t<div class=\"elementor-widget-wrap elementor-element-populated\">\n\t\t\t\t\t\t<div class=\"elementor-element elementor-element-a674b6e elementor-widget elementor-widget-google_maps\" data-id=\"a674b6e\" data-element_type=\"widget\" data-widget_type=\"google_maps.default\">\n\t\t\t\t<div class=\"elementor-widget-container\">\n\t\t\t\t\t<div class=\"elementor-custom-embed\">\n\t\t\t <div class=\"brlbs-cmpnt-container brlbs-cmpnt-content-blocker\" data-borlabs-cookie-content-blocker-id=\"google-maps\" data-borlabs-cookie-content=\"PGlmcmFtZSBsb2FkaW5nPSJsYXp5IgoJCQkJCXNyYz0iaHR0cHM6Ly9tYXBzLmdvb2dsZS5jb20vbWFwcz9xPVVOSUNPUiUyMEdtYkglMkMlMjBIYSVDMyU5RmZ1cnQmIzAzODt0PW0mIzAzODt6PTEwJiMwMzg7b3V0cHV0PWVtYmVkJiMwMzg7aXdsb2M9bmVhciIKCQkJCQl0aXRsZT0iVU5JQ09SIEdtYkgsIEhhw59mdXJ0IgoJCQkJCWFyaWEtbGFiZWw9IlVOSUNPUiBHbWJILCBIYcOfZnVydCIKCQkJPjwvaWZyYW1lPg==\" ><div class=\"brlbs-cmpnt-cb-preset-b brlbs-cmpnt-cb-google-maps\"> <div class=\"brlbs-cmpnt-cb-thumbnail\" style=\"background-image: url('https:\/\/www.unicor.com\/wp-content\/uploads\/borlabs-cookie\/1\/brlbs-cb-google-maps-main.png')\"><\/div> <div class=\"brlbs-cmpnt-cb-main\"> <div class=\"brlbs-cmpnt-cb-content\"> <p class=\"brlbs-cmpnt-cb-description\">Est\u00e1s viendo un contenido de marcador de posici\u00f3n de <strong>Google Maps<\/strong>. Para acceder al contenido real, haz clic en el siguiente bot\u00f3n. Ten en cuenta que al hacerlo compartir\u00e1s datos con terceros proveedores.<\/p> <a class=\"brlbs-cmpnt-cb-provider-toggle\" href=\"#\" data-borlabs-cookie-show-provider-information role=\"button\">M\u00e1s informaci\u00f3n<\/a> <\/div> <div class=\"brlbs-cmpnt-cb-buttons\"> <a class=\"brlbs-cmpnt-cb-btn\" href=\"#\" data-borlabs-cookie-unblock role=\"button\">Desbloquear contenido<\/a> <a class=\"brlbs-cmpnt-cb-btn\" href=\"#\" data-borlabs-cookie-accept-service role=\"button\" style=\"display: inherit\">Aceptar el servicio requerido y desbloquear los contenidos<\/a> <\/div> <\/div> <\/div><\/div>\n\t\t<\/div>\n\t\t\t\t<\/div>\n\t\t\t\t<\/div>\n\t\t\t\t<div class=\"elementor-element elementor-element-1b057b6 elementor-widget elementor-widget-text-editor\" data-id=\"1b057b6\" data-element_type=\"widget\" data-widget_type=\"text-editor.default\">\n\t\t\t\t<div class=\"elementor-widget-container\">\n\t\t\t\t\t\t\t<p>UNICOR GmbH tiene su sede en Hassfurt, cerca de la autopista A70, A3 (Nuremberg-Francfort-Cuenca del Ruhr), A7 (Stuttgart-Kassel-Hamburgo) y A9 (Munich-Leipzig-Berl\u00edn).<\/p>\n\t\t\t\t\t\t<\/div>\n\t\t\t\t<\/div>\n\t\t\t\t\t<\/div>\n\t\t<\/div>\n\t\t\t\t\t<\/div>\n\t\t<\/section>\n\t\t\t\t\t<\/div>\n\t\t<\/div>\n\t\t\t\t\t<\/div>\n\t\t<\/section>\n\t\t\t\t<\/div>\n\t\t","protected":false},"excerpt":{"rendered":"<p>Contacto El v\u00ednculo personal con nosotros Nombre y apellido Empresa Direcci\u00f3n Tel\u00e9fono Fax E-Mail Asunto Destinatario VentasServicio all clientoSecursos humanosMarketing Por favor, especifique su n\u00famero de m\u00e1quina Por favor, especifique su n\u00famero de pieza Message Est\u00e1s viendo un contenido de marcador de posici\u00f3n de Google Maps. Para acceder al contenido real, haz clic en [&hellip;]<\/p>\n","protected":false},"author":5,"featured_media":0,"parent":0,"menu_order":0,"comment_status":"closed","ping_status":"closed","template":"","meta":{"footnotes":""},"class_list":["post-9022","page","type-page","status-publish","hentry"],"yoast_head":"<!-- This site is optimized with the Yoast SEO plugin v24.0 - https:\/\/yoast.com\/wordpress\/plugins\/seo\/ -->\n<title>UNICOR - Contacto - \u00bfBusca un contacto personal?<\/title>\n<meta name=\"description\" content=\"Comunique aqu\u00ed su preocupaci\u00f3n y nos pondremos en contacto con usted lo antes posible. P\u00f3ngase en contacto con nosotros.\" \/>\n<meta name=\"robots\" content=\"index, follow, max-snippet:-1, max-image-preview:large, max-video-preview:-1\" \/>\n<link rel=\"canonical\" href=\"https:\/\/www.unicor.com\/es\/contacto\/\" \/>\n<meta property=\"og:locale\" content=\"es_ES\" \/>\n<meta property=\"og:type\" content=\"article\" \/>\n<meta property=\"og:title\" content=\"UNICOR - Contacto - \u00bfBusca un contacto personal?\" \/>\n<meta property=\"og:description\" content=\"Comunique aqu\u00ed su preocupaci\u00f3n y nos pondremos en contacto con usted lo antes posible. P\u00f3ngase en contacto con nosotros.\" \/>\n<meta property=\"og:url\" content=\"https:\/\/www.unicor.com\/es\/contacto\/\" \/>\n<meta property=\"og:site_name\" content=\"UNICOR\" \/>\n<meta property=\"article:modified_time\" content=\"2021-04-21T11:00:15+00:00\" \/>\n<meta name=\"twitter:card\" content=\"summary_large_image\" \/>\n<script type=\"application\/ld+json\" class=\"yoast-schema-graph\">{\"@context\":\"https:\/\/schema.org\",\"@graph\":[{\"@type\":\"WebPage\",\"@id\":\"https:\/\/www.unicor.com\/es\/contacto\/\",\"url\":\"https:\/\/www.unicor.com\/es\/contacto\/\",\"name\":\"UNICOR - Contacto - \u00bfBusca un contacto personal?\",\"isPartOf\":{\"@id\":\"https:\/\/www.unicor.com\/es\/#website\"},\"datePublished\":\"2021-04-21T10:57:30+00:00\",\"dateModified\":\"2021-04-21T11:00:15+00:00\",\"description\":\"Comunique aqu\u00ed su preocupaci\u00f3n y nos pondremos en contacto con usted lo antes posible. P\u00f3ngase en contacto con nosotros.\",\"breadcrumb\":{\"@id\":\"https:\/\/www.unicor.com\/es\/contacto\/#breadcrumb\"},\"inLanguage\":\"es\",\"potentialAction\":[{\"@type\":\"ReadAction\",\"target\":[\"https:\/\/www.unicor.com\/es\/contacto\/\"]}]},{\"@type\":\"BreadcrumbList\",\"@id\":\"https:\/\/www.unicor.com\/es\/contacto\/#breadcrumb\",\"itemListElement\":[{\"@type\":\"ListItem\",\"position\":1,\"name\":\"Home\",\"item\":\"https:\/\/www.unicor.com\/es\/\"},{\"@type\":\"ListItem\",\"position\":2,\"name\":\"Contacto\"}]},{\"@type\":\"WebSite\",\"@id\":\"https:\/\/www.unicor.com\/es\/#website\",\"url\":\"https:\/\/www.unicor.com\/es\/\",\"name\":\"UNICOR\",\"description\":\"\u00bb the corrugator experts \u00ab\",\"potentialAction\":[{\"@type\":\"SearchAction\",\"target\":{\"@type\":\"EntryPoint\",\"urlTemplate\":\"https:\/\/www.unicor.com\/es\/?s={search_term_string}\"},\"query-input\":{\"@type\":\"PropertyValueSpecification\",\"valueRequired\":true,\"valueName\":\"search_term_string\"}}],\"inLanguage\":\"es\"}]}<\/script>\n<!-- \/ Yoast SEO plugin. -->","yoast_head_json":{"title":"UNICOR - Contacto - \u00bfBusca un contacto personal?","description":"Comunique aqu\u00ed su preocupaci\u00f3n y nos pondremos en contacto con usted lo antes posible. P\u00f3ngase en contacto con nosotros.","robots":{"index":"index","follow":"follow","max-snippet":"max-snippet:-1","max-image-preview":"max-image-preview:large","max-video-preview":"max-video-preview:-1"},"canonical":"https:\/\/www.unicor.com\/es\/contacto\/","og_locale":"es_ES","og_type":"article","og_title":"UNICOR - Contacto - \u00bfBusca un contacto personal?","og_description":"Comunique aqu\u00ed su preocupaci\u00f3n y nos pondremos en contacto con usted lo antes posible. P\u00f3ngase en contacto con nosotros.","og_url":"https:\/\/www.unicor.com\/es\/contacto\/","og_site_name":"UNICOR","article_modified_time":"2021-04-21T11:00:15+00:00","twitter_card":"summary_large_image","schema":{"@context":"https:\/\/schema.org","@graph":[{"@type":"WebPage","@id":"https:\/\/www.unicor.com\/es\/contacto\/","url":"https:\/\/www.unicor.com\/es\/contacto\/","name":"UNICOR - Contacto - \u00bfBusca un contacto personal?","isPartOf":{"@id":"https:\/\/www.unicor.com\/es\/#website"},"datePublished":"2021-04-21T10:57:30+00:00","dateModified":"2021-04-21T11:00:15+00:00","description":"Comunique aqu\u00ed su preocupaci\u00f3n y nos pondremos en contacto con usted lo antes posible. P\u00f3ngase en contacto con nosotros.","breadcrumb":{"@id":"https:\/\/www.unicor.com\/es\/contacto\/#breadcrumb"},"inLanguage":"es","potentialAction":[{"@type":"ReadAction","target":["https:\/\/www.unicor.com\/es\/contacto\/"]}]},{"@type":"BreadcrumbList","@id":"https:\/\/www.unicor.com\/es\/contacto\/#breadcrumb","itemListElement":[{"@type":"ListItem","position":1,"name":"Home","item":"https:\/\/www.unicor.com\/es\/"},{"@type":"ListItem","position":2,"name":"Contacto"}]},{"@type":"WebSite","@id":"https:\/\/www.unicor.com\/es\/#website","url":"https:\/\/www.unicor.com\/es\/","name":"UNICOR","description":"\u00bb the corrugator experts \u00ab","potentialAction":[{"@type":"SearchAction","target":{"@type":"EntryPoint","urlTemplate":"https:\/\/www.unicor.com\/es\/?s={search_term_string}"},"query-input":{"@type":"PropertyValueSpecification","valueRequired":true,"valueName":"search_term_string"}}],"inLanguage":"es"}]}},"_links":{"self":[{"href":"https:\/\/www.unicor.com\/es\/wp-json\/wp\/v2\/pages\/9022","targetHints":{"allow":["GET"]}}],"collection":[{"href":"https:\/\/www.unicor.com\/es\/wp-json\/wp\/v2\/pages"}],"about":[{"href":"https:\/\/www.unicor.com\/es\/wp-json\/wp\/v2\/types\/page"}],"author":[{"embeddable":true,"href":"https:\/\/www.unicor.com\/es\/wp-json\/wp\/v2\/users\/5"}],"replies":[{"embeddable":true,"href":"https:\/\/www.unicor.com\/es\/wp-json\/wp\/v2\/comments?post=9022"}],"version-history":[{"count":6,"href":"https:\/\/www.unicor.com\/es\/wp-json\/wp\/v2\/pages\/9022\/revisions"}],"predecessor-version":[{"id":9032,"href":"https:\/\/www.unicor.com\/es\/wp-json\/wp\/v2\/pages\/9022\/revisions\/9032"}],"wp:attachment":[{"href":"https:\/\/www.unicor.com\/es\/wp-json\/wp\/v2\/media?parent=9022"}],"curies":[{"name":"wp","href":"https:\/\/api.w.org\/{rel}","templated":true}]}}