{"id":10257,"date":"2021-04-30T11:10:09","date_gmt":"2021-04-30T09:10:09","guid":{"rendered":"http:\/\/staging.unicor.eu\/cabezales-de-extrusion\/swesy\/"},"modified":"2022-07-28T07:52:21","modified_gmt":"2022-07-28T05:52:21","slug":"swesy","status":"publish","type":"page","link":"https:\/\/www.unicor.com\/es\/cabezales-de-extrusion\/swesy\/","title":{"rendered":"SWESY"},"content":{"rendered":"\t\t<div data-elementor-type=\"wp-page\" data-elementor-id=\"10257\" class=\"elementor elementor-10257 elementor-320\" data-elementor-post-type=\"page\">\n\t\t\t\t\t\t<section class=\"elementor-section elementor-top-section elementor-element elementor-element-4c4d310 elementor-section-boxed elementor-section-height-default elementor-section-height-default\" data-id=\"4c4d310\" data-element_type=\"section\">\n\t\t\t\t\t\t<div class=\"elementor-container elementor-column-gap-default\">\n\t\t\t\t\t<div class=\"elementor-column elementor-col-100 elementor-top-column elementor-element elementor-element-d3672bd\" data-id=\"d3672bd\" data-element_type=\"column\">\n\t\t\t<div class=\"elementor-widget-wrap\">\n\t\t\t\t\t\t\t<\/div>\n\t\t<\/div>\n\t\t\t\t\t<\/div>\n\t\t<\/section>\n\t\t\t\t<section class=\"elementor-section elementor-top-section elementor-element elementor-element-323acc1e elementor-section-full_width elementor-section-stretched elementor-section-height-default elementor-section-height-default\" data-id=\"323acc1e\" data-element_type=\"section\" data-settings=\"{&quot;stretch_section&quot;:&quot;section-stretched&quot;}\">\n\t\t\t\t\t\t<div class=\"elementor-container elementor-column-gap-default\">\n\t\t\t\t\t<div class=\"elementor-column elementor-col-100 elementor-top-column elementor-element elementor-element-1c3e7559\" data-id=\"1c3e7559\" data-element_type=\"column\">\n\t\t\t<div class=\"elementor-widget-wrap elementor-element-populated\">\n\t\t\t\t\t\t<div class=\"elementor-element elementor-element-3e8bf914 elementor--h-position-center elementor--v-position-middle elementor-arrows-position-inside elementor-widget elementor-widget-slides\" data-id=\"3e8bf914\" data-element_type=\"widget\" data-settings=\"{&quot;navigation&quot;:&quot;arrows&quot;,&quot;autoplay&quot;:&quot;yes&quot;,&quot;autoplay_speed&quot;:5000,&quot;infinite&quot;:&quot;yes&quot;,&quot;transition&quot;:&quot;slide&quot;,&quot;transition_speed&quot;:500}\" data-widget_type=\"slides.default\">\n\t\t\t\t<div class=\"elementor-widget-container\">\n\t\t\t\t\t<div class=\"elementor-swiper\">\n\t\t\t<div class=\"elementor-slides-wrapper elementor-main-swiper swiper\" dir=\"ltr\" data-animation=\"fadeInUp\">\n\t\t\t\t<div class=\"swiper-wrapper elementor-slides\">\n\t\t\t\t\t\t\t\t\t\t<div class=\"elementor-repeater-item-6091ad6 swiper-slide\"><div class=\"swiper-slide-bg\" role=\"img\"><\/div><div class=\"swiper-slide-inner\" ><div class=\"swiper-slide-contents\"><\/div><\/div><\/div>\t\t\t\t<\/div>\n\t\t\t\t\t\t\t<\/div>\n\t\t<\/div>\n\t\t\t\t<\/div>\n\t\t\t\t<\/div>\n\t\t\t\t\t<\/div>\n\t\t<\/div>\n\t\t\t\t\t<\/div>\n\t\t<\/section>\n\t\t\t\t<section class=\"elementor-section elementor-top-section elementor-element elementor-element-afe52a5 elementor-section-boxed elementor-section-height-default elementor-section-height-default\" data-id=\"afe52a5\" data-element_type=\"section\">\n\t\t\t\t\t\t<div class=\"elementor-container elementor-column-gap-default\">\n\t\t\t\t\t<div class=\"elementor-column elementor-col-100 elementor-top-column elementor-element elementor-element-8c50750\" data-id=\"8c50750\" data-element_type=\"column\">\n\t\t\t<div class=\"elementor-widget-wrap elementor-element-populated\">\n\t\t\t\t\t\t<div class=\"elementor-element elementor-element-f304989 elementor-widget elementor-widget-breadcrumbs\" data-id=\"f304989\" data-element_type=\"widget\" data-widget_type=\"breadcrumbs.default\">\n\t\t\t\t<div class=\"elementor-widget-container\">\n\t\t\t<p id=\"breadcrumbs\"><span><span><a href=\"https:\/\/www.unicor.com\/es\/\">Home<\/a><\/span><\/span><\/p>\t\t<\/div>\n\t\t\t\t<\/div>\n\t\t\t\t\t<\/div>\n\t\t<\/div>\n\t\t\t\t\t<\/div>\n\t\t<\/section>\n\t\t\t\t<section class=\"elementor-section elementor-top-section elementor-element elementor-element-5f64428 elementor-section-boxed elementor-section-height-default elementor-section-height-default\" data-id=\"5f64428\" data-element_type=\"section\">\n\t\t\t\t\t\t<div class=\"elementor-container elementor-column-gap-default\">\n\t\t\t\t\t<div class=\"elementor-column elementor-col-100 elementor-top-column elementor-element elementor-element-297156c\" data-id=\"297156c\" data-element_type=\"column\">\n\t\t\t<div class=\"elementor-widget-wrap elementor-element-populated\">\n\t\t\t\t\t\t<div class=\"elementor-element elementor-element-084f6c5 elementor-widget elementor-widget-heading\" data-id=\"084f6c5\" data-element_type=\"widget\" data-widget_type=\"heading.default\">\n\t\t\t\t<div class=\"elementor-widget-container\">\n\t\t\t<h1 class=\"elementor-heading-title elementor-size-default\">SWESY<\/h1>\t\t<\/div>\n\t\t\t\t<\/div>\n\t\t\t\t<div class=\"elementor-element elementor-element-03459ff elementor-widget elementor-widget-heading\" data-id=\"03459ff\" data-element_type=\"widget\" data-widget_type=\"heading.default\">\n\t\t\t\t<div class=\"elementor-widget-container\">\n\t\t\t<h2 class=\"elementor-heading-title elementor-size-default\">SWESY - Cabezal de extrusi\u00f3n para di\u00e1metros nominales peque\u00f1os y medios<\/h2>\t\t<\/div>\n\t\t\t\t<\/div>\n\t\t\t\t\t<\/div>\n\t\t<\/div>\n\t\t\t\t\t<\/div>\n\t\t<\/section>\n\t\t\t\t<section class=\"elementor-section elementor-top-section elementor-element elementor-element-56f7431 elementor-section-boxed elementor-section-height-default elementor-section-height-default\" data-id=\"56f7431\" data-element_type=\"section\">\n\t\t\t\t\t\t<div class=\"elementor-container elementor-column-gap-default\">\n\t\t\t\t\t<div class=\"elementor-column elementor-col-50 elementor-top-column elementor-element elementor-element-521d872\" data-id=\"521d872\" data-element_type=\"column\">\n\t\t\t<div class=\"elementor-widget-wrap elementor-element-populated\">\n\t\t\t\t\t\t<div class=\"elementor-element elementor-element-868e803 elementor-widget elementor-widget-image\" data-id=\"868e803\" data-element_type=\"widget\" data-widget_type=\"image.default\">\n\t\t\t\t<div class=\"elementor-widget-container\">\n\t\t\t\t\t\t\t\t\t\t\t\t\t<img fetchpriority=\"high\" decoding=\"async\" width=\"1000\" height=\"750\" src=\"https:\/\/www.unicor.com\/wp-content\/uploads\/2021\/03\/SWESY_klein.jpg\" class=\"attachment-large size-large wp-image-10258\" alt=\"\" srcset=\"https:\/\/www.unicor.com\/wp-content\/uploads\/2021\/03\/SWESY_klein-260x195.jpg 260w, https:\/\/www.unicor.com\/wp-content\/uploads\/2021\/03\/SWESY_klein-300x225.jpg 300w, https:\/\/www.unicor.com\/wp-content\/uploads\/2021\/03\/SWESY_klein-360x270.jpg 360w, https:\/\/www.unicor.com\/wp-content\/uploads\/2021\/03\/SWESY_klein-480x360.jpg 480w, https:\/\/www.unicor.com\/wp-content\/uploads\/2021\/03\/SWESY_klein-560x420.jpg 560w, https:\/\/www.unicor.com\/wp-content\/uploads\/2021\/03\/SWESY_klein-660x495.jpg 660w, https:\/\/www.unicor.com\/wp-content\/uploads\/2021\/03\/SWESY_klein-760x571.jpg 760w, https:\/\/www.unicor.com\/wp-content\/uploads\/2021\/03\/SWESY_klein-768x576.jpg 768w, https:\/\/www.unicor.com\/wp-content\/uploads\/2021\/03\/SWESY_klein.jpg 1000w\" sizes=\"(max-width: 1000px) 100vw, 1000px\" \/>\t\t\t\t\t\t\t\t\t\t\t\t\t<\/div>\n\t\t\t\t<\/div>\n\t\t\t\t\t<\/div>\n\t\t<\/div>\n\t\t\t\t<div class=\"elementor-column elementor-col-50 elementor-top-column elementor-element elementor-element-ca79a99\" data-id=\"ca79a99\" data-element_type=\"column\">\n\t\t\t<div class=\"elementor-widget-wrap elementor-element-populated\">\n\t\t\t\t\t\t<div class=\"elementor-element elementor-element-4a86ac0 elementor-widget elementor-widget-text-editor\" data-id=\"4a86ac0\" data-element_type=\"widget\" data-widget_type=\"text-editor.default\">\n\t\t\t\t<div class=\"elementor-widget-container\">\n\t\t\t\t\t\t\t<h3>Di\u00e1metro de 32 a 700 mm<\/h3>\n<p>Para la gama de di\u00e1metros nominales peque\u00f1os y medios, puntuamos con el sistema de cabezal de extrusi\u00f3n SWESY (Sistema de cambio r\u00e1pido, <strong>S<\/strong>chnell <strong>We<\/strong>chsel <strong>Sy<\/strong>stem).<\/p>\n<p>Dos tama\u00f1os de cabezales SWESY 315 y SWESY 700 cubren excelentemente la gama de 32 mm de di\u00e1metro interior a 700 mm de di\u00e1metro exterior. Estos cabezales de extrusi\u00f3n son ideales para la producci\u00f3n de tubos corrugados doble pared o tubos corrugados de una capa. El sistema integrado de centrado en l\u00ednea logra una precisi\u00f3n notable, as\u00ed como una distribuci\u00f3n uniforme del espesor del material y la pared en el alcance del producto final. Y eso sin detener la producci\u00f3n.   <\/p>\n\t\t\t\t\t\t<\/div>\n\t\t\t\t<\/div>\n\t\t\t\t\t<\/div>\n\t\t<\/div>\n\t\t\t\t\t<\/div>\n\t\t<\/section>\n\t\t\t\t<section class=\"elementor-section elementor-top-section elementor-element elementor-element-cceb9f1 elementor-reverse-mobile elementor-section-boxed elementor-section-height-default elementor-section-height-default\" data-id=\"cceb9f1\" data-element_type=\"section\">\n\t\t\t\t\t\t<div class=\"elementor-container elementor-column-gap-default\">\n\t\t\t\t\t<div class=\"elementor-column elementor-col-50 elementor-top-column elementor-element elementor-element-43d3599\" data-id=\"43d3599\" data-element_type=\"column\">\n\t\t\t<div class=\"elementor-widget-wrap elementor-element-populated\">\n\t\t\t\t\t\t<div class=\"elementor-element elementor-element-2c0b87d elementor-widget elementor-widget-text-editor\" data-id=\"2c0b87d\" data-element_type=\"widget\" data-widget_type=\"text-editor.default\">\n\t\t\t\t<div class=\"elementor-widget-container\">\n\t\t\t\t\t\t\t<h3>El cabezal de extrusi\u00f3n todo en uno<\/h3>\n<p>Con cabezales de extrusi\u00f3n convencionales, los juegos de boquillas, las piezas de boca y los extremos se montan por separado, lo que requiere m\u00e1s habilidades del operador y tiempos de montaje m\u00e1s largos. Los tiempos recurrentes para ajustar los espesores de pared del tubo de estos cabezales de extrusi\u00f3n no deben subestimarse. <\/p>\n<p>Con los cabezales de extrusi\u00f3n SWESY, no hay otras piezas adem\u00e1s del juego de boquillas que tienen que ser desmontadas. El juego de boquillas est\u00e1 premontado y r\u00e1pidamente listo para el uso a trav\u00e9s de la estaci\u00f3n de precalentamiento disponible opcionalmente. Ya suministra productos vendibles en los primeros metros de producci\u00f3n. A menudo se puede omitir el reajuste de los espesores de pared.   <\/p>\n\t\t\t\t\t\t<\/div>\n\t\t\t\t<\/div>\n\t\t\t\t\t<\/div>\n\t\t<\/div>\n\t\t\t\t<div class=\"elementor-column elementor-col-50 elementor-top-column elementor-element elementor-element-8770701\" data-id=\"8770701\" data-element_type=\"column\">\n\t\t\t<div class=\"elementor-widget-wrap elementor-element-populated\">\n\t\t\t\t\t\t<div class=\"elementor-element elementor-element-930af27 elementor-widget elementor-widget-image\" data-id=\"930af27\" data-element_type=\"widget\" data-widget_type=\"image.default\">\n\t\t\t\t<div class=\"elementor-widget-container\">\n\t\t\t\t\t\t\t\t\t\t\t\t\t<img decoding=\"async\" width=\"897\" height=\"602\" src=\"https:\/\/www.unicor.com\/wp-content\/uploads\/2021\/03\/SWESY_Duesensatz_klein-1.png\" class=\"attachment-large size-large wp-image-10260\" alt=\"\" srcset=\"https:\/\/www.unicor.com\/wp-content\/uploads\/2021\/03\/SWESY_Duesensatz_klein-1-300x201.png 300w, https:\/\/www.unicor.com\/wp-content\/uploads\/2021\/03\/SWESY_Duesensatz_klein-1-560x376.png 560w, https:\/\/www.unicor.com\/wp-content\/uploads\/2021\/03\/SWESY_Duesensatz_klein-1-768x515.png 768w, https:\/\/www.unicor.com\/wp-content\/uploads\/2021\/03\/SWESY_Duesensatz_klein-1.png 897w\" sizes=\"(max-width: 897px) 100vw, 897px\" \/>\t\t\t\t\t\t\t\t\t\t\t\t\t<\/div>\n\t\t\t\t<\/div>\n\t\t\t\t<div class=\"elementor-element elementor-element-557d8e0 elementor-widget elementor-widget-spacer\" data-id=\"557d8e0\" data-element_type=\"widget\" data-widget_type=\"spacer.default\">\n\t\t\t\t<div class=\"elementor-widget-container\">\n\t\t\t\t\t<div class=\"elementor-spacer\">\n\t\t\t<div class=\"elementor-spacer-inner\"><\/div>\n\t\t<\/div>\n\t\t\t\t<\/div>\n\t\t\t\t<\/div>\n\t\t\t\t\t<\/div>\n\t\t<\/div>\n\t\t\t\t\t<\/div>\n\t\t<\/section>\n\t\t\t\t<\/div>\n\t\t","protected":false},"excerpt":{"rendered":"<p>SWESY SWESY &#8211; Cabezal de extrusi\u00f3n para di\u00e1metros nominales peque\u00f1os y medios Di\u00e1metro de 32 a 700 mm Para la gama de di\u00e1metros nominales peque\u00f1os y medios, puntuamos con el sistema de cabezal de extrusi\u00f3n SWESY (Sistema de cambio r\u00e1pido, Schnell Wechsel System). Dos tama\u00f1os de cabezales SWESY 315 y SWESY 700 cubren excelentemente [&hellip;]<\/p>\n","protected":false},"author":5,"featured_media":0,"parent":10226,"menu_order":0,"comment_status":"closed","ping_status":"closed","template":"","meta":{"footnotes":""},"class_list":["post-10257","page","type-page","status-publish","hentry"],"yoast_head":"<!-- This site is optimized with the Yoast SEO plugin v24.0 - https:\/\/yoast.com\/wordpress\/plugins\/seo\/ -->\n<title>UNICOR - SWESY - El cabezal de extrusi\u00f3n para di\u00e1metros nominales peque\u00f1os?<\/title>\n<meta name=\"description\" content=\"Para la gama de di\u00e1metros nominales peque\u00f1os y medianos, desde 32 mm de di\u00e1metro interior hasta 700 mm de di\u00e1metro exterior, UNICOR se impone con el SWESY.\" \/>\n<meta name=\"robots\" content=\"index, follow, max-snippet:-1, max-image-preview:large, max-video-preview:-1\" \/>\n<link rel=\"canonical\" href=\"https:\/\/www.unicor.com\/es\/cabezales-de-extrusion\/swesy\/\" \/>\n<meta property=\"og:locale\" content=\"es_ES\" \/>\n<meta property=\"og:type\" content=\"article\" \/>\n<meta property=\"og:title\" content=\"UNICOR - SWESY - El cabezal de extrusi\u00f3n para di\u00e1metros nominales peque\u00f1os?\" \/>\n<meta property=\"og:description\" content=\"Para la gama de di\u00e1metros nominales peque\u00f1os y medianos, desde 32 mm de di\u00e1metro interior hasta 700 mm de di\u00e1metro exterior, UNICOR se impone con el SWESY.\" \/>\n<meta property=\"og:url\" content=\"https:\/\/www.unicor.com\/es\/cabezales-de-extrusion\/swesy\/\" \/>\n<meta property=\"og:site_name\" content=\"UNICOR\" \/>\n<meta property=\"article:modified_time\" content=\"2022-07-28T05:52:21+00:00\" \/>\n<meta name=\"twitter:card\" content=\"summary_large_image\" \/>\n<meta name=\"twitter:label1\" content=\"Tiempo de lectura\" \/>\n\t<meta name=\"twitter:data1\" content=\"1 minuto\" \/>\n<script type=\"application\/ld+json\" class=\"yoast-schema-graph\">{\"@context\":\"https:\/\/schema.org\",\"@graph\":[{\"@type\":\"WebPage\",\"@id\":\"https:\/\/www.unicor.com\/es\/cabezales-de-extrusion\/swesy\/\",\"url\":\"https:\/\/www.unicor.com\/es\/cabezales-de-extrusion\/swesy\/\",\"name\":\"UNICOR - SWESY - El cabezal de extrusi\u00f3n para di\u00e1metros nominales peque\u00f1os?\",\"isPartOf\":{\"@id\":\"https:\/\/www.unicor.com\/es\/#website\"},\"datePublished\":\"2021-04-30T09:10:09+00:00\",\"dateModified\":\"2022-07-28T05:52:21+00:00\",\"description\":\"Para la gama de di\u00e1metros nominales peque\u00f1os y medianos, desde 32 mm de di\u00e1metro interior hasta 700 mm de di\u00e1metro exterior, UNICOR se impone con el SWESY.\",\"breadcrumb\":{\"@id\":\"https:\/\/www.unicor.com\/es\/cabezales-de-extrusion\/swesy\/#breadcrumb\"},\"inLanguage\":\"es\",\"potentialAction\":[{\"@type\":\"ReadAction\",\"target\":[\"https:\/\/www.unicor.com\/es\/cabezales-de-extrusion\/swesy\/\"]}]},{\"@type\":\"BreadcrumbList\",\"@id\":\"https:\/\/www.unicor.com\/es\/cabezales-de-extrusion\/swesy\/#breadcrumb\",\"itemListElement\":[{\"@type\":\"ListItem\",\"position\":1,\"name\":\"Home\",\"item\":\"https:\/\/www.unicor.com\/es\/\"},{\"@type\":\"ListItem\",\"position\":2,\"name\":\"Cabezales de extrusi\u00f3n\",\"item\":\"https:\/\/www.unicor.com\/es\/cabezales-de-extrusion\/\"},{\"@type\":\"ListItem\",\"position\":3,\"name\":\"SWESY\"}]},{\"@type\":\"WebSite\",\"@id\":\"https:\/\/www.unicor.com\/es\/#website\",\"url\":\"https:\/\/www.unicor.com\/es\/\",\"name\":\"UNICOR\",\"description\":\"\u00bb the corrugator experts \u00ab\",\"potentialAction\":[{\"@type\":\"SearchAction\",\"target\":{\"@type\":\"EntryPoint\",\"urlTemplate\":\"https:\/\/www.unicor.com\/es\/?s={search_term_string}\"},\"query-input\":{\"@type\":\"PropertyValueSpecification\",\"valueRequired\":true,\"valueName\":\"search_term_string\"}}],\"inLanguage\":\"es\"}]}<\/script>\n<!-- \/ Yoast SEO plugin. -->","yoast_head_json":{"title":"UNICOR - SWESY - El cabezal de extrusi\u00f3n para di\u00e1metros nominales peque\u00f1os?","description":"Para la gama de di\u00e1metros nominales peque\u00f1os y medianos, desde 32 mm de di\u00e1metro interior hasta 700 mm de di\u00e1metro exterior, UNICOR se impone con el SWESY.","robots":{"index":"index","follow":"follow","max-snippet":"max-snippet:-1","max-image-preview":"max-image-preview:large","max-video-preview":"max-video-preview:-1"},"canonical":"https:\/\/www.unicor.com\/es\/cabezales-de-extrusion\/swesy\/","og_locale":"es_ES","og_type":"article","og_title":"UNICOR - SWESY - El cabezal de extrusi\u00f3n para di\u00e1metros nominales peque\u00f1os?","og_description":"Para la gama de di\u00e1metros nominales peque\u00f1os y medianos, desde 32 mm de di\u00e1metro interior hasta 700 mm de di\u00e1metro exterior, UNICOR se impone con el SWESY.","og_url":"https:\/\/www.unicor.com\/es\/cabezales-de-extrusion\/swesy\/","og_site_name":"UNICOR","article_modified_time":"2022-07-28T05:52:21+00:00","twitter_card":"summary_large_image","twitter_misc":{"Tiempo de lectura":"1 minuto"},"schema":{"@context":"https:\/\/schema.org","@graph":[{"@type":"WebPage","@id":"https:\/\/www.unicor.com\/es\/cabezales-de-extrusion\/swesy\/","url":"https:\/\/www.unicor.com\/es\/cabezales-de-extrusion\/swesy\/","name":"UNICOR - SWESY - El cabezal de extrusi\u00f3n para di\u00e1metros nominales peque\u00f1os?","isPartOf":{"@id":"https:\/\/www.unicor.com\/es\/#website"},"datePublished":"2021-04-30T09:10:09+00:00","dateModified":"2022-07-28T05:52:21+00:00","description":"Para la gama de di\u00e1metros nominales peque\u00f1os y medianos, desde 32 mm de di\u00e1metro interior hasta 700 mm de di\u00e1metro exterior, UNICOR se impone con el SWESY.","breadcrumb":{"@id":"https:\/\/www.unicor.com\/es\/cabezales-de-extrusion\/swesy\/#breadcrumb"},"inLanguage":"es","potentialAction":[{"@type":"ReadAction","target":["https:\/\/www.unicor.com\/es\/cabezales-de-extrusion\/swesy\/"]}]},{"@type":"BreadcrumbList","@id":"https:\/\/www.unicor.com\/es\/cabezales-de-extrusion\/swesy\/#breadcrumb","itemListElement":[{"@type":"ListItem","position":1,"name":"Home","item":"https:\/\/www.unicor.com\/es\/"},{"@type":"ListItem","position":2,"name":"Cabezales de extrusi\u00f3n","item":"https:\/\/www.unicor.com\/es\/cabezales-de-extrusion\/"},{"@type":"ListItem","position":3,"name":"SWESY"}]},{"@type":"WebSite","@id":"https:\/\/www.unicor.com\/es\/#website","url":"https:\/\/www.unicor.com\/es\/","name":"UNICOR","description":"\u00bb the corrugator experts \u00ab","potentialAction":[{"@type":"SearchAction","target":{"@type":"EntryPoint","urlTemplate":"https:\/\/www.unicor.com\/es\/?s={search_term_string}"},"query-input":{"@type":"PropertyValueSpecification","valueRequired":true,"valueName":"search_term_string"}}],"inLanguage":"es"}]}},"_links":{"self":[{"href":"https:\/\/www.unicor.com\/es\/wp-json\/wp\/v2\/pages\/10257","targetHints":{"allow":["GET"]}}],"collection":[{"href":"https:\/\/www.unicor.com\/es\/wp-json\/wp\/v2\/pages"}],"about":[{"href":"https:\/\/www.unicor.com\/es\/wp-json\/wp\/v2\/types\/page"}],"author":[{"embeddable":true,"href":"https:\/\/www.unicor.com\/es\/wp-json\/wp\/v2\/users\/5"}],"replies":[{"embeddable":true,"href":"https:\/\/www.unicor.com\/es\/wp-json\/wp\/v2\/comments?post=10257"}],"version-history":[{"count":6,"href":"https:\/\/www.unicor.com\/es\/wp-json\/wp\/v2\/pages\/10257\/revisions"}],"predecessor-version":[{"id":15242,"href":"https:\/\/www.unicor.com\/es\/wp-json\/wp\/v2\/pages\/10257\/revisions\/15242"}],"up":[{"embeddable":true,"href":"https:\/\/www.unicor.com\/es\/wp-json\/wp\/v2\/pages\/10226"}],"wp:attachment":[{"href":"https:\/\/www.unicor.com\/es\/wp-json\/wp\/v2\/media?parent=10257"}],"curies":[{"name":"wp","href":"https:\/\/api.w.org\/{rel}","templated":true}]}}