{"id":10252,"date":"2021-04-30T11:06:36","date_gmt":"2021-04-30T09:06:36","guid":{"rendered":"http:\/\/staging.unicor.eu\/cabezales-de-extrusion\/cdh\/"},"modified":"2022-07-28T07:49:54","modified_gmt":"2022-07-28T05:49:54","slug":"cdh","status":"publish","type":"page","link":"https:\/\/www.unicor.com\/es\/cabezales-de-extrusion\/cdh\/","title":{"rendered":"CDH"},"content":{"rendered":"\t\t<div data-elementor-type=\"wp-page\" data-elementor-id=\"10252\" class=\"elementor elementor-10252 elementor-324\" data-elementor-post-type=\"page\">\n\t\t\t\t\t\t<section class=\"elementor-section elementor-top-section elementor-element elementor-element-d099012 elementor-section-boxed elementor-section-height-default elementor-section-height-default\" data-id=\"d099012\" data-element_type=\"section\">\n\t\t\t\t\t\t<div class=\"elementor-container elementor-column-gap-default\">\n\t\t\t\t\t<div class=\"elementor-column elementor-col-100 elementor-top-column elementor-element elementor-element-8effa2b\" data-id=\"8effa2b\" data-element_type=\"column\">\n\t\t\t<div class=\"elementor-widget-wrap\">\n\t\t\t\t\t\t\t<\/div>\n\t\t<\/div>\n\t\t\t\t\t<\/div>\n\t\t<\/section>\n\t\t\t\t<section class=\"elementor-section elementor-top-section elementor-element elementor-element-69efd8ac elementor-section-full_width elementor-section-stretched elementor-section-height-default elementor-section-height-default\" data-id=\"69efd8ac\" data-element_type=\"section\" data-settings=\"{&quot;stretch_section&quot;:&quot;section-stretched&quot;}\">\n\t\t\t\t\t\t<div class=\"elementor-container elementor-column-gap-default\">\n\t\t\t\t\t<div class=\"elementor-column elementor-col-100 elementor-top-column elementor-element elementor-element-4a1bbfa6\" data-id=\"4a1bbfa6\" data-element_type=\"column\">\n\t\t\t<div class=\"elementor-widget-wrap elementor-element-populated\">\n\t\t\t\t\t\t<div class=\"elementor-element elementor-element-d798696 elementor--h-position-center elementor--v-position-middle elementor-arrows-position-inside elementor-widget elementor-widget-slides\" data-id=\"d798696\" data-element_type=\"widget\" data-settings=\"{&quot;navigation&quot;:&quot;arrows&quot;,&quot;autoplay&quot;:&quot;yes&quot;,&quot;autoplay_speed&quot;:5000,&quot;infinite&quot;:&quot;yes&quot;,&quot;transition&quot;:&quot;slide&quot;,&quot;transition_speed&quot;:500}\" data-widget_type=\"slides.default\">\n\t\t\t\t<div class=\"elementor-widget-container\">\n\t\t\t\t\t<div class=\"elementor-swiper\">\n\t\t\t<div class=\"elementor-slides-wrapper elementor-main-swiper swiper\" dir=\"ltr\" data-animation=\"fadeInUp\">\n\t\t\t\t<div class=\"swiper-wrapper elementor-slides\">\n\t\t\t\t\t\t\t\t\t\t<div class=\"elementor-repeater-item-6091ad6 swiper-slide\"><div class=\"swiper-slide-bg\" role=\"img\"><\/div><div class=\"swiper-slide-inner\" ><div class=\"swiper-slide-contents\"><\/div><\/div><\/div>\t\t\t\t<\/div>\n\t\t\t\t\t\t\t<\/div>\n\t\t<\/div>\n\t\t\t\t<\/div>\n\t\t\t\t<\/div>\n\t\t\t\t\t<\/div>\n\t\t<\/div>\n\t\t\t\t\t<\/div>\n\t\t<\/section>\n\t\t\t\t<section class=\"elementor-section elementor-top-section elementor-element elementor-element-bfcc8aa elementor-section-boxed elementor-section-height-default elementor-section-height-default\" data-id=\"bfcc8aa\" data-element_type=\"section\">\n\t\t\t\t\t\t<div class=\"elementor-container elementor-column-gap-default\">\n\t\t\t\t\t<div class=\"elementor-column elementor-col-100 elementor-top-column elementor-element elementor-element-99cf355\" data-id=\"99cf355\" data-element_type=\"column\">\n\t\t\t<div class=\"elementor-widget-wrap elementor-element-populated\">\n\t\t\t\t\t\t<div class=\"elementor-element elementor-element-53e0ceb elementor-widget elementor-widget-breadcrumbs\" data-id=\"53e0ceb\" data-element_type=\"widget\" data-widget_type=\"breadcrumbs.default\">\n\t\t\t\t<div class=\"elementor-widget-container\">\n\t\t\t<p id=\"breadcrumbs\"><span><span><a href=\"https:\/\/www.unicor.com\/es\/\">Home<\/a><\/span><\/span><\/p>\t\t<\/div>\n\t\t\t\t<\/div>\n\t\t\t\t\t<\/div>\n\t\t<\/div>\n\t\t\t\t\t<\/div>\n\t\t<\/section>\n\t\t\t\t<section class=\"elementor-section elementor-top-section elementor-element elementor-element-17d9706 elementor-section-boxed elementor-section-height-default elementor-section-height-default\" data-id=\"17d9706\" data-element_type=\"section\">\n\t\t\t\t\t\t<div class=\"elementor-container elementor-column-gap-default\">\n\t\t\t\t\t<div class=\"elementor-column elementor-col-100 elementor-top-column elementor-element elementor-element-04e34de\" data-id=\"04e34de\" data-element_type=\"column\">\n\t\t\t<div class=\"elementor-widget-wrap elementor-element-populated\">\n\t\t\t\t\t\t<div class=\"elementor-element elementor-element-9cbcc7b elementor-widget elementor-widget-heading\" data-id=\"9cbcc7b\" data-element_type=\"widget\" data-widget_type=\"heading.default\">\n\t\t\t\t<div class=\"elementor-widget-container\">\n\t\t\t<h1 class=\"elementor-heading-title elementor-size-default\">CDH<\/h1>\t\t<\/div>\n\t\t\t\t<\/div>\n\t\t\t\t<div class=\"elementor-element elementor-element-2aaa7a2 elementor-widget elementor-widget-heading\" data-id=\"2aaa7a2\" data-element_type=\"widget\" data-widget_type=\"heading.default\">\n\t\t\t\t<div class=\"elementor-widget-container\">\n\t\t\t<h2 class=\"elementor-heading-title elementor-size-default\">Compact Die Head \u2013 Cabezal de extrusi\u00f3n de distribuidor espiral<\/h2>\t\t<\/div>\n\t\t\t\t<\/div>\n\t\t\t\t\t<\/div>\n\t\t<\/div>\n\t\t\t\t\t<\/div>\n\t\t<\/section>\n\t\t\t\t<section class=\"elementor-section elementor-top-section elementor-element elementor-element-b8696d1 elementor-section-boxed elementor-section-height-default elementor-section-height-default\" data-id=\"b8696d1\" data-element_type=\"section\">\n\t\t\t\t\t\t<div class=\"elementor-container elementor-column-gap-default\">\n\t\t\t\t\t<div class=\"elementor-column elementor-col-50 elementor-top-column elementor-element elementor-element-f2ddb01\" data-id=\"f2ddb01\" data-element_type=\"column\">\n\t\t\t<div class=\"elementor-widget-wrap elementor-element-populated\">\n\t\t\t\t\t\t<div class=\"elementor-element elementor-element-4514c5a elementor-widget elementor-widget-image\" data-id=\"4514c5a\" data-element_type=\"widget\" data-widget_type=\"image.default\">\n\t\t\t\t<div class=\"elementor-widget-container\">\n\t\t\t\t\t\t\t\t\t\t\t\t\t<img fetchpriority=\"high\" decoding=\"async\" width=\"1000\" height=\"750\" src=\"https:\/\/www.unicor.com\/wp-content\/uploads\/2021\/03\/CDH_klein.jpg\" class=\"attachment-large size-large wp-image-10253\" alt=\"\" srcset=\"https:\/\/www.unicor.com\/wp-content\/uploads\/2021\/03\/CDH_klein-260x195.jpg 260w, https:\/\/www.unicor.com\/wp-content\/uploads\/2021\/03\/CDH_klein-300x225.jpg 300w, https:\/\/www.unicor.com\/wp-content\/uploads\/2021\/03\/CDH_klein-360x270.jpg 360w, https:\/\/www.unicor.com\/wp-content\/uploads\/2021\/03\/CDH_klein-480x360.jpg 480w, https:\/\/www.unicor.com\/wp-content\/uploads\/2021\/03\/CDH_klein-560x420.jpg 560w, https:\/\/www.unicor.com\/wp-content\/uploads\/2021\/03\/CDH_klein-660x495.jpg 660w, https:\/\/www.unicor.com\/wp-content\/uploads\/2021\/03\/CDH_klein-760x571.jpg 760w, https:\/\/www.unicor.com\/wp-content\/uploads\/2021\/03\/CDH_klein-768x576.jpg 768w, https:\/\/www.unicor.com\/wp-content\/uploads\/2021\/03\/CDH_klein.jpg 1000w\" sizes=\"(max-width: 1000px) 100vw, 1000px\" \/>\t\t\t\t\t\t\t\t\t\t\t\t\t<\/div>\n\t\t\t\t<\/div>\n\t\t\t\t\t<\/div>\n\t\t<\/div>\n\t\t\t\t<div class=\"elementor-column elementor-col-50 elementor-top-column elementor-element elementor-element-629a325\" data-id=\"629a325\" data-element_type=\"column\">\n\t\t\t<div class=\"elementor-widget-wrap elementor-element-populated\">\n\t\t\t\t\t\t<div class=\"elementor-element elementor-element-04c1724 elementor-widget elementor-widget-text-editor\" data-id=\"04c1724\" data-element_type=\"widget\" data-widget_type=\"text-editor.default\">\n\t\t\t\t<div class=\"elementor-widget-container\">\n\t\t\t\t\t\t\t<h3>CDH Cabezal de extrusi\u00f3n con sistema de cambio r\u00e1pido QCS<\/h3>\n<p>El CDH es la extensi\u00f3n l\u00f3gica de la gama de di\u00e1metros nominales DDH por debajo del di\u00e1metro interior de 600 mm hasta un alcance de di\u00e1metros de 400 mm de di\u00e1metro interior. La distinci\u00f3n radica en el uso de dos bloques espirales de distribuci\u00f3n de material dispuestos sucesivamente. <\/p>\n\t\t\t\t\t\t<\/div>\n\t\t\t\t<\/div>\n\t\t\t\t\t<\/div>\n\t\t<\/div>\n\t\t\t\t\t<\/div>\n\t\t<\/section>\n\t\t\t\t<section class=\"elementor-section elementor-top-section elementor-element elementor-element-a0c53e3 elementor-section-boxed elementor-section-height-default elementor-section-height-default\" data-id=\"a0c53e3\" data-element_type=\"section\">\n\t\t\t\t\t\t<div class=\"elementor-container elementor-column-gap-default\">\n\t\t\t\t\t<div class=\"elementor-column elementor-col-50 elementor-top-column elementor-element elementor-element-e623076\" data-id=\"e623076\" data-element_type=\"column\">\n\t\t\t<div class=\"elementor-widget-wrap elementor-element-populated\">\n\t\t\t\t\t\t<div class=\"elementor-element elementor-element-a577fea elementor-widget elementor-widget-text-editor\" data-id=\"a577fea\" data-element_type=\"widget\" data-widget_type=\"text-editor.default\">\n\t\t\t\t<div class=\"elementor-widget-container\">\n\t\t\t\t\t\t\t<h3>\u00a1Reajuste no es necesario!<\/h3>\n<p>Al igual que otros cabezales de extrusi\u00f3n patentados por UNICOR, esto permite la producci\u00f3n de tubos corrugados con una distribuci\u00f3n particularmente uniforme de material y espesor de pared en la circunferencia de la tuber\u00eda. Esto resulta en una mayor calidad del producto y la m\u00e1xima eficiencia a bajos costes de producci\u00f3n. <\/p>\n<p>Debido al dise\u00f1o compacto y al peso m\u00ednimo, llegamos a un proceso de calentamiento r\u00e1pido y una baja degeneraci\u00f3n del material durante el proceso de producci\u00f3n. El reajuste durante la producci\u00f3n no es necesario debido al dise\u00f1o especial. <\/p>\n\t\t\t\t\t\t<\/div>\n\t\t\t\t<\/div>\n\t\t\t\t<div class=\"elementor-element elementor-element-1d17c44 elementor-widget elementor-widget-spacer\" data-id=\"1d17c44\" data-element_type=\"widget\" data-widget_type=\"spacer.default\">\n\t\t\t\t<div class=\"elementor-widget-container\">\n\t\t\t\t\t<div class=\"elementor-spacer\">\n\t\t\t<div class=\"elementor-spacer-inner\"><\/div>\n\t\t<\/div>\n\t\t\t\t<\/div>\n\t\t\t\t<\/div>\n\t\t\t\t\t<\/div>\n\t\t<\/div>\n\t\t\t\t<div class=\"elementor-column elementor-col-50 elementor-top-column elementor-element elementor-element-be3d41c\" data-id=\"be3d41c\" data-element_type=\"column\">\n\t\t\t<div class=\"elementor-widget-wrap elementor-element-populated\">\n\t\t\t\t\t\t<div class=\"elementor-element elementor-element-daabc11 elementor-widget elementor-widget-text-editor\" data-id=\"daabc11\" data-element_type=\"widget\" data-widget_type=\"text-editor.default\">\n\t\t\t\t<div class=\"elementor-widget-container\">\n\t\t\t\t\t\t\t<h3>F\u00e1cil manejo<\/h3>\n<p>Por lo general, las partes individuales de los cabezales de extrusi\u00f3n de hasta 600 mm de di\u00e1metro interior son dif\u00edciles de manejar y pesadas. Esto hace que el montaje preciso in situ sea un desaf\u00edo. \u00a1UNICOR se lo pone f\u00e1cil! El nuevo sistema de cambio r\u00e1pido QCS facilita el cambio de un di\u00e1metro al siguiente con s\u00f3lo unos sencillos pasos.   <\/p>\n<p>Despu\u00e9s de poco tiempo los beneficios predominan: menor tiempo de cambio de herramientas y bajo riesgo de da\u00f1os debido a un cambio constante. El proceso de puesta en marcha se vuelve m\u00e1s simple y r\u00e1pido y conduce a tasas de rechazo m\u00e1s bajas. <\/p>\n\t\t\t\t\t\t<\/div>\n\t\t\t\t<\/div>\n\t\t\t\t\t<\/div>\n\t\t<\/div>\n\t\t\t\t\t<\/div>\n\t\t<\/section>\n\t\t\t\t<\/div>\n\t\t","protected":false},"excerpt":{"rendered":"<p>CDH Compact Die Head \u2013 Cabezal de extrusi\u00f3n de distribuidor espiral CDH Cabezal de extrusi\u00f3n con sistema de cambio r\u00e1pido QCS El CDH es la extensi\u00f3n l\u00f3gica de la gama de di\u00e1metros nominales DDH por debajo del di\u00e1metro interior de 600 mm hasta un alcance de di\u00e1metros de 400 mm de di\u00e1metro interior. La [&hellip;]<\/p>\n","protected":false},"author":5,"featured_media":0,"parent":10226,"menu_order":0,"comment_status":"closed","ping_status":"closed","template":"","meta":{"footnotes":""},"class_list":["post-10252","page","type-page","status-publish","hentry"],"yoast_head":"<!-- This site is optimized with the Yoast SEO plugin v24.0 - https:\/\/yoast.com\/wordpress\/plugins\/seo\/ -->\n<title>UNICOR - CDH - \u00bfCu\u00e1les son las ventajas del cabezal distribuidor con mandril espiral?<\/title>\n<meta name=\"description\" content=\"El CDH permite la producci\u00f3n de tubos corrugados con una distribuci\u00f3n extremadamente uniforme del material y del grosor de las paredes en toda la circunferencia del tubo.\" \/>\n<meta name=\"robots\" content=\"index, follow, max-snippet:-1, max-image-preview:large, max-video-preview:-1\" \/>\n<link rel=\"canonical\" href=\"https:\/\/www.unicor.com\/es\/cabezales-de-extrusion\/cdh\/\" \/>\n<meta property=\"og:locale\" content=\"es_ES\" \/>\n<meta property=\"og:type\" content=\"article\" \/>\n<meta property=\"og:title\" content=\"UNICOR - CDH - \u00bfCu\u00e1les son las ventajas del cabezal distribuidor con mandril espiral?\" \/>\n<meta property=\"og:description\" content=\"El CDH permite la producci\u00f3n de tubos corrugados con una distribuci\u00f3n extremadamente uniforme del material y del grosor de las paredes en toda la circunferencia del tubo.\" \/>\n<meta property=\"og:url\" content=\"https:\/\/www.unicor.com\/es\/cabezales-de-extrusion\/cdh\/\" \/>\n<meta property=\"og:site_name\" content=\"UNICOR\" \/>\n<meta property=\"article:modified_time\" content=\"2022-07-28T05:49:54+00:00\" \/>\n<meta name=\"twitter:card\" content=\"summary_large_image\" \/>\n<meta name=\"twitter:label1\" content=\"Tiempo de lectura\" \/>\n\t<meta name=\"twitter:data1\" content=\"2 minutos\" \/>\n<script type=\"application\/ld+json\" class=\"yoast-schema-graph\">{\"@context\":\"https:\/\/schema.org\",\"@graph\":[{\"@type\":\"WebPage\",\"@id\":\"https:\/\/www.unicor.com\/es\/cabezales-de-extrusion\/cdh\/\",\"url\":\"https:\/\/www.unicor.com\/es\/cabezales-de-extrusion\/cdh\/\",\"name\":\"UNICOR - CDH - \u00bfCu\u00e1les son las ventajas del cabezal distribuidor con mandril espiral?\",\"isPartOf\":{\"@id\":\"https:\/\/www.unicor.com\/es\/#website\"},\"datePublished\":\"2021-04-30T09:06:36+00:00\",\"dateModified\":\"2022-07-28T05:49:54+00:00\",\"description\":\"El CDH permite la producci\u00f3n de tubos corrugados con una distribuci\u00f3n extremadamente uniforme del material y del grosor de las paredes en toda la circunferencia del tubo.\",\"breadcrumb\":{\"@id\":\"https:\/\/www.unicor.com\/es\/cabezales-de-extrusion\/cdh\/#breadcrumb\"},\"inLanguage\":\"es\",\"potentialAction\":[{\"@type\":\"ReadAction\",\"target\":[\"https:\/\/www.unicor.com\/es\/cabezales-de-extrusion\/cdh\/\"]}]},{\"@type\":\"BreadcrumbList\",\"@id\":\"https:\/\/www.unicor.com\/es\/cabezales-de-extrusion\/cdh\/#breadcrumb\",\"itemListElement\":[{\"@type\":\"ListItem\",\"position\":1,\"name\":\"Home\",\"item\":\"https:\/\/www.unicor.com\/es\/\"},{\"@type\":\"ListItem\",\"position\":2,\"name\":\"Cabezales de extrusi\u00f3n\",\"item\":\"https:\/\/www.unicor.com\/es\/cabezales-de-extrusion\/\"},{\"@type\":\"ListItem\",\"position\":3,\"name\":\"CDH\"}]},{\"@type\":\"WebSite\",\"@id\":\"https:\/\/www.unicor.com\/es\/#website\",\"url\":\"https:\/\/www.unicor.com\/es\/\",\"name\":\"UNICOR\",\"description\":\"\u00bb the corrugator experts \u00ab\",\"potentialAction\":[{\"@type\":\"SearchAction\",\"target\":{\"@type\":\"EntryPoint\",\"urlTemplate\":\"https:\/\/www.unicor.com\/es\/?s={search_term_string}\"},\"query-input\":{\"@type\":\"PropertyValueSpecification\",\"valueRequired\":true,\"valueName\":\"search_term_string\"}}],\"inLanguage\":\"es\"}]}<\/script>\n<!-- \/ Yoast SEO plugin. -->","yoast_head_json":{"title":"UNICOR - CDH - \u00bfCu\u00e1les son las ventajas del cabezal distribuidor con mandril espiral?","description":"El CDH permite la producci\u00f3n de tubos corrugados con una distribuci\u00f3n extremadamente uniforme del material y del grosor de las paredes en toda la circunferencia del tubo.","robots":{"index":"index","follow":"follow","max-snippet":"max-snippet:-1","max-image-preview":"max-image-preview:large","max-video-preview":"max-video-preview:-1"},"canonical":"https:\/\/www.unicor.com\/es\/cabezales-de-extrusion\/cdh\/","og_locale":"es_ES","og_type":"article","og_title":"UNICOR - CDH - \u00bfCu\u00e1les son las ventajas del cabezal distribuidor con mandril espiral?","og_description":"El CDH permite la producci\u00f3n de tubos corrugados con una distribuci\u00f3n extremadamente uniforme del material y del grosor de las paredes en toda la circunferencia del tubo.","og_url":"https:\/\/www.unicor.com\/es\/cabezales-de-extrusion\/cdh\/","og_site_name":"UNICOR","article_modified_time":"2022-07-28T05:49:54+00:00","twitter_card":"summary_large_image","twitter_misc":{"Tiempo de lectura":"2 minutos"},"schema":{"@context":"https:\/\/schema.org","@graph":[{"@type":"WebPage","@id":"https:\/\/www.unicor.com\/es\/cabezales-de-extrusion\/cdh\/","url":"https:\/\/www.unicor.com\/es\/cabezales-de-extrusion\/cdh\/","name":"UNICOR - CDH - \u00bfCu\u00e1les son las ventajas del cabezal distribuidor con mandril espiral?","isPartOf":{"@id":"https:\/\/www.unicor.com\/es\/#website"},"datePublished":"2021-04-30T09:06:36+00:00","dateModified":"2022-07-28T05:49:54+00:00","description":"El CDH permite la producci\u00f3n de tubos corrugados con una distribuci\u00f3n extremadamente uniforme del material y del grosor de las paredes en toda la circunferencia del tubo.","breadcrumb":{"@id":"https:\/\/www.unicor.com\/es\/cabezales-de-extrusion\/cdh\/#breadcrumb"},"inLanguage":"es","potentialAction":[{"@type":"ReadAction","target":["https:\/\/www.unicor.com\/es\/cabezales-de-extrusion\/cdh\/"]}]},{"@type":"BreadcrumbList","@id":"https:\/\/www.unicor.com\/es\/cabezales-de-extrusion\/cdh\/#breadcrumb","itemListElement":[{"@type":"ListItem","position":1,"name":"Home","item":"https:\/\/www.unicor.com\/es\/"},{"@type":"ListItem","position":2,"name":"Cabezales de extrusi\u00f3n","item":"https:\/\/www.unicor.com\/es\/cabezales-de-extrusion\/"},{"@type":"ListItem","position":3,"name":"CDH"}]},{"@type":"WebSite","@id":"https:\/\/www.unicor.com\/es\/#website","url":"https:\/\/www.unicor.com\/es\/","name":"UNICOR","description":"\u00bb the corrugator experts \u00ab","potentialAction":[{"@type":"SearchAction","target":{"@type":"EntryPoint","urlTemplate":"https:\/\/www.unicor.com\/es\/?s={search_term_string}"},"query-input":{"@type":"PropertyValueSpecification","valueRequired":true,"valueName":"search_term_string"}}],"inLanguage":"es"}]}},"_links":{"self":[{"href":"https:\/\/www.unicor.com\/es\/wp-json\/wp\/v2\/pages\/10252","targetHints":{"allow":["GET"]}}],"collection":[{"href":"https:\/\/www.unicor.com\/es\/wp-json\/wp\/v2\/pages"}],"about":[{"href":"https:\/\/www.unicor.com\/es\/wp-json\/wp\/v2\/types\/page"}],"author":[{"embeddable":true,"href":"https:\/\/www.unicor.com\/es\/wp-json\/wp\/v2\/users\/5"}],"replies":[{"embeddable":true,"href":"https:\/\/www.unicor.com\/es\/wp-json\/wp\/v2\/comments?post=10252"}],"version-history":[{"count":6,"href":"https:\/\/www.unicor.com\/es\/wp-json\/wp\/v2\/pages\/10252\/revisions"}],"predecessor-version":[{"id":15238,"href":"https:\/\/www.unicor.com\/es\/wp-json\/wp\/v2\/pages\/10252\/revisions\/15238"}],"up":[{"embeddable":true,"href":"https:\/\/www.unicor.com\/es\/wp-json\/wp\/v2\/pages\/10226"}],"wp:attachment":[{"href":"https:\/\/www.unicor.com\/es\/wp-json\/wp\/v2\/media?parent=10252"}],"curies":[{"name":"wp","href":"https:\/\/api.w.org\/{rel}","templated":true}]}}