{"id":10247,"date":"2021-04-30T11:04:08","date_gmt":"2021-04-30T09:04:08","guid":{"rendered":"http:\/\/staging.unicor.eu\/cabezales-de-extrusion\/ddh\/"},"modified":"2022-07-28T07:48:20","modified_gmt":"2022-07-28T05:48:20","slug":"ddh","status":"publish","type":"page","link":"https:\/\/www.unicor.com\/es\/cabezales-de-extrusion\/ddh\/","title":{"rendered":"DDH"},"content":{"rendered":"\t\t<div data-elementor-type=\"wp-page\" data-elementor-id=\"10247\" class=\"elementor elementor-10247 elementor-326\" data-elementor-post-type=\"page\">\n\t\t\t\t\t\t<section class=\"elementor-section elementor-top-section elementor-element elementor-element-9d6fdb0 elementor-section-boxed elementor-section-height-default elementor-section-height-default\" data-id=\"9d6fdb0\" data-element_type=\"section\">\n\t\t\t\t\t\t<div class=\"elementor-container elementor-column-gap-default\">\n\t\t\t\t\t<div class=\"elementor-column elementor-col-100 elementor-top-column elementor-element elementor-element-52fdb0a\" data-id=\"52fdb0a\" data-element_type=\"column\">\n\t\t\t<div class=\"elementor-widget-wrap\">\n\t\t\t\t\t\t\t<\/div>\n\t\t<\/div>\n\t\t\t\t\t<\/div>\n\t\t<\/section>\n\t\t\t\t<section class=\"elementor-section elementor-top-section elementor-element elementor-element-ce5bfbf elementor-section-full_width elementor-section-stretched elementor-section-height-default elementor-section-height-default\" data-id=\"ce5bfbf\" data-element_type=\"section\" data-settings=\"{&quot;stretch_section&quot;:&quot;section-stretched&quot;}\">\n\t\t\t\t\t\t<div class=\"elementor-container elementor-column-gap-default\">\n\t\t\t\t\t<div class=\"elementor-column elementor-col-100 elementor-top-column elementor-element elementor-element-3ada24cd\" data-id=\"3ada24cd\" data-element_type=\"column\">\n\t\t\t<div class=\"elementor-widget-wrap elementor-element-populated\">\n\t\t\t\t\t\t<div class=\"elementor-element elementor-element-6a9f3ea1 elementor--h-position-center elementor--v-position-middle elementor-arrows-position-inside elementor-widget elementor-widget-slides\" data-id=\"6a9f3ea1\" data-element_type=\"widget\" data-settings=\"{&quot;navigation&quot;:&quot;arrows&quot;,&quot;autoplay&quot;:&quot;yes&quot;,&quot;autoplay_speed&quot;:5000,&quot;infinite&quot;:&quot;yes&quot;,&quot;transition&quot;:&quot;slide&quot;,&quot;transition_speed&quot;:500}\" data-widget_type=\"slides.default\">\n\t\t\t\t<div class=\"elementor-widget-container\">\n\t\t\t\t\t<div class=\"elementor-swiper\">\n\t\t\t<div class=\"elementor-slides-wrapper elementor-main-swiper swiper\" dir=\"ltr\" data-animation=\"fadeInUp\">\n\t\t\t\t<div class=\"swiper-wrapper elementor-slides\">\n\t\t\t\t\t\t\t\t\t\t<div class=\"elementor-repeater-item-6091ad6 swiper-slide\"><div class=\"swiper-slide-bg\" role=\"img\"><\/div><div class=\"swiper-slide-inner\" ><div class=\"swiper-slide-contents\"><\/div><\/div><\/div>\t\t\t\t<\/div>\n\t\t\t\t\t\t\t<\/div>\n\t\t<\/div>\n\t\t\t\t<\/div>\n\t\t\t\t<\/div>\n\t\t\t\t\t<\/div>\n\t\t<\/div>\n\t\t\t\t\t<\/div>\n\t\t<\/section>\n\t\t\t\t<section class=\"elementor-section elementor-top-section elementor-element elementor-element-f797916 elementor-section-boxed elementor-section-height-default elementor-section-height-default\" data-id=\"f797916\" data-element_type=\"section\">\n\t\t\t\t\t\t<div class=\"elementor-container elementor-column-gap-default\">\n\t\t\t\t\t<div class=\"elementor-column elementor-col-100 elementor-top-column elementor-element elementor-element-e5c04e8\" data-id=\"e5c04e8\" data-element_type=\"column\">\n\t\t\t<div class=\"elementor-widget-wrap elementor-element-populated\">\n\t\t\t\t\t\t<div class=\"elementor-element elementor-element-717be44 elementor-widget elementor-widget-breadcrumbs\" data-id=\"717be44\" data-element_type=\"widget\" data-widget_type=\"breadcrumbs.default\">\n\t\t\t\t<div class=\"elementor-widget-container\">\n\t\t\t<p id=\"breadcrumbs\"><span><span><a href=\"https:\/\/www.unicor.com\/es\/\">Home<\/a><\/span><\/span><\/p>\t\t<\/div>\n\t\t\t\t<\/div>\n\t\t\t\t\t<\/div>\n\t\t<\/div>\n\t\t\t\t\t<\/div>\n\t\t<\/section>\n\t\t\t\t<section class=\"elementor-section elementor-top-section elementor-element elementor-element-526c361 elementor-section-boxed elementor-section-height-default elementor-section-height-default\" data-id=\"526c361\" data-element_type=\"section\">\n\t\t\t\t\t\t<div class=\"elementor-container elementor-column-gap-default\">\n\t\t\t\t\t<div class=\"elementor-column elementor-col-100 elementor-top-column elementor-element elementor-element-dffdf30\" data-id=\"dffdf30\" data-element_type=\"column\">\n\t\t\t<div class=\"elementor-widget-wrap elementor-element-populated\">\n\t\t\t\t\t\t<div class=\"elementor-element elementor-element-bd43d42 elementor-widget elementor-widget-heading\" data-id=\"bd43d42\" data-element_type=\"widget\" data-widget_type=\"heading.default\">\n\t\t\t\t<div class=\"elementor-widget-container\">\n\t\t\t<h1 class=\"elementor-heading-title elementor-size-default\">DDH<\/h1>\t\t<\/div>\n\t\t\t\t<\/div>\n\t\t\t\t<div class=\"elementor-element elementor-element-f985a04 elementor-widget elementor-widget-heading\" data-id=\"f985a04\" data-element_type=\"widget\" data-widget_type=\"heading.default\">\n\t\t\t\t<div class=\"elementor-widget-container\">\n\t\t\t<h2 class=\"elementor-heading-title elementor-size-default\">Disc Die Head \u2013 Cabezal distribuidor a discos<\/h2>\t\t<\/div>\n\t\t\t\t<\/div>\n\t\t\t\t\t<\/div>\n\t\t<\/div>\n\t\t\t\t\t<\/div>\n\t\t<\/section>\n\t\t\t\t<section class=\"elementor-section elementor-top-section elementor-element elementor-element-81790c5 elementor-section-boxed elementor-section-height-default elementor-section-height-default\" data-id=\"81790c5\" data-element_type=\"section\">\n\t\t\t\t\t\t<div class=\"elementor-container elementor-column-gap-default\">\n\t\t\t\t\t<div class=\"elementor-column elementor-col-50 elementor-top-column elementor-element elementor-element-d9f74ed\" data-id=\"d9f74ed\" data-element_type=\"column\">\n\t\t\t<div class=\"elementor-widget-wrap elementor-element-populated\">\n\t\t\t\t\t\t<div class=\"elementor-element elementor-element-0054060 elementor-widget elementor-widget-image\" data-id=\"0054060\" data-element_type=\"widget\" data-widget_type=\"image.default\">\n\t\t\t\t<div class=\"elementor-widget-container\">\n\t\t\t\t\t\t\t\t\t\t\t\t\t<img fetchpriority=\"high\" decoding=\"async\" width=\"900\" height=\"675\" src=\"https:\/\/www.unicor.com\/wp-content\/uploads\/2021\/03\/DDH_klein-2.jpg\" class=\"attachment-large size-large wp-image-10248\" alt=\"\" srcset=\"https:\/\/www.unicor.com\/wp-content\/uploads\/2021\/03\/DDH_klein-2-260x195.jpg 260w, https:\/\/www.unicor.com\/wp-content\/uploads\/2021\/03\/DDH_klein-2-300x225.jpg 300w, https:\/\/www.unicor.com\/wp-content\/uploads\/2021\/03\/DDH_klein-2-360x270.jpg 360w, https:\/\/www.unicor.com\/wp-content\/uploads\/2021\/03\/DDH_klein-2-480x360.jpg 480w, https:\/\/www.unicor.com\/wp-content\/uploads\/2021\/03\/DDH_klein-2-560x420.jpg 560w, https:\/\/www.unicor.com\/wp-content\/uploads\/2021\/03\/DDH_klein-2-660x495.jpg 660w, https:\/\/www.unicor.com\/wp-content\/uploads\/2021\/03\/DDH_klein-2-760x571.jpg 760w, https:\/\/www.unicor.com\/wp-content\/uploads\/2021\/03\/DDH_klein-2-768x576.jpg 768w, https:\/\/www.unicor.com\/wp-content\/uploads\/2021\/03\/DDH_klein-2.jpg 900w\" sizes=\"(max-width: 900px) 100vw, 900px\" \/>\t\t\t\t\t\t\t\t\t\t\t\t\t<\/div>\n\t\t\t\t<\/div>\n\t\t\t\t\t<\/div>\n\t\t<\/div>\n\t\t\t\t<div class=\"elementor-column elementor-col-50 elementor-top-column elementor-element elementor-element-da438b0\" data-id=\"da438b0\" data-element_type=\"column\">\n\t\t\t<div class=\"elementor-widget-wrap elementor-element-populated\">\n\t\t\t\t\t\t<div class=\"elementor-element elementor-element-6e92456 elementor-widget elementor-widget-text-editor\" data-id=\"6e92456\" data-element_type=\"widget\" data-widget_type=\"text-editor.default\">\n\t\t\t\t<div class=\"elementor-widget-container\">\n\t\t\t\t\t\t\t<h3>DDH Cabezal de extrusi\u00f3n con sistema de cambio r\u00e1pido (QCS)<\/h3>\n<p>El DDH desarrollado por UNICOR se caracteriza por el uso de dos discos de distribuci\u00f3n de material especialmente dise\u00f1ados para la distribuci\u00f3n radial de fusi\u00f3n en el \u00e1rea de tubos de doble pared.<\/p>\n<p>Su dise\u00f1o incre\u00edblemente compacto resulta en una reducci\u00f3n de peso de hasta un 80% en comparaci\u00f3n con los cabezales de extrusi\u00f3n convencionales con distribuidores espirales y boquillas largas en esta gama de tama\u00f1os de tubo.<\/p>\n\t\t\t\t\t\t<\/div>\n\t\t\t\t<\/div>\n\t\t\t\t\t<\/div>\n\t\t<\/div>\n\t\t\t\t\t<\/div>\n\t\t<\/section>\n\t\t\t\t<section class=\"elementor-section elementor-top-section elementor-element elementor-element-2eafd3e elementor-section-boxed elementor-section-height-default elementor-section-height-default\" data-id=\"2eafd3e\" data-element_type=\"section\">\n\t\t\t\t\t\t<div class=\"elementor-container elementor-column-gap-default\">\n\t\t\t\t\t<div class=\"elementor-column elementor-col-50 elementor-top-column elementor-element elementor-element-9f07bd5\" data-id=\"9f07bd5\" data-element_type=\"column\">\n\t\t\t<div class=\"elementor-widget-wrap elementor-element-populated\">\n\t\t\t\t\t\t<div class=\"elementor-element elementor-element-35829fc elementor-widget elementor-widget-text-editor\" data-id=\"35829fc\" data-element_type=\"widget\" data-widget_type=\"text-editor.default\">\n\t\t\t\t<div class=\"elementor-widget-container\">\n\t\t\t\t\t\t\t<h3>\u00a1Reajuste no es necesario!<\/h3>\n<p>Al igual que otros cabezales de extrusi\u00f3n patentados por UNICOR, esto permite la producci\u00f3n de tubos corrugados con una distribuci\u00f3n particularmente uniforme de material y espesor de pared en la circunferencia del tubo. Esto resulta en una mayor calidad del producto y la m\u00e1xima eficiencia a bajos costes de producci\u00f3n. <\/p>\n<p>Debido al dise\u00f1o compacto y al peso m\u00ednimo, llegamos a un proceso de calentamiento r\u00e1pido y una baja degeneraci\u00f3n del material durante el proceso de producci\u00f3n. El reajuste durante la producci\u00f3n no es necesario debido al dise\u00f1o \u00fanico. <\/p>\n\t\t\t\t\t\t<\/div>\n\t\t\t\t<\/div>\n\t\t\t\t<div class=\"elementor-element elementor-element-6bca242 elementor-widget elementor-widget-spacer\" data-id=\"6bca242\" data-element_type=\"widget\" data-widget_type=\"spacer.default\">\n\t\t\t\t<div class=\"elementor-widget-container\">\n\t\t\t\t\t<div class=\"elementor-spacer\">\n\t\t\t<div class=\"elementor-spacer-inner\"><\/div>\n\t\t<\/div>\n\t\t\t\t<\/div>\n\t\t\t\t<\/div>\n\t\t\t\t\t<\/div>\n\t\t<\/div>\n\t\t\t\t<div class=\"elementor-column elementor-col-50 elementor-top-column elementor-element elementor-element-85e17fc\" data-id=\"85e17fc\" data-element_type=\"column\">\n\t\t\t<div class=\"elementor-widget-wrap elementor-element-populated\">\n\t\t\t\t\t\t<div class=\"elementor-element elementor-element-e19b720 elementor-widget elementor-widget-text-editor\" data-id=\"e19b720\" data-element_type=\"widget\" data-widget_type=\"text-editor.default\">\n\t\t\t\t<div class=\"elementor-widget-container\">\n\t\t\t\t\t\t\t<h3>F\u00e1cil manejo<\/h3>\n<p>Por lo general, las partes individuales de los cabezales de extrusi\u00f3n de hasta 1800 mm de di\u00e1metro exterior son dif\u00edciles de manejar y pesadas. Esto hace que el montaje preciso in situ sea un desaf\u00edo. \u00a1UNICOR se lo pone f\u00e1cil! El nuevo sistema de cambio r\u00e1pido QCS facilita el cambio de un d\u00edametro al siguiente con s\u00f3lo unos sencillos pasos.   <\/p>\n<p>Despu\u00e9s de poco tiempo los beneficios predominan: menor tiempo de cambio de herramientas y bajo riesgo de da\u00f1os debido a un cambio constante. El proceso de puesta en marcha se vuelve m\u00e1s simple y r\u00e1pido y conduce a tasas de rechazo m\u00e1s bajas. <\/p>\n\t\t\t\t\t\t<\/div>\n\t\t\t\t<\/div>\n\t\t\t\t\t<\/div>\n\t\t<\/div>\n\t\t\t\t\t<\/div>\n\t\t<\/section>\n\t\t\t\t<\/div>\n\t\t","protected":false},"excerpt":{"rendered":"<p>DDH Disc Die Head \u2013 Cabezal distribuidor a discos DDH Cabezal de extrusi\u00f3n con sistema de cambio r\u00e1pido (QCS) El DDH desarrollado por UNICOR se caracteriza por el uso de dos discos de distribuci\u00f3n de material especialmente dise\u00f1ados para la distribuci\u00f3n radial de fusi\u00f3n en el \u00e1rea de tubos de doble pared. Su dise\u00f1o [&hellip;]<\/p>\n","protected":false},"author":5,"featured_media":0,"parent":10226,"menu_order":0,"comment_status":"closed","ping_status":"closed","template":"","meta":{"footnotes":""},"class_list":["post-10247","page","type-page","status-publish","hentry"],"yoast_head":"<!-- This site is optimized with the Yoast SEO plugin v24.0 - https:\/\/yoast.com\/wordpress\/plugins\/seo\/ -->\n<title>UNICOR - DDH - \u00bfCu\u00e1les son las ventajas del cabezal distribuidor a placas?<\/title>\n<meta name=\"description\" content=\"El UNICOR DDH se caracteriza por el uso de dos discos de distribuci\u00f3n de material especialmente dise\u00f1ados y por su dise\u00f1o compacto.\" \/>\n<meta name=\"robots\" content=\"index, follow, max-snippet:-1, max-image-preview:large, max-video-preview:-1\" \/>\n<link rel=\"canonical\" href=\"https:\/\/www.unicor.com\/es\/cabezales-de-extrusion\/ddh\/\" \/>\n<meta property=\"og:locale\" content=\"es_ES\" \/>\n<meta property=\"og:type\" content=\"article\" \/>\n<meta property=\"og:title\" content=\"UNICOR - DDH - \u00bfCu\u00e1les son las ventajas del cabezal distribuidor a placas?\" \/>\n<meta property=\"og:description\" content=\"El UNICOR DDH se caracteriza por el uso de dos discos de distribuci\u00f3n de material especialmente dise\u00f1ados y por su dise\u00f1o compacto.\" \/>\n<meta property=\"og:url\" content=\"https:\/\/www.unicor.com\/es\/cabezales-de-extrusion\/ddh\/\" \/>\n<meta property=\"og:site_name\" content=\"UNICOR\" \/>\n<meta property=\"article:modified_time\" content=\"2022-07-28T05:48:20+00:00\" \/>\n<meta name=\"twitter:card\" content=\"summary_large_image\" \/>\n<meta name=\"twitter:label1\" content=\"Tiempo de lectura\" \/>\n\t<meta name=\"twitter:data1\" content=\"2 minutos\" \/>\n<script type=\"application\/ld+json\" class=\"yoast-schema-graph\">{\"@context\":\"https:\/\/schema.org\",\"@graph\":[{\"@type\":\"WebPage\",\"@id\":\"https:\/\/www.unicor.com\/es\/cabezales-de-extrusion\/ddh\/\",\"url\":\"https:\/\/www.unicor.com\/es\/cabezales-de-extrusion\/ddh\/\",\"name\":\"UNICOR - DDH - \u00bfCu\u00e1les son las ventajas del cabezal distribuidor a placas?\",\"isPartOf\":{\"@id\":\"https:\/\/www.unicor.com\/es\/#website\"},\"datePublished\":\"2021-04-30T09:04:08+00:00\",\"dateModified\":\"2022-07-28T05:48:20+00:00\",\"description\":\"El UNICOR DDH se caracteriza por el uso de dos discos de distribuci\u00f3n de material especialmente dise\u00f1ados y por su dise\u00f1o compacto.\",\"breadcrumb\":{\"@id\":\"https:\/\/www.unicor.com\/es\/cabezales-de-extrusion\/ddh\/#breadcrumb\"},\"inLanguage\":\"es\",\"potentialAction\":[{\"@type\":\"ReadAction\",\"target\":[\"https:\/\/www.unicor.com\/es\/cabezales-de-extrusion\/ddh\/\"]}]},{\"@type\":\"BreadcrumbList\",\"@id\":\"https:\/\/www.unicor.com\/es\/cabezales-de-extrusion\/ddh\/#breadcrumb\",\"itemListElement\":[{\"@type\":\"ListItem\",\"position\":1,\"name\":\"Home\",\"item\":\"https:\/\/www.unicor.com\/es\/\"},{\"@type\":\"ListItem\",\"position\":2,\"name\":\"Cabezales de extrusi\u00f3n\",\"item\":\"https:\/\/www.unicor.com\/es\/cabezales-de-extrusion\/\"},{\"@type\":\"ListItem\",\"position\":3,\"name\":\"DDH\"}]},{\"@type\":\"WebSite\",\"@id\":\"https:\/\/www.unicor.com\/es\/#website\",\"url\":\"https:\/\/www.unicor.com\/es\/\",\"name\":\"UNICOR\",\"description\":\"\u00bb the corrugator experts \u00ab\",\"potentialAction\":[{\"@type\":\"SearchAction\",\"target\":{\"@type\":\"EntryPoint\",\"urlTemplate\":\"https:\/\/www.unicor.com\/es\/?s={search_term_string}\"},\"query-input\":{\"@type\":\"PropertyValueSpecification\",\"valueRequired\":true,\"valueName\":\"search_term_string\"}}],\"inLanguage\":\"es\"}]}<\/script>\n<!-- \/ Yoast SEO plugin. -->","yoast_head_json":{"title":"UNICOR - DDH - \u00bfCu\u00e1les son las ventajas del cabezal distribuidor a placas?","description":"El UNICOR DDH se caracteriza por el uso de dos discos de distribuci\u00f3n de material especialmente dise\u00f1ados y por su dise\u00f1o compacto.","robots":{"index":"index","follow":"follow","max-snippet":"max-snippet:-1","max-image-preview":"max-image-preview:large","max-video-preview":"max-video-preview:-1"},"canonical":"https:\/\/www.unicor.com\/es\/cabezales-de-extrusion\/ddh\/","og_locale":"es_ES","og_type":"article","og_title":"UNICOR - DDH - \u00bfCu\u00e1les son las ventajas del cabezal distribuidor a placas?","og_description":"El UNICOR DDH se caracteriza por el uso de dos discos de distribuci\u00f3n de material especialmente dise\u00f1ados y por su dise\u00f1o compacto.","og_url":"https:\/\/www.unicor.com\/es\/cabezales-de-extrusion\/ddh\/","og_site_name":"UNICOR","article_modified_time":"2022-07-28T05:48:20+00:00","twitter_card":"summary_large_image","twitter_misc":{"Tiempo de lectura":"2 minutos"},"schema":{"@context":"https:\/\/schema.org","@graph":[{"@type":"WebPage","@id":"https:\/\/www.unicor.com\/es\/cabezales-de-extrusion\/ddh\/","url":"https:\/\/www.unicor.com\/es\/cabezales-de-extrusion\/ddh\/","name":"UNICOR - DDH - \u00bfCu\u00e1les son las ventajas del cabezal distribuidor a placas?","isPartOf":{"@id":"https:\/\/www.unicor.com\/es\/#website"},"datePublished":"2021-04-30T09:04:08+00:00","dateModified":"2022-07-28T05:48:20+00:00","description":"El UNICOR DDH se caracteriza por el uso de dos discos de distribuci\u00f3n de material especialmente dise\u00f1ados y por su dise\u00f1o compacto.","breadcrumb":{"@id":"https:\/\/www.unicor.com\/es\/cabezales-de-extrusion\/ddh\/#breadcrumb"},"inLanguage":"es","potentialAction":[{"@type":"ReadAction","target":["https:\/\/www.unicor.com\/es\/cabezales-de-extrusion\/ddh\/"]}]},{"@type":"BreadcrumbList","@id":"https:\/\/www.unicor.com\/es\/cabezales-de-extrusion\/ddh\/#breadcrumb","itemListElement":[{"@type":"ListItem","position":1,"name":"Home","item":"https:\/\/www.unicor.com\/es\/"},{"@type":"ListItem","position":2,"name":"Cabezales de extrusi\u00f3n","item":"https:\/\/www.unicor.com\/es\/cabezales-de-extrusion\/"},{"@type":"ListItem","position":3,"name":"DDH"}]},{"@type":"WebSite","@id":"https:\/\/www.unicor.com\/es\/#website","url":"https:\/\/www.unicor.com\/es\/","name":"UNICOR","description":"\u00bb the corrugator experts \u00ab","potentialAction":[{"@type":"SearchAction","target":{"@type":"EntryPoint","urlTemplate":"https:\/\/www.unicor.com\/es\/?s={search_term_string}"},"query-input":{"@type":"PropertyValueSpecification","valueRequired":true,"valueName":"search_term_string"}}],"inLanguage":"es"}]}},"_links":{"self":[{"href":"https:\/\/www.unicor.com\/es\/wp-json\/wp\/v2\/pages\/10247","targetHints":{"allow":["GET"]}}],"collection":[{"href":"https:\/\/www.unicor.com\/es\/wp-json\/wp\/v2\/pages"}],"about":[{"href":"https:\/\/www.unicor.com\/es\/wp-json\/wp\/v2\/types\/page"}],"author":[{"embeddable":true,"href":"https:\/\/www.unicor.com\/es\/wp-json\/wp\/v2\/users\/5"}],"replies":[{"embeddable":true,"href":"https:\/\/www.unicor.com\/es\/wp-json\/wp\/v2\/comments?post=10247"}],"version-history":[{"count":6,"href":"https:\/\/www.unicor.com\/es\/wp-json\/wp\/v2\/pages\/10247\/revisions"}],"predecessor-version":[{"id":15234,"href":"https:\/\/www.unicor.com\/es\/wp-json\/wp\/v2\/pages\/10247\/revisions\/15234"}],"up":[{"embeddable":true,"href":"https:\/\/www.unicor.com\/es\/wp-json\/wp\/v2\/pages\/10226"}],"wp:attachment":[{"href":"https:\/\/www.unicor.com\/es\/wp-json\/wp\/v2\/media?parent=10247"}],"curies":[{"name":"wp","href":"https:\/\/api.w.org\/{rel}","templated":true}]}}