{"id":10131,"date":"2021-04-29T15:19:36","date_gmt":"2021-04-29T13:19:36","guid":{"rendered":"http:\/\/staging.unicor.eu\/servicios\/automationx\/"},"modified":"2022-07-20T07:35:43","modified_gmt":"2022-07-20T05:35:43","slug":"automationx","status":"publish","type":"page","link":"https:\/\/www.unicor.com\/es\/servicios\/automationx\/","title":{"rendered":"AutomationX"},"content":{"rendered":"\t\t<div data-elementor-type=\"wp-page\" data-elementor-id=\"10131\" class=\"elementor elementor-10131 elementor-272\" data-elementor-post-type=\"page\">\n\t\t\t\t\t\t<section class=\"elementor-section elementor-top-section elementor-element elementor-element-c4966e6 elementor-section-boxed elementor-section-height-default elementor-section-height-default\" data-id=\"c4966e6\" data-element_type=\"section\">\n\t\t\t\t\t\t<div class=\"elementor-container elementor-column-gap-default\">\n\t\t\t\t\t<div class=\"elementor-column elementor-col-100 elementor-top-column elementor-element elementor-element-9dbb0ee\" data-id=\"9dbb0ee\" data-element_type=\"column\">\n\t\t\t<div class=\"elementor-widget-wrap\">\n\t\t\t\t\t\t\t<\/div>\n\t\t<\/div>\n\t\t\t\t\t<\/div>\n\t\t<\/section>\n\t\t\t\t<section class=\"elementor-section elementor-top-section elementor-element elementor-element-5d2ea0e elementor-section-full_width elementor-section-stretched elementor-section-height-default elementor-section-height-default\" data-id=\"5d2ea0e\" data-element_type=\"section\" data-settings=\"{&quot;stretch_section&quot;:&quot;section-stretched&quot;}\">\n\t\t\t\t\t\t<div class=\"elementor-container elementor-column-gap-default\">\n\t\t\t\t\t<div class=\"elementor-column elementor-col-100 elementor-top-column elementor-element elementor-element-49671da3\" data-id=\"49671da3\" data-element_type=\"column\">\n\t\t\t<div class=\"elementor-widget-wrap elementor-element-populated\">\n\t\t\t\t\t\t<div class=\"elementor-element elementor-element-2bd38cc3 elementor--h-position-center elementor--v-position-middle elementor-arrows-position-inside elementor-widget elementor-widget-slides\" data-id=\"2bd38cc3\" data-element_type=\"widget\" data-settings=\"{&quot;navigation&quot;:&quot;arrows&quot;,&quot;autoplay&quot;:&quot;yes&quot;,&quot;autoplay_speed&quot;:5000,&quot;infinite&quot;:&quot;yes&quot;,&quot;transition&quot;:&quot;slide&quot;,&quot;transition_speed&quot;:500}\" data-widget_type=\"slides.default\">\n\t\t\t\t<div class=\"elementor-widget-container\">\n\t\t\t\t\t<div class=\"elementor-swiper\">\n\t\t\t<div class=\"elementor-slides-wrapper elementor-main-swiper swiper\" dir=\"ltr\" data-animation=\"fadeInUp\">\n\t\t\t\t<div class=\"swiper-wrapper elementor-slides\">\n\t\t\t\t\t\t\t\t\t\t<div class=\"elementor-repeater-item-6091ad6 swiper-slide\"><div class=\"swiper-slide-bg\" role=\"img\"><\/div><div class=\"swiper-slide-inner\" ><div class=\"swiper-slide-contents\"><\/div><\/div><\/div>\t\t\t\t<\/div>\n\t\t\t\t\t\t\t<\/div>\n\t\t<\/div>\n\t\t\t\t<\/div>\n\t\t\t\t<\/div>\n\t\t\t\t\t<\/div>\n\t\t<\/div>\n\t\t\t\t\t<\/div>\n\t\t<\/section>\n\t\t\t\t<section class=\"elementor-section elementor-top-section elementor-element elementor-element-f790161 elementor-section-boxed elementor-section-height-default elementor-section-height-default\" data-id=\"f790161\" data-element_type=\"section\">\n\t\t\t\t\t\t<div class=\"elementor-container elementor-column-gap-default\">\n\t\t\t\t\t<div class=\"elementor-column elementor-col-100 elementor-top-column elementor-element elementor-element-0cb016a\" data-id=\"0cb016a\" data-element_type=\"column\">\n\t\t\t<div class=\"elementor-widget-wrap elementor-element-populated\">\n\t\t\t\t\t\t<div class=\"elementor-element elementor-element-271c03f elementor-widget elementor-widget-breadcrumbs\" data-id=\"271c03f\" data-element_type=\"widget\" data-widget_type=\"breadcrumbs.default\">\n\t\t\t\t<div class=\"elementor-widget-container\">\n\t\t\t<p id=\"breadcrumbs\"><span><span><a href=\"https:\/\/www.unicor.com\/es\/\">Home<\/a><\/span><\/span><\/p>\t\t<\/div>\n\t\t\t\t<\/div>\n\t\t\t\t\t<\/div>\n\t\t<\/div>\n\t\t\t\t\t<\/div>\n\t\t<\/section>\n\t\t\t\t<section class=\"elementor-section elementor-top-section elementor-element elementor-element-59685af elementor-section-boxed elementor-section-height-default elementor-section-height-default\" data-id=\"59685af\" data-element_type=\"section\">\n\t\t\t\t\t\t<div class=\"elementor-container elementor-column-gap-default\">\n\t\t\t\t\t<div class=\"elementor-column elementor-col-100 elementor-top-column elementor-element elementor-element-c9081c8\" data-id=\"c9081c8\" data-element_type=\"column\">\n\t\t\t<div class=\"elementor-widget-wrap elementor-element-populated\">\n\t\t\t\t\t\t<div class=\"elementor-element elementor-element-f65c11c elementor-widget elementor-widget-heading\" data-id=\"f65c11c\" data-element_type=\"widget\" data-widget_type=\"heading.default\">\n\t\t\t\t<div class=\"elementor-widget-container\">\n\t\t\t<h1 class=\"elementor-heading-title elementor-size-default\">AutomationX<\/h1>\t\t<\/div>\n\t\t\t\t<\/div>\n\t\t\t\t<div class=\"elementor-element elementor-element-1abedb2 elementor-widget elementor-widget-heading\" data-id=\"1abedb2\" data-element_type=\"widget\" data-widget_type=\"heading.default\">\n\t\t\t\t<div class=\"elementor-widget-container\">\n\t\t\t<h2 class=\"elementor-heading-title elementor-size-default\">Soluciones de automatizaci\u00f3n para garantizar todav\u00eda m\u00e1s eficiencia<\/h2>\t\t<\/div>\n\t\t\t\t<\/div>\n\t\t\t\t\t<\/div>\n\t\t<\/div>\n\t\t\t\t\t<\/div>\n\t\t<\/section>\n\t\t\t\t<section class=\"elementor-section elementor-top-section elementor-element elementor-element-fe8d93c elementor-section-stretched elementor-reverse-mobile elementor-section-boxed elementor-section-height-default elementor-section-height-default\" data-id=\"fe8d93c\" data-element_type=\"section\" data-settings=\"{&quot;stretch_section&quot;:&quot;section-stretched&quot;,&quot;background_background&quot;:&quot;classic&quot;}\">\n\t\t\t\t\t\t\t<div class=\"elementor-background-overlay\"><\/div>\n\t\t\t\t\t\t\t<div class=\"elementor-container elementor-column-gap-default\">\n\t\t\t\t\t<div class=\"elementor-column elementor-col-50 elementor-top-column elementor-element elementor-element-c3e7653\" data-id=\"c3e7653\" data-element_type=\"column\">\n\t\t\t<div class=\"elementor-widget-wrap elementor-element-populated\">\n\t\t\t\t\t\t<div class=\"elementor-element elementor-element-61c75c7 elementor-widget elementor-widget-spacer\" data-id=\"61c75c7\" data-element_type=\"widget\" data-widget_type=\"spacer.default\">\n\t\t\t\t<div class=\"elementor-widget-container\">\n\t\t\t\t\t<div class=\"elementor-spacer\">\n\t\t\t<div class=\"elementor-spacer-inner\"><\/div>\n\t\t<\/div>\n\t\t\t\t<\/div>\n\t\t\t\t<\/div>\n\t\t\t\t<div class=\"elementor-element elementor-element-6fc4860 elementor-widget elementor-widget-text-editor\" data-id=\"6fc4860\" data-element_type=\"widget\" data-widget_type=\"text-editor.default\">\n\t\t\t\t<div class=\"elementor-widget-container\">\n\t\t\t\t\t\t\t<h3>Potenciales para la optimizaci\u00f3n de procesos<\/h3>\n<p>En estrecha cooperaci\u00f3n con nuestra compa\u00f1ia asociada AutomationX de Graz, ofrecemos soluciones de software y hardware para una producci\u00f3n m\u00e1s eficiente y econ\u00f3mica. AutomationX es una empresa de software del Grupo GAW que se centra en el desarrollo e implementaci\u00f3n de soluciones modulares, de grado industrial y automatizaci\u00f3n. La planificaci\u00f3n de la producci\u00f3n, el control, el an\u00e1lisis de eficiencia y la optimizaci\u00f3n facilitan su proceso de fabricaci\u00f3n.  <\/p>\n<p>Las soluciones de software modular desarrolladas pr\u00e1cticamente no dejan ning\u00fan deseo sin cumplir. En particular, m\u00e1s de 30 a\u00f1os de experiencia en proyectos en la adquisici\u00f3n de datos operativos y de m\u00e1quinas en industrias manufactureras sofisticadas en todo el mundo demuestran la potencia productiva de la automatizaci\u00f3n. <\/p>\n\t\t\t\t\t\t<\/div>\n\t\t\t\t<\/div>\n\t\t\t\t<div class=\"elementor-element elementor-element-0e49703 elementor-widget elementor-widget-button\" data-id=\"0e49703\" data-element_type=\"widget\" data-widget_type=\"button.default\">\n\t\t\t\t<div class=\"elementor-widget-container\">\n\t\t\t\t\t\t\t<div class=\"elementor-button-wrapper\">\n\t\t\t\t\t<a class=\"elementor-button elementor-button-link elementor-size-sm\" href=\"https:\/\/www.automationx.com\/en\/\">\n\t\t\t\t\t\t<span class=\"elementor-button-content-wrapper\">\n\t\t\t\t\t\t\t\t\t<span class=\"elementor-button-text\">M\u00e1s informaci\u00f3n<\/span>\n\t\t\t\t\t<\/span>\n\t\t\t\t\t<\/a>\n\t\t\t\t<\/div>\n\t\t\t\t\t\t<\/div>\n\t\t\t\t<\/div>\n\t\t\t\t<div class=\"elementor-element elementor-element-2be10b0 elementor-widget elementor-widget-spacer\" data-id=\"2be10b0\" data-element_type=\"widget\" data-widget_type=\"spacer.default\">\n\t\t\t\t<div class=\"elementor-widget-container\">\n\t\t\t\t\t<div class=\"elementor-spacer\">\n\t\t\t<div class=\"elementor-spacer-inner\"><\/div>\n\t\t<\/div>\n\t\t\t\t<\/div>\n\t\t\t\t<\/div>\n\t\t\t\t\t<\/div>\n\t\t<\/div>\n\t\t\t\t<div class=\"elementor-column elementor-col-50 elementor-top-column elementor-element elementor-element-a888692\" data-id=\"a888692\" data-element_type=\"column\">\n\t\t\t<div class=\"elementor-widget-wrap elementor-element-populated\">\n\t\t\t\t\t\t<div class=\"elementor-element elementor-element-f054a3d elementor-widget elementor-widget-spacer\" data-id=\"f054a3d\" data-element_type=\"widget\" data-widget_type=\"spacer.default\">\n\t\t\t\t<div class=\"elementor-widget-container\">\n\t\t\t\t\t<div class=\"elementor-spacer\">\n\t\t\t<div class=\"elementor-spacer-inner\"><\/div>\n\t\t<\/div>\n\t\t\t\t<\/div>\n\t\t\t\t<\/div>\n\t\t\t\t<div class=\"elementor-element elementor-element-063855f elementor-widget elementor-widget-image\" data-id=\"063855f\" data-element_type=\"widget\" data-widget_type=\"image.default\">\n\t\t\t\t<div class=\"elementor-widget-container\">\n\t\t\t\t\t\t\t\t\t\t<figure class=\"wp-caption\">\n\t\t\t\t\t\t\t\t\t\t<img fetchpriority=\"high\" decoding=\"async\" width=\"1024\" height=\"530\" src=\"https:\/\/www.unicor.com\/wp-content\/uploads\/2021\/03\/AutomationX_klein-1024x530.jpg\" class=\"attachment-large size-large wp-image-10133\" alt=\"\" srcset=\"https:\/\/www.unicor.com\/wp-content\/uploads\/2021\/03\/AutomationX_klein-300x155.jpg 300w, https:\/\/www.unicor.com\/wp-content\/uploads\/2021\/03\/AutomationX_klein-560x290.jpg 560w, https:\/\/www.unicor.com\/wp-content\/uploads\/2021\/03\/AutomationX_klein-768x397.jpg 768w, https:\/\/www.unicor.com\/wp-content\/uploads\/2021\/03\/AutomationX_klein-1024x530.jpg 1024w, https:\/\/www.unicor.com\/wp-content\/uploads\/2021\/03\/AutomationX_klein.jpg 1110w\" sizes=\"(max-width: 1024px) 100vw, 1024px\" \/>\t\t\t\t\t\t\t\t\t\t\t<figcaption class=\"widget-image-caption wp-caption-text\">El edificio de nuestra empresa hermana AutomationX<\/figcaption>\n\t\t\t\t\t\t\t\t\t\t<\/figure>\n\t\t\t\t\t\t\t<\/div>\n\t\t\t\t<\/div>\n\t\t\t\t\t<\/div>\n\t\t<\/div>\n\t\t\t\t\t<\/div>\n\t\t<\/section>\n\t\t\t\t<\/div>\n\t\t","protected":false},"excerpt":{"rendered":"<p>AutomationX Soluciones de automatizaci\u00f3n para garantizar todav\u00eda m\u00e1s eficiencia Potenciales para la optimizaci\u00f3n de procesos En estrecha cooperaci\u00f3n con nuestra compa\u00f1ia asociada AutomationX de Graz, ofrecemos soluciones de software y hardware para una producci\u00f3n m\u00e1s eficiente y econ\u00f3mica. AutomationX es una empresa de software del Grupo GAW que se centra en el desarrollo e [&hellip;]<\/p>\n","protected":false},"author":5,"featured_media":0,"parent":10092,"menu_order":0,"comment_status":"closed","ping_status":"closed","template":"","meta":{"footnotes":""},"class_list":["post-10131","page","type-page","status-publish","hentry"],"yoast_head":"<!-- This site is optimized with the Yoast SEO plugin v24.0 - https:\/\/yoast.com\/wordpress\/plugins\/seo\/ -->\n<title>UNICOR - AutomationX - \u00bfM\u00e1s eficiencia mediante soluciones de automatizaci\u00f3n?<\/title>\n<meta name=\"description\" content=\"En estrecha colaboraci\u00f3n con AutomationX, ofrecemos soluciones de software y hardware para una producci\u00f3n m\u00e1s eficiente y econ\u00f3mica.\" \/>\n<meta name=\"robots\" content=\"index, follow, max-snippet:-1, max-image-preview:large, max-video-preview:-1\" \/>\n<link rel=\"canonical\" href=\"https:\/\/www.unicor.com\/es\/servicios\/automationx\/\" \/>\n<meta property=\"og:locale\" content=\"es_ES\" \/>\n<meta property=\"og:type\" content=\"article\" \/>\n<meta property=\"og:title\" content=\"UNICOR - AutomationX - \u00bfM\u00e1s eficiencia mediante soluciones de automatizaci\u00f3n?\" \/>\n<meta property=\"og:description\" content=\"En estrecha colaboraci\u00f3n con AutomationX, ofrecemos soluciones de software y hardware para una producci\u00f3n m\u00e1s eficiente y econ\u00f3mica.\" \/>\n<meta property=\"og:url\" content=\"https:\/\/www.unicor.com\/es\/servicios\/automationx\/\" \/>\n<meta property=\"og:site_name\" content=\"UNICOR\" \/>\n<meta property=\"article:modified_time\" content=\"2022-07-20T05:35:43+00:00\" \/>\n<meta name=\"twitter:card\" content=\"summary_large_image\" \/>\n<meta name=\"twitter:label1\" content=\"Tiempo de lectura\" \/>\n\t<meta name=\"twitter:data1\" content=\"1 minuto\" \/>\n<script type=\"application\/ld+json\" class=\"yoast-schema-graph\">{\"@context\":\"https:\/\/schema.org\",\"@graph\":[{\"@type\":\"WebPage\",\"@id\":\"https:\/\/www.unicor.com\/es\/servicios\/automationx\/\",\"url\":\"https:\/\/www.unicor.com\/es\/servicios\/automationx\/\",\"name\":\"UNICOR - AutomationX - \u00bfM\u00e1s eficiencia mediante soluciones de automatizaci\u00f3n?\",\"isPartOf\":{\"@id\":\"https:\/\/www.unicor.com\/es\/#website\"},\"datePublished\":\"2021-04-29T13:19:36+00:00\",\"dateModified\":\"2022-07-20T05:35:43+00:00\",\"description\":\"En estrecha colaboraci\u00f3n con AutomationX, ofrecemos soluciones de software y hardware para una producci\u00f3n m\u00e1s eficiente y econ\u00f3mica.\",\"breadcrumb\":{\"@id\":\"https:\/\/www.unicor.com\/es\/servicios\/automationx\/#breadcrumb\"},\"inLanguage\":\"es\",\"potentialAction\":[{\"@type\":\"ReadAction\",\"target\":[\"https:\/\/www.unicor.com\/es\/servicios\/automationx\/\"]}]},{\"@type\":\"BreadcrumbList\",\"@id\":\"https:\/\/www.unicor.com\/es\/servicios\/automationx\/#breadcrumb\",\"itemListElement\":[{\"@type\":\"ListItem\",\"position\":1,\"name\":\"Home\",\"item\":\"https:\/\/www.unicor.com\/es\/\"},{\"@type\":\"ListItem\",\"position\":2,\"name\":\"Servicios\",\"item\":\"https:\/\/www.unicor.com\/es\/servicios\/\"},{\"@type\":\"ListItem\",\"position\":3,\"name\":\"AutomationX\"}]},{\"@type\":\"WebSite\",\"@id\":\"https:\/\/www.unicor.com\/es\/#website\",\"url\":\"https:\/\/www.unicor.com\/es\/\",\"name\":\"UNICOR\",\"description\":\"\u00bb the corrugator experts \u00ab\",\"potentialAction\":[{\"@type\":\"SearchAction\",\"target\":{\"@type\":\"EntryPoint\",\"urlTemplate\":\"https:\/\/www.unicor.com\/es\/?s={search_term_string}\"},\"query-input\":{\"@type\":\"PropertyValueSpecification\",\"valueRequired\":true,\"valueName\":\"search_term_string\"}}],\"inLanguage\":\"es\"}]}<\/script>\n<!-- \/ Yoast SEO plugin. -->","yoast_head_json":{"title":"UNICOR - AutomationX - \u00bfM\u00e1s eficiencia mediante soluciones de automatizaci\u00f3n?","description":"En estrecha colaboraci\u00f3n con AutomationX, ofrecemos soluciones de software y hardware para una producci\u00f3n m\u00e1s eficiente y econ\u00f3mica.","robots":{"index":"index","follow":"follow","max-snippet":"max-snippet:-1","max-image-preview":"max-image-preview:large","max-video-preview":"max-video-preview:-1"},"canonical":"https:\/\/www.unicor.com\/es\/servicios\/automationx\/","og_locale":"es_ES","og_type":"article","og_title":"UNICOR - AutomationX - \u00bfM\u00e1s eficiencia mediante soluciones de automatizaci\u00f3n?","og_description":"En estrecha colaboraci\u00f3n con AutomationX, ofrecemos soluciones de software y hardware para una producci\u00f3n m\u00e1s eficiente y econ\u00f3mica.","og_url":"https:\/\/www.unicor.com\/es\/servicios\/automationx\/","og_site_name":"UNICOR","article_modified_time":"2022-07-20T05:35:43+00:00","twitter_card":"summary_large_image","twitter_misc":{"Tiempo de lectura":"1 minuto"},"schema":{"@context":"https:\/\/schema.org","@graph":[{"@type":"WebPage","@id":"https:\/\/www.unicor.com\/es\/servicios\/automationx\/","url":"https:\/\/www.unicor.com\/es\/servicios\/automationx\/","name":"UNICOR - AutomationX - \u00bfM\u00e1s eficiencia mediante soluciones de automatizaci\u00f3n?","isPartOf":{"@id":"https:\/\/www.unicor.com\/es\/#website"},"datePublished":"2021-04-29T13:19:36+00:00","dateModified":"2022-07-20T05:35:43+00:00","description":"En estrecha colaboraci\u00f3n con AutomationX, ofrecemos soluciones de software y hardware para una producci\u00f3n m\u00e1s eficiente y econ\u00f3mica.","breadcrumb":{"@id":"https:\/\/www.unicor.com\/es\/servicios\/automationx\/#breadcrumb"},"inLanguage":"es","potentialAction":[{"@type":"ReadAction","target":["https:\/\/www.unicor.com\/es\/servicios\/automationx\/"]}]},{"@type":"BreadcrumbList","@id":"https:\/\/www.unicor.com\/es\/servicios\/automationx\/#breadcrumb","itemListElement":[{"@type":"ListItem","position":1,"name":"Home","item":"https:\/\/www.unicor.com\/es\/"},{"@type":"ListItem","position":2,"name":"Servicios","item":"https:\/\/www.unicor.com\/es\/servicios\/"},{"@type":"ListItem","position":3,"name":"AutomationX"}]},{"@type":"WebSite","@id":"https:\/\/www.unicor.com\/es\/#website","url":"https:\/\/www.unicor.com\/es\/","name":"UNICOR","description":"\u00bb the corrugator experts \u00ab","potentialAction":[{"@type":"SearchAction","target":{"@type":"EntryPoint","urlTemplate":"https:\/\/www.unicor.com\/es\/?s={search_term_string}"},"query-input":{"@type":"PropertyValueSpecification","valueRequired":true,"valueName":"search_term_string"}}],"inLanguage":"es"}]}},"_links":{"self":[{"href":"https:\/\/www.unicor.com\/es\/wp-json\/wp\/v2\/pages\/10131","targetHints":{"allow":["GET"]}}],"collection":[{"href":"https:\/\/www.unicor.com\/es\/wp-json\/wp\/v2\/pages"}],"about":[{"href":"https:\/\/www.unicor.com\/es\/wp-json\/wp\/v2\/types\/page"}],"author":[{"embeddable":true,"href":"https:\/\/www.unicor.com\/es\/wp-json\/wp\/v2\/users\/5"}],"replies":[{"embeddable":true,"href":"https:\/\/www.unicor.com\/es\/wp-json\/wp\/v2\/comments?post=10131"}],"version-history":[{"count":11,"href":"https:\/\/www.unicor.com\/es\/wp-json\/wp\/v2\/pages\/10131\/revisions"}],"predecessor-version":[{"id":15156,"href":"https:\/\/www.unicor.com\/es\/wp-json\/wp\/v2\/pages\/10131\/revisions\/15156"}],"up":[{"embeddable":true,"href":"https:\/\/www.unicor.com\/es\/wp-json\/wp\/v2\/pages\/10092"}],"wp:attachment":[{"href":"https:\/\/www.unicor.com\/es\/wp-json\/wp\/v2\/media?parent=10131"}],"curies":[{"name":"wp","href":"https:\/\/api.w.org\/{rel}","templated":true}]}}