{"id":10096,"date":"2021-04-29T14:48:01","date_gmt":"2021-04-29T12:48:01","guid":{"rendered":"http:\/\/staging.unicor.eu\/servicios\/qserf\/"},"modified":"2022-07-20T07:27:16","modified_gmt":"2022-07-20T05:27:16","slug":"qserf","status":"publish","type":"page","link":"https:\/\/www.unicor.com\/es\/servicios\/qserf\/","title":{"rendered":"QSERF"},"content":{"rendered":"\t\t<div data-elementor-type=\"wp-page\" data-elementor-id=\"10096\" class=\"elementor elementor-10096 elementor-270\" data-elementor-post-type=\"page\">\n\t\t\t\t\t\t<section class=\"elementor-section elementor-top-section elementor-element elementor-element-5b42915 elementor-section-boxed elementor-section-height-default elementor-section-height-default\" data-id=\"5b42915\" data-element_type=\"section\">\n\t\t\t\t\t\t<div class=\"elementor-container elementor-column-gap-default\">\n\t\t\t\t\t<div class=\"elementor-column elementor-col-100 elementor-top-column elementor-element elementor-element-1db1bbc\" data-id=\"1db1bbc\" data-element_type=\"column\">\n\t\t\t<div class=\"elementor-widget-wrap\">\n\t\t\t\t\t\t\t<\/div>\n\t\t<\/div>\n\t\t\t\t\t<\/div>\n\t\t<\/section>\n\t\t\t\t<section class=\"elementor-section elementor-top-section elementor-element elementor-element-7ad4b16f elementor-section-full_width elementor-section-stretched elementor-section-height-default elementor-section-height-default\" data-id=\"7ad4b16f\" data-element_type=\"section\" data-settings=\"{&quot;stretch_section&quot;:&quot;section-stretched&quot;}\">\n\t\t\t\t\t\t<div class=\"elementor-container elementor-column-gap-default\">\n\t\t\t\t\t<div class=\"elementor-column elementor-col-100 elementor-top-column elementor-element elementor-element-3c3a24ec\" data-id=\"3c3a24ec\" data-element_type=\"column\">\n\t\t\t<div class=\"elementor-widget-wrap elementor-element-populated\">\n\t\t\t\t\t\t<div class=\"elementor-element elementor-element-2f8d930a elementor--h-position-center elementor--v-position-middle elementor-arrows-position-inside elementor-widget elementor-widget-slides\" data-id=\"2f8d930a\" data-element_type=\"widget\" data-settings=\"{&quot;navigation&quot;:&quot;arrows&quot;,&quot;autoplay&quot;:&quot;yes&quot;,&quot;autoplay_speed&quot;:5000,&quot;infinite&quot;:&quot;yes&quot;,&quot;transition&quot;:&quot;slide&quot;,&quot;transition_speed&quot;:500}\" data-widget_type=\"slides.default\">\n\t\t\t\t<div class=\"elementor-widget-container\">\n\t\t\t\t\t<div class=\"elementor-swiper\">\n\t\t\t<div class=\"elementor-slides-wrapper elementor-main-swiper swiper\" dir=\"ltr\" data-animation=\"fadeInUp\">\n\t\t\t\t<div class=\"swiper-wrapper elementor-slides\">\n\t\t\t\t\t\t\t\t\t\t<div class=\"elementor-repeater-item-6091ad6 swiper-slide\"><div class=\"swiper-slide-bg\" role=\"img\"><\/div><div class=\"swiper-slide-inner\" ><div class=\"swiper-slide-contents\"><\/div><\/div><\/div>\t\t\t\t<\/div>\n\t\t\t\t\t\t\t<\/div>\n\t\t<\/div>\n\t\t\t\t<\/div>\n\t\t\t\t<\/div>\n\t\t\t\t\t<\/div>\n\t\t<\/div>\n\t\t\t\t\t<\/div>\n\t\t<\/section>\n\t\t\t\t<section class=\"elementor-section elementor-top-section elementor-element elementor-element-be0e4cc elementor-section-boxed elementor-section-height-default elementor-section-height-default\" data-id=\"be0e4cc\" data-element_type=\"section\">\n\t\t\t\t\t\t<div class=\"elementor-container elementor-column-gap-default\">\n\t\t\t\t\t<div class=\"elementor-column elementor-col-100 elementor-top-column elementor-element elementor-element-0e6fe5a\" data-id=\"0e6fe5a\" data-element_type=\"column\">\n\t\t\t<div class=\"elementor-widget-wrap elementor-element-populated\">\n\t\t\t\t\t\t<div class=\"elementor-element elementor-element-a3b70d2 elementor-widget elementor-widget-breadcrumbs\" data-id=\"a3b70d2\" data-element_type=\"widget\" data-widget_type=\"breadcrumbs.default\">\n\t\t\t\t<div class=\"elementor-widget-container\">\n\t\t\t<p id=\"breadcrumbs\"><span><span><a href=\"https:\/\/www.unicor.com\/es\/\">Home<\/a><\/span><\/span><\/p>\t\t<\/div>\n\t\t\t\t<\/div>\n\t\t\t\t\t<\/div>\n\t\t<\/div>\n\t\t\t\t\t<\/div>\n\t\t<\/section>\n\t\t\t\t<section class=\"elementor-section elementor-top-section elementor-element elementor-element-3b26df7 elementor-section-boxed elementor-section-height-default elementor-section-height-default\" data-id=\"3b26df7\" data-element_type=\"section\">\n\t\t\t\t\t\t<div class=\"elementor-container elementor-column-gap-default\">\n\t\t\t\t\t<div class=\"elementor-column elementor-col-100 elementor-top-column elementor-element elementor-element-e89a7c5\" data-id=\"e89a7c5\" data-element_type=\"column\">\n\t\t\t<div class=\"elementor-widget-wrap elementor-element-populated\">\n\t\t\t\t\t\t<div class=\"elementor-element elementor-element-61697a3 elementor-widget elementor-widget-heading\" data-id=\"61697a3\" data-element_type=\"widget\" data-widget_type=\"heading.default\">\n\t\t\t\t<div class=\"elementor-widget-container\">\n\t\t\t<h1 class=\"elementor-heading-title elementor-size-default\">QSERF<\/h1>\t\t<\/div>\n\t\t\t\t<\/div>\n\t\t\t\t<div class=\"elementor-element elementor-element-a4b04bc elementor-widget elementor-widget-heading\" data-id=\"a4b04bc\" data-element_type=\"widget\" data-widget_type=\"heading.default\">\n\t\t\t\t<div class=\"elementor-widget-container\">\n\t\t\t<h2 class=\"elementor-heading-title elementor-size-default\">CALIDAD \u2013 SERVICIO \u2013 FUTURO<\/h2>\t\t<\/div>\n\t\t\t\t<\/div>\n\t\t\t\t\t<\/div>\n\t\t<\/div>\n\t\t\t\t\t<\/div>\n\t\t<\/section>\n\t\t\t\t<section class=\"elementor-section elementor-top-section elementor-element elementor-element-43eb63a elementor-section-stretched elementor-section-boxed elementor-section-height-default elementor-section-height-default\" data-id=\"43eb63a\" data-element_type=\"section\" data-settings=\"{&quot;stretch_section&quot;:&quot;section-stretched&quot;,&quot;background_background&quot;:&quot;classic&quot;}\">\n\t\t\t\t\t\t<div class=\"elementor-container elementor-column-gap-default\">\n\t\t\t\t\t<div class=\"elementor-column elementor-col-66 elementor-top-column elementor-element elementor-element-8701bc2\" data-id=\"8701bc2\" data-element_type=\"column\">\n\t\t\t<div class=\"elementor-widget-wrap elementor-element-populated\">\n\t\t\t\t\t\t<div class=\"elementor-element elementor-element-9c28a87 elementor-widget elementor-widget-spacer\" data-id=\"9c28a87\" data-element_type=\"widget\" data-widget_type=\"spacer.default\">\n\t\t\t\t<div class=\"elementor-widget-container\">\n\t\t\t\t\t<div class=\"elementor-spacer\">\n\t\t\t<div class=\"elementor-spacer-inner\"><\/div>\n\t\t<\/div>\n\t\t\t\t<\/div>\n\t\t\t\t<\/div>\n\t\t\t\t<div class=\"elementor-element elementor-element-2e7dff1 elementor-widget elementor-widget-image\" data-id=\"2e7dff1\" data-element_type=\"widget\" data-widget_type=\"image.default\">\n\t\t\t\t<div class=\"elementor-widget-container\">\n\t\t\t\t\t\t\t\t\t\t<figure class=\"wp-caption\">\n\t\t\t\t\t\t\t\t\t\t<img fetchpriority=\"high\" decoding=\"async\" width=\"950\" height=\"633\" src=\"https:\/\/www.unicor.com\/wp-content\/uploads\/slider37\/Service_QSERF1.jpeg\" class=\"attachment-large size-large wp-image-10098\" alt=\"\" srcset=\"https:\/\/www.unicor.com\/wp-content\/uploads\/slider37\/Service_QSERF1-300x200.jpeg 300w, https:\/\/www.unicor.com\/wp-content\/uploads\/slider37\/Service_QSERF1-560x373.jpeg 560w, https:\/\/www.unicor.com\/wp-content\/uploads\/slider37\/Service_QSERF1-768x512.jpeg 768w, https:\/\/www.unicor.com\/wp-content\/uploads\/slider37\/Service_QSERF1.jpeg 950w\" sizes=\"(max-width: 950px) 100vw, 950px\" \/>\t\t\t\t\t\t\t\t\t\t\t<figcaption class=\"widget-image-caption wp-caption-text\">Ayuda r\u00e1pida gracias a gafas inteligentes<\/figcaption>\n\t\t\t\t\t\t\t\t\t\t<\/figure>\n\t\t\t\t\t\t\t<\/div>\n\t\t\t\t<\/div>\n\t\t\t\t\t<\/div>\n\t\t<\/div>\n\t\t\t\t<div class=\"elementor-column elementor-col-33 elementor-top-column elementor-element elementor-element-26ff2bc\" data-id=\"26ff2bc\" data-element_type=\"column\">\n\t\t\t<div class=\"elementor-widget-wrap elementor-element-populated\">\n\t\t\t\t\t\t<div class=\"elementor-element elementor-element-7665b5b elementor-widget elementor-widget-spacer\" data-id=\"7665b5b\" data-element_type=\"widget\" data-widget_type=\"spacer.default\">\n\t\t\t\t<div class=\"elementor-widget-container\">\n\t\t\t\t\t<div class=\"elementor-spacer\">\n\t\t\t<div class=\"elementor-spacer-inner\"><\/div>\n\t\t<\/div>\n\t\t\t\t<\/div>\n\t\t\t\t<\/div>\n\t\t\t\t<div class=\"elementor-element elementor-element-8256a51 elementor-widget elementor-widget-text-editor\" data-id=\"8256a51\" data-element_type=\"widget\" data-widget_type=\"text-editor.default\">\n\t\t\t\t<div class=\"elementor-widget-container\">\n\t\t\t\t\t\t\t<h3>El mantenimiento a distanc\u00eda ahorra costes y tiempo<\/h3>\n<p>Muchos problemas ahora se pueden resolver r\u00e1pidamente de manera remota. Esto es en lo que tambi\u00e9n nos hemos centrado en UNICOR. Con nuestro innovador concepto QSERF, le controlamos directamente a la causa del error en la m\u00e1quina de manera audiovisual. Esto se puede hacer r\u00e1pidamente y por lo tanto ahorrando mucho tiempo a trav\u00e9s de videollamadas y utilizando nuestras gafas inteligentes. Usted tiene las manos libres y siga las instrucciones de nuestros especialistas en tiempo real. De esta manera, evitamos malentendidos en la comunicaci\u00f3n y adem\u00e1s el correo electr\u00f3nico as\u00ed como la comunicaci\u00f3n telef\u00f3nica que consumen mucho tiempo. Por lo tanto, se impiden los tiempos de inactividad innecesariamente largos de la l\u00ednea de producci\u00f3n.      <\/p><\/p>\n\t\t\t\t\t\t<\/div>\n\t\t\t\t<\/div>\n\t\t\t\t\t<\/div>\n\t\t<\/div>\n\t\t\t\t\t<\/div>\n\t\t<\/section>\n\t\t\t\t<section class=\"elementor-section elementor-top-section elementor-element elementor-element-572556d elementor-section-stretched elementor-reverse-mobile elementor-section-boxed elementor-section-height-default elementor-section-height-default\" data-id=\"572556d\" data-element_type=\"section\" data-settings=\"{&quot;stretch_section&quot;:&quot;section-stretched&quot;,&quot;background_background&quot;:&quot;classic&quot;}\">\n\t\t\t\t\t\t<div class=\"elementor-container elementor-column-gap-default\">\n\t\t\t\t\t<div class=\"elementor-column elementor-col-50 elementor-top-column elementor-element elementor-element-75c6c09\" data-id=\"75c6c09\" data-element_type=\"column\">\n\t\t\t<div class=\"elementor-widget-wrap elementor-element-populated\">\n\t\t\t\t\t\t<div class=\"elementor-element elementor-element-e5d074c elementor-widget elementor-widget-spacer\" data-id=\"e5d074c\" data-element_type=\"widget\" data-widget_type=\"spacer.default\">\n\t\t\t\t<div class=\"elementor-widget-container\">\n\t\t\t\t\t<div class=\"elementor-spacer\">\n\t\t\t<div class=\"elementor-spacer-inner\"><\/div>\n\t\t<\/div>\n\t\t\t\t<\/div>\n\t\t\t\t<\/div>\n\t\t\t\t<div class=\"elementor-element elementor-element-38a5942 elementor-widget elementor-widget-text-editor\" data-id=\"38a5942\" data-element_type=\"widget\" data-widget_type=\"text-editor.default\">\n\t\t\t\t<div class=\"elementor-widget-container\">\n\t\t\t\t\t\t\t<p>Otra ventaja es la documentaci\u00f3n. Todas las acciones realizadas se registran y documentan en informes. Toda la informaci\u00f3n intercambiada est\u00e1 disponible en cualquier momento en la cuenta configurada espec\u00edficamente para usted.   <br \/>Adem\u00e1s del an\u00e1lisis de fallas, tambi\u00e9n se pueden proporcionar formaciones del proceso, de mantenimiento y formaciones individuales por QSERF.<\/p>\n<p><strong>\u00a1Cont\u00e1ctanos!<\/strong><\/p>\n\t\t\t\t\t\t<\/div>\n\t\t\t\t<\/div>\n\t\t\t\t<div class=\"elementor-element elementor-element-b7babe4 elementor-widget elementor-widget-spacer\" data-id=\"b7babe4\" data-element_type=\"widget\" data-widget_type=\"spacer.default\">\n\t\t\t\t<div class=\"elementor-widget-container\">\n\t\t\t\t\t<div class=\"elementor-spacer\">\n\t\t\t<div class=\"elementor-spacer-inner\"><\/div>\n\t\t<\/div>\n\t\t\t\t<\/div>\n\t\t\t\t<\/div>\n\t\t\t\t\t<\/div>\n\t\t<\/div>\n\t\t\t\t<div class=\"elementor-column elementor-col-50 elementor-top-column elementor-element elementor-element-6b50787\" data-id=\"6b50787\" data-element_type=\"column\">\n\t\t\t<div class=\"elementor-widget-wrap elementor-element-populated\">\n\t\t\t\t\t\t<div class=\"elementor-element elementor-element-f68b5cb elementor-widget elementor-widget-spacer\" data-id=\"f68b5cb\" data-element_type=\"widget\" data-widget_type=\"spacer.default\">\n\t\t\t\t<div class=\"elementor-widget-container\">\n\t\t\t\t\t<div class=\"elementor-spacer\">\n\t\t\t<div class=\"elementor-spacer-inner\"><\/div>\n\t\t<\/div>\n\t\t\t\t<\/div>\n\t\t\t\t<\/div>\n\t\t\t\t<div class=\"elementor-element elementor-element-d6ef688 elementor-widget elementor-widget-image\" data-id=\"d6ef688\" data-element_type=\"widget\" data-widget_type=\"image.default\">\n\t\t\t\t<div class=\"elementor-widget-container\">\n\t\t\t\t\t\t\t\t\t\t<figure class=\"wp-caption\">\n\t\t\t\t\t\t\t\t\t\t<img decoding=\"async\" width=\"950\" height=\"633\" src=\"https:\/\/www.unicor.com\/wp-content\/uploads\/2021\/02\/Service_QSERF-3.jpg\" class=\"attachment-large size-large wp-image-10101\" alt=\"\" srcset=\"https:\/\/www.unicor.com\/wp-content\/uploads\/2021\/02\/Service_QSERF-3-300x200.jpg 300w, https:\/\/www.unicor.com\/wp-content\/uploads\/2021\/02\/Service_QSERF-3-560x373.jpg 560w, https:\/\/www.unicor.com\/wp-content\/uploads\/2021\/02\/Service_QSERF-3-768x512.jpg 768w, https:\/\/www.unicor.com\/wp-content\/uploads\/2021\/02\/Service_QSERF-3.jpg 950w\" sizes=\"(max-width: 950px) 100vw, 950px\" \/>\t\t\t\t\t\t\t\t\t\t\t<figcaption class=\"widget-image-caption wp-caption-text\">Atenci\u00f3n remota al cliente<\/figcaption>\n\t\t\t\t\t\t\t\t\t\t<\/figure>\n\t\t\t\t\t\t\t<\/div>\n\t\t\t\t<\/div>\n\t\t\t\t\t<\/div>\n\t\t<\/div>\n\t\t\t\t\t<\/div>\n\t\t<\/section>\n\t\t\t\t<\/div>\n\t\t","protected":false},"excerpt":{"rendered":"<p>QSERF CALIDAD \u2013 SERVICIO \u2013 FUTURO Ayuda r\u00e1pida gracias a gafas inteligentes El mantenimiento a distanc\u00eda ahorra costes y tiempo Muchos problemas ahora se pueden resolver r\u00e1pidamente de manera remota. Esto es en lo que tambi\u00e9n nos hemos centrado en UNICOR. Con nuestro innovador concepto QSERF, le controlamos directamente a la causa del error [&hellip;]<\/p>\n","protected":false},"author":5,"featured_media":0,"parent":10092,"menu_order":0,"comment_status":"closed","ping_status":"closed","template":"","meta":{"footnotes":""},"class_list":["post-10096","page","type-page","status-publish","hentry"],"yoast_head":"<!-- This site is optimized with the Yoast SEO plugin v24.0 - https:\/\/yoast.com\/wordpress\/plugins\/seo\/ -->\n<title>UNICOR - QSERF - \u00bfC\u00f3mo funciona el servicio de asistencia mundial?<\/title>\n<meta name=\"description\" content=\"Con nuestro concepto QSERF, le guiamos a trav\u00e9s de una videollamada y utilizando nuestras gafas inteligentes directamente a la causa de la aver\u00eda en la m\u00e1quina\" \/>\n<meta name=\"robots\" content=\"index, follow, max-snippet:-1, max-image-preview:large, max-video-preview:-1\" \/>\n<link rel=\"canonical\" href=\"https:\/\/www.unicor.com\/es\/servicios\/qserf\/\" \/>\n<meta property=\"og:locale\" content=\"es_ES\" \/>\n<meta property=\"og:type\" content=\"article\" \/>\n<meta property=\"og:title\" content=\"UNICOR - QSERF - \u00bfC\u00f3mo funciona el servicio de asistencia mundial?\" \/>\n<meta property=\"og:description\" content=\"Con nuestro concepto QSERF, le guiamos a trav\u00e9s de una videollamada y utilizando nuestras gafas inteligentes directamente a la causa de la aver\u00eda en la m\u00e1quina\" \/>\n<meta property=\"og:url\" content=\"https:\/\/www.unicor.com\/es\/servicios\/qserf\/\" \/>\n<meta property=\"og:site_name\" content=\"UNICOR\" \/>\n<meta property=\"article:modified_time\" content=\"2022-07-20T05:27:16+00:00\" \/>\n<meta name=\"twitter:card\" content=\"summary_large_image\" \/>\n<meta name=\"twitter:label1\" content=\"Tiempo de lectura\" \/>\n\t<meta name=\"twitter:data1\" content=\"2 minutos\" \/>\n<script type=\"application\/ld+json\" class=\"yoast-schema-graph\">{\"@context\":\"https:\/\/schema.org\",\"@graph\":[{\"@type\":\"WebPage\",\"@id\":\"https:\/\/www.unicor.com\/es\/servicios\/qserf\/\",\"url\":\"https:\/\/www.unicor.com\/es\/servicios\/qserf\/\",\"name\":\"UNICOR - QSERF - \u00bfC\u00f3mo funciona el servicio de asistencia mundial?\",\"isPartOf\":{\"@id\":\"https:\/\/www.unicor.com\/es\/#website\"},\"datePublished\":\"2021-04-29T12:48:01+00:00\",\"dateModified\":\"2022-07-20T05:27:16+00:00\",\"description\":\"Con nuestro concepto QSERF, le guiamos a trav\u00e9s de una videollamada y utilizando nuestras gafas inteligentes directamente a la causa de la aver\u00eda en la m\u00e1quina\",\"breadcrumb\":{\"@id\":\"https:\/\/www.unicor.com\/es\/servicios\/qserf\/#breadcrumb\"},\"inLanguage\":\"es\",\"potentialAction\":[{\"@type\":\"ReadAction\",\"target\":[\"https:\/\/www.unicor.com\/es\/servicios\/qserf\/\"]}]},{\"@type\":\"BreadcrumbList\",\"@id\":\"https:\/\/www.unicor.com\/es\/servicios\/qserf\/#breadcrumb\",\"itemListElement\":[{\"@type\":\"ListItem\",\"position\":1,\"name\":\"Home\",\"item\":\"https:\/\/www.unicor.com\/es\/\"},{\"@type\":\"ListItem\",\"position\":2,\"name\":\"Servicios\",\"item\":\"https:\/\/www.unicor.com\/es\/servicios\/\"},{\"@type\":\"ListItem\",\"position\":3,\"name\":\"QSERF\"}]},{\"@type\":\"WebSite\",\"@id\":\"https:\/\/www.unicor.com\/es\/#website\",\"url\":\"https:\/\/www.unicor.com\/es\/\",\"name\":\"UNICOR\",\"description\":\"\u00bb the corrugator experts \u00ab\",\"potentialAction\":[{\"@type\":\"SearchAction\",\"target\":{\"@type\":\"EntryPoint\",\"urlTemplate\":\"https:\/\/www.unicor.com\/es\/?s={search_term_string}\"},\"query-input\":{\"@type\":\"PropertyValueSpecification\",\"valueRequired\":true,\"valueName\":\"search_term_string\"}}],\"inLanguage\":\"es\"}]}<\/script>\n<!-- \/ Yoast SEO plugin. -->","yoast_head_json":{"title":"UNICOR - QSERF - \u00bfC\u00f3mo funciona el servicio de asistencia mundial?","description":"Con nuestro concepto QSERF, le guiamos a trav\u00e9s de una videollamada y utilizando nuestras gafas inteligentes directamente a la causa de la aver\u00eda en la m\u00e1quina","robots":{"index":"index","follow":"follow","max-snippet":"max-snippet:-1","max-image-preview":"max-image-preview:large","max-video-preview":"max-video-preview:-1"},"canonical":"https:\/\/www.unicor.com\/es\/servicios\/qserf\/","og_locale":"es_ES","og_type":"article","og_title":"UNICOR - QSERF - \u00bfC\u00f3mo funciona el servicio de asistencia mundial?","og_description":"Con nuestro concepto QSERF, le guiamos a trav\u00e9s de una videollamada y utilizando nuestras gafas inteligentes directamente a la causa de la aver\u00eda en la m\u00e1quina","og_url":"https:\/\/www.unicor.com\/es\/servicios\/qserf\/","og_site_name":"UNICOR","article_modified_time":"2022-07-20T05:27:16+00:00","twitter_card":"summary_large_image","twitter_misc":{"Tiempo de lectura":"2 minutos"},"schema":{"@context":"https:\/\/schema.org","@graph":[{"@type":"WebPage","@id":"https:\/\/www.unicor.com\/es\/servicios\/qserf\/","url":"https:\/\/www.unicor.com\/es\/servicios\/qserf\/","name":"UNICOR - QSERF - \u00bfC\u00f3mo funciona el servicio de asistencia mundial?","isPartOf":{"@id":"https:\/\/www.unicor.com\/es\/#website"},"datePublished":"2021-04-29T12:48:01+00:00","dateModified":"2022-07-20T05:27:16+00:00","description":"Con nuestro concepto QSERF, le guiamos a trav\u00e9s de una videollamada y utilizando nuestras gafas inteligentes directamente a la causa de la aver\u00eda en la m\u00e1quina","breadcrumb":{"@id":"https:\/\/www.unicor.com\/es\/servicios\/qserf\/#breadcrumb"},"inLanguage":"es","potentialAction":[{"@type":"ReadAction","target":["https:\/\/www.unicor.com\/es\/servicios\/qserf\/"]}]},{"@type":"BreadcrumbList","@id":"https:\/\/www.unicor.com\/es\/servicios\/qserf\/#breadcrumb","itemListElement":[{"@type":"ListItem","position":1,"name":"Home","item":"https:\/\/www.unicor.com\/es\/"},{"@type":"ListItem","position":2,"name":"Servicios","item":"https:\/\/www.unicor.com\/es\/servicios\/"},{"@type":"ListItem","position":3,"name":"QSERF"}]},{"@type":"WebSite","@id":"https:\/\/www.unicor.com\/es\/#website","url":"https:\/\/www.unicor.com\/es\/","name":"UNICOR","description":"\u00bb the corrugator experts \u00ab","potentialAction":[{"@type":"SearchAction","target":{"@type":"EntryPoint","urlTemplate":"https:\/\/www.unicor.com\/es\/?s={search_term_string}"},"query-input":{"@type":"PropertyValueSpecification","valueRequired":true,"valueName":"search_term_string"}}],"inLanguage":"es"}]}},"_links":{"self":[{"href":"https:\/\/www.unicor.com\/es\/wp-json\/wp\/v2\/pages\/10096","targetHints":{"allow":["GET"]}}],"collection":[{"href":"https:\/\/www.unicor.com\/es\/wp-json\/wp\/v2\/pages"}],"about":[{"href":"https:\/\/www.unicor.com\/es\/wp-json\/wp\/v2\/types\/page"}],"author":[{"embeddable":true,"href":"https:\/\/www.unicor.com\/es\/wp-json\/wp\/v2\/users\/5"}],"replies":[{"embeddable":true,"href":"https:\/\/www.unicor.com\/es\/wp-json\/wp\/v2\/comments?post=10096"}],"version-history":[{"count":6,"href":"https:\/\/www.unicor.com\/es\/wp-json\/wp\/v2\/pages\/10096\/revisions"}],"predecessor-version":[{"id":15140,"href":"https:\/\/www.unicor.com\/es\/wp-json\/wp\/v2\/pages\/10096\/revisions\/15140"}],"up":[{"embeddable":true,"href":"https:\/\/www.unicor.com\/es\/wp-json\/wp\/v2\/pages\/10092"}],"wp:attachment":[{"href":"https:\/\/www.unicor.com\/es\/wp-json\/wp\/v2\/media?parent=10096"}],"curies":[{"name":"wp","href":"https:\/\/api.w.org\/{rel}","templated":true}]}}