{"id":10069,"date":"2021-04-29T14:31:28","date_gmt":"2021-04-29T12:31:28","guid":{"rendered":"http:\/\/staging.unicor.eu\/aplicaciones\/medicina\/"},"modified":"2022-07-19T14:16:42","modified_gmt":"2022-07-19T12:16:42","slug":"medicina","status":"publish","type":"page","link":"https:\/\/www.unicor.com\/es\/aplicaciones\/medicina\/","title":{"rendered":"Medicina"},"content":{"rendered":"\t\t<div data-elementor-type=\"wp-page\" data-elementor-id=\"10069\" class=\"elementor elementor-10069 elementor-2762\" data-elementor-post-type=\"page\">\n\t\t\t\t\t\t<section class=\"elementor-section elementor-top-section elementor-element elementor-element-1536daf elementor-section-boxed elementor-section-height-default elementor-section-height-default\" data-id=\"1536daf\" data-element_type=\"section\">\n\t\t\t\t\t\t<div class=\"elementor-container elementor-column-gap-default\">\n\t\t\t\t\t<div class=\"elementor-column elementor-col-100 elementor-top-column elementor-element elementor-element-1690b3d\" data-id=\"1690b3d\" data-element_type=\"column\">\n\t\t\t<div class=\"elementor-widget-wrap\">\n\t\t\t\t\t\t\t<\/div>\n\t\t<\/div>\n\t\t\t\t\t<\/div>\n\t\t<\/section>\n\t\t\t\t<section class=\"elementor-section elementor-top-section elementor-element elementor-element-26fb9f09 elementor-section-full_width elementor-section-stretched elementor-section-height-default elementor-section-height-default\" data-id=\"26fb9f09\" data-element_type=\"section\" data-settings=\"{&quot;stretch_section&quot;:&quot;section-stretched&quot;}\">\n\t\t\t\t\t\t<div class=\"elementor-container elementor-column-gap-default\">\n\t\t\t\t\t<div class=\"elementor-column elementor-col-100 elementor-top-column elementor-element elementor-element-7bea704\" data-id=\"7bea704\" data-element_type=\"column\">\n\t\t\t<div class=\"elementor-widget-wrap elementor-element-populated\">\n\t\t\t\t\t\t<div class=\"elementor-element elementor-element-13a448ad elementor--h-position-center elementor--v-position-middle elementor-arrows-position-inside elementor-widget elementor-widget-slides\" data-id=\"13a448ad\" data-element_type=\"widget\" data-settings=\"{&quot;navigation&quot;:&quot;arrows&quot;,&quot;autoplay&quot;:&quot;yes&quot;,&quot;autoplay_speed&quot;:5000,&quot;infinite&quot;:&quot;yes&quot;,&quot;transition&quot;:&quot;slide&quot;,&quot;transition_speed&quot;:500}\" data-widget_type=\"slides.default\">\n\t\t\t\t<div class=\"elementor-widget-container\">\n\t\t\t\t\t<div class=\"elementor-swiper\">\n\t\t\t<div class=\"elementor-slides-wrapper elementor-main-swiper swiper\" dir=\"ltr\" data-animation=\"fadeInUp\">\n\t\t\t\t<div class=\"swiper-wrapper elementor-slides\">\n\t\t\t\t\t\t\t\t\t\t<div class=\"elementor-repeater-item-6091ad6 swiper-slide\"><div class=\"swiper-slide-bg\" role=\"img\"><\/div><div class=\"swiper-slide-inner\" ><div class=\"swiper-slide-contents\"><\/div><\/div><\/div>\t\t\t\t<\/div>\n\t\t\t\t\t\t\t<\/div>\n\t\t<\/div>\n\t\t\t\t<\/div>\n\t\t\t\t<\/div>\n\t\t\t\t\t<\/div>\n\t\t<\/div>\n\t\t\t\t\t<\/div>\n\t\t<\/section>\n\t\t\t\t<section class=\"elementor-section elementor-top-section elementor-element elementor-element-9abcb40 elementor-section-boxed elementor-section-height-default elementor-section-height-default\" data-id=\"9abcb40\" data-element_type=\"section\">\n\t\t\t\t\t\t<div class=\"elementor-container elementor-column-gap-default\">\n\t\t\t\t\t<div class=\"elementor-column elementor-col-100 elementor-top-column elementor-element elementor-element-e33eff0\" data-id=\"e33eff0\" data-element_type=\"column\">\n\t\t\t<div class=\"elementor-widget-wrap elementor-element-populated\">\n\t\t\t\t\t\t<div class=\"elementor-element elementor-element-2f02647 elementor-widget elementor-widget-breadcrumbs\" data-id=\"2f02647\" data-element_type=\"widget\" data-widget_type=\"breadcrumbs.default\">\n\t\t\t\t<div class=\"elementor-widget-container\">\n\t\t\t<p id=\"breadcrumbs\"><span><span><a href=\"https:\/\/www.unicor.com\/es\/\">Home<\/a><\/span><\/span><\/p>\t\t<\/div>\n\t\t\t\t<\/div>\n\t\t\t\t\t<\/div>\n\t\t<\/div>\n\t\t\t\t\t<\/div>\n\t\t<\/section>\n\t\t\t\t<section class=\"elementor-section elementor-top-section elementor-element elementor-element-9362618 elementor-section-boxed elementor-section-height-default elementor-section-height-default\" data-id=\"9362618\" data-element_type=\"section\">\n\t\t\t\t\t\t<div class=\"elementor-container elementor-column-gap-default\">\n\t\t\t\t\t<div class=\"elementor-column elementor-col-100 elementor-top-column elementor-element elementor-element-a9665f7\" data-id=\"a9665f7\" data-element_type=\"column\">\n\t\t\t<div class=\"elementor-widget-wrap elementor-element-populated\">\n\t\t\t\t\t\t<div class=\"elementor-element elementor-element-d91f774 elementor-widget elementor-widget-heading\" data-id=\"d91f774\" data-element_type=\"widget\" data-widget_type=\"heading.default\">\n\t\t\t\t<div class=\"elementor-widget-container\">\n\t\t\t<h1 class=\"elementor-heading-title elementor-size-default\">Medicina<\/h1>\t\t<\/div>\n\t\t\t\t<\/div>\n\t\t\t\t<div class=\"elementor-element elementor-element-b719e65 elementor-widget elementor-widget-heading\" data-id=\"b719e65\" data-element_type=\"widget\" data-widget_type=\"heading.default\">\n\t\t\t\t<div class=\"elementor-widget-container\">\n\t\t\t<h2 class=\"elementor-heading-title elementor-size-default\">Calidad que protege nuestra salud<\/h2>\t\t<\/div>\n\t\t\t\t<\/div>\n\t\t\t\t\t<\/div>\n\t\t<\/div>\n\t\t\t\t\t<\/div>\n\t\t<\/section>\n\t\t\t\t<section class=\"elementor-section elementor-top-section elementor-element elementor-element-18f5b9b elementor-section-stretched elementor-reverse-mobile elementor-section-boxed elementor-section-height-default elementor-section-height-default\" data-id=\"18f5b9b\" data-element_type=\"section\" data-settings=\"{&quot;stretch_section&quot;:&quot;section-stretched&quot;,&quot;background_background&quot;:&quot;classic&quot;}\">\n\t\t\t\t\t\t<div class=\"elementor-container elementor-column-gap-default\">\n\t\t\t\t\t<div class=\"elementor-column elementor-col-50 elementor-top-column elementor-element elementor-element-fb506d6\" data-id=\"fb506d6\" data-element_type=\"column\">\n\t\t\t<div class=\"elementor-widget-wrap elementor-element-populated\">\n\t\t\t\t\t\t<div class=\"elementor-element elementor-element-0d726d7 elementor-widget elementor-widget-spacer\" data-id=\"0d726d7\" data-element_type=\"widget\" data-widget_type=\"spacer.default\">\n\t\t\t\t<div class=\"elementor-widget-container\">\n\t\t\t\t\t<div class=\"elementor-spacer\">\n\t\t\t<div class=\"elementor-spacer-inner\"><\/div>\n\t\t<\/div>\n\t\t\t\t<\/div>\n\t\t\t\t<\/div>\n\t\t\t\t<div class=\"elementor-element elementor-element-65f0950 elementor-widget elementor-widget-text-editor\" data-id=\"65f0950\" data-element_type=\"widget\" data-widget_type=\"text-editor.default\">\n\t\t\t\t<div class=\"elementor-widget-container\">\n\t\t\t\t\t\t\t<h3>Flexible y estable en forma<\/h3>\n<p>La alta flexibilidad de los tubos corrugados, que se producen en las m\u00e1quinas de UNICOR, es ampliamente aceptada en el sector m\u00e9dico. Los tubos corrugados de UNICOR son particularmente populares entre los fabricantes de respiradores m\u00e9dicos o equipos para anestesia y apnea del sue\u00f1o. El \u00e1rea de aplicaci\u00f3n sensible el el sector m\u00e9dico en cuanto a est\u00e1ndares de higiene y la alta y segura calidad del producto han dado forma fundamental al desarrollo de m\u00e1quinas en UNICOR.  <\/p>\n<p>La promesa de calidad est\u00e1 anclada en todas las series. \u00a1Todas las industrias benefician de esta promesa! Pero con cada nuevo proyecto, nuevos desaf\u00edos vienen una y otra vez en la medicina, para lo cual UNICOR es el socio experto de desarrollo. Geometr\u00edas desafiantes o propiedades de materiales especiales de las tuber\u00edas corrugadas a producir son s\u00f3lo algunos ejemplos.   <\/p>\n\t\t\t\t\t\t<\/div>\n\t\t\t\t<\/div>\n\t\t\t\t<div class=\"elementor-element elementor-element-4ef6adf elementor-widget elementor-widget-spacer\" data-id=\"4ef6adf\" data-element_type=\"widget\" data-widget_type=\"spacer.default\">\n\t\t\t\t<div class=\"elementor-widget-container\">\n\t\t\t\t\t<div class=\"elementor-spacer\">\n\t\t\t<div class=\"elementor-spacer-inner\"><\/div>\n\t\t<\/div>\n\t\t\t\t<\/div>\n\t\t\t\t<\/div>\n\t\t\t\t\t<\/div>\n\t\t<\/div>\n\t\t\t\t<div class=\"elementor-column elementor-col-50 elementor-top-column elementor-element elementor-element-dccf9c8\" data-id=\"dccf9c8\" data-element_type=\"column\">\n\t\t\t<div class=\"elementor-widget-wrap elementor-element-populated\">\n\t\t\t\t\t\t<div class=\"elementor-element elementor-element-361ab3c elementor-widget elementor-widget-spacer\" data-id=\"361ab3c\" data-element_type=\"widget\" data-widget_type=\"spacer.default\">\n\t\t\t\t<div class=\"elementor-widget-container\">\n\t\t\t\t\t<div class=\"elementor-spacer\">\n\t\t\t<div class=\"elementor-spacer-inner\"><\/div>\n\t\t<\/div>\n\t\t\t\t<\/div>\n\t\t\t\t<\/div>\n\t\t\t\t<div class=\"elementor-element elementor-element-37acf51 elementor-widget elementor-widget-image\" data-id=\"37acf51\" data-element_type=\"widget\" data-widget_type=\"image.default\">\n\t\t\t\t<div class=\"elementor-widget-container\">\n\t\t\t\t\t\t\t\t\t\t<figure class=\"wp-caption\">\n\t\t\t\t\t\t\t\t\t\t<img fetchpriority=\"high\" decoding=\"async\" width=\"922\" height=\"519\" src=\"https:\/\/www.unicor.com\/wp-content\/uploads\/2021\/02\/shutterstock_1914322774.jpg\" class=\"attachment-large size-large wp-image-10058\" alt=\"\" srcset=\"https:\/\/www.unicor.com\/wp-content\/uploads\/2021\/02\/shutterstock_1914322774-260x147.jpg 260w, https:\/\/www.unicor.com\/wp-content\/uploads\/2021\/02\/shutterstock_1914322774-300x169.jpg 300w, https:\/\/www.unicor.com\/wp-content\/uploads\/2021\/02\/shutterstock_1914322774-360x203.jpg 360w, https:\/\/www.unicor.com\/wp-content\/uploads\/2021\/02\/shutterstock_1914322774-480x271.jpg 480w, https:\/\/www.unicor.com\/wp-content\/uploads\/2021\/02\/shutterstock_1914322774-560x315.jpg 560w, https:\/\/www.unicor.com\/wp-content\/uploads\/2021\/02\/shutterstock_1914322774-660x371.jpg 660w, https:\/\/www.unicor.com\/wp-content\/uploads\/2021\/02\/shutterstock_1914322774-768x432.jpg 768w, https:\/\/www.unicor.com\/wp-content\/uploads\/2021\/02\/shutterstock_1914322774.jpg 922w\" sizes=\"(max-width: 922px) 100vw, 922px\" \/>\t\t\t\t\t\t\t\t\t\t\t<figcaption class=\"widget-image-caption wp-caption-text\">Tubos corrugados para el uso en medicina<\/figcaption>\n\t\t\t\t\t\t\t\t\t\t<\/figure>\n\t\t\t\t\t\t\t<\/div>\n\t\t\t\t<\/div>\n\t\t\t\t\t<\/div>\n\t\t<\/div>\n\t\t\t\t\t<\/div>\n\t\t<\/section>\n\t\t\t\t<section class=\"elementor-section elementor-top-section elementor-element elementor-element-c74c841 elementor-section-stretched elementor-section-boxed elementor-section-height-default elementor-section-height-default\" data-id=\"c74c841\" data-element_type=\"section\" data-settings=\"{&quot;stretch_section&quot;:&quot;section-stretched&quot;,&quot;background_background&quot;:&quot;classic&quot;}\">\n\t\t\t\t\t\t<div class=\"elementor-container elementor-column-gap-default\">\n\t\t\t\t\t<div class=\"elementor-column elementor-col-50 elementor-top-column elementor-element elementor-element-1cb8752\" data-id=\"1cb8752\" data-element_type=\"column\">\n\t\t\t<div class=\"elementor-widget-wrap elementor-element-populated\">\n\t\t\t\t\t\t<div class=\"elementor-element elementor-element-f982d0d elementor-widget elementor-widget-spacer\" data-id=\"f982d0d\" data-element_type=\"widget\" data-widget_type=\"spacer.default\">\n\t\t\t\t<div class=\"elementor-widget-container\">\n\t\t\t\t\t<div class=\"elementor-spacer\">\n\t\t\t<div class=\"elementor-spacer-inner\"><\/div>\n\t\t<\/div>\n\t\t\t\t<\/div>\n\t\t\t\t<\/div>\n\t\t\t\t<div class=\"elementor-element elementor-element-00e4c3e elementor-widget elementor-widget-image\" data-id=\"00e4c3e\" data-element_type=\"widget\" data-widget_type=\"image.default\">\n\t\t\t\t<div class=\"elementor-widget-container\">\n\t\t\t\t\t\t\t\t\t\t<figure class=\"wp-caption\">\n\t\t\t\t\t\t\t\t\t\t<img decoding=\"async\" width=\"950\" height=\"633\" src=\"https:\/\/www.unicor.com\/wp-content\/uploads\/2021\/02\/Medizin-1.jpg\" class=\"attachment-large size-large wp-image-10074\" alt=\"\" srcset=\"https:\/\/www.unicor.com\/wp-content\/uploads\/2021\/02\/Medizin-1-300x200.jpg 300w, https:\/\/www.unicor.com\/wp-content\/uploads\/2021\/02\/Medizin-1-560x373.jpg 560w, https:\/\/www.unicor.com\/wp-content\/uploads\/2021\/02\/Medizin-1-768x512.jpg 768w, https:\/\/www.unicor.com\/wp-content\/uploads\/2021\/02\/Medizin-1.jpg 950w\" sizes=\"(max-width: 950px) 100vw, 950px\" \/>\t\t\t\t\t\t\t\t\t\t\t<figcaption class=\"widget-image-caption wp-caption-text\">Tubo corrugado calentado para respiradores<\/figcaption>\n\t\t\t\t\t\t\t\t\t\t<\/figure>\n\t\t\t\t\t\t\t<\/div>\n\t\t\t\t<\/div>\n\t\t\t\t\t<\/div>\n\t\t<\/div>\n\t\t\t\t<div class=\"elementor-column elementor-col-50 elementor-top-column elementor-element elementor-element-6742be1\" data-id=\"6742be1\" data-element_type=\"column\">\n\t\t\t<div class=\"elementor-widget-wrap elementor-element-populated\">\n\t\t\t\t\t\t<div class=\"elementor-element elementor-element-858aab6 elementor-widget elementor-widget-spacer\" data-id=\"858aab6\" data-element_type=\"widget\" data-widget_type=\"spacer.default\">\n\t\t\t\t<div class=\"elementor-widget-container\">\n\t\t\t\t\t<div class=\"elementor-spacer\">\n\t\t\t<div class=\"elementor-spacer-inner\"><\/div>\n\t\t<\/div>\n\t\t\t\t<\/div>\n\t\t\t\t<\/div>\n\t\t\t\t<div class=\"elementor-element elementor-element-ea994c9 elementor-widget elementor-widget-text-editor\" data-id=\"ea994c9\" data-element_type=\"widget\" data-widget_type=\"text-editor.default\">\n\t\t\t\t<div class=\"elementor-widget-container\">\n\t\t\t\t\t\t\t<h3>M\u00e1xima flexibilidad de Vario<\/h3>\n<p>Equipado con la refrigeraci\u00f3n por agua indirecta y energ\u00e9ticamente muy eficiente de UNICOR as\u00ed como un juego del canal central muy bajo, se producen tubos corrugados de alta calidad.<\/p>\n<p>Con los corrugadores Vario, los clientes son muy flexibles en cuanto a los rendimientos de producci\u00f3n, simplemente hay que extender la m\u00e1quina y llegar a una producci\u00f3n doble. Los clientes pueden comenzar con un corrugador peque\u00f1o y extenderlo m\u00e1s tarde dependiente de la utilizaci\u00f3n individual de la producci\u00f3n. <\/p>\n<p>Los par\u00e1metros de producci\u00f3n se pueden memorizar a trav\u00e9s de la t\u00e9cnica de control integrada de la gesti\u00f3n multiproducto y la calidad del producto puede ser reproducido en cualquier momento.<\/p>\n\t\t\t\t\t\t<\/div>\n\t\t\t\t<\/div>\n\t\t\t\t<div class=\"elementor-element elementor-element-313fe66 elementor-widget elementor-widget-spacer\" data-id=\"313fe66\" data-element_type=\"widget\" data-widget_type=\"spacer.default\">\n\t\t\t\t<div class=\"elementor-widget-container\">\n\t\t\t\t\t<div class=\"elementor-spacer\">\n\t\t\t<div class=\"elementor-spacer-inner\"><\/div>\n\t\t<\/div>\n\t\t\t\t<\/div>\n\t\t\t\t<\/div>\n\t\t\t\t\t<\/div>\n\t\t<\/div>\n\t\t\t\t\t<\/div>\n\t\t<\/section>\n\t\t\t\t<section class=\"elementor-section elementor-top-section elementor-element elementor-element-b3afda0 elementor-section-stretched elementor-section-boxed elementor-section-height-default elementor-section-height-default\" data-id=\"b3afda0\" data-element_type=\"section\" data-settings=\"{&quot;stretch_section&quot;:&quot;section-stretched&quot;,&quot;background_background&quot;:&quot;classic&quot;}\">\n\t\t\t\t\t\t<div class=\"elementor-container elementor-column-gap-default\">\n\t\t\t\t\t<div class=\"elementor-column elementor-col-50 elementor-top-column elementor-element elementor-element-4de04bf\" data-id=\"4de04bf\" data-element_type=\"column\">\n\t\t\t<div class=\"elementor-widget-wrap elementor-element-populated\">\n\t\t\t\t\t\t<div class=\"elementor-element elementor-element-226349a elementor-widget elementor-widget-spacer\" data-id=\"226349a\" data-element_type=\"widget\" data-widget_type=\"spacer.default\">\n\t\t\t\t<div class=\"elementor-widget-container\">\n\t\t\t\t\t<div class=\"elementor-spacer\">\n\t\t\t<div class=\"elementor-spacer-inner\"><\/div>\n\t\t<\/div>\n\t\t\t\t<\/div>\n\t\t\t\t<\/div>\n\t\t\t\t<div class=\"elementor-element elementor-element-4d2ebb6 elementor-widget elementor-widget-text-editor\" data-id=\"4d2ebb6\" data-element_type=\"widget\" data-widget_type=\"text-editor.default\">\n\t\t\t\t<div class=\"elementor-widget-container\">\n\t\t\t\t\t\t\t<h3>Beneficios en el sector m\u00e9dico<\/h3>\n<ul>\n<li>Comodidad de uso agradable de las m\u00e1scaras de respirador debido a las propiedades muy flexibles y suaves de los tubos corrugados<\/li>\n<li>Muy estable y sin pandeo durante el transporte de ox\u00edgeno por la estructura corrugada<\/li>\n<li>Di\u00e1metro interior desde 3 mm posible<\/li>\n<li>Boquillas en forma de l\u00ednea con varias geometr\u00edas y formas especiales se pueden producir en un paso de trabajo<\/li>\n<li>Combinaciones de materiales adaptadas individualmente a las propiedades requeridas del producto final<\/li>\n<\/ul>\n\t\t\t\t\t\t<\/div>\n\t\t\t\t<\/div>\n\t\t\t\t\t<\/div>\n\t\t<\/div>\n\t\t\t\t<div class=\"elementor-column elementor-col-50 elementor-top-column elementor-element elementor-element-ca88339\" data-id=\"ca88339\" data-element_type=\"column\">\n\t\t\t<div class=\"elementor-widget-wrap elementor-element-populated\">\n\t\t\t\t\t\t<div class=\"elementor-element elementor-element-d6cb293 elementor-widget elementor-widget-spacer\" data-id=\"d6cb293\" data-element_type=\"widget\" data-widget_type=\"spacer.default\">\n\t\t\t\t<div class=\"elementor-widget-container\">\n\t\t\t\t\t<div class=\"elementor-spacer\">\n\t\t\t<div class=\"elementor-spacer-inner\"><\/div>\n\t\t<\/div>\n\t\t\t\t<\/div>\n\t\t\t\t<\/div>\n\t\t\t\t<div class=\"elementor-element elementor-element-2ccb1f5 elementor-widget elementor-widget-image\" data-id=\"2ccb1f5\" data-element_type=\"widget\" data-widget_type=\"image.default\">\n\t\t\t\t<div class=\"elementor-widget-container\">\n\t\t\t\t\t\t\t\t\t\t\t\t\t\t<a href=\"https:\/\/www.unicor.com\/corrugadores\/corrugadores-pequenos\/?lang=es\">\n\t\t\t\t\t\t\t<img decoding=\"async\" width=\"1024\" height=\"769\" src=\"https:\/\/www.unicor.com\/wp-content\/uploads\/2021\/02\/UC58_Vario.jpg\" class=\"attachment-large size-large wp-image-10077\" alt=\"\" srcset=\"https:\/\/www.unicor.com\/wp-content\/uploads\/2021\/02\/UC58_Vario-260x195.jpg 260w, https:\/\/www.unicor.com\/wp-content\/uploads\/2021\/02\/UC58_Vario-300x225.jpg 300w, https:\/\/www.unicor.com\/wp-content\/uploads\/2021\/02\/UC58_Vario-360x270.jpg 360w, https:\/\/www.unicor.com\/wp-content\/uploads\/2021\/02\/UC58_Vario-480x360.jpg 480w, https:\/\/www.unicor.com\/wp-content\/uploads\/2021\/02\/UC58_Vario-560x421.jpg 560w, https:\/\/www.unicor.com\/wp-content\/uploads\/2021\/02\/UC58_Vario-660x495.jpg 660w, https:\/\/www.unicor.com\/wp-content\/uploads\/2021\/02\/UC58_Vario-760x571.jpg 760w, https:\/\/www.unicor.com\/wp-content\/uploads\/2021\/02\/UC58_Vario-768x577.jpg 768w, https:\/\/www.unicor.com\/wp-content\/uploads\/2021\/02\/UC58_Vario.jpg 1024w\" sizes=\"(max-width: 1024px) 100vw, 1024px\" \/>\t\t\t\t\t\t\t\t<\/a>\n\t\t\t\t\t\t\t\t\t\t\t\t\t<\/div>\n\t\t\t\t<\/div>\n\t\t\t\t<div class=\"elementor-element elementor-element-a21a76a elementor-widget elementor-widget-spacer\" data-id=\"a21a76a\" data-element_type=\"widget\" data-widget_type=\"spacer.default\">\n\t\t\t\t<div class=\"elementor-widget-container\">\n\t\t\t\t\t<div class=\"elementor-spacer\">\n\t\t\t<div class=\"elementor-spacer-inner\"><\/div>\n\t\t<\/div>\n\t\t\t\t<\/div>\n\t\t\t\t<\/div>\n\t\t\t\t\t<\/div>\n\t\t<\/div>\n\t\t\t\t\t<\/div>\n\t\t<\/section>\n\t\t\t\t<\/div>\n\t\t","protected":false},"excerpt":{"rendered":"<p>Medicina Calidad que protege nuestra salud Flexible y estable en forma La alta flexibilidad de los tubos corrugados, que se producen en las m\u00e1quinas de UNICOR, es ampliamente aceptada en el sector m\u00e9dico. Los tubos corrugados de UNICOR son particularmente populares entre los fabricantes de respiradores m\u00e9dicos o equipos para anestesia y apnea del [&hellip;]<\/p>\n","protected":false},"author":5,"featured_media":0,"parent":9993,"menu_order":0,"comment_status":"closed","ping_status":"closed","template":"","meta":{"footnotes":""},"class_list":["post-10069","page","type-page","status-publish","hentry"],"yoast_head":"<!-- This site is optimized with the Yoast SEO plugin v24.0 - https:\/\/yoast.com\/wordpress\/plugins\/seo\/ -->\n<title>UNICOR - Medicina - Calidad que protege nuestra salud<\/title>\n<meta name=\"description\" content=\"La gran flexibilidad de los tubos corrugados de respiracion producidos con corrugadores de UNICOR es especialmente apreciada por los fabricantes de equipos m\u00e9dicos de respiraci\u00f3n.\" \/>\n<meta name=\"robots\" content=\"index, follow, max-snippet:-1, max-image-preview:large, max-video-preview:-1\" \/>\n<link rel=\"canonical\" href=\"https:\/\/www.unicor.com\/es\/aplicaciones\/medicina\/\" \/>\n<meta property=\"og:locale\" content=\"es_ES\" \/>\n<meta property=\"og:type\" content=\"article\" \/>\n<meta property=\"og:title\" content=\"UNICOR - Medicina - Calidad que protege nuestra salud\" \/>\n<meta property=\"og:description\" content=\"La gran flexibilidad de los tubos corrugados de respiracion producidos con corrugadores de UNICOR es especialmente apreciada por los fabricantes de equipos m\u00e9dicos de respiraci\u00f3n.\" \/>\n<meta property=\"og:url\" content=\"https:\/\/www.unicor.com\/es\/aplicaciones\/medicina\/\" \/>\n<meta property=\"og:site_name\" content=\"UNICOR\" \/>\n<meta property=\"article:modified_time\" content=\"2022-07-19T12:16:42+00:00\" \/>\n<meta name=\"twitter:card\" content=\"summary_large_image\" \/>\n<meta name=\"twitter:label1\" content=\"Tiempo de lectura\" \/>\n\t<meta name=\"twitter:data1\" content=\"3 minutos\" \/>\n<script type=\"application\/ld+json\" class=\"yoast-schema-graph\">{\"@context\":\"https:\/\/schema.org\",\"@graph\":[{\"@type\":\"WebPage\",\"@id\":\"https:\/\/www.unicor.com\/es\/aplicaciones\/medicina\/\",\"url\":\"https:\/\/www.unicor.com\/es\/aplicaciones\/medicina\/\",\"name\":\"UNICOR - Medicina - Calidad que protege nuestra salud\",\"isPartOf\":{\"@id\":\"https:\/\/www.unicor.com\/es\/#website\"},\"datePublished\":\"2021-04-29T12:31:28+00:00\",\"dateModified\":\"2022-07-19T12:16:42+00:00\",\"description\":\"La gran flexibilidad de los tubos corrugados de respiracion producidos con corrugadores de UNICOR es especialmente apreciada por los fabricantes de equipos m\u00e9dicos de respiraci\u00f3n.\",\"breadcrumb\":{\"@id\":\"https:\/\/www.unicor.com\/es\/aplicaciones\/medicina\/#breadcrumb\"},\"inLanguage\":\"es\",\"potentialAction\":[{\"@type\":\"ReadAction\",\"target\":[\"https:\/\/www.unicor.com\/es\/aplicaciones\/medicina\/\"]}]},{\"@type\":\"BreadcrumbList\",\"@id\":\"https:\/\/www.unicor.com\/es\/aplicaciones\/medicina\/#breadcrumb\",\"itemListElement\":[{\"@type\":\"ListItem\",\"position\":1,\"name\":\"Home\",\"item\":\"https:\/\/www.unicor.com\/es\/\"},{\"@type\":\"ListItem\",\"position\":2,\"name\":\"Aplicaciones\",\"item\":\"https:\/\/www.unicor.com\/es\/aplicaciones\/\"},{\"@type\":\"ListItem\",\"position\":3,\"name\":\"Medicina\"}]},{\"@type\":\"WebSite\",\"@id\":\"https:\/\/www.unicor.com\/es\/#website\",\"url\":\"https:\/\/www.unicor.com\/es\/\",\"name\":\"UNICOR\",\"description\":\"\u00bb the corrugator experts \u00ab\",\"potentialAction\":[{\"@type\":\"SearchAction\",\"target\":{\"@type\":\"EntryPoint\",\"urlTemplate\":\"https:\/\/www.unicor.com\/es\/?s={search_term_string}\"},\"query-input\":{\"@type\":\"PropertyValueSpecification\",\"valueRequired\":true,\"valueName\":\"search_term_string\"}}],\"inLanguage\":\"es\"}]}<\/script>\n<!-- \/ Yoast SEO plugin. -->","yoast_head_json":{"title":"UNICOR - Medicina - Calidad que protege nuestra salud","description":"La gran flexibilidad de los tubos corrugados de respiracion producidos con corrugadores de UNICOR es especialmente apreciada por los fabricantes de equipos m\u00e9dicos de respiraci\u00f3n.","robots":{"index":"index","follow":"follow","max-snippet":"max-snippet:-1","max-image-preview":"max-image-preview:large","max-video-preview":"max-video-preview:-1"},"canonical":"https:\/\/www.unicor.com\/es\/aplicaciones\/medicina\/","og_locale":"es_ES","og_type":"article","og_title":"UNICOR - Medicina - Calidad que protege nuestra salud","og_description":"La gran flexibilidad de los tubos corrugados de respiracion producidos con corrugadores de UNICOR es especialmente apreciada por los fabricantes de equipos m\u00e9dicos de respiraci\u00f3n.","og_url":"https:\/\/www.unicor.com\/es\/aplicaciones\/medicina\/","og_site_name":"UNICOR","article_modified_time":"2022-07-19T12:16:42+00:00","twitter_card":"summary_large_image","twitter_misc":{"Tiempo de lectura":"3 minutos"},"schema":{"@context":"https:\/\/schema.org","@graph":[{"@type":"WebPage","@id":"https:\/\/www.unicor.com\/es\/aplicaciones\/medicina\/","url":"https:\/\/www.unicor.com\/es\/aplicaciones\/medicina\/","name":"UNICOR - Medicina - Calidad que protege nuestra salud","isPartOf":{"@id":"https:\/\/www.unicor.com\/es\/#website"},"datePublished":"2021-04-29T12:31:28+00:00","dateModified":"2022-07-19T12:16:42+00:00","description":"La gran flexibilidad de los tubos corrugados de respiracion producidos con corrugadores de UNICOR es especialmente apreciada por los fabricantes de equipos m\u00e9dicos de respiraci\u00f3n.","breadcrumb":{"@id":"https:\/\/www.unicor.com\/es\/aplicaciones\/medicina\/#breadcrumb"},"inLanguage":"es","potentialAction":[{"@type":"ReadAction","target":["https:\/\/www.unicor.com\/es\/aplicaciones\/medicina\/"]}]},{"@type":"BreadcrumbList","@id":"https:\/\/www.unicor.com\/es\/aplicaciones\/medicina\/#breadcrumb","itemListElement":[{"@type":"ListItem","position":1,"name":"Home","item":"https:\/\/www.unicor.com\/es\/"},{"@type":"ListItem","position":2,"name":"Aplicaciones","item":"https:\/\/www.unicor.com\/es\/aplicaciones\/"},{"@type":"ListItem","position":3,"name":"Medicina"}]},{"@type":"WebSite","@id":"https:\/\/www.unicor.com\/es\/#website","url":"https:\/\/www.unicor.com\/es\/","name":"UNICOR","description":"\u00bb the corrugator experts \u00ab","potentialAction":[{"@type":"SearchAction","target":{"@type":"EntryPoint","urlTemplate":"https:\/\/www.unicor.com\/es\/?s={search_term_string}"},"query-input":{"@type":"PropertyValueSpecification","valueRequired":true,"valueName":"search_term_string"}}],"inLanguage":"es"}]}},"_links":{"self":[{"href":"https:\/\/www.unicor.com\/es\/wp-json\/wp\/v2\/pages\/10069","targetHints":{"allow":["GET"]}}],"collection":[{"href":"https:\/\/www.unicor.com\/es\/wp-json\/wp\/v2\/pages"}],"about":[{"href":"https:\/\/www.unicor.com\/es\/wp-json\/wp\/v2\/types\/page"}],"author":[{"embeddable":true,"href":"https:\/\/www.unicor.com\/es\/wp-json\/wp\/v2\/users\/5"}],"replies":[{"embeddable":true,"href":"https:\/\/www.unicor.com\/es\/wp-json\/wp\/v2\/comments?post=10069"}],"version-history":[{"count":7,"href":"https:\/\/www.unicor.com\/es\/wp-json\/wp\/v2\/pages\/10069\/revisions"}],"predecessor-version":[{"id":15125,"href":"https:\/\/www.unicor.com\/es\/wp-json\/wp\/v2\/pages\/10069\/revisions\/15125"}],"up":[{"embeddable":true,"href":"https:\/\/www.unicor.com\/es\/wp-json\/wp\/v2\/pages\/9993"}],"wp:attachment":[{"href":"https:\/\/www.unicor.com\/es\/wp-json\/wp\/v2\/media?parent=10069"}],"curies":[{"name":"wp","href":"https:\/\/api.w.org\/{rel}","templated":true}]}}