{"id":10063,"date":"2021-04-29T14:26:54","date_gmt":"2021-04-29T12:26:54","guid":{"rendered":"http:\/\/staging.unicor.eu\/aplicaciones\/automovil\/"},"modified":"2024-03-13T15:28:30","modified_gmt":"2024-03-13T14:28:30","slug":"automovil","status":"publish","type":"page","link":"https:\/\/www.unicor.com\/es\/aplicaciones\/automovil\/","title":{"rendered":"Autom\u00f3vil"},"content":{"rendered":"\t\t<div data-elementor-type=\"wp-page\" data-elementor-id=\"10063\" class=\"elementor elementor-10063 elementor-2751\" data-elementor-post-type=\"page\">\n\t\t\t\t\t\t<section class=\"elementor-section elementor-top-section elementor-element elementor-element-012890a elementor-section-boxed elementor-section-height-default elementor-section-height-default\" data-id=\"012890a\" data-element_type=\"section\">\n\t\t\t\t\t\t<div class=\"elementor-container elementor-column-gap-default\">\n\t\t\t\t\t<div class=\"elementor-column elementor-col-100 elementor-top-column elementor-element elementor-element-2d74dd9\" data-id=\"2d74dd9\" data-element_type=\"column\">\n\t\t\t<div class=\"elementor-widget-wrap\">\n\t\t\t\t\t\t\t<\/div>\n\t\t<\/div>\n\t\t\t\t\t<\/div>\n\t\t<\/section>\n\t\t\t\t<section class=\"elementor-section elementor-top-section elementor-element elementor-element-2b5e65a elementor-section-full_width elementor-section-stretched elementor-section-height-default elementor-section-height-default\" data-id=\"2b5e65a\" data-element_type=\"section\" data-settings=\"{&quot;stretch_section&quot;:&quot;section-stretched&quot;}\">\n\t\t\t\t\t\t<div class=\"elementor-container elementor-column-gap-default\">\n\t\t\t\t\t<div class=\"elementor-column elementor-col-100 elementor-top-column elementor-element elementor-element-f520689\" data-id=\"f520689\" data-element_type=\"column\">\n\t\t\t<div class=\"elementor-widget-wrap elementor-element-populated\">\n\t\t\t\t\t\t<div class=\"elementor-element elementor-element-9a16128 elementor--h-position-center elementor--v-position-middle elementor-arrows-position-inside elementor-widget elementor-widget-slides\" data-id=\"9a16128\" data-element_type=\"widget\" data-settings=\"{&quot;navigation&quot;:&quot;arrows&quot;,&quot;autoplay&quot;:&quot;yes&quot;,&quot;autoplay_speed&quot;:5000,&quot;infinite&quot;:&quot;yes&quot;,&quot;transition&quot;:&quot;slide&quot;,&quot;transition_speed&quot;:500}\" data-widget_type=\"slides.default\">\n\t\t\t\t<div class=\"elementor-widget-container\">\n\t\t\t\t\t<div class=\"elementor-swiper\">\n\t\t\t<div class=\"elementor-slides-wrapper elementor-main-swiper swiper\" dir=\"ltr\" data-animation=\"fadeInUp\">\n\t\t\t\t<div class=\"swiper-wrapper elementor-slides\">\n\t\t\t\t\t\t\t\t\t\t<div class=\"elementor-repeater-item-6091ad6 swiper-slide\"><div class=\"swiper-slide-bg\" role=\"img\"><\/div><div class=\"swiper-slide-inner\" ><div class=\"swiper-slide-contents\"><\/div><\/div><\/div>\t\t\t\t<\/div>\n\t\t\t\t\t\t\t<\/div>\n\t\t<\/div>\n\t\t\t\t<\/div>\n\t\t\t\t<\/div>\n\t\t\t\t\t<\/div>\n\t\t<\/div>\n\t\t\t\t\t<\/div>\n\t\t<\/section>\n\t\t\t\t<section class=\"elementor-section elementor-top-section elementor-element elementor-element-950fe59 elementor-section-boxed elementor-section-height-default elementor-section-height-default\" data-id=\"950fe59\" data-element_type=\"section\">\n\t\t\t\t\t\t<div class=\"elementor-container elementor-column-gap-default\">\n\t\t\t\t\t<div class=\"elementor-column elementor-col-100 elementor-top-column elementor-element elementor-element-b8cae5f\" data-id=\"b8cae5f\" data-element_type=\"column\">\n\t\t\t<div class=\"elementor-widget-wrap elementor-element-populated\">\n\t\t\t\t\t\t<div class=\"elementor-element elementor-element-d75db40 elementor-widget elementor-widget-breadcrumbs\" data-id=\"d75db40\" data-element_type=\"widget\" data-widget_type=\"breadcrumbs.default\">\n\t\t\t\t<div class=\"elementor-widget-container\">\n\t\t\t<p id=\"breadcrumbs\"><span><span><a href=\"https:\/\/www.unicor.com\/es\/\">Home<\/a><\/span><\/span><\/p>\t\t<\/div>\n\t\t\t\t<\/div>\n\t\t\t\t\t<\/div>\n\t\t<\/div>\n\t\t\t\t\t<\/div>\n\t\t<\/section>\n\t\t\t\t<section class=\"elementor-section elementor-top-section elementor-element elementor-element-f181dde elementor-section-boxed elementor-section-height-default elementor-section-height-default\" data-id=\"f181dde\" data-element_type=\"section\">\n\t\t\t\t\t\t<div class=\"elementor-container elementor-column-gap-default\">\n\t\t\t\t\t<div class=\"elementor-column elementor-col-100 elementor-top-column elementor-element elementor-element-7d79be8\" data-id=\"7d79be8\" data-element_type=\"column\">\n\t\t\t<div class=\"elementor-widget-wrap elementor-element-populated\">\n\t\t\t\t\t\t<div class=\"elementor-element elementor-element-a921b28 elementor-widget elementor-widget-heading\" data-id=\"a921b28\" data-element_type=\"widget\" data-widget_type=\"heading.default\">\n\t\t\t\t<div class=\"elementor-widget-container\">\n\t\t\t<h1 class=\"elementor-heading-title elementor-size-default\">Autom\u00f3vil<\/h1>\t\t<\/div>\n\t\t\t\t<\/div>\n\t\t\t\t<div class=\"elementor-element elementor-element-9b1a4c0 elementor-widget elementor-widget-heading\" data-id=\"9b1a4c0\" data-element_type=\"widget\" data-widget_type=\"heading.default\">\n\t\t\t\t<div class=\"elementor-widget-container\">\n\t\t\t<h2 class=\"elementor-heading-title elementor-size-default\">La fiabilidad tiene un nombre<\/h2>\t\t<\/div>\n\t\t\t\t<\/div>\n\t\t\t\t\t<\/div>\n\t\t<\/div>\n\t\t\t\t\t<\/div>\n\t\t<\/section>\n\t\t\t\t<section class=\"elementor-section elementor-top-section elementor-element elementor-element-2c890a0 elementor-section-stretched elementor-reverse-mobile elementor-section-boxed elementor-section-height-default elementor-section-height-default\" data-id=\"2c890a0\" data-element_type=\"section\" data-settings=\"{&quot;stretch_section&quot;:&quot;section-stretched&quot;,&quot;background_background&quot;:&quot;classic&quot;}\">\n\t\t\t\t\t\t<div class=\"elementor-container elementor-column-gap-default\">\n\t\t\t\t\t<div class=\"elementor-column elementor-col-50 elementor-top-column elementor-element elementor-element-64f37b0\" data-id=\"64f37b0\" data-element_type=\"column\">\n\t\t\t<div class=\"elementor-widget-wrap elementor-element-populated\">\n\t\t\t\t\t\t<div class=\"elementor-element elementor-element-e99d8e4 elementor-widget elementor-widget-spacer\" data-id=\"e99d8e4\" data-element_type=\"widget\" data-widget_type=\"spacer.default\">\n\t\t\t\t<div class=\"elementor-widget-container\">\n\t\t\t\t\t<div class=\"elementor-spacer\">\n\t\t\t<div class=\"elementor-spacer-inner\"><\/div>\n\t\t<\/div>\n\t\t\t\t<\/div>\n\t\t\t\t<\/div>\n\t\t\t\t<div class=\"elementor-element elementor-element-4fae947 elementor-widget elementor-widget-text-editor\" data-id=\"4fae947\" data-element_type=\"widget\" data-widget_type=\"text-editor.default\">\n\t\t\t\t<div class=\"elementor-widget-container\">\n\t\t\t\t\t\t\t<h3>Una relaci\u00f3n creciente<\/h3>\n<p>Estamos familiarizados con los requisitos del sector autom\u00f3vil debido a nuestra cooperaci\u00f3n con los principales fabricantes durante d\u00e9cadas. Podemos producir tubos corrugados en nuestras m\u00e1quinas desde tan solo 3 mm de di\u00e1metro interior. Nuestras m\u00e1quinas est\u00e1n configuradas especialmente para la producci\u00f3n de componentes cr\u00edticos como arneses de cableado o tuber\u00eda de combustible y otros fluidos.  <\/p><\/p>\n\t\t\t\t\t\t<\/div>\n\t\t\t\t<\/div>\n\t\t\t\t\t<\/div>\n\t\t<\/div>\n\t\t\t\t<div class=\"elementor-column elementor-col-50 elementor-top-column elementor-element elementor-element-4442ff6\" data-id=\"4442ff6\" data-element_type=\"column\">\n\t\t\t<div class=\"elementor-widget-wrap elementor-element-populated\">\n\t\t\t\t\t\t<div class=\"elementor-element elementor-element-310fd94 elementor-widget elementor-widget-spacer\" data-id=\"310fd94\" data-element_type=\"widget\" data-widget_type=\"spacer.default\">\n\t\t\t\t<div class=\"elementor-widget-container\">\n\t\t\t\t\t<div class=\"elementor-spacer\">\n\t\t\t<div class=\"elementor-spacer-inner\"><\/div>\n\t\t<\/div>\n\t\t\t\t<\/div>\n\t\t\t\t<\/div>\n\t\t\t\t<div class=\"elementor-element elementor-element-bfd4464 elementor-widget elementor-widget-image\" data-id=\"bfd4464\" data-element_type=\"widget\" data-widget_type=\"image.default\">\n\t\t\t\t<div class=\"elementor-widget-container\">\n\t\t\t\t\t\t\t\t\t\t<figure class=\"wp-caption\">\n\t\t\t\t\t\t\t\t\t\t<img fetchpriority=\"high\" decoding=\"async\" width=\"858\" height=\"570\" src=\"https:\/\/www.unicor.com\/wp-content\/uploads\/2021\/02\/shutterstock_112695757.jpg\" class=\"attachment-large size-large wp-image-9217\" alt=\"\" srcset=\"https:\/\/www.unicor.com\/wp-content\/uploads\/2021\/02\/shutterstock_112695757-300x199.jpg 300w, https:\/\/www.unicor.com\/wp-content\/uploads\/2021\/02\/shutterstock_112695757-560x372.jpg 560w, https:\/\/www.unicor.com\/wp-content\/uploads\/2021\/02\/shutterstock_112695757-768x510.jpg 768w, https:\/\/www.unicor.com\/wp-content\/uploads\/2021\/02\/shutterstock_112695757.jpg 858w\" sizes=\"(max-width: 858px) 100vw, 858px\" \/>\t\t\t\t\t\t\t\t\t\t\t<figcaption class=\"widget-image-caption wp-caption-text\">Protecci\u00f3n de cable en el compartimiento del motor<\/figcaption>\n\t\t\t\t\t\t\t\t\t\t<\/figure>\n\t\t\t\t\t\t\t<\/div>\n\t\t\t\t<\/div>\n\t\t\t\t\t<\/div>\n\t\t<\/div>\n\t\t\t\t\t<\/div>\n\t\t<\/section>\n\t\t\t\t<section class=\"elementor-section elementor-top-section elementor-element elementor-element-23374d1 elementor-section-stretched elementor-section-boxed elementor-section-height-default elementor-section-height-default\" data-id=\"23374d1\" data-element_type=\"section\" data-settings=\"{&quot;stretch_section&quot;:&quot;section-stretched&quot;,&quot;background_background&quot;:&quot;classic&quot;}\">\n\t\t\t\t\t\t<div class=\"elementor-container elementor-column-gap-default\">\n\t\t\t\t\t<div class=\"elementor-column elementor-col-50 elementor-top-column elementor-element elementor-element-10556c7\" data-id=\"10556c7\" data-element_type=\"column\">\n\t\t\t<div class=\"elementor-widget-wrap elementor-element-populated\">\n\t\t\t\t\t\t<div class=\"elementor-element elementor-element-00e3528 elementor-widget elementor-widget-spacer\" data-id=\"00e3528\" data-element_type=\"widget\" data-widget_type=\"spacer.default\">\n\t\t\t\t<div class=\"elementor-widget-container\">\n\t\t\t\t\t<div class=\"elementor-spacer\">\n\t\t\t<div class=\"elementor-spacer-inner\"><\/div>\n\t\t<\/div>\n\t\t\t\t<\/div>\n\t\t\t\t<\/div>\n\t\t\t\t<div class=\"elementor-element elementor-element-d46e323 elementor-widget elementor-widget-image\" data-id=\"d46e323\" data-element_type=\"widget\" data-widget_type=\"image.default\">\n\t\t\t\t<div class=\"elementor-widget-container\">\n\t\t\t\t\t\t\t\t\t\t<figure class=\"wp-caption\">\n\t\t\t\t\t\t\t\t\t\t<img decoding=\"async\" width=\"950\" height=\"633\" src=\"https:\/\/www.unicor.com\/wp-content\/uploads\/2021\/02\/Automobil-2.jpg\" class=\"attachment-large size-large wp-image-9218\" alt=\"\" srcset=\"https:\/\/www.unicor.com\/wp-content\/uploads\/2021\/02\/Automobil-2-300x200.jpg 300w, https:\/\/www.unicor.com\/wp-content\/uploads\/2021\/02\/Automobil-2-560x373.jpg 560w, https:\/\/www.unicor.com\/wp-content\/uploads\/2021\/02\/Automobil-2-768x512.jpg 768w, https:\/\/www.unicor.com\/wp-content\/uploads\/2021\/02\/Automobil-2.jpg 950w\" sizes=\"(max-width: 950px) 100vw, 950px\" \/>\t\t\t\t\t\t\t\t\t\t\t<figcaption class=\"widget-image-caption wp-caption-text\">Tubo de cremallera para la industria automotriz<\/figcaption>\n\t\t\t\t\t\t\t\t\t\t<\/figure>\n\t\t\t\t\t\t\t<\/div>\n\t\t\t\t<\/div>\n\t\t\t\t\t<\/div>\n\t\t<\/div>\n\t\t\t\t<div class=\"elementor-column elementor-col-50 elementor-top-column elementor-element elementor-element-f2cc9d3\" data-id=\"f2cc9d3\" data-element_type=\"column\">\n\t\t\t<div class=\"elementor-widget-wrap elementor-element-populated\">\n\t\t\t\t\t\t<div class=\"elementor-element elementor-element-a35ba64 elementor-widget elementor-widget-spacer\" data-id=\"a35ba64\" data-element_type=\"widget\" data-widget_type=\"spacer.default\">\n\t\t\t\t<div class=\"elementor-widget-container\">\n\t\t\t\t\t<div class=\"elementor-spacer\">\n\t\t\t<div class=\"elementor-spacer-inner\"><\/div>\n\t\t<\/div>\n\t\t\t\t<\/div>\n\t\t\t\t<\/div>\n\t\t\t\t<div class=\"elementor-element elementor-element-dd58f21 elementor-widget elementor-widget-text-editor\" data-id=\"dd58f21\" data-element_type=\"widget\" data-widget_type=\"text-editor.default\">\n\t\t\t\t<div class=\"elementor-widget-container\">\n\t\t\t\t\t\t\t<h3>\u00a1Cumplimos lo que prometemos!<\/h3>\n<p>Nuestros ingenieros t\u00e9cnicos y t\u00e9cnicos de aplicaciones expertos constantemente aportan nuevos desaf\u00edos en el desarrollo de proyectos, que resultan en componentes nuevos e individuales para los clientes. UNICOR ha desarrollado m\u00e1quinas de peque\u00f1as series espec\u00edficamente para la industria autom\u00f3vil, que han tenido en cuenta todos los requisitos del sector. Equipado con la refrigeraci\u00f3n por agua indirecta y energ\u00e9ticamente muy eficiente de UNICOR para refrigerar los bloques de molde de acero y con un juego del canal central muy bajo, se producen tubos corrugados de alta calidad.  <\/p>\n<p>Con los corrugadores Vario, los clientes pueden p<strong>roducir sus productos sin desechos<\/strong>, simplemente hay que complementar m\u00f3dulos y bloques de molde y adaptar la longitud de la cadena de los bloques de molde al producto final. Por lo tanto, una amplia variedad de longitudes del producto se pueden producir en una sola m\u00e1quina. <\/p>\n<p>Modelos de corrugadores, especialmente desarrollados en versiones de alta temperatura, permiten el procesamiento perfecto de materiales pol\u00edmeros especiales.<\/p>\n<p>Los par\u00e1metros de producci\u00f3n se pueden memorizar a trav\u00e9s de la t\u00e9cnica de control integrada de la gesti\u00f3n multiproducto y la calidad del producto puede ser reproducido en cualquier momento.<\/p>\n\t\t\t\t\t\t<\/div>\n\t\t\t\t<\/div>\n\t\t\t\t<div class=\"elementor-element elementor-element-5b6ef19 elementor-widget elementor-widget-spacer\" data-id=\"5b6ef19\" data-element_type=\"widget\" data-widget_type=\"spacer.default\">\n\t\t\t\t<div class=\"elementor-widget-container\">\n\t\t\t\t\t<div class=\"elementor-spacer\">\n\t\t\t<div class=\"elementor-spacer-inner\"><\/div>\n\t\t<\/div>\n\t\t\t\t<\/div>\n\t\t\t\t<\/div>\n\t\t\t\t\t<\/div>\n\t\t<\/div>\n\t\t\t\t\t<\/div>\n\t\t<\/section>\n\t\t\t\t<section class=\"elementor-section elementor-top-section elementor-element elementor-element-65e0ff6 elementor-section-stretched elementor-section-boxed elementor-section-height-default elementor-section-height-default\" data-id=\"65e0ff6\" data-element_type=\"section\" data-settings=\"{&quot;stretch_section&quot;:&quot;section-stretched&quot;,&quot;background_background&quot;:&quot;classic&quot;}\">\n\t\t\t\t\t\t<div class=\"elementor-container elementor-column-gap-default\">\n\t\t\t\t\t<div class=\"elementor-column elementor-col-50 elementor-top-column elementor-element elementor-element-81ada25\" data-id=\"81ada25\" data-element_type=\"column\">\n\t\t\t<div class=\"elementor-widget-wrap elementor-element-populated\">\n\t\t\t\t\t\t<div class=\"elementor-element elementor-element-9c62c4c elementor-widget elementor-widget-spacer\" data-id=\"9c62c4c\" data-element_type=\"widget\" data-widget_type=\"spacer.default\">\n\t\t\t\t<div class=\"elementor-widget-container\">\n\t\t\t\t\t<div class=\"elementor-spacer\">\n\t\t\t<div class=\"elementor-spacer-inner\"><\/div>\n\t\t<\/div>\n\t\t\t\t<\/div>\n\t\t\t\t<\/div>\n\t\t\t\t<div class=\"elementor-element elementor-element-27e1710 elementor-widget elementor-widget-text-editor\" data-id=\"27e1710\" data-element_type=\"widget\" data-widget_type=\"text-editor.default\">\n\t\t\t\t<div class=\"elementor-widget-container\">\n\t\t\t\t\t\t\t<h3>Ventajas en aplicaciones del sector autom\u00f3vil:<\/h3>\n<ul>\n<li>Buena resistencia al calor al uso de materiales pl\u00e1sticos como PA6.12 o PFA<\/li>\n<li>Protecci\u00f3n de componentes por material no conductor<\/li>\n<li>Instalaci\u00f3n f\u00e1cil y r\u00e1pida en el interior del veh\u00edculo, incluso con peque\u00f1os radios de flexi\u00f3n o espacios de instalaci\u00f3n restringidos<\/li>\n<li>Muy robusto contra influencias externas como el calor, el fr\u00edo, el polvo o el fregado<\/li>\n<li>Instalaci\u00f3n posterior de tubos de protecci\u00f3n de cables facilitada por medio de tubos corrugados ranurados<\/li>\n<li>Buena estabilidad debido a la estructura corrugada<\/li>\n<li>Di\u00e1metro interior desde 3 mm posible<\/li>\n<li>Boquillas en forma de l\u00ednea y varias geometr\u00edas y formas especiales se pueden producir en un paso de trabajo<\/li>\n<li>Combinaciones de materiales adaptadas individualmente a las propiedades requeridas del producto final<\/li>\n<\/ul>\n\t\t\t\t\t\t<\/div>\n\t\t\t\t<\/div>\n\t\t\t\t\t<\/div>\n\t\t<\/div>\n\t\t\t\t<div class=\"elementor-column elementor-col-50 elementor-top-column elementor-element elementor-element-8b71a44\" data-id=\"8b71a44\" data-element_type=\"column\">\n\t\t\t<div class=\"elementor-widget-wrap elementor-element-populated\">\n\t\t\t\t\t\t<div class=\"elementor-element elementor-element-b9e9af6 elementor-widget elementor-widget-spacer\" data-id=\"b9e9af6\" data-element_type=\"widget\" data-widget_type=\"spacer.default\">\n\t\t\t\t<div class=\"elementor-widget-container\">\n\t\t\t\t\t<div class=\"elementor-spacer\">\n\t\t\t<div class=\"elementor-spacer-inner\"><\/div>\n\t\t<\/div>\n\t\t\t\t<\/div>\n\t\t\t\t<\/div>\n\t\t\t\t<div class=\"elementor-element elementor-element-2630c19 elementor-widget elementor-widget-image\" data-id=\"2630c19\" data-element_type=\"widget\" data-widget_type=\"image.default\">\n\t\t\t\t<div class=\"elementor-widget-container\">\n\t\t\t\t\t\t\t\t\t\t\t\t\t\t<a href=\"https:\/\/www.unicor.com\/corrugadores\/corrugadores-pequenos\/?lang=es\">\n\t\t\t\t\t\t\t<img decoding=\"async\" width=\"1000\" height=\"750\" src=\"https:\/\/www.unicor.com\/wp-content\/uploads\/2021\/02\/UC15.jpg\" class=\"attachment-large size-large wp-image-9219\" alt=\"\" srcset=\"https:\/\/www.unicor.com\/wp-content\/uploads\/2021\/02\/UC15-260x195.jpg 260w, https:\/\/www.unicor.com\/wp-content\/uploads\/2021\/02\/UC15-300x225.jpg 300w, https:\/\/www.unicor.com\/wp-content\/uploads\/2021\/02\/UC15-360x270.jpg 360w, https:\/\/www.unicor.com\/wp-content\/uploads\/2021\/02\/UC15-480x360.jpg 480w, https:\/\/www.unicor.com\/wp-content\/uploads\/2021\/02\/UC15-560x420.jpg 560w, https:\/\/www.unicor.com\/wp-content\/uploads\/2021\/02\/UC15-660x495.jpg 660w, https:\/\/www.unicor.com\/wp-content\/uploads\/2021\/02\/UC15-760x571.jpg 760w, https:\/\/www.unicor.com\/wp-content\/uploads\/2021\/02\/UC15-768x576.jpg 768w, https:\/\/www.unicor.com\/wp-content\/uploads\/2021\/02\/UC15.jpg 1000w\" sizes=\"(max-width: 1000px) 100vw, 1000px\" \/>\t\t\t\t\t\t\t\t<\/a>\n\t\t\t\t\t\t\t\t\t\t\t\t\t<\/div>\n\t\t\t\t<\/div>\n\t\t\t\t<div class=\"elementor-element elementor-element-9a65043 elementor-widget elementor-widget-spacer\" data-id=\"9a65043\" data-element_type=\"widget\" data-widget_type=\"spacer.default\">\n\t\t\t\t<div class=\"elementor-widget-container\">\n\t\t\t\t\t<div class=\"elementor-spacer\">\n\t\t\t<div class=\"elementor-spacer-inner\"><\/div>\n\t\t<\/div>\n\t\t\t\t<\/div>\n\t\t\t\t<\/div>\n\t\t\t\t\t<\/div>\n\t\t<\/div>\n\t\t\t\t\t<\/div>\n\t\t<\/section>\n\t\t\t\t<\/div>\n\t\t","protected":false},"excerpt":{"rendered":"<p>Autom\u00f3vil La fiabilidad tiene un nombre Una relaci\u00f3n creciente Estamos familiarizados con los requisitos del sector autom\u00f3vil debido a nuestra cooperaci\u00f3n con los principales fabricantes durante d\u00e9cadas. Podemos producir tubos corrugados en nuestras m\u00e1quinas desde tan solo 3 mm de di\u00e1metro interior. Nuestras m\u00e1quinas est\u00e1n configuradas especialmente para la producci\u00f3n de componentes cr\u00edticos como [&hellip;]<\/p>\n","protected":false},"author":5,"featured_media":0,"parent":9993,"menu_order":0,"comment_status":"closed","ping_status":"closed","template":"","meta":{"footnotes":""},"class_list":["post-10063","page","type-page","status-publish","hentry"],"yoast_head":"<!-- This site is optimized with the Yoast SEO plugin v24.0 - https:\/\/yoast.com\/wordpress\/plugins\/seo\/ -->\n<title>UNICOR - Autom\u00f3vil - La fiabilidad tiene un nombre<\/title>\n<meta name=\"description\" content=\"Nuestros corrugadores est\u00e1n configurados espec\u00edficamente para la producci\u00f3n de componentes cr\u00edticos como mazos de cables o l\u00edneas de combustible\" \/>\n<meta name=\"robots\" content=\"index, follow, max-snippet:-1, max-image-preview:large, max-video-preview:-1\" \/>\n<link rel=\"canonical\" href=\"https:\/\/www.unicor.com\/es\/aplicaciones\/automovil\/\" \/>\n<meta property=\"og:locale\" content=\"es_ES\" \/>\n<meta property=\"og:type\" content=\"article\" \/>\n<meta property=\"og:title\" content=\"UNICOR - Autom\u00f3vil - La fiabilidad tiene un nombre\" \/>\n<meta property=\"og:description\" content=\"Nuestros corrugadores est\u00e1n configurados espec\u00edficamente para la producci\u00f3n de componentes cr\u00edticos como mazos de cables o l\u00edneas de combustible\" \/>\n<meta property=\"og:url\" content=\"https:\/\/www.unicor.com\/es\/aplicaciones\/automovil\/\" \/>\n<meta property=\"og:site_name\" content=\"UNICOR\" \/>\n<meta property=\"article:modified_time\" content=\"2024-03-13T14:28:30+00:00\" \/>\n<meta name=\"twitter:card\" content=\"summary_large_image\" \/>\n<meta name=\"twitter:label1\" content=\"Tiempo de lectura\" \/>\n\t<meta name=\"twitter:data1\" content=\"3 minutos\" \/>\n<script type=\"application\/ld+json\" class=\"yoast-schema-graph\">{\"@context\":\"https:\/\/schema.org\",\"@graph\":[{\"@type\":\"WebPage\",\"@id\":\"https:\/\/www.unicor.com\/es\/aplicaciones\/automovil\/\",\"url\":\"https:\/\/www.unicor.com\/es\/aplicaciones\/automovil\/\",\"name\":\"UNICOR - Autom\u00f3vil - La fiabilidad tiene un nombre\",\"isPartOf\":{\"@id\":\"https:\/\/www.unicor.com\/es\/#website\"},\"datePublished\":\"2021-04-29T12:26:54+00:00\",\"dateModified\":\"2024-03-13T14:28:30+00:00\",\"description\":\"Nuestros corrugadores est\u00e1n configurados espec\u00edficamente para la producci\u00f3n de componentes cr\u00edticos como mazos de cables o l\u00edneas de combustible\",\"breadcrumb\":{\"@id\":\"https:\/\/www.unicor.com\/es\/aplicaciones\/automovil\/#breadcrumb\"},\"inLanguage\":\"es\",\"potentialAction\":[{\"@type\":\"ReadAction\",\"target\":[\"https:\/\/www.unicor.com\/es\/aplicaciones\/automovil\/\"]}]},{\"@type\":\"BreadcrumbList\",\"@id\":\"https:\/\/www.unicor.com\/es\/aplicaciones\/automovil\/#breadcrumb\",\"itemListElement\":[{\"@type\":\"ListItem\",\"position\":1,\"name\":\"Home\",\"item\":\"https:\/\/www.unicor.com\/es\/\"},{\"@type\":\"ListItem\",\"position\":2,\"name\":\"Aplicaciones\",\"item\":\"https:\/\/www.unicor.com\/es\/aplicaciones\/\"},{\"@type\":\"ListItem\",\"position\":3,\"name\":\"Autom\u00f3vil\"}]},{\"@type\":\"WebSite\",\"@id\":\"https:\/\/www.unicor.com\/es\/#website\",\"url\":\"https:\/\/www.unicor.com\/es\/\",\"name\":\"UNICOR\",\"description\":\"\u00bb the corrugator experts \u00ab\",\"potentialAction\":[{\"@type\":\"SearchAction\",\"target\":{\"@type\":\"EntryPoint\",\"urlTemplate\":\"https:\/\/www.unicor.com\/es\/?s={search_term_string}\"},\"query-input\":{\"@type\":\"PropertyValueSpecification\",\"valueRequired\":true,\"valueName\":\"search_term_string\"}}],\"inLanguage\":\"es\"}]}<\/script>\n<!-- \/ Yoast SEO plugin. -->","yoast_head_json":{"title":"UNICOR - Autom\u00f3vil - La fiabilidad tiene un nombre","description":"Nuestros corrugadores est\u00e1n configurados espec\u00edficamente para la producci\u00f3n de componentes cr\u00edticos como mazos de cables o l\u00edneas de combustible","robots":{"index":"index","follow":"follow","max-snippet":"max-snippet:-1","max-image-preview":"max-image-preview:large","max-video-preview":"max-video-preview:-1"},"canonical":"https:\/\/www.unicor.com\/es\/aplicaciones\/automovil\/","og_locale":"es_ES","og_type":"article","og_title":"UNICOR - Autom\u00f3vil - La fiabilidad tiene un nombre","og_description":"Nuestros corrugadores est\u00e1n configurados espec\u00edficamente para la producci\u00f3n de componentes cr\u00edticos como mazos de cables o l\u00edneas de combustible","og_url":"https:\/\/www.unicor.com\/es\/aplicaciones\/automovil\/","og_site_name":"UNICOR","article_modified_time":"2024-03-13T14:28:30+00:00","twitter_card":"summary_large_image","twitter_misc":{"Tiempo de lectura":"3 minutos"},"schema":{"@context":"https:\/\/schema.org","@graph":[{"@type":"WebPage","@id":"https:\/\/www.unicor.com\/es\/aplicaciones\/automovil\/","url":"https:\/\/www.unicor.com\/es\/aplicaciones\/automovil\/","name":"UNICOR - Autom\u00f3vil - La fiabilidad tiene un nombre","isPartOf":{"@id":"https:\/\/www.unicor.com\/es\/#website"},"datePublished":"2021-04-29T12:26:54+00:00","dateModified":"2024-03-13T14:28:30+00:00","description":"Nuestros corrugadores est\u00e1n configurados espec\u00edficamente para la producci\u00f3n de componentes cr\u00edticos como mazos de cables o l\u00edneas de combustible","breadcrumb":{"@id":"https:\/\/www.unicor.com\/es\/aplicaciones\/automovil\/#breadcrumb"},"inLanguage":"es","potentialAction":[{"@type":"ReadAction","target":["https:\/\/www.unicor.com\/es\/aplicaciones\/automovil\/"]}]},{"@type":"BreadcrumbList","@id":"https:\/\/www.unicor.com\/es\/aplicaciones\/automovil\/#breadcrumb","itemListElement":[{"@type":"ListItem","position":1,"name":"Home","item":"https:\/\/www.unicor.com\/es\/"},{"@type":"ListItem","position":2,"name":"Aplicaciones","item":"https:\/\/www.unicor.com\/es\/aplicaciones\/"},{"@type":"ListItem","position":3,"name":"Autom\u00f3vil"}]},{"@type":"WebSite","@id":"https:\/\/www.unicor.com\/es\/#website","url":"https:\/\/www.unicor.com\/es\/","name":"UNICOR","description":"\u00bb the corrugator experts \u00ab","potentialAction":[{"@type":"SearchAction","target":{"@type":"EntryPoint","urlTemplate":"https:\/\/www.unicor.com\/es\/?s={search_term_string}"},"query-input":{"@type":"PropertyValueSpecification","valueRequired":true,"valueName":"search_term_string"}}],"inLanguage":"es"}]}},"_links":{"self":[{"href":"https:\/\/www.unicor.com\/es\/wp-json\/wp\/v2\/pages\/10063","targetHints":{"allow":["GET"]}}],"collection":[{"href":"https:\/\/www.unicor.com\/es\/wp-json\/wp\/v2\/pages"}],"about":[{"href":"https:\/\/www.unicor.com\/es\/wp-json\/wp\/v2\/types\/page"}],"author":[{"embeddable":true,"href":"https:\/\/www.unicor.com\/es\/wp-json\/wp\/v2\/users\/5"}],"replies":[{"embeddable":true,"href":"https:\/\/www.unicor.com\/es\/wp-json\/wp\/v2\/comments?post=10063"}],"version-history":[{"count":14,"href":"https:\/\/www.unicor.com\/es\/wp-json\/wp\/v2\/pages\/10063\/revisions"}],"predecessor-version":[{"id":17526,"href":"https:\/\/www.unicor.com\/es\/wp-json\/wp\/v2\/pages\/10063\/revisions\/17526"}],"up":[{"embeddable":true,"href":"https:\/\/www.unicor.com\/es\/wp-json\/wp\/v2\/pages\/9993"}],"wp:attachment":[{"href":"https:\/\/www.unicor.com\/es\/wp-json\/wp\/v2\/media?parent=10063"}],"curies":[{"name":"wp","href":"https:\/\/api.w.org\/{rel}","templated":true}]}}