{"id":10047,"date":"2021-04-29T14:01:05","date_gmt":"2021-04-29T12:01:05","guid":{"rendered":"http:\/\/staging.unicor.eu\/aplicaciones\/instalacion-electrica\/"},"modified":"2024-03-13T15:24:42","modified_gmt":"2024-03-13T14:24:42","slug":"instalacion-electrica","status":"publish","type":"page","link":"https:\/\/www.unicor.com\/es\/aplicaciones\/instalacion-electrica\/","title":{"rendered":"Instalaci\u00f3n el\u00e9ctrica"},"content":{"rendered":"\t\t<div data-elementor-type=\"wp-page\" data-elementor-id=\"10047\" class=\"elementor elementor-10047 elementor-2773\" data-elementor-post-type=\"page\">\n\t\t\t\t\t\t<section class=\"elementor-section elementor-top-section elementor-element elementor-element-67f4153 elementor-section-boxed elementor-section-height-default elementor-section-height-default\" data-id=\"67f4153\" data-element_type=\"section\">\n\t\t\t\t\t\t<div class=\"elementor-container elementor-column-gap-default\">\n\t\t\t\t\t<div class=\"elementor-column elementor-col-100 elementor-top-column elementor-element elementor-element-a41ce60\" data-id=\"a41ce60\" data-element_type=\"column\">\n\t\t\t<div class=\"elementor-widget-wrap\">\n\t\t\t\t\t\t\t<\/div>\n\t\t<\/div>\n\t\t\t\t\t<\/div>\n\t\t<\/section>\n\t\t\t\t<section class=\"elementor-section elementor-top-section elementor-element elementor-element-ce575b0 elementor-section-full_width elementor-section-stretched elementor-section-height-default elementor-section-height-default\" data-id=\"ce575b0\" data-element_type=\"section\" data-settings=\"{&quot;stretch_section&quot;:&quot;section-stretched&quot;}\">\n\t\t\t\t\t\t<div class=\"elementor-container elementor-column-gap-default\">\n\t\t\t\t\t<div class=\"elementor-column elementor-col-100 elementor-top-column elementor-element elementor-element-6922507\" data-id=\"6922507\" data-element_type=\"column\">\n\t\t\t<div class=\"elementor-widget-wrap elementor-element-populated\">\n\t\t\t\t\t\t<div class=\"elementor-element elementor-element-9146746 elementor--h-position-center elementor--v-position-middle elementor-arrows-position-inside elementor-widget elementor-widget-slides\" data-id=\"9146746\" data-element_type=\"widget\" data-settings=\"{&quot;navigation&quot;:&quot;arrows&quot;,&quot;autoplay&quot;:&quot;yes&quot;,&quot;autoplay_speed&quot;:5000,&quot;infinite&quot;:&quot;yes&quot;,&quot;transition&quot;:&quot;slide&quot;,&quot;transition_speed&quot;:500}\" data-widget_type=\"slides.default\">\n\t\t\t\t<div class=\"elementor-widget-container\">\n\t\t\t\t\t<div class=\"elementor-swiper\">\n\t\t\t<div class=\"elementor-slides-wrapper elementor-main-swiper swiper\" dir=\"ltr\" data-animation=\"fadeInUp\">\n\t\t\t\t<div class=\"swiper-wrapper elementor-slides\">\n\t\t\t\t\t\t\t\t\t\t<div class=\"elementor-repeater-item-6091ad6 swiper-slide\"><div class=\"swiper-slide-bg\" role=\"img\"><\/div><div class=\"swiper-slide-inner\" ><div class=\"swiper-slide-contents\"><\/div><\/div><\/div>\t\t\t\t<\/div>\n\t\t\t\t\t\t\t<\/div>\n\t\t<\/div>\n\t\t\t\t<\/div>\n\t\t\t\t<\/div>\n\t\t\t\t\t<\/div>\n\t\t<\/div>\n\t\t\t\t\t<\/div>\n\t\t<\/section>\n\t\t\t\t<section class=\"elementor-section elementor-top-section elementor-element elementor-element-47c1f9a elementor-section-boxed elementor-section-height-default elementor-section-height-default\" data-id=\"47c1f9a\" data-element_type=\"section\">\n\t\t\t\t\t\t<div class=\"elementor-container elementor-column-gap-default\">\n\t\t\t\t\t<div class=\"elementor-column elementor-col-100 elementor-top-column elementor-element elementor-element-c5b1e23\" data-id=\"c5b1e23\" data-element_type=\"column\">\n\t\t\t<div class=\"elementor-widget-wrap elementor-element-populated\">\n\t\t\t\t\t\t<div class=\"elementor-element elementor-element-33f3e52 elementor-widget elementor-widget-breadcrumbs\" data-id=\"33f3e52\" data-element_type=\"widget\" data-widget_type=\"breadcrumbs.default\">\n\t\t\t\t<div class=\"elementor-widget-container\">\n\t\t\t<p id=\"breadcrumbs\"><span><span><a href=\"https:\/\/www.unicor.com\/es\/\">Home<\/a><\/span><\/span><\/p>\t\t<\/div>\n\t\t\t\t<\/div>\n\t\t\t\t\t<\/div>\n\t\t<\/div>\n\t\t\t\t\t<\/div>\n\t\t<\/section>\n\t\t\t\t<section class=\"elementor-section elementor-top-section elementor-element elementor-element-4224bae elementor-section-boxed elementor-section-height-default elementor-section-height-default\" data-id=\"4224bae\" data-element_type=\"section\">\n\t\t\t\t\t\t<div class=\"elementor-container elementor-column-gap-default\">\n\t\t\t\t\t<div class=\"elementor-column elementor-col-100 elementor-top-column elementor-element elementor-element-73594a9\" data-id=\"73594a9\" data-element_type=\"column\">\n\t\t\t<div class=\"elementor-widget-wrap elementor-element-populated\">\n\t\t\t\t\t\t<div class=\"elementor-element elementor-element-e34cbbc elementor-widget elementor-widget-heading\" data-id=\"e34cbbc\" data-element_type=\"widget\" data-widget_type=\"heading.default\">\n\t\t\t\t<div class=\"elementor-widget-container\">\n\t\t\t<h1 class=\"elementor-heading-title elementor-size-default\">Instalaci\u00f3n el\u00e9ctrica<\/h1>\t\t<\/div>\n\t\t\t\t<\/div>\n\t\t\t\t<div class=\"elementor-element elementor-element-ff89dba elementor-widget elementor-widget-heading\" data-id=\"ff89dba\" data-element_type=\"widget\" data-widget_type=\"heading.default\">\n\t\t\t\t<div class=\"elementor-widget-container\">\n\t\t\t<h2 class=\"elementor-heading-title elementor-size-default\">Manejo sencillo y flexible<\/h2>\t\t<\/div>\n\t\t\t\t<\/div>\n\t\t\t\t\t<\/div>\n\t\t<\/div>\n\t\t\t\t\t<\/div>\n\t\t<\/section>\n\t\t\t\t<section class=\"elementor-section elementor-top-section elementor-element elementor-element-2f4225a elementor-section-stretched elementor-reverse-mobile elementor-section-boxed elementor-section-height-default elementor-section-height-default\" data-id=\"2f4225a\" data-element_type=\"section\" data-settings=\"{&quot;stretch_section&quot;:&quot;section-stretched&quot;,&quot;background_background&quot;:&quot;classic&quot;}\">\n\t\t\t\t\t\t<div class=\"elementor-container elementor-column-gap-default\">\n\t\t\t\t\t<div class=\"elementor-column elementor-col-50 elementor-top-column elementor-element elementor-element-5d43af0\" data-id=\"5d43af0\" data-element_type=\"column\">\n\t\t\t<div class=\"elementor-widget-wrap elementor-element-populated\">\n\t\t\t\t\t\t<div class=\"elementor-element elementor-element-2213896 elementor-widget elementor-widget-spacer\" data-id=\"2213896\" data-element_type=\"widget\" data-widget_type=\"spacer.default\">\n\t\t\t\t<div class=\"elementor-widget-container\">\n\t\t\t\t\t<div class=\"elementor-spacer\">\n\t\t\t<div class=\"elementor-spacer-inner\"><\/div>\n\t\t<\/div>\n\t\t\t\t<\/div>\n\t\t\t\t<\/div>\n\t\t\t\t<div class=\"elementor-element elementor-element-865acfe elementor-widget elementor-widget-text-editor\" data-id=\"865acfe\" data-element_type=\"widget\" data-widget_type=\"text-editor.default\">\n\t\t\t\t<div class=\"elementor-widget-container\">\n\t\t\t\t\t\t\t<h3>Nueva generaci\u00f3n de tubos corrugados<\/h3>\n<p>Los tubos corrugados de pol\u00edmeros una pared casi siempre se utilizan como instalaciones de tubos vac\u00edos en la construcci\u00f3n de viviendas y edificios. Debido a su flexibilidad y alta resistencia, se utilizan en una variedad de formas. La nueva generaci\u00f3n de tubos corrugados tiene una capa de baja fricci\u00f3n, lo que hace que el alimentador posterior de cables sea muy f\u00e1cil.  <\/p>\n<p>Equipado con la refrigeraci\u00f3n por agua indirecta y energ\u00e9ticamente muy efficiente de UNICOR y con un juego del canal central muy bajo, se producen tubos corrugados de alta calidad. Los par\u00e1metros de producci\u00f3n se pueden memorizar a trav\u00e9s de la t\u00e9cnica de control opcionalmente integrada y la calidad del producto puede ser reproducido en cualquier momento. <\/p>\n\t\t\t\t\t\t<\/div>\n\t\t\t\t<\/div>\n\t\t\t\t<div class=\"elementor-element elementor-element-a3cff14 elementor-widget elementor-widget-spacer\" data-id=\"a3cff14\" data-element_type=\"widget\" data-widget_type=\"spacer.default\">\n\t\t\t\t<div class=\"elementor-widget-container\">\n\t\t\t\t\t<div class=\"elementor-spacer\">\n\t\t\t<div class=\"elementor-spacer-inner\"><\/div>\n\t\t<\/div>\n\t\t\t\t<\/div>\n\t\t\t\t<\/div>\n\t\t\t\t\t<\/div>\n\t\t<\/div>\n\t\t\t\t<div class=\"elementor-column elementor-col-50 elementor-top-column elementor-element elementor-element-562e5f1\" data-id=\"562e5f1\" data-element_type=\"column\">\n\t\t\t<div class=\"elementor-widget-wrap elementor-element-populated\">\n\t\t\t\t\t\t<div class=\"elementor-element elementor-element-58c163f elementor-widget elementor-widget-spacer\" data-id=\"58c163f\" data-element_type=\"widget\" data-widget_type=\"spacer.default\">\n\t\t\t\t<div class=\"elementor-widget-container\">\n\t\t\t\t\t<div class=\"elementor-spacer\">\n\t\t\t<div class=\"elementor-spacer-inner\"><\/div>\n\t\t<\/div>\n\t\t\t\t<\/div>\n\t\t\t\t<\/div>\n\t\t\t\t<div class=\"elementor-element elementor-element-ee4d2a7 elementor-widget elementor-widget-image\" data-id=\"ee4d2a7\" data-element_type=\"widget\" data-widget_type=\"image.default\">\n\t\t\t\t<div class=\"elementor-widget-container\">\n\t\t\t\t\t\t\t\t\t\t<figure class=\"wp-caption\">\n\t\t\t\t\t\t\t\t\t\t<img fetchpriority=\"high\" decoding=\"async\" width=\"903\" height=\"600\" src=\"https:\/\/www.unicor.com\/wp-content\/uploads\/2021\/02\/shutterstock_1647378499.jpg\" class=\"attachment-large size-large wp-image-10049\" alt=\"\" srcset=\"https:\/\/www.unicor.com\/wp-content\/uploads\/2021\/02\/shutterstock_1647378499-300x199.jpg 300w, https:\/\/www.unicor.com\/wp-content\/uploads\/2021\/02\/shutterstock_1647378499-560x372.jpg 560w, https:\/\/www.unicor.com\/wp-content\/uploads\/2021\/02\/shutterstock_1647378499-768x510.jpg 768w, https:\/\/www.unicor.com\/wp-content\/uploads\/2021\/02\/shutterstock_1647378499.jpg 903w\" sizes=\"(max-width: 903px) 100vw, 903px\" \/>\t\t\t\t\t\t\t\t\t\t\t<figcaption class=\"widget-image-caption wp-caption-text\">Instalaci\u00f3n de tubos vac\u00edos sobre revoque<\/figcaption>\n\t\t\t\t\t\t\t\t\t\t<\/figure>\n\t\t\t\t\t\t\t<\/div>\n\t\t\t\t<\/div>\n\t\t\t\t\t<\/div>\n\t\t<\/div>\n\t\t\t\t\t<\/div>\n\t\t<\/section>\n\t\t\t\t<section class=\"elementor-section elementor-top-section elementor-element elementor-element-a313be7 elementor-section-stretched elementor-section-boxed elementor-section-height-default elementor-section-height-default\" data-id=\"a313be7\" data-element_type=\"section\" data-settings=\"{&quot;stretch_section&quot;:&quot;section-stretched&quot;,&quot;background_background&quot;:&quot;classic&quot;}\">\n\t\t\t\t\t\t<div class=\"elementor-container elementor-column-gap-default\">\n\t\t\t\t\t<div class=\"elementor-column elementor-col-50 elementor-top-column elementor-element elementor-element-4426013\" data-id=\"4426013\" data-element_type=\"column\">\n\t\t\t<div class=\"elementor-widget-wrap elementor-element-populated\">\n\t\t\t\t\t\t<div class=\"elementor-element elementor-element-ff55f2c elementor-widget elementor-widget-spacer\" data-id=\"ff55f2c\" data-element_type=\"widget\" data-widget_type=\"spacer.default\">\n\t\t\t\t<div class=\"elementor-widget-container\">\n\t\t\t\t\t<div class=\"elementor-spacer\">\n\t\t\t<div class=\"elementor-spacer-inner\"><\/div>\n\t\t<\/div>\n\t\t\t\t<\/div>\n\t\t\t\t<\/div>\n\t\t\t\t<div class=\"elementor-element elementor-element-852a7cc elementor-widget elementor-widget-image\" data-id=\"852a7cc\" data-element_type=\"widget\" data-widget_type=\"image.default\">\n\t\t\t\t<div class=\"elementor-widget-container\">\n\t\t\t\t\t\t\t\t\t\t<figure class=\"wp-caption\">\n\t\t\t\t\t\t\t\t\t\t<img decoding=\"async\" width=\"876\" height=\"584\" src=\"https:\/\/www.unicor.com\/wp-content\/uploads\/2021\/02\/shutterstock_342272990.jpg\" class=\"attachment-large size-large wp-image-10052\" alt=\"\" srcset=\"https:\/\/www.unicor.com\/wp-content\/uploads\/2021\/02\/shutterstock_342272990-300x200.jpg 300w, https:\/\/www.unicor.com\/wp-content\/uploads\/2021\/02\/shutterstock_342272990-560x373.jpg 560w, https:\/\/www.unicor.com\/wp-content\/uploads\/2021\/02\/shutterstock_342272990-768x512.jpg 768w, https:\/\/www.unicor.com\/wp-content\/uploads\/2021\/02\/shutterstock_342272990.jpg 876w\" sizes=\"(max-width: 876px) 100vw, 876px\" \/>\t\t\t\t\t\t\t\t\t\t\t<figcaption class=\"widget-image-caption wp-caption-text\">Tubo de instalaci\u00f3n el\u00e9ctrica di\u00e1metro nominal 20<\/figcaption>\n\t\t\t\t\t\t\t\t\t\t<\/figure>\n\t\t\t\t\t\t\t<\/div>\n\t\t\t\t<\/div>\n\t\t\t\t\t<\/div>\n\t\t<\/div>\n\t\t\t\t<div class=\"elementor-column elementor-col-50 elementor-top-column elementor-element elementor-element-3913b9f\" data-id=\"3913b9f\" data-element_type=\"column\">\n\t\t\t<div class=\"elementor-widget-wrap elementor-element-populated\">\n\t\t\t\t\t\t<div class=\"elementor-element elementor-element-8bdb21e elementor-widget elementor-widget-spacer\" data-id=\"8bdb21e\" data-element_type=\"widget\" data-widget_type=\"spacer.default\">\n\t\t\t\t<div class=\"elementor-widget-container\">\n\t\t\t\t\t<div class=\"elementor-spacer\">\n\t\t\t<div class=\"elementor-spacer-inner\"><\/div>\n\t\t<\/div>\n\t\t\t\t<\/div>\n\t\t\t\t<\/div>\n\t\t\t\t<div class=\"elementor-element elementor-element-3311b11 elementor-widget elementor-widget-text-editor\" data-id=\"3311b11\" data-element_type=\"widget\" data-widget_type=\"text-editor.default\">\n\t\t\t\t<div class=\"elementor-widget-container\">\n\t\t\t\t\t\t\t<h3>Conceptos modulares de las m\u00e1quinas<\/h3>\n<p>Gracias al dise\u00f1o modular de los corrugadores de segunda y tercera generaci\u00f3n, los clientes son muy flexibles en cuanto a los rendimientos de producci\u00f3n, simplemente hay que extender la m\u00e1quina y llegar a una producci\u00f3n elevada. Los clientes pueden comenzar con un canal central corto y extenderlo m\u00e1s tarde seg\u00fan la utilizaci\u00f3n de la producci\u00f3n individual. <\/p>\n<p>Adem\u00e1s de nuestros productos est\u00e1ndares, realizamos formas de perfil individuales junto con nuestros ingenieros de productos y procesos, a la vez que cumplimos con una amplia gama de est\u00e1ndares y especificaciones de materiales.<\/p>\n<p>En las \u00faltimas d\u00e9cadas, han surgido muchas soluciones especiales de las que cada cliente individual se beneficia directamente.<\/p>\n\t\t\t\t\t\t<\/div>\n\t\t\t\t<\/div>\n\t\t\t\t<div class=\"elementor-element elementor-element-6055c09 elementor-widget elementor-widget-spacer\" data-id=\"6055c09\" data-element_type=\"widget\" data-widget_type=\"spacer.default\">\n\t\t\t\t<div class=\"elementor-widget-container\">\n\t\t\t\t\t<div class=\"elementor-spacer\">\n\t\t\t<div class=\"elementor-spacer-inner\"><\/div>\n\t\t<\/div>\n\t\t\t\t<\/div>\n\t\t\t\t<\/div>\n\t\t\t\t\t<\/div>\n\t\t<\/div>\n\t\t\t\t\t<\/div>\n\t\t<\/section>\n\t\t\t\t<section class=\"elementor-section elementor-top-section elementor-element elementor-element-05f9a9f elementor-section-stretched elementor-section-boxed elementor-section-height-default elementor-section-height-default\" data-id=\"05f9a9f\" data-element_type=\"section\" data-settings=\"{&quot;stretch_section&quot;:&quot;section-stretched&quot;,&quot;background_background&quot;:&quot;classic&quot;}\">\n\t\t\t\t\t\t<div class=\"elementor-container elementor-column-gap-default\">\n\t\t\t\t\t<div class=\"elementor-column elementor-col-50 elementor-top-column elementor-element elementor-element-991b2aa\" data-id=\"991b2aa\" data-element_type=\"column\">\n\t\t\t<div class=\"elementor-widget-wrap elementor-element-populated\">\n\t\t\t\t\t\t<div class=\"elementor-element elementor-element-f2876fc elementor-widget elementor-widget-spacer\" data-id=\"f2876fc\" data-element_type=\"widget\" data-widget_type=\"spacer.default\">\n\t\t\t\t<div class=\"elementor-widget-container\">\n\t\t\t\t\t<div class=\"elementor-spacer\">\n\t\t\t<div class=\"elementor-spacer-inner\"><\/div>\n\t\t<\/div>\n\t\t\t\t<\/div>\n\t\t\t\t<\/div>\n\t\t\t\t<div class=\"elementor-element elementor-element-8de0b42 elementor-widget elementor-widget-text-editor\" data-id=\"8de0b42\" data-element_type=\"widget\" data-widget_type=\"text-editor.default\">\n\t\t\t\t<div class=\"elementor-widget-container\">\n\t\t\t\t\t\t\t<h3>Ventajas de los tubos de instalaci\u00f3n el\u00e9ctrica<\/h3>\n<ul>\n<li>Resistente al calor, al fuego y a la acidez, por lo tanto tambi\u00e9n muy adecuado en la construcci\u00f3n mec\u00e1nica<\/li>\n<li>Instalaci\u00f3n f\u00e1cil debido a la alta flexibilidad y al peso ligero<\/li>\n<li>Alimentaci\u00f3n de cable facilitada debido a la baja resistencia de fricci\u00f3n<\/li>\n<li>Robusto contra da\u00f1os externos<\/li>\n<li>Radios de flexi\u00f3n estrechos sin pandeo de la tuber\u00eda<\/li>\n<li>Transporte pr\u00e1ctico debido a un desenrollador para bobinas<\/li>\n<li>Diferentes longitudes de bobinas pueden producirse<\/li>\n<\/ul>\n\t\t\t\t\t\t<\/div>\n\t\t\t\t<\/div>\n\t\t\t\t\t<\/div>\n\t\t<\/div>\n\t\t\t\t<div class=\"elementor-column elementor-col-50 elementor-top-column elementor-element elementor-element-4b0994b\" data-id=\"4b0994b\" data-element_type=\"column\">\n\t\t\t<div class=\"elementor-widget-wrap elementor-element-populated\">\n\t\t\t\t\t\t<div class=\"elementor-element elementor-element-cbd53fa elementor-widget elementor-widget-spacer\" data-id=\"cbd53fa\" data-element_type=\"widget\" data-widget_type=\"spacer.default\">\n\t\t\t\t<div class=\"elementor-widget-container\">\n\t\t\t\t\t<div class=\"elementor-spacer\">\n\t\t\t<div class=\"elementor-spacer-inner\"><\/div>\n\t\t<\/div>\n\t\t\t\t<\/div>\n\t\t\t\t<\/div>\n\t\t\t\t<div class=\"elementor-element elementor-element-a5b676c elementor-widget elementor-widget-image\" data-id=\"a5b676c\" data-element_type=\"widget\" data-widget_type=\"image.default\">\n\t\t\t\t<div class=\"elementor-widget-container\">\n\t\t\t\t\t\t\t\t\t\t\t\t\t\t<a href=\"https:\/\/www.unicor.com\/corrugadores\/corrugadores-pequenos\/?lang=es\">\n\t\t\t\t\t\t\t<img decoding=\"async\" width=\"1000\" height=\"750\" src=\"https:\/\/www.unicor.com\/wp-content\/uploads\/2021\/02\/UC36.jpg\" class=\"attachment-large size-large wp-image-10055\" alt=\"\" srcset=\"https:\/\/www.unicor.com\/wp-content\/uploads\/2021\/02\/UC36-260x195.jpg 260w, https:\/\/www.unicor.com\/wp-content\/uploads\/2021\/02\/UC36-300x225.jpg 300w, https:\/\/www.unicor.com\/wp-content\/uploads\/2021\/02\/UC36-360x270.jpg 360w, https:\/\/www.unicor.com\/wp-content\/uploads\/2021\/02\/UC36-480x360.jpg 480w, https:\/\/www.unicor.com\/wp-content\/uploads\/2021\/02\/UC36-560x420.jpg 560w, https:\/\/www.unicor.com\/wp-content\/uploads\/2021\/02\/UC36-660x495.jpg 660w, https:\/\/www.unicor.com\/wp-content\/uploads\/2021\/02\/UC36-760x571.jpg 760w, https:\/\/www.unicor.com\/wp-content\/uploads\/2021\/02\/UC36-768x576.jpg 768w, https:\/\/www.unicor.com\/wp-content\/uploads\/2021\/02\/UC36.jpg 1000w\" sizes=\"(max-width: 1000px) 100vw, 1000px\" \/>\t\t\t\t\t\t\t\t<\/a>\n\t\t\t\t\t\t\t\t\t\t\t\t\t<\/div>\n\t\t\t\t<\/div>\n\t\t\t\t<div class=\"elementor-element elementor-element-bc7ce04 elementor-widget elementor-widget-spacer\" data-id=\"bc7ce04\" data-element_type=\"widget\" data-widget_type=\"spacer.default\">\n\t\t\t\t<div class=\"elementor-widget-container\">\n\t\t\t\t\t<div class=\"elementor-spacer\">\n\t\t\t<div class=\"elementor-spacer-inner\"><\/div>\n\t\t<\/div>\n\t\t\t\t<\/div>\n\t\t\t\t<\/div>\n\t\t\t\t\t<\/div>\n\t\t<\/div>\n\t\t\t\t\t<\/div>\n\t\t<\/section>\n\t\t\t\t<\/div>\n\t\t","protected":false},"excerpt":{"rendered":"<p>Instalaci\u00f3n el\u00e9ctrica Manejo sencillo y flexible Nueva generaci\u00f3n de tubos corrugados Los tubos corrugados de pol\u00edmeros una pared casi siempre se utilizan como instalaciones de tubos vac\u00edos en la construcci\u00f3n de viviendas y edificios. Debido a su flexibilidad y alta resistencia, se utilizan en una variedad de formas. La nueva generaci\u00f3n de tubos corrugados [&hellip;]<\/p>\n","protected":false},"author":5,"featured_media":0,"parent":9993,"menu_order":0,"comment_status":"closed","ping_status":"closed","template":"","meta":{"footnotes":""},"class_list":["post-10047","page","type-page","status-publish","hentry"],"yoast_head":"<!-- This site is optimized with the Yoast SEO plugin v24.0 - https:\/\/yoast.com\/wordpress\/plugins\/seo\/ -->\n<title>UNICOR - Instalaci\u00f3n el\u00e9ctrican - \u00bfLa nueva generaci\u00f3n de tubos corrugados?<\/title>\n<meta name=\"description\" content=\"La capa deslizante interna y la flexibilidad de la nueva generaci\u00f3n de tubos corrugados facilitan la inserci\u00f3n posterior de los cables.\" \/>\n<meta name=\"robots\" content=\"index, follow, max-snippet:-1, max-image-preview:large, max-video-preview:-1\" \/>\n<link rel=\"canonical\" href=\"https:\/\/www.unicor.com\/es\/aplicaciones\/instalacion-electrica\/\" \/>\n<meta property=\"og:locale\" content=\"es_ES\" \/>\n<meta property=\"og:type\" content=\"article\" \/>\n<meta property=\"og:title\" content=\"UNICOR - Instalaci\u00f3n el\u00e9ctrican - \u00bfLa nueva generaci\u00f3n de tubos corrugados?\" \/>\n<meta property=\"og:description\" content=\"La capa deslizante interna y la flexibilidad de la nueva generaci\u00f3n de tubos corrugados facilitan la inserci\u00f3n posterior de los cables.\" \/>\n<meta property=\"og:url\" content=\"https:\/\/www.unicor.com\/es\/aplicaciones\/instalacion-electrica\/\" \/>\n<meta property=\"og:site_name\" content=\"UNICOR\" \/>\n<meta property=\"article:modified_time\" content=\"2024-03-13T14:24:42+00:00\" \/>\n<meta name=\"twitter:card\" content=\"summary_large_image\" \/>\n<meta name=\"twitter:label1\" content=\"Tiempo de lectura\" \/>\n\t<meta name=\"twitter:data1\" content=\"3 minutos\" \/>\n<script type=\"application\/ld+json\" class=\"yoast-schema-graph\">{\"@context\":\"https:\/\/schema.org\",\"@graph\":[{\"@type\":\"WebPage\",\"@id\":\"https:\/\/www.unicor.com\/es\/aplicaciones\/instalacion-electrica\/\",\"url\":\"https:\/\/www.unicor.com\/es\/aplicaciones\/instalacion-electrica\/\",\"name\":\"UNICOR - Instalaci\u00f3n el\u00e9ctrican - \u00bfLa nueva generaci\u00f3n de tubos corrugados?\",\"isPartOf\":{\"@id\":\"https:\/\/www.unicor.com\/es\/#website\"},\"datePublished\":\"2021-04-29T12:01:05+00:00\",\"dateModified\":\"2024-03-13T14:24:42+00:00\",\"description\":\"La capa deslizante interna y la flexibilidad de la nueva generaci\u00f3n de tubos corrugados facilitan la inserci\u00f3n posterior de los cables.\",\"breadcrumb\":{\"@id\":\"https:\/\/www.unicor.com\/es\/aplicaciones\/instalacion-electrica\/#breadcrumb\"},\"inLanguage\":\"es\",\"potentialAction\":[{\"@type\":\"ReadAction\",\"target\":[\"https:\/\/www.unicor.com\/es\/aplicaciones\/instalacion-electrica\/\"]}]},{\"@type\":\"BreadcrumbList\",\"@id\":\"https:\/\/www.unicor.com\/es\/aplicaciones\/instalacion-electrica\/#breadcrumb\",\"itemListElement\":[{\"@type\":\"ListItem\",\"position\":1,\"name\":\"Home\",\"item\":\"https:\/\/www.unicor.com\/es\/\"},{\"@type\":\"ListItem\",\"position\":2,\"name\":\"Aplicaciones\",\"item\":\"https:\/\/www.unicor.com\/es\/aplicaciones\/\"},{\"@type\":\"ListItem\",\"position\":3,\"name\":\"Instalaci\u00f3n el\u00e9ctrica\"}]},{\"@type\":\"WebSite\",\"@id\":\"https:\/\/www.unicor.com\/es\/#website\",\"url\":\"https:\/\/www.unicor.com\/es\/\",\"name\":\"UNICOR\",\"description\":\"\u00bb the corrugator experts \u00ab\",\"potentialAction\":[{\"@type\":\"SearchAction\",\"target\":{\"@type\":\"EntryPoint\",\"urlTemplate\":\"https:\/\/www.unicor.com\/es\/?s={search_term_string}\"},\"query-input\":{\"@type\":\"PropertyValueSpecification\",\"valueRequired\":true,\"valueName\":\"search_term_string\"}}],\"inLanguage\":\"es\"}]}<\/script>\n<!-- \/ Yoast SEO plugin. -->","yoast_head_json":{"title":"UNICOR - Instalaci\u00f3n el\u00e9ctrican - \u00bfLa nueva generaci\u00f3n de tubos corrugados?","description":"La capa deslizante interna y la flexibilidad de la nueva generaci\u00f3n de tubos corrugados facilitan la inserci\u00f3n posterior de los cables.","robots":{"index":"index","follow":"follow","max-snippet":"max-snippet:-1","max-image-preview":"max-image-preview:large","max-video-preview":"max-video-preview:-1"},"canonical":"https:\/\/www.unicor.com\/es\/aplicaciones\/instalacion-electrica\/","og_locale":"es_ES","og_type":"article","og_title":"UNICOR - Instalaci\u00f3n el\u00e9ctrican - \u00bfLa nueva generaci\u00f3n de tubos corrugados?","og_description":"La capa deslizante interna y la flexibilidad de la nueva generaci\u00f3n de tubos corrugados facilitan la inserci\u00f3n posterior de los cables.","og_url":"https:\/\/www.unicor.com\/es\/aplicaciones\/instalacion-electrica\/","og_site_name":"UNICOR","article_modified_time":"2024-03-13T14:24:42+00:00","twitter_card":"summary_large_image","twitter_misc":{"Tiempo de lectura":"3 minutos"},"schema":{"@context":"https:\/\/schema.org","@graph":[{"@type":"WebPage","@id":"https:\/\/www.unicor.com\/es\/aplicaciones\/instalacion-electrica\/","url":"https:\/\/www.unicor.com\/es\/aplicaciones\/instalacion-electrica\/","name":"UNICOR - Instalaci\u00f3n el\u00e9ctrican - \u00bfLa nueva generaci\u00f3n de tubos corrugados?","isPartOf":{"@id":"https:\/\/www.unicor.com\/es\/#website"},"datePublished":"2021-04-29T12:01:05+00:00","dateModified":"2024-03-13T14:24:42+00:00","description":"La capa deslizante interna y la flexibilidad de la nueva generaci\u00f3n de tubos corrugados facilitan la inserci\u00f3n posterior de los cables.","breadcrumb":{"@id":"https:\/\/www.unicor.com\/es\/aplicaciones\/instalacion-electrica\/#breadcrumb"},"inLanguage":"es","potentialAction":[{"@type":"ReadAction","target":["https:\/\/www.unicor.com\/es\/aplicaciones\/instalacion-electrica\/"]}]},{"@type":"BreadcrumbList","@id":"https:\/\/www.unicor.com\/es\/aplicaciones\/instalacion-electrica\/#breadcrumb","itemListElement":[{"@type":"ListItem","position":1,"name":"Home","item":"https:\/\/www.unicor.com\/es\/"},{"@type":"ListItem","position":2,"name":"Aplicaciones","item":"https:\/\/www.unicor.com\/es\/aplicaciones\/"},{"@type":"ListItem","position":3,"name":"Instalaci\u00f3n el\u00e9ctrica"}]},{"@type":"WebSite","@id":"https:\/\/www.unicor.com\/es\/#website","url":"https:\/\/www.unicor.com\/es\/","name":"UNICOR","description":"\u00bb the corrugator experts \u00ab","potentialAction":[{"@type":"SearchAction","target":{"@type":"EntryPoint","urlTemplate":"https:\/\/www.unicor.com\/es\/?s={search_term_string}"},"query-input":{"@type":"PropertyValueSpecification","valueRequired":true,"valueName":"search_term_string"}}],"inLanguage":"es"}]}},"_links":{"self":[{"href":"https:\/\/www.unicor.com\/es\/wp-json\/wp\/v2\/pages\/10047","targetHints":{"allow":["GET"]}}],"collection":[{"href":"https:\/\/www.unicor.com\/es\/wp-json\/wp\/v2\/pages"}],"about":[{"href":"https:\/\/www.unicor.com\/es\/wp-json\/wp\/v2\/types\/page"}],"author":[{"embeddable":true,"href":"https:\/\/www.unicor.com\/es\/wp-json\/wp\/v2\/users\/5"}],"replies":[{"embeddable":true,"href":"https:\/\/www.unicor.com\/es\/wp-json\/wp\/v2\/comments?post=10047"}],"version-history":[{"count":12,"href":"https:\/\/www.unicor.com\/es\/wp-json\/wp\/v2\/pages\/10047\/revisions"}],"predecessor-version":[{"id":17518,"href":"https:\/\/www.unicor.com\/es\/wp-json\/wp\/v2\/pages\/10047\/revisions\/17518"}],"up":[{"embeddable":true,"href":"https:\/\/www.unicor.com\/es\/wp-json\/wp\/v2\/pages\/9993"}],"wp:attachment":[{"href":"https:\/\/www.unicor.com\/es\/wp-json\/wp\/v2\/media?parent=10047"}],"curies":[{"name":"wp","href":"https:\/\/api.w.org\/{rel}","templated":true}]}}