{"id":10037,"date":"2021-04-29T13:48:52","date_gmt":"2021-04-29T11:48:52","guid":{"rendered":"http:\/\/staging.unicor.eu\/aplicaciones\/proteccion-de-cables\/"},"modified":"2023-05-24T16:20:28","modified_gmt":"2023-05-24T14:20:28","slug":"proteccion-de-cables","status":"publish","type":"page","link":"https:\/\/www.unicor.com\/es\/aplicaciones\/proteccion-de-cables\/","title":{"rendered":"Protecci\u00f3n de cables"},"content":{"rendered":"\t\t<div data-elementor-type=\"wp-page\" data-elementor-id=\"10037\" class=\"elementor elementor-10037 elementor-2783\" data-elementor-post-type=\"page\">\n\t\t\t\t\t\t<section class=\"elementor-section elementor-top-section elementor-element elementor-element-b9abca1 elementor-section-boxed elementor-section-height-default elementor-section-height-default\" data-id=\"b9abca1\" data-element_type=\"section\">\n\t\t\t\t\t\t<div class=\"elementor-container elementor-column-gap-default\">\n\t\t\t\t\t<div class=\"elementor-column elementor-col-100 elementor-top-column elementor-element elementor-element-7380588\" data-id=\"7380588\" data-element_type=\"column\">\n\t\t\t<div class=\"elementor-widget-wrap\">\n\t\t\t\t\t\t\t<\/div>\n\t\t<\/div>\n\t\t\t\t\t<\/div>\n\t\t<\/section>\n\t\t\t\t<section class=\"elementor-section elementor-top-section elementor-element elementor-element-6d3ffc04 elementor-section-full_width elementor-section-stretched elementor-section-height-default elementor-section-height-default\" data-id=\"6d3ffc04\" data-element_type=\"section\" data-settings=\"{&quot;stretch_section&quot;:&quot;section-stretched&quot;}\">\n\t\t\t\t\t\t<div class=\"elementor-container elementor-column-gap-default\">\n\t\t\t\t\t<div class=\"elementor-column elementor-col-100 elementor-top-column elementor-element elementor-element-3ee4d92a\" data-id=\"3ee4d92a\" data-element_type=\"column\">\n\t\t\t<div class=\"elementor-widget-wrap elementor-element-populated\">\n\t\t\t\t\t\t<div class=\"elementor-element elementor-element-5d0e934b elementor--h-position-center elementor--v-position-middle elementor-arrows-position-inside elementor-widget elementor-widget-slides\" data-id=\"5d0e934b\" data-element_type=\"widget\" data-settings=\"{&quot;navigation&quot;:&quot;arrows&quot;,&quot;autoplay&quot;:&quot;yes&quot;,&quot;autoplay_speed&quot;:5000,&quot;infinite&quot;:&quot;yes&quot;,&quot;transition&quot;:&quot;slide&quot;,&quot;transition_speed&quot;:500}\" data-widget_type=\"slides.default\">\n\t\t\t\t<div class=\"elementor-widget-container\">\n\t\t\t\t\t<div class=\"elementor-swiper\">\n\t\t\t<div class=\"elementor-slides-wrapper elementor-main-swiper swiper\" dir=\"ltr\" data-animation=\"fadeInUp\">\n\t\t\t\t<div class=\"swiper-wrapper elementor-slides\">\n\t\t\t\t\t\t\t\t\t\t<div class=\"elementor-repeater-item-6091ad6 swiper-slide\"><div class=\"swiper-slide-bg\" role=\"img\"><\/div><div class=\"swiper-slide-inner\" ><div class=\"swiper-slide-contents\"><\/div><\/div><\/div>\t\t\t\t<\/div>\n\t\t\t\t\t\t\t<\/div>\n\t\t<\/div>\n\t\t\t\t<\/div>\n\t\t\t\t<\/div>\n\t\t\t\t\t<\/div>\n\t\t<\/div>\n\t\t\t\t\t<\/div>\n\t\t<\/section>\n\t\t\t\t<section class=\"elementor-section elementor-top-section elementor-element elementor-element-f413204 elementor-section-boxed elementor-section-height-default elementor-section-height-default\" data-id=\"f413204\" data-element_type=\"section\">\n\t\t\t\t\t\t<div class=\"elementor-container elementor-column-gap-default\">\n\t\t\t\t\t<div class=\"elementor-column elementor-col-100 elementor-top-column elementor-element elementor-element-fc42c00\" data-id=\"fc42c00\" data-element_type=\"column\">\n\t\t\t<div class=\"elementor-widget-wrap elementor-element-populated\">\n\t\t\t\t\t\t<div class=\"elementor-element elementor-element-e7c9829 elementor-widget elementor-widget-breadcrumbs\" data-id=\"e7c9829\" data-element_type=\"widget\" data-widget_type=\"breadcrumbs.default\">\n\t\t\t\t<div class=\"elementor-widget-container\">\n\t\t\t<p id=\"breadcrumbs\"><span><span><a href=\"https:\/\/www.unicor.com\/es\/\">Home<\/a><\/span><\/span><\/p>\t\t<\/div>\n\t\t\t\t<\/div>\n\t\t\t\t\t<\/div>\n\t\t<\/div>\n\t\t\t\t\t<\/div>\n\t\t<\/section>\n\t\t\t\t<section class=\"elementor-section elementor-top-section elementor-element elementor-element-7afd241 elementor-section-boxed elementor-section-height-default elementor-section-height-default\" data-id=\"7afd241\" data-element_type=\"section\">\n\t\t\t\t\t\t<div class=\"elementor-container elementor-column-gap-default\">\n\t\t\t\t\t<div class=\"elementor-column elementor-col-100 elementor-top-column elementor-element elementor-element-a7a3244\" data-id=\"a7a3244\" data-element_type=\"column\">\n\t\t\t<div class=\"elementor-widget-wrap elementor-element-populated\">\n\t\t\t\t\t\t<div class=\"elementor-element elementor-element-7152f95 elementor-widget elementor-widget-heading\" data-id=\"7152f95\" data-element_type=\"widget\" data-widget_type=\"heading.default\">\n\t\t\t\t<div class=\"elementor-widget-container\">\n\t\t\t<h1 class=\"elementor-heading-title elementor-size-default\">Protecci\u00f3n de cables en tierra<\/h1>\t\t<\/div>\n\t\t\t\t<\/div>\n\t\t\t\t<div class=\"elementor-element elementor-element-be7f54d elementor-widget elementor-widget-heading\" data-id=\"be7f54d\" data-element_type=\"widget\" data-widget_type=\"heading.default\">\n\t\t\t\t<div class=\"elementor-widget-container\">\n\t\t\t<h2 class=\"elementor-heading-title elementor-size-default\">Alimentar cables sin resistencia<\/h2>\t\t<\/div>\n\t\t\t\t<\/div>\n\t\t\t\t\t<\/div>\n\t\t<\/div>\n\t\t\t\t\t<\/div>\n\t\t<\/section>\n\t\t\t\t<section class=\"elementor-section elementor-top-section elementor-element elementor-element-63ab4b5 elementor-section-stretched elementor-reverse-mobile elementor-section-boxed elementor-section-height-default elementor-section-height-default\" data-id=\"63ab4b5\" data-element_type=\"section\" data-settings=\"{&quot;stretch_section&quot;:&quot;section-stretched&quot;,&quot;background_background&quot;:&quot;classic&quot;}\">\n\t\t\t\t\t\t<div class=\"elementor-container elementor-column-gap-default\">\n\t\t\t\t\t<div class=\"elementor-column elementor-col-50 elementor-top-column elementor-element elementor-element-e22c6ab\" data-id=\"e22c6ab\" data-element_type=\"column\">\n\t\t\t<div class=\"elementor-widget-wrap elementor-element-populated\">\n\t\t\t\t\t\t<div class=\"elementor-element elementor-element-5316472 elementor-widget elementor-widget-text-editor\" data-id=\"5316472\" data-element_type=\"widget\" data-widget_type=\"text-editor.default\">\n\t\t\t\t<div class=\"elementor-widget-container\">\n\t\t\t\t\t\t\t<h3>Flexible y estable en forma<\/h3>\n<p>Los tubos corrugados de doble pared de pl\u00e1stico son particularmente adecuadas para la protecci\u00f3n de cables el\u00e9ctricos. Se utilizan como tubo vac\u00edo para cables debajo de carreteras y aceras o l\u00edneas de telecomunicaciones. La gran ventaja de los tubos corrugados reside en su flexibilidad, alta est\u00e1tica y durabilidad.   <\/p>\n<p>Debido a la capa interna lisa y libre de resistencia, los tubos corrugados son particularmente adecuados para el uso de tubos de protecci\u00f3n de cables. Esto hace que sea m\u00e1s f\u00e1cil alimentar los cables e cuando tiene un cable gu\u00eda en la bobina de tubo, se puede ahorar un paso <\/p>\n\t\t\t\t\t\t<\/div>\n\t\t\t\t<\/div>\n\t\t\t\t\t<\/div>\n\t\t<\/div>\n\t\t\t\t<div class=\"elementor-column elementor-col-50 elementor-top-column elementor-element elementor-element-5720e89\" data-id=\"5720e89\" data-element_type=\"column\">\n\t\t\t<div class=\"elementor-widget-wrap elementor-element-populated\">\n\t\t\t\t\t\t<div class=\"elementor-element elementor-element-ead8c03 elementor-widget elementor-widget-spacer\" data-id=\"ead8c03\" data-element_type=\"widget\" data-widget_type=\"spacer.default\">\n\t\t\t\t<div class=\"elementor-widget-container\">\n\t\t\t\t\t<div class=\"elementor-spacer\">\n\t\t\t<div class=\"elementor-spacer-inner\"><\/div>\n\t\t<\/div>\n\t\t\t\t<\/div>\n\t\t\t\t<\/div>\n\t\t\t\t<div class=\"elementor-element elementor-element-2b0bb45 elementor-widget elementor-widget-image\" data-id=\"2b0bb45\" data-element_type=\"widget\" data-widget_type=\"image.default\">\n\t\t\t\t<div class=\"elementor-widget-container\">\n\t\t\t\t\t\t\t\t\t\t<figure class=\"wp-caption\">\n\t\t\t\t\t\t\t\t\t\t<img fetchpriority=\"high\" decoding=\"async\" width=\"519\" height=\"389\" src=\"https:\/\/www.unicor.com\/wp-content\/uploads\/2021\/02\/IMG_4571_klein.jpg\" class=\"attachment-large size-large wp-image-10039\" alt=\"\" srcset=\"https:\/\/www.unicor.com\/wp-content\/uploads\/2021\/02\/IMG_4571_klein-260x195.jpg 260w, https:\/\/www.unicor.com\/wp-content\/uploads\/2021\/02\/IMG_4571_klein-300x225.jpg 300w, https:\/\/www.unicor.com\/wp-content\/uploads\/2021\/02\/IMG_4571_klein-360x270.jpg 360w, https:\/\/www.unicor.com\/wp-content\/uploads\/2021\/02\/IMG_4571_klein-480x360.jpg 480w, https:\/\/www.unicor.com\/wp-content\/uploads\/2021\/02\/IMG_4571_klein.jpg 519w\" sizes=\"(max-width: 519px) 100vw, 519px\" \/>\t\t\t\t\t\t\t\t\t\t\t<figcaption class=\"widget-image-caption wp-caption-text\">Protecci\u00f3n de cables en aplicaciones industriales<\/figcaption>\n\t\t\t\t\t\t\t\t\t\t<\/figure>\n\t\t\t\t\t\t\t<\/div>\n\t\t\t\t<\/div>\n\t\t\t\t\t<\/div>\n\t\t<\/div>\n\t\t\t\t\t<\/div>\n\t\t<\/section>\n\t\t\t\t<section class=\"elementor-section elementor-top-section elementor-element elementor-element-a232479 elementor-section-stretched elementor-section-boxed elementor-section-height-default elementor-section-height-default\" data-id=\"a232479\" data-element_type=\"section\" data-settings=\"{&quot;stretch_section&quot;:&quot;section-stretched&quot;,&quot;background_background&quot;:&quot;classic&quot;}\">\n\t\t\t\t\t\t<div class=\"elementor-container elementor-column-gap-default\">\n\t\t\t\t\t<div class=\"elementor-column elementor-col-50 elementor-top-column elementor-element elementor-element-d6a4530\" data-id=\"d6a4530\" data-element_type=\"column\">\n\t\t\t<div class=\"elementor-widget-wrap elementor-element-populated\">\n\t\t\t\t\t\t<div class=\"elementor-element elementor-element-498ddd6 elementor-widget elementor-widget-spacer\" data-id=\"498ddd6\" data-element_type=\"widget\" data-widget_type=\"spacer.default\">\n\t\t\t\t<div class=\"elementor-widget-container\">\n\t\t\t\t\t<div class=\"elementor-spacer\">\n\t\t\t<div class=\"elementor-spacer-inner\"><\/div>\n\t\t<\/div>\n\t\t\t\t<\/div>\n\t\t\t\t<\/div>\n\t\t\t\t<div class=\"elementor-element elementor-element-5f64ce5 elementor-widget elementor-widget-image\" data-id=\"5f64ce5\" data-element_type=\"widget\" data-widget_type=\"image.default\">\n\t\t\t\t<div class=\"elementor-widget-container\">\n\t\t\t\t\t\t\t\t\t\t<figure class=\"wp-caption\">\n\t\t\t\t\t\t\t\t\t\t<img decoding=\"async\" width=\"700\" height=\"467\" src=\"https:\/\/www.unicor.com\/wp-content\/uploads\/2021\/02\/evopipes_stock_july_2011_038_klein.jpg\" class=\"attachment-large size-large wp-image-8987\" alt=\"\" srcset=\"https:\/\/www.unicor.com\/wp-content\/uploads\/2021\/02\/evopipes_stock_july_2011_038_klein-300x200.jpg 300w, https:\/\/www.unicor.com\/wp-content\/uploads\/2021\/02\/evopipes_stock_july_2011_038_klein-560x374.jpg 560w, https:\/\/www.unicor.com\/wp-content\/uploads\/2021\/02\/evopipes_stock_july_2011_038_klein.jpg 700w\" sizes=\"(max-width: 700px) 100vw, 700px\" \/>\t\t\t\t\t\t\t\t\t\t\t<figcaption class=\"widget-image-caption wp-caption-text\">Di\u00e1metro nominal 110 Protecci\u00f3n del cable con manguito<\/figcaption>\n\t\t\t\t\t\t\t\t\t\t<\/figure>\n\t\t\t\t\t\t\t<\/div>\n\t\t\t\t<\/div>\n\t\t\t\t\t<\/div>\n\t\t<\/div>\n\t\t\t\t<div class=\"elementor-column elementor-col-50 elementor-top-column elementor-element elementor-element-50b1d3b\" data-id=\"50b1d3b\" data-element_type=\"column\">\n\t\t\t<div class=\"elementor-widget-wrap elementor-element-populated\">\n\t\t\t\t\t\t<div class=\"elementor-element elementor-element-1f7e8c2 elementor-widget elementor-widget-text-editor\" data-id=\"1f7e8c2\" data-element_type=\"widget\" data-widget_type=\"text-editor.default\">\n\t\t\t\t<div class=\"elementor-widget-container\">\n\t\t\t\t\t\t\t<h3>Versatilidad debido al sistema de manguito<\/h3>\n<p>El tubo corrugado tambi\u00e9n juega sus ventajas a la colocaci\u00f3n debido a su flexibilidad incluso bajo condiciones dif\u00edciles. Los ajustes de longitud siempre son posibles a trav\u00e9s de un sistema de manguito disponible dependiente de la situaci\u00f3n. <\/p>\n<p>Adem\u00e1s de nuestros productos est\u00e1ndares, realizamos formas de perfil individuales junto con nuestros ingenieros de productos y procesos, a la vez que cumplimos con una amplia gama de est\u00e1ndares y especificaciones de materiales. En las \u00faltimas d\u00e9cadas, han surgido muchas soluciones especiales de las que cada cliente individual se beneficia directamente. <\/p>\n\t\t\t\t\t\t<\/div>\n\t\t\t\t<\/div>\n\t\t\t\t\t<\/div>\n\t\t<\/div>\n\t\t\t\t\t<\/div>\n\t\t<\/section>\n\t\t\t\t<section class=\"elementor-section elementor-top-section elementor-element elementor-element-1758041 elementor-section-stretched elementor-section-boxed elementor-section-height-default elementor-section-height-default\" data-id=\"1758041\" data-element_type=\"section\" data-settings=\"{&quot;stretch_section&quot;:&quot;section-stretched&quot;,&quot;background_background&quot;:&quot;classic&quot;}\">\n\t\t\t\t\t\t<div class=\"elementor-container elementor-column-gap-default\">\n\t\t\t\t\t<div class=\"elementor-column elementor-col-50 elementor-top-column elementor-element elementor-element-a159661\" data-id=\"a159661\" data-element_type=\"column\">\n\t\t\t<div class=\"elementor-widget-wrap elementor-element-populated\">\n\t\t\t\t\t\t<div class=\"elementor-element elementor-element-ca5adcf elementor-widget elementor-widget-text-editor\" data-id=\"ca5adcf\" data-element_type=\"widget\" data-widget_type=\"text-editor.default\">\n\t\t\t\t<div class=\"elementor-widget-container\">\n\t\t\t\t\t\t\t<h3>Ventajas de los tubos corrugados de protecci\u00f3n de cables <\/h3>\n<ul>\n<li>Di\u00e1metro interior desde 13,5 mm<\/li>\n<li>Instalaci\u00f3n f\u00e1cil bajo condiciones dif\u00edciles debido a la alta flexibilidad<\/li>\n<li>Muy robusto, duradero y resistente<\/li>\n<li>F\u00e1cil transporte y manejo debido al ligero peso del producto<\/li>\n<li>F\u00e1cil acortamiento o extensi\u00f3n por manguitos enchufables<\/li>\n<li>Menos consumo de material en comparaci\u00f3n con los tubos de pol\u00edmeros de pared completa en un proceso de fabricaci\u00f3n ahorrando recursos<\/li>\n<li>Reciclable al final del tiempo de duraci\u00f3n<\/li>\n<\/ul>\n<h3> <\/h3>\n<p class=\"MsoListParagraphCxSpLast\" style=\"text-indent: -18.0pt; mso-list: l0 level1 lfo1;\">\n\t\t\t\t\t\t<\/div>\n\t\t\t\t<\/div>\n\t\t\t\t\t<\/div>\n\t\t<\/div>\n\t\t\t\t<div class=\"elementor-column elementor-col-50 elementor-top-column elementor-element elementor-element-e879010\" data-id=\"e879010\" data-element_type=\"column\">\n\t\t\t<div class=\"elementor-widget-wrap elementor-element-populated\">\n\t\t\t\t\t\t<div class=\"elementor-element elementor-element-9b2bf0b elementor-widget elementor-widget-spacer\" data-id=\"9b2bf0b\" data-element_type=\"widget\" data-widget_type=\"spacer.default\">\n\t\t\t\t<div class=\"elementor-widget-container\">\n\t\t\t\t\t<div class=\"elementor-spacer\">\n\t\t\t<div class=\"elementor-spacer-inner\"><\/div>\n\t\t<\/div>\n\t\t\t\t<\/div>\n\t\t\t\t<\/div>\n\t\t\t\t<div class=\"elementor-element elementor-element-2c92721 elementor-widget elementor-widget-image\" data-id=\"2c92721\" data-element_type=\"widget\" data-widget_type=\"image.default\">\n\t\t\t\t<div class=\"elementor-widget-container\">\n\t\t\t\t\t\t\t\t\t\t\t\t\t\t<a href=\"https:\/\/www.unicor.com\/corrugadores\/corrugadores-medios\/?lang=es\">\n\t\t\t\t\t\t\t<img decoding=\"async\" width=\"1000\" height=\"750\" src=\"https:\/\/www.unicor.com\/wp-content\/uploads\/2021\/02\/UC210.jpg\" class=\"attachment-large size-large wp-image-10042\" alt=\"\" srcset=\"https:\/\/www.unicor.com\/wp-content\/uploads\/2021\/02\/UC210-260x195.jpg 260w, https:\/\/www.unicor.com\/wp-content\/uploads\/2021\/02\/UC210-300x225.jpg 300w, https:\/\/www.unicor.com\/wp-content\/uploads\/2021\/02\/UC210-360x270.jpg 360w, https:\/\/www.unicor.com\/wp-content\/uploads\/2021\/02\/UC210-480x360.jpg 480w, https:\/\/www.unicor.com\/wp-content\/uploads\/2021\/02\/UC210-560x420.jpg 560w, https:\/\/www.unicor.com\/wp-content\/uploads\/2021\/02\/UC210-660x495.jpg 660w, https:\/\/www.unicor.com\/wp-content\/uploads\/2021\/02\/UC210-760x571.jpg 760w, https:\/\/www.unicor.com\/wp-content\/uploads\/2021\/02\/UC210-768x576.jpg 768w, https:\/\/www.unicor.com\/wp-content\/uploads\/2021\/02\/UC210.jpg 1000w\" sizes=\"(max-width: 1000px) 100vw, 1000px\" \/>\t\t\t\t\t\t\t\t<\/a>\n\t\t\t\t\t\t\t\t\t\t\t\t\t<\/div>\n\t\t\t\t<\/div>\n\t\t\t\t<div class=\"elementor-element elementor-element-1b919e1 elementor-widget elementor-widget-spacer\" data-id=\"1b919e1\" data-element_type=\"widget\" data-widget_type=\"spacer.default\">\n\t\t\t\t<div class=\"elementor-widget-container\">\n\t\t\t\t\t<div class=\"elementor-spacer\">\n\t\t\t<div class=\"elementor-spacer-inner\"><\/div>\n\t\t<\/div>\n\t\t\t\t<\/div>\n\t\t\t\t<\/div>\n\t\t\t\t\t<\/div>\n\t\t<\/div>\n\t\t\t\t\t<\/div>\n\t\t<\/section>\n\t\t\t\t<\/div>\n\t\t","protected":false},"excerpt":{"rendered":"<p>Protecci\u00f3n de cables en tierra Alimentar cables sin resistencia Flexible y estable en forma Los tubos corrugados de doble pared de pl\u00e1stico son particularmente adecuadas para la protecci\u00f3n de cables el\u00e9ctricos. Se utilizan como tubo vac\u00edo para cables debajo de carreteras y aceras o l\u00edneas de telecomunicaciones. La gran ventaja de los tubos corrugados [&hellip;]<\/p>\n","protected":false},"author":5,"featured_media":0,"parent":9993,"menu_order":0,"comment_status":"closed","ping_status":"closed","template":"","meta":{"footnotes":""},"class_list":["post-10037","page","type-page","status-publish","hentry"],"yoast_head":"<!-- This site is optimized with the Yoast SEO plugin v24.0 - https:\/\/yoast.com\/wordpress\/plugins\/seo\/ -->\n<title>UNICOR - Protecci\u00f3n de cables en tierra - Alimentar cables sin resistencia<\/title>\n<meta name=\"description\" content=\"Los tubos corrugados para la protecci\u00f3n de los cables el\u00e9ctricos son especialmente adecuados como tubos vac\u00edos para los cables bajo las carreteras y las aceras.\" \/>\n<meta name=\"robots\" content=\"index, follow, max-snippet:-1, max-image-preview:large, max-video-preview:-1\" \/>\n<link rel=\"canonical\" href=\"https:\/\/www.unicor.com\/es\/aplicaciones\/proteccion-de-cables\/\" \/>\n<meta property=\"og:locale\" content=\"es_ES\" \/>\n<meta property=\"og:type\" content=\"article\" \/>\n<meta property=\"og:title\" content=\"UNICOR - Protecci\u00f3n de cables en tierra - Alimentar cables sin resistencia\" \/>\n<meta property=\"og:description\" content=\"Los tubos corrugados para la protecci\u00f3n de los cables el\u00e9ctricos son especialmente adecuados como tubos vac\u00edos para los cables bajo las carreteras y las aceras.\" \/>\n<meta property=\"og:url\" content=\"https:\/\/www.unicor.com\/es\/aplicaciones\/proteccion-de-cables\/\" \/>\n<meta property=\"og:site_name\" content=\"UNICOR\" \/>\n<meta property=\"article:modified_time\" content=\"2023-05-24T14:20:28+00:00\" \/>\n<meta property=\"og:image\" content=\"https:\/\/unicor.com\/wp-content\/uploads\/2021\/02\/IMG_4571_klein.jpg\" \/>\n<meta name=\"twitter:card\" content=\"summary_large_image\" \/>\n<meta name=\"twitter:label1\" content=\"Tiempo de lectura\" \/>\n\t<meta name=\"twitter:data1\" content=\"2 minutos\" \/>\n<script type=\"application\/ld+json\" class=\"yoast-schema-graph\">{\"@context\":\"https:\/\/schema.org\",\"@graph\":[{\"@type\":\"WebPage\",\"@id\":\"https:\/\/www.unicor.com\/es\/aplicaciones\/proteccion-de-cables\/\",\"url\":\"https:\/\/www.unicor.com\/es\/aplicaciones\/proteccion-de-cables\/\",\"name\":\"UNICOR - Protecci\u00f3n de cables en tierra - Alimentar cables sin resistencia\",\"isPartOf\":{\"@id\":\"https:\/\/www.unicor.com\/es\/#website\"},\"primaryImageOfPage\":{\"@id\":\"https:\/\/www.unicor.com\/es\/aplicaciones\/proteccion-de-cables\/#primaryimage\"},\"image\":{\"@id\":\"https:\/\/www.unicor.com\/es\/aplicaciones\/proteccion-de-cables\/#primaryimage\"},\"thumbnailUrl\":\"https:\/\/unicor.com\/wp-content\/uploads\/2021\/02\/IMG_4571_klein.jpg\",\"datePublished\":\"2021-04-29T11:48:52+00:00\",\"dateModified\":\"2023-05-24T14:20:28+00:00\",\"description\":\"Los tubos corrugados para la protecci\u00f3n de los cables el\u00e9ctricos son especialmente adecuados como tubos vac\u00edos para los cables bajo las carreteras y las aceras.\",\"breadcrumb\":{\"@id\":\"https:\/\/www.unicor.com\/es\/aplicaciones\/proteccion-de-cables\/#breadcrumb\"},\"inLanguage\":\"es\",\"potentialAction\":[{\"@type\":\"ReadAction\",\"target\":[\"https:\/\/www.unicor.com\/es\/aplicaciones\/proteccion-de-cables\/\"]}]},{\"@type\":\"ImageObject\",\"inLanguage\":\"es\",\"@id\":\"https:\/\/www.unicor.com\/es\/aplicaciones\/proteccion-de-cables\/#primaryimage\",\"url\":\"https:\/\/unicor.com\/wp-content\/uploads\/2021\/02\/IMG_4571_klein.jpg\",\"contentUrl\":\"https:\/\/unicor.com\/wp-content\/uploads\/2021\/02\/IMG_4571_klein.jpg\"},{\"@type\":\"BreadcrumbList\",\"@id\":\"https:\/\/www.unicor.com\/es\/aplicaciones\/proteccion-de-cables\/#breadcrumb\",\"itemListElement\":[{\"@type\":\"ListItem\",\"position\":1,\"name\":\"Home\",\"item\":\"https:\/\/www.unicor.com\/es\/\"},{\"@type\":\"ListItem\",\"position\":2,\"name\":\"Aplicaciones\",\"item\":\"https:\/\/www.unicor.com\/es\/aplicaciones\/\"},{\"@type\":\"ListItem\",\"position\":3,\"name\":\"Protecci\u00f3n de cables\"}]},{\"@type\":\"WebSite\",\"@id\":\"https:\/\/www.unicor.com\/es\/#website\",\"url\":\"https:\/\/www.unicor.com\/es\/\",\"name\":\"UNICOR\",\"description\":\"\u00bb the corrugator experts \u00ab\",\"potentialAction\":[{\"@type\":\"SearchAction\",\"target\":{\"@type\":\"EntryPoint\",\"urlTemplate\":\"https:\/\/www.unicor.com\/es\/?s={search_term_string}\"},\"query-input\":{\"@type\":\"PropertyValueSpecification\",\"valueRequired\":true,\"valueName\":\"search_term_string\"}}],\"inLanguage\":\"es\"}]}<\/script>\n<!-- \/ Yoast SEO plugin. -->","yoast_head_json":{"title":"UNICOR - Protecci\u00f3n de cables en tierra - Alimentar cables sin resistencia","description":"Los tubos corrugados para la protecci\u00f3n de los cables el\u00e9ctricos son especialmente adecuados como tubos vac\u00edos para los cables bajo las carreteras y las aceras.","robots":{"index":"index","follow":"follow","max-snippet":"max-snippet:-1","max-image-preview":"max-image-preview:large","max-video-preview":"max-video-preview:-1"},"canonical":"https:\/\/www.unicor.com\/es\/aplicaciones\/proteccion-de-cables\/","og_locale":"es_ES","og_type":"article","og_title":"UNICOR - Protecci\u00f3n de cables en tierra - Alimentar cables sin resistencia","og_description":"Los tubos corrugados para la protecci\u00f3n de los cables el\u00e9ctricos son especialmente adecuados como tubos vac\u00edos para los cables bajo las carreteras y las aceras.","og_url":"https:\/\/www.unicor.com\/es\/aplicaciones\/proteccion-de-cables\/","og_site_name":"UNICOR","article_modified_time":"2023-05-24T14:20:28+00:00","og_image":[{"url":"https:\/\/unicor.com\/wp-content\/uploads\/2021\/02\/IMG_4571_klein.jpg","type":"","width":"","height":""}],"twitter_card":"summary_large_image","twitter_misc":{"Tiempo de lectura":"2 minutos"},"schema":{"@context":"https:\/\/schema.org","@graph":[{"@type":"WebPage","@id":"https:\/\/www.unicor.com\/es\/aplicaciones\/proteccion-de-cables\/","url":"https:\/\/www.unicor.com\/es\/aplicaciones\/proteccion-de-cables\/","name":"UNICOR - Protecci\u00f3n de cables en tierra - Alimentar cables sin resistencia","isPartOf":{"@id":"https:\/\/www.unicor.com\/es\/#website"},"primaryImageOfPage":{"@id":"https:\/\/www.unicor.com\/es\/aplicaciones\/proteccion-de-cables\/#primaryimage"},"image":{"@id":"https:\/\/www.unicor.com\/es\/aplicaciones\/proteccion-de-cables\/#primaryimage"},"thumbnailUrl":"https:\/\/unicor.com\/wp-content\/uploads\/2021\/02\/IMG_4571_klein.jpg","datePublished":"2021-04-29T11:48:52+00:00","dateModified":"2023-05-24T14:20:28+00:00","description":"Los tubos corrugados para la protecci\u00f3n de los cables el\u00e9ctricos son especialmente adecuados como tubos vac\u00edos para los cables bajo las carreteras y las aceras.","breadcrumb":{"@id":"https:\/\/www.unicor.com\/es\/aplicaciones\/proteccion-de-cables\/#breadcrumb"},"inLanguage":"es","potentialAction":[{"@type":"ReadAction","target":["https:\/\/www.unicor.com\/es\/aplicaciones\/proteccion-de-cables\/"]}]},{"@type":"ImageObject","inLanguage":"es","@id":"https:\/\/www.unicor.com\/es\/aplicaciones\/proteccion-de-cables\/#primaryimage","url":"https:\/\/unicor.com\/wp-content\/uploads\/2021\/02\/IMG_4571_klein.jpg","contentUrl":"https:\/\/unicor.com\/wp-content\/uploads\/2021\/02\/IMG_4571_klein.jpg"},{"@type":"BreadcrumbList","@id":"https:\/\/www.unicor.com\/es\/aplicaciones\/proteccion-de-cables\/#breadcrumb","itemListElement":[{"@type":"ListItem","position":1,"name":"Home","item":"https:\/\/www.unicor.com\/es\/"},{"@type":"ListItem","position":2,"name":"Aplicaciones","item":"https:\/\/www.unicor.com\/es\/aplicaciones\/"},{"@type":"ListItem","position":3,"name":"Protecci\u00f3n de cables"}]},{"@type":"WebSite","@id":"https:\/\/www.unicor.com\/es\/#website","url":"https:\/\/www.unicor.com\/es\/","name":"UNICOR","description":"\u00bb the corrugator experts \u00ab","potentialAction":[{"@type":"SearchAction","target":{"@type":"EntryPoint","urlTemplate":"https:\/\/www.unicor.com\/es\/?s={search_term_string}"},"query-input":{"@type":"PropertyValueSpecification","valueRequired":true,"valueName":"search_term_string"}}],"inLanguage":"es"}]}},"_links":{"self":[{"href":"https:\/\/www.unicor.com\/es\/wp-json\/wp\/v2\/pages\/10037","targetHints":{"allow":["GET"]}}],"collection":[{"href":"https:\/\/www.unicor.com\/es\/wp-json\/wp\/v2\/pages"}],"about":[{"href":"https:\/\/www.unicor.com\/es\/wp-json\/wp\/v2\/types\/page"}],"author":[{"embeddable":true,"href":"https:\/\/www.unicor.com\/es\/wp-json\/wp\/v2\/users\/5"}],"replies":[{"embeddable":true,"href":"https:\/\/www.unicor.com\/es\/wp-json\/wp\/v2\/comments?post=10037"}],"version-history":[{"count":12,"href":"https:\/\/www.unicor.com\/es\/wp-json\/wp\/v2\/pages\/10037\/revisions"}],"predecessor-version":[{"id":16451,"href":"https:\/\/www.unicor.com\/es\/wp-json\/wp\/v2\/pages\/10037\/revisions\/16451"}],"up":[{"embeddable":true,"href":"https:\/\/www.unicor.com\/es\/wp-json\/wp\/v2\/pages\/9993"}],"wp:attachment":[{"href":"https:\/\/www.unicor.com\/es\/wp-json\/wp\/v2\/media?parent=10037"}],"curies":[{"name":"wp","href":"https:\/\/api.w.org\/{rel}","templated":true}]}}